{"id":17797,"date":"2025-01-21T20:48:12","date_gmt":"2025-01-21T20:48:12","guid":{"rendered":"https:\/\/www.isgurun.com\/?page_id=17797"},"modified":"2025-02-03T09:46:13","modified_gmt":"2025-02-03T09:46:13","slug":"urunler","status":"publish","type":"page","link":"http:\/\/www.isgurun.com\/index.php\/urunler\/","title":{"rendered":"\u00dcr\u00fcnler"},"content":{"rendered":"\t\t<div data-elementor-type=\"wp-page\" data-elementor-id=\"17797\" class=\"elementor elementor-17797\" data-elementor-settings=\"{&quot;element_pack_global_tooltip_width&quot;:{&quot;unit&quot;:&quot;px&quot;,&quot;size&quot;:&quot;&quot;,&quot;sizes&quot;:[]},&quot;element_pack_global_tooltip_width_widescreen&quot;:{&quot;unit&quot;:&quot;px&quot;,&quot;size&quot;:&quot;&quot;,&quot;sizes&quot;:[]},&quot;element_pack_global_tooltip_width_laptop&quot;:{&quot;unit&quot;:&quot;px&quot;,&quot;size&quot;:&quot;&quot;,&quot;sizes&quot;:[]},&quot;element_pack_global_tooltip_width_tablet&quot;:{&quot;unit&quot;:&quot;px&quot;,&quot;size&quot;:&quot;&quot;,&quot;sizes&quot;:[]},&quot;element_pack_global_tooltip_width_mobile&quot;:{&quot;unit&quot;:&quot;px&quot;,&quot;size&quot;:&quot;&quot;,&quot;sizes&quot;:[]},&quot;element_pack_global_tooltip_padding&quot;:{&quot;unit&quot;:&quot;px&quot;,&quot;top&quot;:&quot;&quot;,&quot;right&quot;:&quot;&quot;,&quot;bottom&quot;:&quot;&quot;,&quot;left&quot;:&quot;&quot;,&quot;isLinked&quot;:true},&quot;element_pack_global_tooltip_padding_widescreen&quot;:{&quot;unit&quot;:&quot;px&quot;,&quot;top&quot;:&quot;&quot;,&quot;right&quot;:&quot;&quot;,&quot;bottom&quot;:&quot;&quot;,&quot;left&quot;:&quot;&quot;,&quot;isLinked&quot;:true},&quot;element_pack_global_tooltip_padding_laptop&quot;:{&quot;unit&quot;:&quot;px&quot;,&quot;top&quot;:&quot;&quot;,&quot;right&quot;:&quot;&quot;,&quot;bottom&quot;:&quot;&quot;,&quot;left&quot;:&quot;&quot;,&quot;isLinked&quot;:true},&quot;element_pack_global_tooltip_padding_tablet&quot;:{&quot;unit&quot;:&quot;px&quot;,&quot;top&quot;:&quot;&quot;,&quot;right&quot;:&quot;&quot;,&quot;bottom&quot;:&quot;&quot;,&quot;left&quot;:&quot;&quot;,&quot;isLinked&quot;:true},&quot;element_pack_global_tooltip_padding_mobile&quot;:{&quot;unit&quot;:&quot;px&quot;,&quot;top&quot;:&quot;&quot;,&quot;right&quot;:&quot;&quot;,&quot;bottom&quot;:&quot;&quot;,&quot;left&quot;:&quot;&quot;,&quot;isLinked&quot;:true},&quot;element_pack_global_tooltip_border_radius&quot;:{&quot;unit&quot;:&quot;px&quot;,&quot;top&quot;:&quot;&quot;,&quot;right&quot;:&quot;&quot;,&quot;bottom&quot;:&quot;&quot;,&quot;left&quot;:&quot;&quot;,&quot;isLinked&quot;:true},&quot;element_pack_global_tooltip_border_radius_widescreen&quot;:{&quot;unit&quot;:&quot;px&quot;,&quot;top&quot;:&quot;&quot;,&quot;right&quot;:&quot;&quot;,&quot;bottom&quot;:&quot;&quot;,&quot;left&quot;:&quot;&quot;,&quot;isLinked&quot;:true},&quot;element_pack_global_tooltip_border_radius_laptop&quot;:{&quot;unit&quot;:&quot;px&quot;,&quot;top&quot;:&quot;&quot;,&quot;right&quot;:&quot;&quot;,&quot;bottom&quot;:&quot;&quot;,&quot;left&quot;:&quot;&quot;,&quot;isLinked&quot;:true},&quot;element_pack_global_tooltip_border_radius_tablet&quot;:{&quot;unit&quot;:&quot;px&quot;,&quot;top&quot;:&quot;&quot;,&quot;right&quot;:&quot;&quot;,&quot;bottom&quot;:&quot;&quot;,&quot;left&quot;:&quot;&quot;,&quot;isLinked&quot;:true},&quot;element_pack_global_tooltip_border_radius_mobile&quot;:{&quot;unit&quot;:&quot;px&quot;,&quot;top&quot;:&quot;&quot;,&quot;right&quot;:&quot;&quot;,&quot;bottom&quot;:&quot;&quot;,&quot;left&quot;:&quot;&quot;,&quot;isLinked&quot;:true}}\" data-elementor-post-type=\"page\">\n\t\t\t\t\t\t<section class=\"elementor-section elementor-top-section elementor-element elementor-element-8c1642a elementor-section-boxed elementor-section-height-default elementor-section-height-default\" data-id=\"8c1642a\" data-element_type=\"section\">\n\t\t\t\t\t\t<div class=\"elementor-container elementor-column-gap-default\">\n\t\t\t\t\t<div class=\"aux-parallax-section elementor-column elementor-col-100 elementor-top-column elementor-element elementor-element-572413e\" data-id=\"572413e\" data-element_type=\"column\">\n\t\t\t<div class=\"elementor-widget-wrap elementor-element-populated\">\n\t\t\t\t\t\t<div class=\"elementor-element elementor-element-ed18314 elementor-widget elementor-widget-aux_modern_heading\" data-id=\"ed18314\" data-element_type=\"widget\" data-widget_type=\"aux_modern_heading.default\">\n\t\t\t\t<div class=\"elementor-widget-container\">\n\t\t\t\t\t<section class=\"aux-widget-modern-heading\">\n            <div class=\"aux-widget-inner\"><h2 class=\"aux-modern-heading-primary\">\u0130\u015f Elbiseleri<\/h2><div class=\"aux-modern-heading-divider\"><\/div><\/div>\n        <\/section>\t\t\t\t<\/div>\n\t\t\t\t<\/div>\n\t\t\t\t\t<\/div>\n\t\t<\/div>\n\t\t\t\t\t<\/div>\n\t\t<\/section>\n\t\t\t\t<section class=\"elementor-section elementor-top-section elementor-element elementor-element-c182df1 elementor-section-boxed elementor-section-height-default elementor-section-height-default\" data-id=\"c182df1\" data-element_type=\"section\">\n\t\t\t\t\t\t<div class=\"elementor-container elementor-column-gap-default\">\n\t\t\t\t\t<div class=\"aux-parallax-section elementor-column elementor-col-100 elementor-top-column elementor-element elementor-element-e8e1b38\" data-id=\"e8e1b38\" data-element_type=\"column\">\n\t\t\t<div class=\"elementor-widget-wrap elementor-element-populated\">\n\t\t\t\t\t\t<div class=\"elementor-element elementor-element-e298f4a elementor-widget elementor-widget-aux_product_grid\" data-id=\"e298f4a\" data-element_type=\"widget\" data-settings=\"{&quot;columns&quot;:&quot;4&quot;}\" data-widget_type=\"aux_product_grid.default\">\n\t\t\t\t<div class=\"elementor-widget-container\">\n\t\t\t\t\t<div class='woocommerce woocommerce-page aux-shop-archive'><ul class=\"products columns-4\">\n<li class=\"product type-product post-16447 status-publish first instock product_cat-ikaz-yelekleri product_tag-ikaz-yelegi product_tag-is-elbiseleri product_tag-ucuz-ikaz-yelegi has-post-thumbnail shipping-taxable product-type-simple aux-remove-view-cart\">\n\t<a href=\"http:\/\/www.isgurun.com\/index.php\/product\/yandan-lastikli-ikaz-yelegi\/\" class=\"woocommerce-LoopProduct-link woocommerce-loop-product__link\"><img fetchpriority=\"high\" decoding=\"async\" width=\"300\" height=\"300\" src=\"http:\/\/www.isgurun.com\/wp-content\/uploads\/2023\/08\/turuncu-yandan-lastikli-300x300.jpg\" class=\"attachment-woocommerce_thumbnail size-woocommerce_thumbnail\" alt=\"Yandan Lastikli \u0130kaz Yele\u011fi\" srcset=\"http:\/\/www.isgurun.com\/wp-content\/uploads\/2023\/08\/turuncu-yandan-lastikli-300x300.jpg 300w, http:\/\/www.isgurun.com\/wp-content\/uploads\/2023\/08\/turuncu-yandan-lastikli-100x100.jpg 100w, http:\/\/www.isgurun.com\/wp-content\/uploads\/2023\/08\/turuncu-yandan-lastikli-150x150.jpg 150w, http:\/\/www.isgurun.com\/wp-content\/uploads\/2023\/08\/turuncu-yandan-lastikli-200x200.jpg 200w, http:\/\/www.isgurun.com\/wp-content\/uploads\/2023\/08\/turuncu-yandan-lastikli.jpg 500w\" sizes=\"(max-width: 300px) 100vw, 300px\" \/><a href=\"http:\/\/www.isgurun.com\/index.php\/product\/yandan-lastikli-ikaz-yelegi\/\"><h2 class=\"woocommerce-loop-product__title\">Yandan Lastikli \u0130kaz Yele\u011fi<\/h2><\/a>\n<\/a><a href=\"http:\/\/www.isgurun.com\/index.php\/product\/yandan-lastikli-ikaz-yelegi\/\" aria-describedby=\"woocommerce_loop_add_to_cart_link_describedby_16447\" data-quantity=\"1\" class=\"button product_type_simple\" data-product_id=\"16447\" data-product_sku=\"ISG-00209\" aria-label=\"&ldquo;Yandan Lastikli \u0130kaz Yele\u011fi&rdquo; hakk\u0131nda daha fazla bilgi edinin\" rel=\"nofollow\" data-success_message=\"\" data-product-type=\"simple\" data-verify_nonce=\"6f699a90b7\">Devam\u0131n\u0131 oku<\/a>\t<span id=\"woocommerce_loop_add_to_cart_link_describedby_16447\" class=\"screen-reader-text\">\n\t\t\t<\/span>\n<\/li>\n<li class=\"product type-product post-16445 status-publish instock product_cat-ikaz-yelekleri has-post-thumbnail shipping-taxable product-type-simple aux-remove-view-cart\">\n\t<a href=\"http:\/\/www.isgurun.com\/index.php\/product\/turuncu-reflektorlu-ikaz-yelegi\/\" class=\"woocommerce-LoopProduct-link woocommerce-loop-product__link\"><img decoding=\"async\" width=\"300\" height=\"300\" src=\"http:\/\/www.isgurun.com\/wp-content\/uploads\/2023\/08\/turuncu-ikaz-yelegi-300x300.jpg\" class=\"attachment-woocommerce_thumbnail size-woocommerce_thumbnail\" alt=\"toptan ikaz yele\u011fi\" srcset=\"http:\/\/www.isgurun.com\/wp-content\/uploads\/2023\/08\/turuncu-ikaz-yelegi-300x300.jpg 300w, http:\/\/www.isgurun.com\/wp-content\/uploads\/2023\/08\/turuncu-ikaz-yelegi-100x100.jpg 100w, http:\/\/www.isgurun.com\/wp-content\/uploads\/2023\/08\/turuncu-ikaz-yelegi-150x150.jpg 150w, http:\/\/www.isgurun.com\/wp-content\/uploads\/2023\/08\/turuncu-ikaz-yelegi-200x200.jpg 200w, http:\/\/www.isgurun.com\/wp-content\/uploads\/2023\/08\/turuncu-ikaz-yelegi.jpg 500w\" sizes=\"(max-width: 300px) 100vw, 300px\" \/><a href=\"http:\/\/www.isgurun.com\/index.php\/product\/turuncu-reflektorlu-ikaz-yelegi\/\"><h2 class=\"woocommerce-loop-product__title\">Turuncu Reflekt\u00f6rl\u00fc \u0130kaz Yele\u011fi<\/h2><\/a>\n<\/a><a href=\"http:\/\/www.isgurun.com\/index.php\/product\/turuncu-reflektorlu-ikaz-yelegi\/\" aria-describedby=\"woocommerce_loop_add_to_cart_link_describedby_16445\" data-quantity=\"1\" class=\"button product_type_simple\" data-product_id=\"16445\" data-product_sku=\"ISG-00207\" aria-label=\"&ldquo;Turuncu Reflekt\u00f6rl\u00fc \u0130kaz Yele\u011fi&rdquo; hakk\u0131nda daha fazla bilgi edinin\" rel=\"nofollow\" data-success_message=\"\" data-product-type=\"simple\" data-verify_nonce=\"2f0f17424c\">Devam\u0131n\u0131 oku<\/a>\t<span id=\"woocommerce_loop_add_to_cart_link_describedby_16445\" class=\"screen-reader-text\">\n\t\t\t<\/span>\n<\/li>\n<li class=\"product type-product post-16443 status-publish instock product_cat-ikaz-yelekleri has-post-thumbnail shipping-taxable product-type-simple aux-remove-view-cart\">\n\t<a href=\"http:\/\/www.isgurun.com\/index.php\/product\/kirmizi-ikaz-yelegi-modeli\/\" class=\"woocommerce-LoopProduct-link woocommerce-loop-product__link\"><img decoding=\"async\" width=\"300\" height=\"300\" src=\"http:\/\/www.isgurun.com\/wp-content\/uploads\/2023\/08\/ikaz-yelegi-bordo-300x300.jpg\" class=\"attachment-woocommerce_thumbnail size-woocommerce_thumbnail\" alt=\"K\u0131rm\u0131z\u0131 \u0130kaz Yele\u011fi Modeli\" srcset=\"http:\/\/www.isgurun.com\/wp-content\/uploads\/2023\/08\/ikaz-yelegi-bordo-300x300.jpg 300w, http:\/\/www.isgurun.com\/wp-content\/uploads\/2023\/08\/ikaz-yelegi-bordo-100x100.jpg 100w, http:\/\/www.isgurun.com\/wp-content\/uploads\/2023\/08\/ikaz-yelegi-bordo-150x150.jpg 150w, http:\/\/www.isgurun.com\/wp-content\/uploads\/2023\/08\/ikaz-yelegi-bordo-768x768.jpg 768w\" sizes=\"(max-width: 300px) 100vw, 300px\" \/><a href=\"http:\/\/www.isgurun.com\/index.php\/product\/kirmizi-ikaz-yelegi-modeli\/\"><h2 class=\"woocommerce-loop-product__title\">K\u0131rm\u0131z\u0131 \u0130kaz Yele\u011fi Modeli<\/h2><\/a>\n<\/a><a href=\"http:\/\/www.isgurun.com\/index.php\/product\/kirmizi-ikaz-yelegi-modeli\/\" aria-describedby=\"woocommerce_loop_add_to_cart_link_describedby_16443\" data-quantity=\"1\" class=\"button product_type_simple\" data-product_id=\"16443\" data-product_sku=\"ISG-00205\" aria-label=\"&ldquo;K\u0131rm\u0131z\u0131 \u0130kaz Yele\u011fi Modeli&rdquo; hakk\u0131nda daha fazla bilgi edinin\" rel=\"nofollow\" data-success_message=\"\" data-product-type=\"simple\" data-verify_nonce=\"73a6faab2b\">Devam\u0131n\u0131 oku<\/a>\t<span id=\"woocommerce_loop_add_to_cart_link_describedby_16443\" class=\"screen-reader-text\">\n\t\t\t<\/span>\n<\/li>\n<li class=\"product type-product post-16444 status-publish last instock product_cat-ikaz-yelekleri product_tag-fosforlu-yelek product_tag-isci-yelegi product_tag-sari-ikaz-yelegi product_tag-sari-reflektorlu-ikaz-yelegi has-post-thumbnail shipping-taxable product-type-simple aux-remove-view-cart\">\n\t<a href=\"http:\/\/www.isgurun.com\/index.php\/product\/sari-reflektorlu-ikaz-yelegi\/\" class=\"woocommerce-LoopProduct-link woocommerce-loop-product__link\"><img loading=\"lazy\" decoding=\"async\" width=\"300\" height=\"300\" src=\"http:\/\/www.isgurun.com\/wp-content\/uploads\/2023\/08\/sari-fileli-yelek--300x300.jpg\" class=\"attachment-woocommerce_thumbnail size-woocommerce_thumbnail\" alt=\"fosforlu ikaz yele\u011fi\" srcset=\"http:\/\/www.isgurun.com\/wp-content\/uploads\/2023\/08\/sari-fileli-yelek--300x300.jpg 300w, http:\/\/www.isgurun.com\/wp-content\/uploads\/2023\/08\/sari-fileli-yelek--100x100.jpg 100w, http:\/\/www.isgurun.com\/wp-content\/uploads\/2023\/08\/sari-fileli-yelek--150x150.jpg 150w, http:\/\/www.isgurun.com\/wp-content\/uploads\/2023\/08\/sari-fileli-yelek--200x200.jpg 200w, http:\/\/www.isgurun.com\/wp-content\/uploads\/2023\/08\/sari-fileli-yelek-.jpg 500w\" sizes=\"(max-width: 300px) 100vw, 300px\" \/><a href=\"http:\/\/www.isgurun.com\/index.php\/product\/sari-reflektorlu-ikaz-yelegi\/\"><h2 class=\"woocommerce-loop-product__title\">Sar\u0131 Reflekt\u00f6rl\u00fc \u0130kaz Yele\u011fi<\/h2><\/a>\n<\/a><a href=\"http:\/\/www.isgurun.com\/index.php\/product\/sari-reflektorlu-ikaz-yelegi\/\" aria-describedby=\"woocommerce_loop_add_to_cart_link_describedby_16444\" data-quantity=\"1\" class=\"button product_type_simple\" data-product_id=\"16444\" data-product_sku=\"ISG-00206\" aria-label=\"&ldquo;Sar\u0131 Reflekt\u00f6rl\u00fc \u0130kaz Yele\u011fi&rdquo; hakk\u0131nda daha fazla bilgi edinin\" rel=\"nofollow\" data-success_message=\"\" data-product-type=\"simple\" data-verify_nonce=\"c5b904e27a\">Devam\u0131n\u0131 oku<\/a>\t<span id=\"woocommerce_loop_add_to_cart_link_describedby_16444\" class=\"screen-reader-text\">\n\t\t\t<\/span>\n<\/li>\n<li class=\"product type-product post-16441 status-publish first instock product_cat-ikaz-yelekleri has-post-thumbnail shipping-taxable product-type-simple aux-remove-view-cart\">\n\t<a href=\"http:\/\/www.isgurun.com\/index.php\/product\/sari-fileli-ikaz-yelegi-modeli\/\" class=\"woocommerce-LoopProduct-link woocommerce-loop-product__link\"><img loading=\"lazy\" decoding=\"async\" width=\"300\" height=\"300\" src=\"http:\/\/www.isgurun.com\/wp-content\/uploads\/2023\/08\/sari-fileli-yelek--300x300.jpg\" class=\"attachment-woocommerce_thumbnail size-woocommerce_thumbnail\" alt=\"fosforlu ikaz yele\u011fi\" srcset=\"http:\/\/www.isgurun.com\/wp-content\/uploads\/2023\/08\/sari-fileli-yelek--300x300.jpg 300w, http:\/\/www.isgurun.com\/wp-content\/uploads\/2023\/08\/sari-fileli-yelek--100x100.jpg 100w, http:\/\/www.isgurun.com\/wp-content\/uploads\/2023\/08\/sari-fileli-yelek--150x150.jpg 150w, http:\/\/www.isgurun.com\/wp-content\/uploads\/2023\/08\/sari-fileli-yelek--200x200.jpg 200w, http:\/\/www.isgurun.com\/wp-content\/uploads\/2023\/08\/sari-fileli-yelek-.jpg 500w\" sizes=\"(max-width: 300px) 100vw, 300px\" \/><a href=\"http:\/\/www.isgurun.com\/index.php\/product\/sari-fileli-ikaz-yelegi-modeli\/\"><h2 class=\"woocommerce-loop-product__title\">Sar\u0131 Fileli \u0130kaz Yele\u011fi Modeli<\/h2><\/a>\n<\/a><a href=\"http:\/\/www.isgurun.com\/index.php\/product\/sari-fileli-ikaz-yelegi-modeli\/\" aria-describedby=\"woocommerce_loop_add_to_cart_link_describedby_16441\" data-quantity=\"1\" class=\"button product_type_simple\" data-product_id=\"16441\" data-product_sku=\"ISG-00203\" aria-label=\"&ldquo;Sar\u0131 Fileli \u0130kaz Yele\u011fi Modeli&rdquo; hakk\u0131nda daha fazla bilgi edinin\" rel=\"nofollow\" data-success_message=\"\" data-product-type=\"simple\" data-verify_nonce=\"78fa20a8a9\">Devam\u0131n\u0131 oku<\/a>\t<span id=\"woocommerce_loop_add_to_cart_link_describedby_16441\" class=\"screen-reader-text\">\n\t\t\t<\/span>\n<\/li>\n<li class=\"product type-product post-16438 status-publish instock product_cat-ikaz-yelekleri has-post-thumbnail shipping-taxable product-type-simple aux-remove-view-cart\">\n\t<a href=\"http:\/\/www.isgurun.com\/index.php\/product\/lacivert-ikaz-yelegi-modeli\/\" class=\"woocommerce-LoopProduct-link woocommerce-loop-product__link\"><img loading=\"lazy\" decoding=\"async\" width=\"300\" height=\"300\" src=\"http:\/\/www.isgurun.com\/wp-content\/uploads\/2023\/08\/mavi-500x500-1-300x300.jpg\" class=\"attachment-woocommerce_thumbnail size-woocommerce_thumbnail\" alt=\"Lacivert \u0130kaz Yele\u011fi Modeli\" srcset=\"http:\/\/www.isgurun.com\/wp-content\/uploads\/2023\/08\/mavi-500x500-1-300x300.jpg 300w, http:\/\/www.isgurun.com\/wp-content\/uploads\/2023\/08\/mavi-500x500-1-100x100.jpg 100w, http:\/\/www.isgurun.com\/wp-content\/uploads\/2023\/08\/mavi-500x500-1-150x150.jpg 150w, http:\/\/www.isgurun.com\/wp-content\/uploads\/2023\/08\/mavi-500x500-1-200x200.jpg 200w, http:\/\/www.isgurun.com\/wp-content\/uploads\/2023\/08\/mavi-500x500-1.jpg 500w\" sizes=\"(max-width: 300px) 100vw, 300px\" \/><a href=\"http:\/\/www.isgurun.com\/index.php\/product\/lacivert-ikaz-yelegi-modeli\/\"><h2 class=\"woocommerce-loop-product__title\">Lacivert \u0130kaz Yele\u011fi Modeli<\/h2><\/a>\n<\/a><a href=\"http:\/\/www.isgurun.com\/index.php\/product\/lacivert-ikaz-yelegi-modeli\/\" aria-describedby=\"woocommerce_loop_add_to_cart_link_describedby_16438\" data-quantity=\"1\" class=\"button product_type_simple\" data-product_id=\"16438\" data-product_sku=\"ISG-00200\" aria-label=\"&ldquo;Lacivert \u0130kaz Yele\u011fi Modeli&rdquo; hakk\u0131nda daha fazla bilgi edinin\" rel=\"nofollow\" data-success_message=\"\" data-product-type=\"simple\" data-verify_nonce=\"dbc35b8ca9\">Devam\u0131n\u0131 oku<\/a>\t<span id=\"woocommerce_loop_add_to_cart_link_describedby_16438\" class=\"screen-reader-text\">\n\t\t\t<\/span>\n<\/li>\n<\/ul>\n<\/div>\t\t\t\t<\/div>\n\t\t\t\t<\/div>\n\t\t\t\t\t<\/div>\n\t\t<\/div>\n\t\t\t\t\t<\/div>\n\t\t<\/section>\n\t\t\t\t<\/div>\n\t\t","protected":false},"excerpt":{"rendered":"<p>\u0130\u015f Elbiseleri Tekli Parka Devam\u0131n\u0131 oku 5 in 1 Parka Devam\u0131n\u0131 oku 5+1 Parka Modelleri-My Form Devam\u0131n\u0131 oku \u00c7ift Tarafl\u0131 5\/1 Yelek Devam\u0131n\u0131 oku 5+1 Reflektorlu Alaska Parka Devam\u0131n\u0131 oku Pilot Mont Oxford Devam\u0131n\u0131 oku 7&#215;7 Pilot Mont Devam\u0131n\u0131 oku Everest Mult\u0131 H\u0131-V\u0131sion Mont 2+1 Pilot Mont Devam\u0131n\u0131 oku<\/p>\n","protected":false},"author":1,"featured_media":0,"parent":0,"menu_order":0,"comment_status":"closed","ping_status":"closed","template":"","meta":{"footnotes":""},"class_list":["post-17797","page","type-page","status-publish","hentry"],"yoast_head":"<!-- This site is optimized with the Yoast SEO plugin v26.0 - https:\/\/yoast.com\/wordpress\/plugins\/seo\/ -->\n<title>\u00dcr\u00fcnler -<\/title>\n<meta name=\"description\" content=\"\u00fcr\u00fcnler, i\u015f elbiseleri, ikaz yelekleri, i\u015f\u00e7i yelekleri, i\u015f\u00e7i montlar\u0131,\" \/>\n<meta name=\"robots\" content=\"index, follow, max-snippet:-1, max-image-preview:large, max-video-preview:-1\" \/>\n<link rel=\"canonical\" href=\"https:\/\/www.isgurun.com\/index.php\/urunler\/\" \/>\n<meta property=\"og:locale\" content=\"tr_TR\" \/>\n<meta property=\"og:type\" content=\"article\" \/>\n<meta property=\"og:title\" content=\"\u00dcr\u00fcnler -\" \/>\n<meta property=\"og:description\" content=\"\u00fcr\u00fcnler, i\u015f elbiseleri, ikaz yelekleri, i\u015f\u00e7i yelekleri, i\u015f\u00e7i montlar\u0131,\" \/>\n<meta property=\"og:url\" content=\"https:\/\/www.isgurun.com\/index.php\/urunler\/\" \/>\n<meta property=\"article:modified_time\" content=\"2025-02-03T09:46:13+00:00\" \/>\n<meta property=\"og:image\" content=\"http:\/\/www.isgurun.com\/wp-content\/uploads\/2025\/01\/WhatsApp-Image-2025-01-30-at-15.16.17-300x300.jpeg\" \/>\n<meta name=\"twitter:card\" content=\"summary_large_image\" \/>\n<meta name=\"twitter:label1\" content=\"Tahmini okuma s\u00fcresi\" \/>\n\t<meta name=\"twitter:data1\" content=\"2 dakika\" \/>\n<script type=\"application\/ld+json\" class=\"yoast-schema-graph\">{\"@context\":\"https:\/\/schema.org\",\"@graph\":[{\"@type\":\"WebPage\",\"@id\":\"https:\/\/www.isgurun.com\/index.php\/urunler\/\",\"url\":\"https:\/\/www.isgurun.com\/index.php\/urunler\/\",\"name\":\"\u00dcr\u00fcnler -\",\"isPartOf\":{\"@id\":\"http:\/\/www.isgurun.com\/#website\"},\"primaryImageOfPage\":{\"@id\":\"https:\/\/www.isgurun.com\/index.php\/urunler\/#primaryimage\"},\"image\":{\"@id\":\"https:\/\/www.isgurun.com\/index.php\/urunler\/#primaryimage\"},\"thumbnailUrl\":\"http:\/\/www.isgurun.com\/wp-content\/uploads\/2025\/01\/WhatsApp-Image-2025-01-30-at-15.16.17-300x300.jpeg\",\"datePublished\":\"2025-01-21T20:48:12+00:00\",\"dateModified\":\"2025-02-03T09:46:13+00:00\",\"description\":\"\u00fcr\u00fcnler, i\u015f elbiseleri, ikaz yelekleri, i\u015f\u00e7i yelekleri, i\u015f\u00e7i montlar\u0131,\",\"breadcrumb\":{\"@id\":\"https:\/\/www.isgurun.com\/index.php\/urunler\/#breadcrumb\"},\"inLanguage\":\"tr\",\"potentialAction\":[{\"@type\":\"ReadAction\",\"target\":[\"https:\/\/www.isgurun.com\/index.php\/urunler\/\"]}]},{\"@type\":\"ImageObject\",\"inLanguage\":\"tr\",\"@id\":\"https:\/\/www.isgurun.com\/index.php\/urunler\/#primaryimage\",\"url\":\"http:\/\/www.isgurun.com\/wp-content\/uploads\/2025\/01\/WhatsApp-Image-2025-01-30-at-15.16.17-300x300.jpeg\",\"contentUrl\":\"http:\/\/www.isgurun.com\/wp-content\/uploads\/2025\/01\/WhatsApp-Image-2025-01-30-at-15.16.17-300x300.jpeg\"},{\"@type\":\"BreadcrumbList\",\"@id\":\"https:\/\/www.isgurun.com\/index.php\/urunler\/#breadcrumb\",\"itemListElement\":[{\"@type\":\"ListItem\",\"position\":1,\"name\":\"Anasayfa\",\"item\":\"http:\/\/www.isgurun.com\/\"},{\"@type\":\"ListItem\",\"position\":2,\"name\":\"\u00dcr\u00fcnler\"}]},{\"@type\":\"WebSite\",\"@id\":\"http:\/\/www.isgurun.com\/#website\",\"url\":\"http:\/\/www.isgurun.com\/\",\"name\":\"https:\/\/www.isgurun.com\",\"description\":\"\",\"publisher\":{\"@id\":\"http:\/\/www.isgurun.com\/#organization\"},\"potentialAction\":[{\"@type\":\"SearchAction\",\"target\":{\"@type\":\"EntryPoint\",\"urlTemplate\":\"http:\/\/www.isgurun.com\/?s={search_term_string}\"},\"query-input\":{\"@type\":\"PropertyValueSpecification\",\"valueRequired\":true,\"valueName\":\"search_term_string\"}}],\"inLanguage\":\"tr\"},{\"@type\":\"Organization\",\"@id\":\"http:\/\/www.isgurun.com\/#organization\",\"name\":\"Kurulu\u015f \u0130\u015f Elbiseleri\",\"alternateName\":\"K\u0130E\",\"url\":\"http:\/\/www.isgurun.com\/\",\"logo\":{\"@type\":\"ImageObject\",\"inLanguage\":\"tr\",\"@id\":\"http:\/\/www.isgurun.com\/#\/schema\/logo\/image\/\",\"url\":\"http:\/\/www.isgurun.com\/wp-content\/uploads\/2025\/01\/cropped-Artboard-1-5.png\",\"contentUrl\":\"http:\/\/www.isgurun.com\/wp-content\/uploads\/2025\/01\/cropped-Artboard-1-5.png\",\"width\":783,\"height\":636,\"caption\":\"Kurulu\u015f \u0130\u015f Elbiseleri\"},\"image\":{\"@id\":\"http:\/\/www.isgurun.com\/#\/schema\/logo\/image\/\"}}]}<\/script>\n<!-- \/ Yoast SEO plugin. -->","yoast_head_json":{"title":"\u00dcr\u00fcnler -","description":"\u00fcr\u00fcnler, i\u015f elbiseleri, ikaz yelekleri, i\u015f\u00e7i yelekleri, i\u015f\u00e7i montlar\u0131,","robots":{"index":"index","follow":"follow","max-snippet":"max-snippet:-1","max-image-preview":"max-image-preview:large","max-video-preview":"max-video-preview:-1"},"canonical":"https:\/\/www.isgurun.com\/index.php\/urunler\/","og_locale":"tr_TR","og_type":"article","og_title":"\u00dcr\u00fcnler -","og_description":"\u00fcr\u00fcnler, i\u015f elbiseleri, ikaz yelekleri, i\u015f\u00e7i yelekleri, i\u015f\u00e7i montlar\u0131,","og_url":"https:\/\/www.isgurun.com\/index.php\/urunler\/","article_modified_time":"2025-02-03T09:46:13+00:00","og_image":[{"url":"http:\/\/www.isgurun.com\/wp-content\/uploads\/2025\/01\/WhatsApp-Image-2025-01-30-at-15.16.17-300x300.jpeg","type":"","width":"","height":""}],"twitter_card":"summary_large_image","twitter_misc":{"Tahmini okuma s\u00fcresi":"2 dakika"},"schema":{"@context":"https:\/\/schema.org","@graph":[{"@type":"WebPage","@id":"https:\/\/www.isgurun.com\/index.php\/urunler\/","url":"https:\/\/www.isgurun.com\/index.php\/urunler\/","name":"\u00dcr\u00fcnler -","isPartOf":{"@id":"http:\/\/www.isgurun.com\/#website"},"primaryImageOfPage":{"@id":"https:\/\/www.isgurun.com\/index.php\/urunler\/#primaryimage"},"image":{"@id":"https:\/\/www.isgurun.com\/index.php\/urunler\/#primaryimage"},"thumbnailUrl":"http:\/\/www.isgurun.com\/wp-content\/uploads\/2025\/01\/WhatsApp-Image-2025-01-30-at-15.16.17-300x300.jpeg","datePublished":"2025-01-21T20:48:12+00:00","dateModified":"2025-02-03T09:46:13+00:00","description":"\u00fcr\u00fcnler, i\u015f elbiseleri, ikaz yelekleri, i\u015f\u00e7i yelekleri, i\u015f\u00e7i montlar\u0131,","breadcrumb":{"@id":"https:\/\/www.isgurun.com\/index.php\/urunler\/#breadcrumb"},"inLanguage":"tr","potentialAction":[{"@type":"ReadAction","target":["https:\/\/www.isgurun.com\/index.php\/urunler\/"]}]},{"@type":"ImageObject","inLanguage":"tr","@id":"https:\/\/www.isgurun.com\/index.php\/urunler\/#primaryimage","url":"http:\/\/www.isgurun.com\/wp-content\/uploads\/2025\/01\/WhatsApp-Image-2025-01-30-at-15.16.17-300x300.jpeg","contentUrl":"http:\/\/www.isgurun.com\/wp-content\/uploads\/2025\/01\/WhatsApp-Image-2025-01-30-at-15.16.17-300x300.jpeg"},{"@type":"BreadcrumbList","@id":"https:\/\/www.isgurun.com\/index.php\/urunler\/#breadcrumb","itemListElement":[{"@type":"ListItem","position":1,"name":"Anasayfa","item":"http:\/\/www.isgurun.com\/"},{"@type":"ListItem","position":2,"name":"\u00dcr\u00fcnler"}]},{"@type":"WebSite","@id":"http:\/\/www.isgurun.com\/#website","url":"http:\/\/www.isgurun.com\/","name":"https:\/\/www.isgurun.com","description":"","publisher":{"@id":"http:\/\/www.isgurun.com\/#organization"},"potentialAction":[{"@type":"SearchAction","target":{"@type":"EntryPoint","urlTemplate":"http:\/\/www.isgurun.com\/?s={search_term_string}"},"query-input":{"@type":"PropertyValueSpecification","valueRequired":true,"valueName":"search_term_string"}}],"inLanguage":"tr"},{"@type":"Organization","@id":"http:\/\/www.isgurun.com\/#organization","name":"Kurulu\u015f \u0130\u015f Elbiseleri","alternateName":"K\u0130E","url":"http:\/\/www.isgurun.com\/","logo":{"@type":"ImageObject","inLanguage":"tr","@id":"http:\/\/www.isgurun.com\/#\/schema\/logo\/image\/","url":"http:\/\/www.isgurun.com\/wp-content\/uploads\/2025\/01\/cropped-Artboard-1-5.png","contentUrl":"http:\/\/www.isgurun.com\/wp-content\/uploads\/2025\/01\/cropped-Artboard-1-5.png","width":783,"height":636,"caption":"Kurulu\u015f \u0130\u015f Elbiseleri"},"image":{"@id":"http:\/\/www.isgurun.com\/#\/schema\/logo\/image\/"}}]}},"_links":{"self":[{"href":"http:\/\/www.isgurun.com\/index.php\/wp-json\/wp\/v2\/pages\/17797","targetHints":{"allow":["GET"]}}],"collection":[{"href":"http:\/\/www.isgurun.com\/index.php\/wp-json\/wp\/v2\/pages"}],"about":[{"href":"http:\/\/www.isgurun.com\/index.php\/wp-json\/wp\/v2\/types\/page"}],"author":[{"embeddable":true,"href":"http:\/\/www.isgurun.com\/index.php\/wp-json\/wp\/v2\/users\/1"}],"replies":[{"embeddable":true,"href":"http:\/\/www.isgurun.com\/index.php\/wp-json\/wp\/v2\/comments?post=17797"}],"version-history":[{"count":5,"href":"http:\/\/www.isgurun.com\/index.php\/wp-json\/wp\/v2\/pages\/17797\/revisions"}],"predecessor-version":[{"id":18686,"href":"http:\/\/www.isgurun.com\/index.php\/wp-json\/wp\/v2\/pages\/17797\/revisions\/18686"}],"wp:attachment":[{"href":"http:\/\/www.isgurun.com\/index.php\/wp-json\/wp\/v2\/media?parent=17797"}],"curies":[{"name":"wp","href":"https:\/\/api.w.org\/{rel}","templated":true}]}}