{"id":16440,"date":"2023-08-28T15:37:57","date_gmt":"2023-08-28T15:37:57","guid":{"rendered":"http:\/\/www.isgurun.com\/index.php\/product\/sari-lacivert-cepli-muhendis-ikaz-yelegi\/"},"modified":"2025-02-04T18:37:16","modified_gmt":"2025-02-04T18:37:16","slug":"sari-lacivert-cepli-muhendis-ikaz-yelegi","status":"publish","type":"product","link":"http:\/\/www.isgurun.com\/index.php\/product\/sari-lacivert-cepli-muhendis-ikaz-yelegi\/","title":{"rendered":"Sar\u0131 Lacivert Cepli M\u00fchendis \u0130kaz Yele\u011fi"},"content":{"rendered":"<p>M\u00fchendis Yele\u011fi Reflektif Sar\u0131 Lacivert M\u00fchendis Yele\u011fi en iyi fiyatla Mevsimceisg.com&#8217;dan sat\u0131n al\u0131n! \u015eimdi indirimli fiyatla online sipari\u015f verin, Sar\u0131 Lacivert M\u00fchendis Yele\u011fi aya\u011f\u0131n\u0131za gelsin!<\/p>\n<p> \u0130kaz Yelekleri<br \/>\n Firmam\u0131z her sekt\u00f6re g\u00f6re de\u011fi\u015fe<\/p>\n","protected":false},"excerpt":{"rendered":"<p>M\u00fchendis Yele\u011fi Reflektif Sar\u0131 Lacivert M\u00fchendis Yele\u011fi en iyi fiyatla Mevsimceisg.com&#8217;dan sat\u0131n al\u0131n! \u015eimdi indirimli fiyatla online sipari\u015f verin, Sar\u0131 Lacivert M\u00fchendis Yele\u011fi aya\u011f\u0131n\u0131za gelsin! \u0130kaz Yelekleri Firmam\u0131z her sekt\u00f6re g\u00f6re de\u011fi\u015fe<\/p>\n","protected":false},"featured_media":15252,"template":"","meta":[],"product_brand":[],"product_cat":[93],"product_tag":[],"class_list":{"0":"post-16440","1":"product","2":"type-product","3":"status-publish","4":"has-post-thumbnail","6":"product_cat-muhendis-yelekleri","8":"first","9":"instock","10":"shipping-taxable","11":"product-type-simple"},"yoast_head":"<!-- This site is optimized with the Yoast SEO plugin v26.0 - https:\/\/yoast.com\/wordpress\/plugins\/seo\/ -->\n<title>Sar\u0131 Lacivert Cepli M\u00fchendis \u0130kaz Yele\u011fi -<\/title>\n<meta name=\"robots\" content=\"index, follow, max-snippet:-1, max-image-preview:large, max-video-preview:-1\" \/>\n<link rel=\"canonical\" href=\"https:\/\/www.isgurun.com\/index.php\/product\/sari-lacivert-cepli-muhendis-ikaz-yelegi\/\" \/>\n<meta property=\"og:locale\" content=\"tr_TR\" \/>\n<meta property=\"og:type\" content=\"article\" \/>\n<meta property=\"og:title\" content=\"Sar\u0131 Lacivert Cepli M\u00fchendis \u0130kaz Yele\u011fi -\" \/>\n<meta property=\"og:description\" content=\"M\u00fchendis Yele\u011fi Reflektif Sar\u0131 Lacivert M\u00fchendis Yele\u011fi en iyi fiyatla Mevsimceisg.com&#8217;dan sat\u0131n al\u0131n! \u015eimdi indirimli fiyatla online sipari\u015f verin, Sar\u0131 Lacivert M\u00fchendis Yele\u011fi aya\u011f\u0131n\u0131za gelsin! \u0130kaz Yelekleri Firmam\u0131z her sekt\u00f6re g\u00f6re de\u011fi\u015fe\" \/>\n<meta property=\"og:url\" content=\"https:\/\/www.isgurun.com\/index.php\/product\/sari-lacivert-cepli-muhendis-ikaz-yelegi\/\" \/>\n<meta property=\"article:modified_time\" content=\"2025-02-04T18:37:16+00:00\" \/>\n<meta property=\"og:image\" content=\"https:\/\/www.isgurun.com\/wp-content\/uploads\/2023\/08\/sari-lacivert-muhendis.jpg\" \/>\n\t<meta property=\"og:image:width\" content=\"500\" \/>\n\t<meta property=\"og:image:height\" content=\"500\" \/>\n\t<meta property=\"og:image:type\" content=\"image\/jpeg\" \/>\n<meta name=\"twitter:card\" content=\"summary_large_image\" \/>\n<script type=\"application\/ld+json\" class=\"yoast-schema-graph\">{\"@context\":\"https:\/\/schema.org\",\"@graph\":[{\"@type\":\"WebPage\",\"@id\":\"https:\/\/www.isgurun.com\/index.php\/product\/sari-lacivert-cepli-muhendis-ikaz-yelegi\/\",\"url\":\"https:\/\/www.isgurun.com\/index.php\/product\/sari-lacivert-cepli-muhendis-ikaz-yelegi\/\",\"name\":\"Sar\u0131 Lacivert Cepli M\u00fchendis \u0130kaz Yele\u011fi -\",\"isPartOf\":{\"@id\":\"http:\/\/www.isgurun.com\/#website\"},\"primaryImageOfPage\":{\"@id\":\"https:\/\/www.isgurun.com\/index.php\/product\/sari-lacivert-cepli-muhendis-ikaz-yelegi\/#primaryimage\"},\"image\":{\"@id\":\"https:\/\/www.isgurun.com\/index.php\/product\/sari-lacivert-cepli-muhendis-ikaz-yelegi\/#primaryimage\"},\"thumbnailUrl\":\"http:\/\/www.isgurun.com\/wp-content\/uploads\/2023\/08\/sari-lacivert-muhendis.jpg\",\"datePublished\":\"2023-08-28T15:37:57+00:00\",\"dateModified\":\"2025-02-04T18:37:16+00:00\",\"breadcrumb\":{\"@id\":\"https:\/\/www.isgurun.com\/index.php\/product\/sari-lacivert-cepli-muhendis-ikaz-yelegi\/#breadcrumb\"},\"inLanguage\":\"tr\",\"potentialAction\":[{\"@type\":\"ReadAction\",\"target\":[\"https:\/\/www.isgurun.com\/index.php\/product\/sari-lacivert-cepli-muhendis-ikaz-yelegi\/\"]}]},{\"@type\":\"ImageObject\",\"inLanguage\":\"tr\",\"@id\":\"https:\/\/www.isgurun.com\/index.php\/product\/sari-lacivert-cepli-muhendis-ikaz-yelegi\/#primaryimage\",\"url\":\"http:\/\/www.isgurun.com\/wp-content\/uploads\/2023\/08\/sari-lacivert-muhendis.jpg\",\"contentUrl\":\"http:\/\/www.isgurun.com\/wp-content\/uploads\/2023\/08\/sari-lacivert-muhendis.jpg\",\"width\":500,\"height\":500},{\"@type\":\"BreadcrumbList\",\"@id\":\"https:\/\/www.isgurun.com\/index.php\/product\/sari-lacivert-cepli-muhendis-ikaz-yelegi\/#breadcrumb\",\"itemListElement\":[{\"@type\":\"ListItem\",\"position\":1,\"name\":\"Anasayfa\",\"item\":\"http:\/\/www.isgurun.com\/\"},{\"@type\":\"ListItem\",\"position\":2,\"name\":\"Shop\",\"item\":\"https:\/\/www.isgurun.com\/index.php\/shop\/\"},{\"@type\":\"ListItem\",\"position\":3,\"name\":\"Sar\u0131 Lacivert Cepli M\u00fchendis \u0130kaz Yele\u011fi\"}]},{\"@type\":\"WebSite\",\"@id\":\"http:\/\/www.isgurun.com\/#website\",\"url\":\"http:\/\/www.isgurun.com\/\",\"name\":\"https:\/\/www.isgurun.com\",\"description\":\"\",\"publisher\":{\"@id\":\"http:\/\/www.isgurun.com\/#organization\"},\"potentialAction\":[{\"@type\":\"SearchAction\",\"target\":{\"@type\":\"EntryPoint\",\"urlTemplate\":\"http:\/\/www.isgurun.com\/?s={search_term_string}\"},\"query-input\":{\"@type\":\"PropertyValueSpecification\",\"valueRequired\":true,\"valueName\":\"search_term_string\"}}],\"inLanguage\":\"tr\"},{\"@type\":\"Organization\",\"@id\":\"http:\/\/www.isgurun.com\/#organization\",\"name\":\"Kurulu\u015f \u0130\u015f Elbiseleri\",\"alternateName\":\"K\u0130E\",\"url\":\"http:\/\/www.isgurun.com\/\",\"logo\":{\"@type\":\"ImageObject\",\"inLanguage\":\"tr\",\"@id\":\"http:\/\/www.isgurun.com\/#\/schema\/logo\/image\/\",\"url\":\"http:\/\/www.isgurun.com\/wp-content\/uploads\/2025\/01\/cropped-Artboard-1-5.png\",\"contentUrl\":\"http:\/\/www.isgurun.com\/wp-content\/uploads\/2025\/01\/cropped-Artboard-1-5.png\",\"width\":783,\"height\":636,\"caption\":\"Kurulu\u015f \u0130\u015f Elbiseleri\"},\"image\":{\"@id\":\"http:\/\/www.isgurun.com\/#\/schema\/logo\/image\/\"}}]}<\/script>\n<!-- \/ Yoast SEO plugin. -->","yoast_head_json":{"title":"Sar\u0131 Lacivert Cepli M\u00fchendis \u0130kaz Yele\u011fi -","robots":{"index":"index","follow":"follow","max-snippet":"max-snippet:-1","max-image-preview":"max-image-preview:large","max-video-preview":"max-video-preview:-1"},"canonical":"https:\/\/www.isgurun.com\/index.php\/product\/sari-lacivert-cepli-muhendis-ikaz-yelegi\/","og_locale":"tr_TR","og_type":"article","og_title":"Sar\u0131 Lacivert Cepli M\u00fchendis \u0130kaz Yele\u011fi -","og_description":"M\u00fchendis Yele\u011fi Reflektif Sar\u0131 Lacivert M\u00fchendis Yele\u011fi en iyi fiyatla Mevsimceisg.com&#8217;dan sat\u0131n al\u0131n! \u015eimdi indirimli fiyatla online sipari\u015f verin, Sar\u0131 Lacivert M\u00fchendis Yele\u011fi aya\u011f\u0131n\u0131za gelsin! \u0130kaz Yelekleri Firmam\u0131z her sekt\u00f6re g\u00f6re de\u011fi\u015fe","og_url":"https:\/\/www.isgurun.com\/index.php\/product\/sari-lacivert-cepli-muhendis-ikaz-yelegi\/","article_modified_time":"2025-02-04T18:37:16+00:00","og_image":[{"width":500,"height":500,"url":"https:\/\/www.isgurun.com\/wp-content\/uploads\/2023\/08\/sari-lacivert-muhendis.jpg","type":"image\/jpeg"}],"twitter_card":"summary_large_image","schema":{"@context":"https:\/\/schema.org","@graph":[{"@type":"WebPage","@id":"https:\/\/www.isgurun.com\/index.php\/product\/sari-lacivert-cepli-muhendis-ikaz-yelegi\/","url":"https:\/\/www.isgurun.com\/index.php\/product\/sari-lacivert-cepli-muhendis-ikaz-yelegi\/","name":"Sar\u0131 Lacivert Cepli M\u00fchendis \u0130kaz Yele\u011fi -","isPartOf":{"@id":"http:\/\/www.isgurun.com\/#website"},"primaryImageOfPage":{"@id":"https:\/\/www.isgurun.com\/index.php\/product\/sari-lacivert-cepli-muhendis-ikaz-yelegi\/#primaryimage"},"image":{"@id":"https:\/\/www.isgurun.com\/index.php\/product\/sari-lacivert-cepli-muhendis-ikaz-yelegi\/#primaryimage"},"thumbnailUrl":"http:\/\/www.isgurun.com\/wp-content\/uploads\/2023\/08\/sari-lacivert-muhendis.jpg","datePublished":"2023-08-28T15:37:57+00:00","dateModified":"2025-02-04T18:37:16+00:00","breadcrumb":{"@id":"https:\/\/www.isgurun.com\/index.php\/product\/sari-lacivert-cepli-muhendis-ikaz-yelegi\/#breadcrumb"},"inLanguage":"tr","potentialAction":[{"@type":"ReadAction","target":["https:\/\/www.isgurun.com\/index.php\/product\/sari-lacivert-cepli-muhendis-ikaz-yelegi\/"]}]},{"@type":"ImageObject","inLanguage":"tr","@id":"https:\/\/www.isgurun.com\/index.php\/product\/sari-lacivert-cepli-muhendis-ikaz-yelegi\/#primaryimage","url":"http:\/\/www.isgurun.com\/wp-content\/uploads\/2023\/08\/sari-lacivert-muhendis.jpg","contentUrl":"http:\/\/www.isgurun.com\/wp-content\/uploads\/2023\/08\/sari-lacivert-muhendis.jpg","width":500,"height":500},{"@type":"BreadcrumbList","@id":"https:\/\/www.isgurun.com\/index.php\/product\/sari-lacivert-cepli-muhendis-ikaz-yelegi\/#breadcrumb","itemListElement":[{"@type":"ListItem","position":1,"name":"Anasayfa","item":"http:\/\/www.isgurun.com\/"},{"@type":"ListItem","position":2,"name":"Shop","item":"https:\/\/www.isgurun.com\/index.php\/shop\/"},{"@type":"ListItem","position":3,"name":"Sar\u0131 Lacivert Cepli M\u00fchendis \u0130kaz Yele\u011fi"}]},{"@type":"WebSite","@id":"http:\/\/www.isgurun.com\/#website","url":"http:\/\/www.isgurun.com\/","name":"https:\/\/www.isgurun.com","description":"","publisher":{"@id":"http:\/\/www.isgurun.com\/#organization"},"potentialAction":[{"@type":"SearchAction","target":{"@type":"EntryPoint","urlTemplate":"http:\/\/www.isgurun.com\/?s={search_term_string}"},"query-input":{"@type":"PropertyValueSpecification","valueRequired":true,"valueName":"search_term_string"}}],"inLanguage":"tr"},{"@type":"Organization","@id":"http:\/\/www.isgurun.com\/#organization","name":"Kurulu\u015f \u0130\u015f Elbiseleri","alternateName":"K\u0130E","url":"http:\/\/www.isgurun.com\/","logo":{"@type":"ImageObject","inLanguage":"tr","@id":"http:\/\/www.isgurun.com\/#\/schema\/logo\/image\/","url":"http:\/\/www.isgurun.com\/wp-content\/uploads\/2025\/01\/cropped-Artboard-1-5.png","contentUrl":"http:\/\/www.isgurun.com\/wp-content\/uploads\/2025\/01\/cropped-Artboard-1-5.png","width":783,"height":636,"caption":"Kurulu\u015f \u0130\u015f Elbiseleri"},"image":{"@id":"http:\/\/www.isgurun.com\/#\/schema\/logo\/image\/"}}]}},"_links":{"self":[{"href":"http:\/\/www.isgurun.com\/index.php\/wp-json\/wp\/v2\/product\/16440","targetHints":{"allow":["GET"]}}],"collection":[{"href":"http:\/\/www.isgurun.com\/index.php\/wp-json\/wp\/v2\/product"}],"about":[{"href":"http:\/\/www.isgurun.com\/index.php\/wp-json\/wp\/v2\/types\/product"}],"version-history":[{"count":1,"href":"http:\/\/www.isgurun.com\/index.php\/wp-json\/wp\/v2\/product\/16440\/revisions"}],"predecessor-version":[{"id":17239,"href":"http:\/\/www.isgurun.com\/index.php\/wp-json\/wp\/v2\/product\/16440\/revisions\/17239"}],"wp:featuredmedia":[{"embeddable":true,"href":"http:\/\/www.isgurun.com\/index.php\/wp-json\/wp\/v2\/media\/15252"}],"wp:attachment":[{"href":"http:\/\/www.isgurun.com\/index.php\/wp-json\/wp\/v2\/media?parent=16440"}],"wp:term":[{"taxonomy":"product_brand","embeddable":true,"href":"http:\/\/www.isgurun.com\/index.php\/wp-json\/wp\/v2\/product_brand?post=16440"},{"taxonomy":"product_cat","embeddable":true,"href":"http:\/\/www.isgurun.com\/index.php\/wp-json\/wp\/v2\/product_cat?post=16440"},{"taxonomy":"product_tag","embeddable":true,"href":"http:\/\/www.isgurun.com\/index.php\/wp-json\/wp\/v2\/product_tag?post=16440"}],"curies":[{"name":"wp","href":"https:\/\/api.w.org\/{rel}","templated":true}]}}