{"id":16445,"date":"2023-08-28T15:37:58","date_gmt":"2023-08-28T15:37:58","guid":{"rendered":"http:\/\/www.isgurun.com\/index.php\/product\/turuncu-reflektorlu-ikaz-yelegi\/"},"modified":"2025-02-03T12:30:20","modified_gmt":"2025-02-03T12:30:20","slug":"turuncu-reflektorlu-ikaz-yelegi","status":"publish","type":"product","link":"http:\/\/www.isgurun.com\/index.php\/product\/turuncu-reflektorlu-ikaz-yelegi\/","title":{"rendered":"Turuncu Reflekt\u00f6rl\u00fc \u0130kaz Yele\u011fi"},"content":{"rendered":"<p>Turuncu Reflekt\u00f6rl\u00fc \u0130kaz Yele\u011fi en iyi fiyatla Mevsimceisg.com&#8217;dan sat\u0131n al\u0131n! \u015eimdi indirimli fiyatla online sipari\u015f verin, Turuncu \u0130kaz Yele\u011fi aya\u011f\u0131n\u0131za gelsin!<\/p>\n<p><a href=\"https:\/\/api.whatsapp.com\/send\/?phone=%2B905455719737&amp;text&amp;type=phone_number&amp;app_absent=0\">\u0130kaz Yelekleri<\/a><br \/>\nFirmam\u0131z her sekt\u00f6re g\u00f6re de\u011fi\u015fen uygun <a href=\"https:\/\/www.isgurun.com\/index.php\/urunler\/\">model ve renk se\u00e7enekleri<\/a><\/p>\n","protected":false},"excerpt":{"rendered":"<p>Turuncu Reflekt\u00f6rl\u00fc \u0130kaz Yele\u011fi en iyi fiyatla Mevsimceisg.com&#8217;dan sat\u0131n al\u0131n! \u015eimdi indirimli fiyatla online sipari\u015f verin, Turuncu \u0130kaz Yele\u011fi aya\u011f\u0131n\u0131za gelsin! \u0130kaz Yelekleri Firmam\u0131z her sekt\u00f6re g\u00f6re de\u011fi\u015fen uygun model ve renk se\u00e7enekleri<\/p>\n","protected":false},"featured_media":15261,"template":"","meta":[],"product_brand":[],"product_cat":[44],"product_tag":[],"class_list":{"0":"post-16445","1":"product","2":"type-product","3":"status-publish","4":"has-post-thumbnail","6":"product_cat-ikaz-yelekleri","8":"first","9":"instock","10":"shipping-taxable","11":"product-type-simple"},"yoast_head":"<!-- This site is optimized with the Yoast SEO plugin v26.0 - https:\/\/yoast.com\/wordpress\/plugins\/seo\/ -->\n<title>Turuncu Reflekt\u00f6rl\u00fc \u0130kaz Yele\u011fi -<\/title>\n<meta name=\"description\" content=\"Turuncu Reflekt\u00f6rl\u00fc \u0130kaz Yele\u011fi, reflekt\u00f6rl\u00fc ikaz yele\u011fi, turuncu ikaz yele\u011fi, ikaz yele\u011fi sat\u0131\u015f, ikaz yele\u011fi fiyatlar\u0131, toptan ikaz yele\u011fi\" \/>\n<meta name=\"robots\" content=\"index, follow, max-snippet:-1, max-image-preview:large, max-video-preview:-1\" \/>\n<link rel=\"canonical\" href=\"http:\/\/www.isgurun.com\/index.php\/product\/turuncu-reflektorlu-ikaz-yelegi\/\" \/>\n<meta property=\"og:locale\" content=\"tr_TR\" \/>\n<meta property=\"og:type\" content=\"article\" \/>\n<meta property=\"og:title\" content=\"Turuncu Reflekt\u00f6rl\u00fc \u0130kaz Yele\u011fi -\" \/>\n<meta property=\"og:description\" content=\"Turuncu Reflekt\u00f6rl\u00fc \u0130kaz Yele\u011fi, reflekt\u00f6rl\u00fc ikaz yele\u011fi, turuncu ikaz yele\u011fi, ikaz yele\u011fi sat\u0131\u015f, ikaz yele\u011fi fiyatlar\u0131, toptan ikaz yele\u011fi\" \/>\n<meta property=\"og:url\" content=\"http:\/\/www.isgurun.com\/index.php\/product\/turuncu-reflektorlu-ikaz-yelegi\/\" \/>\n<meta property=\"article:modified_time\" content=\"2025-02-03T12:30:20+00:00\" \/>\n<meta property=\"og:image\" content=\"http:\/\/www.isgurun.com\/wp-content\/uploads\/2023\/08\/turuncu-ikaz-yelegi.jpg\" \/>\n\t<meta property=\"og:image:width\" content=\"500\" \/>\n\t<meta property=\"og:image:height\" content=\"500\" \/>\n\t<meta property=\"og:image:type\" content=\"image\/jpeg\" \/>\n<meta name=\"twitter:card\" content=\"summary_large_image\" \/>\n<meta name=\"twitter:label1\" content=\"Tahmini okuma s\u00fcresi\" \/>\n\t<meta name=\"twitter:data1\" content=\"1 dakika\" \/>\n<script type=\"application\/ld+json\" class=\"yoast-schema-graph\">{\"@context\":\"https:\/\/schema.org\",\"@graph\":[{\"@type\":\"WebPage\",\"@id\":\"http:\/\/www.isgurun.com\/index.php\/product\/turuncu-reflektorlu-ikaz-yelegi\/\",\"url\":\"http:\/\/www.isgurun.com\/index.php\/product\/turuncu-reflektorlu-ikaz-yelegi\/\",\"name\":\"Turuncu Reflekt\u00f6rl\u00fc \u0130kaz Yele\u011fi -\",\"isPartOf\":{\"@id\":\"https:\/\/www.isgurun.com\/#website\"},\"primaryImageOfPage\":{\"@id\":\"http:\/\/www.isgurun.com\/index.php\/product\/turuncu-reflektorlu-ikaz-yelegi\/#primaryimage\"},\"image\":{\"@id\":\"http:\/\/www.isgurun.com\/index.php\/product\/turuncu-reflektorlu-ikaz-yelegi\/#primaryimage\"},\"thumbnailUrl\":\"http:\/\/www.isgurun.com\/wp-content\/uploads\/2023\/08\/turuncu-ikaz-yelegi.jpg\",\"datePublished\":\"2023-08-28T15:37:58+00:00\",\"dateModified\":\"2025-02-03T12:30:20+00:00\",\"description\":\"Turuncu Reflekt\u00f6rl\u00fc \u0130kaz Yele\u011fi, reflekt\u00f6rl\u00fc ikaz yele\u011fi, turuncu ikaz yele\u011fi, ikaz yele\u011fi sat\u0131\u015f, ikaz yele\u011fi fiyatlar\u0131, toptan ikaz yele\u011fi\",\"breadcrumb\":{\"@id\":\"http:\/\/www.isgurun.com\/index.php\/product\/turuncu-reflektorlu-ikaz-yelegi\/#breadcrumb\"},\"inLanguage\":\"tr\",\"potentialAction\":[{\"@type\":\"ReadAction\",\"target\":[\"http:\/\/www.isgurun.com\/index.php\/product\/turuncu-reflektorlu-ikaz-yelegi\/\"]}]},{\"@type\":\"ImageObject\",\"inLanguage\":\"tr\",\"@id\":\"http:\/\/www.isgurun.com\/index.php\/product\/turuncu-reflektorlu-ikaz-yelegi\/#primaryimage\",\"url\":\"http:\/\/www.isgurun.com\/wp-content\/uploads\/2023\/08\/turuncu-ikaz-yelegi.jpg\",\"contentUrl\":\"http:\/\/www.isgurun.com\/wp-content\/uploads\/2023\/08\/turuncu-ikaz-yelegi.jpg\",\"width\":500,\"height\":500,\"caption\":\"Turuncu Reflekt\u00f6rl\u00fc \u0130kaz Yele\u011fi sat\u0131\u015f\"},{\"@type\":\"BreadcrumbList\",\"@id\":\"http:\/\/www.isgurun.com\/index.php\/product\/turuncu-reflektorlu-ikaz-yelegi\/#breadcrumb\",\"itemListElement\":[{\"@type\":\"ListItem\",\"position\":1,\"name\":\"Anasayfa\",\"item\":\"https:\/\/www.isgurun.com\/\"},{\"@type\":\"ListItem\",\"position\":2,\"name\":\"Shop\",\"item\":\"http:\/\/www.isgurun.com\/index.php\/shop\/\"},{\"@type\":\"ListItem\",\"position\":3,\"name\":\"Turuncu Reflekt\u00f6rl\u00fc \u0130kaz Yele\u011fi\"}]},{\"@type\":\"WebSite\",\"@id\":\"https:\/\/www.isgurun.com\/#website\",\"url\":\"https:\/\/www.isgurun.com\/\",\"name\":\"https:\/\/www.isgurun.com\",\"description\":\"\",\"publisher\":{\"@id\":\"https:\/\/www.isgurun.com\/#organization\"},\"potentialAction\":[{\"@type\":\"SearchAction\",\"target\":{\"@type\":\"EntryPoint\",\"urlTemplate\":\"https:\/\/www.isgurun.com\/?s={search_term_string}\"},\"query-input\":{\"@type\":\"PropertyValueSpecification\",\"valueRequired\":true,\"valueName\":\"search_term_string\"}}],\"inLanguage\":\"tr\"},{\"@type\":\"Organization\",\"@id\":\"https:\/\/www.isgurun.com\/#organization\",\"name\":\"Kurulu\u015f \u0130\u015f Elbiseleri\",\"alternateName\":\"K\u0130E\",\"url\":\"https:\/\/www.isgurun.com\/\",\"logo\":{\"@type\":\"ImageObject\",\"inLanguage\":\"tr\",\"@id\":\"https:\/\/www.isgurun.com\/#\/schema\/logo\/image\/\",\"url\":\"http:\/\/www.isgurun.com\/wp-content\/uploads\/2025\/01\/cropped-Artboard-1-5.png\",\"contentUrl\":\"http:\/\/www.isgurun.com\/wp-content\/uploads\/2025\/01\/cropped-Artboard-1-5.png\",\"width\":783,\"height\":636,\"caption\":\"Kurulu\u015f \u0130\u015f Elbiseleri\"},\"image\":{\"@id\":\"https:\/\/www.isgurun.com\/#\/schema\/logo\/image\/\"}}]}<\/script>\n<!-- \/ Yoast SEO plugin. -->","yoast_head_json":{"title":"Turuncu Reflekt\u00f6rl\u00fc \u0130kaz Yele\u011fi -","description":"Turuncu Reflekt\u00f6rl\u00fc \u0130kaz Yele\u011fi, reflekt\u00f6rl\u00fc ikaz yele\u011fi, turuncu ikaz yele\u011fi, ikaz yele\u011fi sat\u0131\u015f, ikaz yele\u011fi fiyatlar\u0131, toptan ikaz yele\u011fi","robots":{"index":"index","follow":"follow","max-snippet":"max-snippet:-1","max-image-preview":"max-image-preview:large","max-video-preview":"max-video-preview:-1"},"canonical":"http:\/\/www.isgurun.com\/index.php\/product\/turuncu-reflektorlu-ikaz-yelegi\/","og_locale":"tr_TR","og_type":"article","og_title":"Turuncu Reflekt\u00f6rl\u00fc \u0130kaz Yele\u011fi -","og_description":"Turuncu Reflekt\u00f6rl\u00fc \u0130kaz Yele\u011fi, reflekt\u00f6rl\u00fc ikaz yele\u011fi, turuncu ikaz yele\u011fi, ikaz yele\u011fi sat\u0131\u015f, ikaz yele\u011fi fiyatlar\u0131, toptan ikaz yele\u011fi","og_url":"http:\/\/www.isgurun.com\/index.php\/product\/turuncu-reflektorlu-ikaz-yelegi\/","article_modified_time":"2025-02-03T12:30:20+00:00","og_image":[{"width":500,"height":500,"url":"http:\/\/www.isgurun.com\/wp-content\/uploads\/2023\/08\/turuncu-ikaz-yelegi.jpg","type":"image\/jpeg"}],"twitter_card":"summary_large_image","twitter_misc":{"Tahmini okuma s\u00fcresi":"1 dakika"},"schema":{"@context":"https:\/\/schema.org","@graph":[{"@type":"WebPage","@id":"http:\/\/www.isgurun.com\/index.php\/product\/turuncu-reflektorlu-ikaz-yelegi\/","url":"http:\/\/www.isgurun.com\/index.php\/product\/turuncu-reflektorlu-ikaz-yelegi\/","name":"Turuncu Reflekt\u00f6rl\u00fc \u0130kaz Yele\u011fi -","isPartOf":{"@id":"https:\/\/www.isgurun.com\/#website"},"primaryImageOfPage":{"@id":"http:\/\/www.isgurun.com\/index.php\/product\/turuncu-reflektorlu-ikaz-yelegi\/#primaryimage"},"image":{"@id":"http:\/\/www.isgurun.com\/index.php\/product\/turuncu-reflektorlu-ikaz-yelegi\/#primaryimage"},"thumbnailUrl":"http:\/\/www.isgurun.com\/wp-content\/uploads\/2023\/08\/turuncu-ikaz-yelegi.jpg","datePublished":"2023-08-28T15:37:58+00:00","dateModified":"2025-02-03T12:30:20+00:00","description":"Turuncu Reflekt\u00f6rl\u00fc \u0130kaz Yele\u011fi, reflekt\u00f6rl\u00fc ikaz yele\u011fi, turuncu ikaz yele\u011fi, ikaz yele\u011fi sat\u0131\u015f, ikaz yele\u011fi fiyatlar\u0131, toptan ikaz yele\u011fi","breadcrumb":{"@id":"http:\/\/www.isgurun.com\/index.php\/product\/turuncu-reflektorlu-ikaz-yelegi\/#breadcrumb"},"inLanguage":"tr","potentialAction":[{"@type":"ReadAction","target":["http:\/\/www.isgurun.com\/index.php\/product\/turuncu-reflektorlu-ikaz-yelegi\/"]}]},{"@type":"ImageObject","inLanguage":"tr","@id":"http:\/\/www.isgurun.com\/index.php\/product\/turuncu-reflektorlu-ikaz-yelegi\/#primaryimage","url":"http:\/\/www.isgurun.com\/wp-content\/uploads\/2023\/08\/turuncu-ikaz-yelegi.jpg","contentUrl":"http:\/\/www.isgurun.com\/wp-content\/uploads\/2023\/08\/turuncu-ikaz-yelegi.jpg","width":500,"height":500,"caption":"Turuncu Reflekt\u00f6rl\u00fc \u0130kaz Yele\u011fi sat\u0131\u015f"},{"@type":"BreadcrumbList","@id":"http:\/\/www.isgurun.com\/index.php\/product\/turuncu-reflektorlu-ikaz-yelegi\/#breadcrumb","itemListElement":[{"@type":"ListItem","position":1,"name":"Anasayfa","item":"https:\/\/www.isgurun.com\/"},{"@type":"ListItem","position":2,"name":"Shop","item":"http:\/\/www.isgurun.com\/index.php\/shop\/"},{"@type":"ListItem","position":3,"name":"Turuncu Reflekt\u00f6rl\u00fc \u0130kaz Yele\u011fi"}]},{"@type":"WebSite","@id":"https:\/\/www.isgurun.com\/#website","url":"https:\/\/www.isgurun.com\/","name":"https:\/\/www.isgurun.com","description":"","publisher":{"@id":"https:\/\/www.isgurun.com\/#organization"},"potentialAction":[{"@type":"SearchAction","target":{"@type":"EntryPoint","urlTemplate":"https:\/\/www.isgurun.com\/?s={search_term_string}"},"query-input":{"@type":"PropertyValueSpecification","valueRequired":true,"valueName":"search_term_string"}}],"inLanguage":"tr"},{"@type":"Organization","@id":"https:\/\/www.isgurun.com\/#organization","name":"Kurulu\u015f \u0130\u015f Elbiseleri","alternateName":"K\u0130E","url":"https:\/\/www.isgurun.com\/","logo":{"@type":"ImageObject","inLanguage":"tr","@id":"https:\/\/www.isgurun.com\/#\/schema\/logo\/image\/","url":"http:\/\/www.isgurun.com\/wp-content\/uploads\/2025\/01\/cropped-Artboard-1-5.png","contentUrl":"http:\/\/www.isgurun.com\/wp-content\/uploads\/2025\/01\/cropped-Artboard-1-5.png","width":783,"height":636,"caption":"Kurulu\u015f \u0130\u015f Elbiseleri"},"image":{"@id":"https:\/\/www.isgurun.com\/#\/schema\/logo\/image\/"}}]}},"_links":{"self":[{"href":"http:\/\/www.isgurun.com\/index.php\/wp-json\/wp\/v2\/product\/16445","targetHints":{"allow":["GET"]}}],"collection":[{"href":"http:\/\/www.isgurun.com\/index.php\/wp-json\/wp\/v2\/product"}],"about":[{"href":"http:\/\/www.isgurun.com\/index.php\/wp-json\/wp\/v2\/types\/product"}],"version-history":[{"count":3,"href":"http:\/\/www.isgurun.com\/index.php\/wp-json\/wp\/v2\/product\/16445\/revisions"}],"predecessor-version":[{"id":18694,"href":"http:\/\/www.isgurun.com\/index.php\/wp-json\/wp\/v2\/product\/16445\/revisions\/18694"}],"wp:featuredmedia":[{"embeddable":true,"href":"http:\/\/www.isgurun.com\/index.php\/wp-json\/wp\/v2\/media\/15261"}],"wp:attachment":[{"href":"http:\/\/www.isgurun.com\/index.php\/wp-json\/wp\/v2\/media?parent=16445"}],"wp:term":[{"taxonomy":"product_brand","embeddable":true,"href":"http:\/\/www.isgurun.com\/index.php\/wp-json\/wp\/v2\/product_brand?post=16445"},{"taxonomy":"product_cat","embeddable":true,"href":"http:\/\/www.isgurun.com\/index.php\/wp-json\/wp\/v2\/product_cat?post=16445"},{"taxonomy":"product_tag","embeddable":true,"href":"http:\/\/www.isgurun.com\/index.php\/wp-json\/wp\/v2\/product_tag?post=16445"}],"curies":[{"name":"wp","href":"https:\/\/api.w.org\/{rel}","templated":true}]}}