{"id":16470,"date":"2023-08-28T15:39:28","date_gmt":"2023-08-28T15:39:28","guid":{"rendered":"http:\/\/www.isgurun.com\/index.php\/product\/wc-bay-levhasi-is-guvenligi-levhasi\/"},"modified":"2023-09-12T21:54:52","modified_gmt":"2023-09-12T21:54:52","slug":"wc-bay-levhasi-is-guvenligi-levhasi","status":"publish","type":"product","link":"http:\/\/www.isgurun.com\/index.php\/product\/wc-bay-levhasi-is-guvenligi-levhasi\/","title":{"rendered":"WC Bay Levhas\u0131 &#8211; \u0130\u015f G\u00fcvenli\u011fi Levhas\u0131"},"content":{"rendered":"<p>WC Bay Levhas\u0131 uygun fiyat ve indirim f\u0131rsatlar\u0131yla burada. T\u0131kla, en ucuz WC Bay Levhas\u0131 aya\u011f\u0131na gelsin.G\u00fcvenli al\u0131\u015fveri\u015fin adresi Mevsimceisg.com \u00dcr\u00fcn\u00fcn ilk a\u00e7\u0131l\u0131\u015fta verilen fiyat\u0131,25&#215;35 cm PVC Levha fiyat\u0131d\u0131r. Farkl\u0131 ebat, malzeme ve fiyat se\u00e7imi \u0130\u00e7in s<\/p>\n","protected":false},"excerpt":{"rendered":"<p>WC Bay Levhas\u0131 uygun fiyat ve indirim f\u0131rsatlar\u0131yla burada. T\u0131kla, en ucuz WC Bay Levhas\u0131 aya\u011f\u0131na gelsin.G\u00fcvenli al\u0131\u015fveri\u015fin adresi Mevsimceisg.com \u00dcr\u00fcn\u00fcn ilk a\u00e7\u0131l\u0131\u015fta verilen fiyat\u0131,25&#215;35 cm PVC Levha fiyat\u0131d\u0131r. Farkl\u0131 ebat, malzeme ve fiyat se\u00e7imi \u0130\u00e7in s<\/p>\n","protected":false},"featured_media":15311,"template":"","meta":[],"product_brand":[],"product_cat":[47,46,49],"product_tag":[],"class_list":{"0":"post-16470","1":"product","2":"type-product","3":"status-publish","4":"has-post-thumbnail","6":"product_cat-ikaz-levhalari","7":"product_cat-trafik-urunleri","8":"product_cat-uyari-ve-ikaz-levhalari","10":"first","11":"instock","12":"shipping-taxable","13":"product-type-simple"},"yoast_head":"<!-- This site is optimized with the Yoast SEO plugin v26.0 - https:\/\/yoast.com\/wordpress\/plugins\/seo\/ -->\n<title>WC Bay Levhas\u0131 - \u0130\u015f G\u00fcvenli\u011fi Levhas\u0131 -<\/title>\n<meta name=\"robots\" content=\"index, follow, max-snippet:-1, max-image-preview:large, max-video-preview:-1\" \/>\n<link rel=\"canonical\" href=\"http:\/\/www.isgurun.com\/index.php\/product\/wc-bay-levhasi-is-guvenligi-levhasi\/\" \/>\n<meta property=\"og:locale\" content=\"tr_TR\" \/>\n<meta property=\"og:type\" content=\"article\" \/>\n<meta property=\"og:title\" content=\"WC Bay Levhas\u0131 - \u0130\u015f G\u00fcvenli\u011fi Levhas\u0131 -\" \/>\n<meta property=\"og:description\" content=\"WC Bay Levhas\u0131 uygun fiyat ve indirim f\u0131rsatlar\u0131yla burada. T\u0131kla, en ucuz WC Bay Levhas\u0131 aya\u011f\u0131na gelsin.G\u00fcvenli al\u0131\u015fveri\u015fin adresi Mevsimceisg.com \u00dcr\u00fcn\u00fcn ilk a\u00e7\u0131l\u0131\u015fta verilen fiyat\u0131,25&#215;35 cm PVC Levha fiyat\u0131d\u0131r. Farkl\u0131 ebat, malzeme ve fiyat se\u00e7imi \u0130\u00e7in s\" \/>\n<meta property=\"og:url\" content=\"http:\/\/www.isgurun.com\/index.php\/product\/wc-bay-levhasi-is-guvenligi-levhasi\/\" \/>\n<meta property=\"article:modified_time\" content=\"2023-09-12T21:54:52+00:00\" \/>\n<meta property=\"og:image\" content=\"http:\/\/www.isgurun.com\/wp-content\/uploads\/2023\/08\/wc-bay-levhasi.jpg\" \/>\n\t<meta property=\"og:image:width\" content=\"300\" \/>\n\t<meta property=\"og:image:height\" content=\"447\" \/>\n\t<meta property=\"og:image:type\" content=\"image\/jpeg\" \/>\n<meta name=\"twitter:card\" content=\"summary_large_image\" \/>\n<script type=\"application\/ld+json\" class=\"yoast-schema-graph\">{\"@context\":\"https:\/\/schema.org\",\"@graph\":[{\"@type\":\"WebPage\",\"@id\":\"http:\/\/www.isgurun.com\/index.php\/product\/wc-bay-levhasi-is-guvenligi-levhasi\/\",\"url\":\"http:\/\/www.isgurun.com\/index.php\/product\/wc-bay-levhasi-is-guvenligi-levhasi\/\",\"name\":\"WC Bay Levhas\u0131 - \u0130\u015f G\u00fcvenli\u011fi Levhas\u0131 -\",\"isPartOf\":{\"@id\":\"https:\/\/www.isgurun.com\/#website\"},\"primaryImageOfPage\":{\"@id\":\"http:\/\/www.isgurun.com\/index.php\/product\/wc-bay-levhasi-is-guvenligi-levhasi\/#primaryimage\"},\"image\":{\"@id\":\"http:\/\/www.isgurun.com\/index.php\/product\/wc-bay-levhasi-is-guvenligi-levhasi\/#primaryimage\"},\"thumbnailUrl\":\"http:\/\/www.isgurun.com\/wp-content\/uploads\/2023\/08\/wc-bay-levhasi.jpg\",\"datePublished\":\"2023-08-28T15:39:28+00:00\",\"dateModified\":\"2023-09-12T21:54:52+00:00\",\"breadcrumb\":{\"@id\":\"http:\/\/www.isgurun.com\/index.php\/product\/wc-bay-levhasi-is-guvenligi-levhasi\/#breadcrumb\"},\"inLanguage\":\"tr\",\"potentialAction\":[{\"@type\":\"ReadAction\",\"target\":[\"http:\/\/www.isgurun.com\/index.php\/product\/wc-bay-levhasi-is-guvenligi-levhasi\/\"]}]},{\"@type\":\"ImageObject\",\"inLanguage\":\"tr\",\"@id\":\"http:\/\/www.isgurun.com\/index.php\/product\/wc-bay-levhasi-is-guvenligi-levhasi\/#primaryimage\",\"url\":\"http:\/\/www.isgurun.com\/wp-content\/uploads\/2023\/08\/wc-bay-levhasi.jpg\",\"contentUrl\":\"http:\/\/www.isgurun.com\/wp-content\/uploads\/2023\/08\/wc-bay-levhasi.jpg\",\"width\":300,\"height\":447},{\"@type\":\"BreadcrumbList\",\"@id\":\"http:\/\/www.isgurun.com\/index.php\/product\/wc-bay-levhasi-is-guvenligi-levhasi\/#breadcrumb\",\"itemListElement\":[{\"@type\":\"ListItem\",\"position\":1,\"name\":\"Anasayfa\",\"item\":\"https:\/\/www.isgurun.com\/\"},{\"@type\":\"ListItem\",\"position\":2,\"name\":\"Shop\",\"item\":\"http:\/\/www.isgurun.com\/index.php\/shop\/\"},{\"@type\":\"ListItem\",\"position\":3,\"name\":\"WC Bay Levhas\u0131 &#8211; \u0130\u015f G\u00fcvenli\u011fi Levhas\u0131\"}]},{\"@type\":\"WebSite\",\"@id\":\"https:\/\/www.isgurun.com\/#website\",\"url\":\"https:\/\/www.isgurun.com\/\",\"name\":\"https:\/\/www.isgurun.com\",\"description\":\"\",\"publisher\":{\"@id\":\"https:\/\/www.isgurun.com\/#organization\"},\"potentialAction\":[{\"@type\":\"SearchAction\",\"target\":{\"@type\":\"EntryPoint\",\"urlTemplate\":\"https:\/\/www.isgurun.com\/?s={search_term_string}\"},\"query-input\":{\"@type\":\"PropertyValueSpecification\",\"valueRequired\":true,\"valueName\":\"search_term_string\"}}],\"inLanguage\":\"tr\"},{\"@type\":\"Organization\",\"@id\":\"https:\/\/www.isgurun.com\/#organization\",\"name\":\"Kurulu\u015f \u0130\u015f Elbiseleri\",\"alternateName\":\"K\u0130E\",\"url\":\"https:\/\/www.isgurun.com\/\",\"logo\":{\"@type\":\"ImageObject\",\"inLanguage\":\"tr\",\"@id\":\"https:\/\/www.isgurun.com\/#\/schema\/logo\/image\/\",\"url\":\"http:\/\/www.isgurun.com\/wp-content\/uploads\/2025\/01\/cropped-Artboard-1-5.png\",\"contentUrl\":\"http:\/\/www.isgurun.com\/wp-content\/uploads\/2025\/01\/cropped-Artboard-1-5.png\",\"width\":783,\"height\":636,\"caption\":\"Kurulu\u015f \u0130\u015f Elbiseleri\"},\"image\":{\"@id\":\"https:\/\/www.isgurun.com\/#\/schema\/logo\/image\/\"}}]}<\/script>\n<!-- \/ Yoast SEO plugin. -->","yoast_head_json":{"title":"WC Bay Levhas\u0131 - \u0130\u015f G\u00fcvenli\u011fi Levhas\u0131 -","robots":{"index":"index","follow":"follow","max-snippet":"max-snippet:-1","max-image-preview":"max-image-preview:large","max-video-preview":"max-video-preview:-1"},"canonical":"http:\/\/www.isgurun.com\/index.php\/product\/wc-bay-levhasi-is-guvenligi-levhasi\/","og_locale":"tr_TR","og_type":"article","og_title":"WC Bay Levhas\u0131 - \u0130\u015f G\u00fcvenli\u011fi Levhas\u0131 -","og_description":"WC Bay Levhas\u0131 uygun fiyat ve indirim f\u0131rsatlar\u0131yla burada. T\u0131kla, en ucuz WC Bay Levhas\u0131 aya\u011f\u0131na gelsin.G\u00fcvenli al\u0131\u015fveri\u015fin adresi Mevsimceisg.com \u00dcr\u00fcn\u00fcn ilk a\u00e7\u0131l\u0131\u015fta verilen fiyat\u0131,25&#215;35 cm PVC Levha fiyat\u0131d\u0131r. Farkl\u0131 ebat, malzeme ve fiyat se\u00e7imi \u0130\u00e7in s","og_url":"http:\/\/www.isgurun.com\/index.php\/product\/wc-bay-levhasi-is-guvenligi-levhasi\/","article_modified_time":"2023-09-12T21:54:52+00:00","og_image":[{"width":300,"height":447,"url":"http:\/\/www.isgurun.com\/wp-content\/uploads\/2023\/08\/wc-bay-levhasi.jpg","type":"image\/jpeg"}],"twitter_card":"summary_large_image","schema":{"@context":"https:\/\/schema.org","@graph":[{"@type":"WebPage","@id":"http:\/\/www.isgurun.com\/index.php\/product\/wc-bay-levhasi-is-guvenligi-levhasi\/","url":"http:\/\/www.isgurun.com\/index.php\/product\/wc-bay-levhasi-is-guvenligi-levhasi\/","name":"WC Bay Levhas\u0131 - \u0130\u015f G\u00fcvenli\u011fi Levhas\u0131 -","isPartOf":{"@id":"https:\/\/www.isgurun.com\/#website"},"primaryImageOfPage":{"@id":"http:\/\/www.isgurun.com\/index.php\/product\/wc-bay-levhasi-is-guvenligi-levhasi\/#primaryimage"},"image":{"@id":"http:\/\/www.isgurun.com\/index.php\/product\/wc-bay-levhasi-is-guvenligi-levhasi\/#primaryimage"},"thumbnailUrl":"http:\/\/www.isgurun.com\/wp-content\/uploads\/2023\/08\/wc-bay-levhasi.jpg","datePublished":"2023-08-28T15:39:28+00:00","dateModified":"2023-09-12T21:54:52+00:00","breadcrumb":{"@id":"http:\/\/www.isgurun.com\/index.php\/product\/wc-bay-levhasi-is-guvenligi-levhasi\/#breadcrumb"},"inLanguage":"tr","potentialAction":[{"@type":"ReadAction","target":["http:\/\/www.isgurun.com\/index.php\/product\/wc-bay-levhasi-is-guvenligi-levhasi\/"]}]},{"@type":"ImageObject","inLanguage":"tr","@id":"http:\/\/www.isgurun.com\/index.php\/product\/wc-bay-levhasi-is-guvenligi-levhasi\/#primaryimage","url":"http:\/\/www.isgurun.com\/wp-content\/uploads\/2023\/08\/wc-bay-levhasi.jpg","contentUrl":"http:\/\/www.isgurun.com\/wp-content\/uploads\/2023\/08\/wc-bay-levhasi.jpg","width":300,"height":447},{"@type":"BreadcrumbList","@id":"http:\/\/www.isgurun.com\/index.php\/product\/wc-bay-levhasi-is-guvenligi-levhasi\/#breadcrumb","itemListElement":[{"@type":"ListItem","position":1,"name":"Anasayfa","item":"https:\/\/www.isgurun.com\/"},{"@type":"ListItem","position":2,"name":"Shop","item":"http:\/\/www.isgurun.com\/index.php\/shop\/"},{"@type":"ListItem","position":3,"name":"WC Bay Levhas\u0131 &#8211; \u0130\u015f G\u00fcvenli\u011fi Levhas\u0131"}]},{"@type":"WebSite","@id":"https:\/\/www.isgurun.com\/#website","url":"https:\/\/www.isgurun.com\/","name":"https:\/\/www.isgurun.com","description":"","publisher":{"@id":"https:\/\/www.isgurun.com\/#organization"},"potentialAction":[{"@type":"SearchAction","target":{"@type":"EntryPoint","urlTemplate":"https:\/\/www.isgurun.com\/?s={search_term_string}"},"query-input":{"@type":"PropertyValueSpecification","valueRequired":true,"valueName":"search_term_string"}}],"inLanguage":"tr"},{"@type":"Organization","@id":"https:\/\/www.isgurun.com\/#organization","name":"Kurulu\u015f \u0130\u015f Elbiseleri","alternateName":"K\u0130E","url":"https:\/\/www.isgurun.com\/","logo":{"@type":"ImageObject","inLanguage":"tr","@id":"https:\/\/www.isgurun.com\/#\/schema\/logo\/image\/","url":"http:\/\/www.isgurun.com\/wp-content\/uploads\/2025\/01\/cropped-Artboard-1-5.png","contentUrl":"http:\/\/www.isgurun.com\/wp-content\/uploads\/2025\/01\/cropped-Artboard-1-5.png","width":783,"height":636,"caption":"Kurulu\u015f \u0130\u015f Elbiseleri"},"image":{"@id":"https:\/\/www.isgurun.com\/#\/schema\/logo\/image\/"}}]}},"_links":{"self":[{"href":"http:\/\/www.isgurun.com\/index.php\/wp-json\/wp\/v2\/product\/16470","targetHints":{"allow":["GET"]}}],"collection":[{"href":"http:\/\/www.isgurun.com\/index.php\/wp-json\/wp\/v2\/product"}],"about":[{"href":"http:\/\/www.isgurun.com\/index.php\/wp-json\/wp\/v2\/types\/product"}],"version-history":[{"count":1,"href":"http:\/\/www.isgurun.com\/index.php\/wp-json\/wp\/v2\/product\/16470\/revisions"}],"predecessor-version":[{"id":17209,"href":"http:\/\/www.isgurun.com\/index.php\/wp-json\/wp\/v2\/product\/16470\/revisions\/17209"}],"wp:featuredmedia":[{"embeddable":true,"href":"http:\/\/www.isgurun.com\/index.php\/wp-json\/wp\/v2\/media\/15311"}],"wp:attachment":[{"href":"http:\/\/www.isgurun.com\/index.php\/wp-json\/wp\/v2\/media?parent=16470"}],"wp:term":[{"taxonomy":"product_brand","embeddable":true,"href":"http:\/\/www.isgurun.com\/index.php\/wp-json\/wp\/v2\/product_brand?post=16470"},{"taxonomy":"product_cat","embeddable":true,"href":"http:\/\/www.isgurun.com\/index.php\/wp-json\/wp\/v2\/product_cat?post=16470"},{"taxonomy":"product_tag","embeddable":true,"href":"http:\/\/www.isgurun.com\/index.php\/wp-json\/wp\/v2\/product_tag?post=16470"}],"curies":[{"name":"wp","href":"https:\/\/api.w.org\/{rel}","templated":true}]}}