{"id":16654,"date":"2023-08-28T15:49:40","date_gmt":"2023-08-28T15:49:40","guid":{"rendered":"http:\/\/www.isgurun.com\/index.php\/product\/ekonomik-trafik-ve-reklam-konisi-50-cm\/"},"modified":"2023-09-12T21:42:29","modified_gmt":"2023-09-12T21:42:29","slug":"ekonomik-trafik-ve-reklam-konisi-50-cm","status":"publish","type":"product","link":"http:\/\/www.isgurun.com\/index.php\/product\/ekonomik-trafik-ve-reklam-konisi-50-cm\/","title":{"rendered":"Ekonomik Trafik ve Reklam Konisi 50 Cm"},"content":{"rendered":"<p>Ekonomik Trafik Ve Reklam Konisi 50 Cm en iyi fiyatla Mevsimceisg.com&#8217;dan sat\u0131n al\u0131n! \u015eimdi ekonomik fiyatla online sipari\u015f verin, 50 Cm Ekonomik Trafik ve Reklam Konisi aya\u011f\u0131n\u0131za gelsin!<\/p>\n<p> Kullan\u0131m Alanlar\u0131<\/p>\n<p> Yol, kald\u0131r\u0131m, park alanlar\u0131 d\u00fczenle<\/p>\n","protected":false},"excerpt":{"rendered":"<p>Ekonomik Trafik Ve Reklam Konisi 50 Cm en iyi fiyatla Mevsimceisg.com&#8217;dan sat\u0131n al\u0131n! \u015eimdi ekonomik fiyatla online sipari\u015f verin, 50 Cm Ekonomik Trafik ve Reklam Konisi aya\u011f\u0131n\u0131za gelsin! Kullan\u0131m Alanlar\u0131 Yol, kald\u0131r\u0131m, park alanlar\u0131 d\u00fczenle<\/p>\n","protected":false},"featured_media":15678,"template":"","meta":[],"product_brand":[],"product_cat":[58,46],"product_tag":[],"class_list":{"0":"post-16654","1":"product","2":"type-product","3":"status-publish","4":"has-post-thumbnail","6":"product_cat-trafik-konileri","7":"product_cat-trafik-urunleri","9":"first","10":"instock","11":"shipping-taxable","12":"product-type-simple"},"yoast_head":"<!-- This site is optimized with the Yoast SEO plugin v26.0 - https:\/\/yoast.com\/wordpress\/plugins\/seo\/ -->\n<title>Ekonomik Trafik ve Reklam Konisi 50 Cm -<\/title>\n<meta name=\"robots\" content=\"index, follow, max-snippet:-1, max-image-preview:large, max-video-preview:-1\" \/>\n<link rel=\"canonical\" href=\"http:\/\/www.isgurun.com\/index.php\/product\/ekonomik-trafik-ve-reklam-konisi-50-cm\/\" \/>\n<meta property=\"og:locale\" content=\"tr_TR\" \/>\n<meta property=\"og:type\" content=\"article\" \/>\n<meta property=\"og:title\" content=\"Ekonomik Trafik ve Reklam Konisi 50 Cm -\" \/>\n<meta property=\"og:description\" content=\"Ekonomik Trafik Ve Reklam Konisi 50 Cm en iyi fiyatla Mevsimceisg.com&#8217;dan sat\u0131n al\u0131n! \u015eimdi ekonomik fiyatla online sipari\u015f verin, 50 Cm Ekonomik Trafik ve Reklam Konisi aya\u011f\u0131n\u0131za gelsin! Kullan\u0131m Alanlar\u0131 Yol, kald\u0131r\u0131m, park alanlar\u0131 d\u00fczenle\" \/>\n<meta property=\"og:url\" content=\"http:\/\/www.isgurun.com\/index.php\/product\/ekonomik-trafik-ve-reklam-konisi-50-cm\/\" \/>\n<meta property=\"article:modified_time\" content=\"2023-09-12T21:42:29+00:00\" \/>\n<meta property=\"og:image\" content=\"http:\/\/www.isgurun.com\/wp-content\/uploads\/2023\/08\/ekonomik-trafik-konisi.jpg\" \/>\n\t<meta property=\"og:image:width\" content=\"551\" \/>\n\t<meta property=\"og:image:height\" content=\"823\" \/>\n\t<meta property=\"og:image:type\" content=\"image\/jpeg\" \/>\n<meta name=\"twitter:card\" content=\"summary_large_image\" \/>\n<script type=\"application\/ld+json\" class=\"yoast-schema-graph\">{\"@context\":\"https:\/\/schema.org\",\"@graph\":[{\"@type\":\"WebPage\",\"@id\":\"http:\/\/www.isgurun.com\/index.php\/product\/ekonomik-trafik-ve-reklam-konisi-50-cm\/\",\"url\":\"http:\/\/www.isgurun.com\/index.php\/product\/ekonomik-trafik-ve-reklam-konisi-50-cm\/\",\"name\":\"Ekonomik Trafik ve Reklam Konisi 50 Cm -\",\"isPartOf\":{\"@id\":\"http:\/\/www.isgurun.com\/#website\"},\"primaryImageOfPage\":{\"@id\":\"http:\/\/www.isgurun.com\/index.php\/product\/ekonomik-trafik-ve-reklam-konisi-50-cm\/#primaryimage\"},\"image\":{\"@id\":\"http:\/\/www.isgurun.com\/index.php\/product\/ekonomik-trafik-ve-reklam-konisi-50-cm\/#primaryimage\"},\"thumbnailUrl\":\"http:\/\/www.isgurun.com\/wp-content\/uploads\/2023\/08\/ekonomik-trafik-konisi.jpg\",\"datePublished\":\"2023-08-28T15:49:40+00:00\",\"dateModified\":\"2023-09-12T21:42:29+00:00\",\"breadcrumb\":{\"@id\":\"http:\/\/www.isgurun.com\/index.php\/product\/ekonomik-trafik-ve-reklam-konisi-50-cm\/#breadcrumb\"},\"inLanguage\":\"tr\",\"potentialAction\":[{\"@type\":\"ReadAction\",\"target\":[\"http:\/\/www.isgurun.com\/index.php\/product\/ekonomik-trafik-ve-reklam-konisi-50-cm\/\"]}]},{\"@type\":\"ImageObject\",\"inLanguage\":\"tr\",\"@id\":\"http:\/\/www.isgurun.com\/index.php\/product\/ekonomik-trafik-ve-reklam-konisi-50-cm\/#primaryimage\",\"url\":\"http:\/\/www.isgurun.com\/wp-content\/uploads\/2023\/08\/ekonomik-trafik-konisi.jpg\",\"contentUrl\":\"http:\/\/www.isgurun.com\/wp-content\/uploads\/2023\/08\/ekonomik-trafik-konisi.jpg\",\"width\":551,\"height\":823},{\"@type\":\"BreadcrumbList\",\"@id\":\"http:\/\/www.isgurun.com\/index.php\/product\/ekonomik-trafik-ve-reklam-konisi-50-cm\/#breadcrumb\",\"itemListElement\":[{\"@type\":\"ListItem\",\"position\":1,\"name\":\"Anasayfa\",\"item\":\"http:\/\/www.isgurun.com\/\"},{\"@type\":\"ListItem\",\"position\":2,\"name\":\"Shop\",\"item\":\"https:\/\/www.isgurun.com\/index.php\/shop\/\"},{\"@type\":\"ListItem\",\"position\":3,\"name\":\"Ekonomik Trafik ve Reklam Konisi 50 Cm\"}]},{\"@type\":\"WebSite\",\"@id\":\"http:\/\/www.isgurun.com\/#website\",\"url\":\"http:\/\/www.isgurun.com\/\",\"name\":\"https:\/\/www.isgurun.com\",\"description\":\"\",\"publisher\":{\"@id\":\"http:\/\/www.isgurun.com\/#organization\"},\"potentialAction\":[{\"@type\":\"SearchAction\",\"target\":{\"@type\":\"EntryPoint\",\"urlTemplate\":\"http:\/\/www.isgurun.com\/?s={search_term_string}\"},\"query-input\":{\"@type\":\"PropertyValueSpecification\",\"valueRequired\":true,\"valueName\":\"search_term_string\"}}],\"inLanguage\":\"tr\"},{\"@type\":\"Organization\",\"@id\":\"http:\/\/www.isgurun.com\/#organization\",\"name\":\"Kurulu\u015f \u0130\u015f Elbiseleri\",\"alternateName\":\"K\u0130E\",\"url\":\"http:\/\/www.isgurun.com\/\",\"logo\":{\"@type\":\"ImageObject\",\"inLanguage\":\"tr\",\"@id\":\"http:\/\/www.isgurun.com\/#\/schema\/logo\/image\/\",\"url\":\"http:\/\/www.isgurun.com\/wp-content\/uploads\/2025\/01\/cropped-Artboard-1-5.png\",\"contentUrl\":\"http:\/\/www.isgurun.com\/wp-content\/uploads\/2025\/01\/cropped-Artboard-1-5.png\",\"width\":783,\"height\":636,\"caption\":\"Kurulu\u015f \u0130\u015f Elbiseleri\"},\"image\":{\"@id\":\"http:\/\/www.isgurun.com\/#\/schema\/logo\/image\/\"}}]}<\/script>\n<!-- \/ Yoast SEO plugin. -->","yoast_head_json":{"title":"Ekonomik Trafik ve Reklam Konisi 50 Cm -","robots":{"index":"index","follow":"follow","max-snippet":"max-snippet:-1","max-image-preview":"max-image-preview:large","max-video-preview":"max-video-preview:-1"},"canonical":"http:\/\/www.isgurun.com\/index.php\/product\/ekonomik-trafik-ve-reklam-konisi-50-cm\/","og_locale":"tr_TR","og_type":"article","og_title":"Ekonomik Trafik ve Reklam Konisi 50 Cm -","og_description":"Ekonomik Trafik Ve Reklam Konisi 50 Cm en iyi fiyatla Mevsimceisg.com&#8217;dan sat\u0131n al\u0131n! \u015eimdi ekonomik fiyatla online sipari\u015f verin, 50 Cm Ekonomik Trafik ve Reklam Konisi aya\u011f\u0131n\u0131za gelsin! Kullan\u0131m Alanlar\u0131 Yol, kald\u0131r\u0131m, park alanlar\u0131 d\u00fczenle","og_url":"http:\/\/www.isgurun.com\/index.php\/product\/ekonomik-trafik-ve-reklam-konisi-50-cm\/","article_modified_time":"2023-09-12T21:42:29+00:00","og_image":[{"width":551,"height":823,"url":"http:\/\/www.isgurun.com\/wp-content\/uploads\/2023\/08\/ekonomik-trafik-konisi.jpg","type":"image\/jpeg"}],"twitter_card":"summary_large_image","schema":{"@context":"https:\/\/schema.org","@graph":[{"@type":"WebPage","@id":"http:\/\/www.isgurun.com\/index.php\/product\/ekonomik-trafik-ve-reklam-konisi-50-cm\/","url":"http:\/\/www.isgurun.com\/index.php\/product\/ekonomik-trafik-ve-reklam-konisi-50-cm\/","name":"Ekonomik Trafik ve Reklam Konisi 50 Cm -","isPartOf":{"@id":"http:\/\/www.isgurun.com\/#website"},"primaryImageOfPage":{"@id":"http:\/\/www.isgurun.com\/index.php\/product\/ekonomik-trafik-ve-reklam-konisi-50-cm\/#primaryimage"},"image":{"@id":"http:\/\/www.isgurun.com\/index.php\/product\/ekonomik-trafik-ve-reklam-konisi-50-cm\/#primaryimage"},"thumbnailUrl":"http:\/\/www.isgurun.com\/wp-content\/uploads\/2023\/08\/ekonomik-trafik-konisi.jpg","datePublished":"2023-08-28T15:49:40+00:00","dateModified":"2023-09-12T21:42:29+00:00","breadcrumb":{"@id":"http:\/\/www.isgurun.com\/index.php\/product\/ekonomik-trafik-ve-reklam-konisi-50-cm\/#breadcrumb"},"inLanguage":"tr","potentialAction":[{"@type":"ReadAction","target":["http:\/\/www.isgurun.com\/index.php\/product\/ekonomik-trafik-ve-reklam-konisi-50-cm\/"]}]},{"@type":"ImageObject","inLanguage":"tr","@id":"http:\/\/www.isgurun.com\/index.php\/product\/ekonomik-trafik-ve-reklam-konisi-50-cm\/#primaryimage","url":"http:\/\/www.isgurun.com\/wp-content\/uploads\/2023\/08\/ekonomik-trafik-konisi.jpg","contentUrl":"http:\/\/www.isgurun.com\/wp-content\/uploads\/2023\/08\/ekonomik-trafik-konisi.jpg","width":551,"height":823},{"@type":"BreadcrumbList","@id":"http:\/\/www.isgurun.com\/index.php\/product\/ekonomik-trafik-ve-reklam-konisi-50-cm\/#breadcrumb","itemListElement":[{"@type":"ListItem","position":1,"name":"Anasayfa","item":"http:\/\/www.isgurun.com\/"},{"@type":"ListItem","position":2,"name":"Shop","item":"https:\/\/www.isgurun.com\/index.php\/shop\/"},{"@type":"ListItem","position":3,"name":"Ekonomik Trafik ve Reklam Konisi 50 Cm"}]},{"@type":"WebSite","@id":"http:\/\/www.isgurun.com\/#website","url":"http:\/\/www.isgurun.com\/","name":"https:\/\/www.isgurun.com","description":"","publisher":{"@id":"http:\/\/www.isgurun.com\/#organization"},"potentialAction":[{"@type":"SearchAction","target":{"@type":"EntryPoint","urlTemplate":"http:\/\/www.isgurun.com\/?s={search_term_string}"},"query-input":{"@type":"PropertyValueSpecification","valueRequired":true,"valueName":"search_term_string"}}],"inLanguage":"tr"},{"@type":"Organization","@id":"http:\/\/www.isgurun.com\/#organization","name":"Kurulu\u015f \u0130\u015f Elbiseleri","alternateName":"K\u0130E","url":"http:\/\/www.isgurun.com\/","logo":{"@type":"ImageObject","inLanguage":"tr","@id":"http:\/\/www.isgurun.com\/#\/schema\/logo\/image\/","url":"http:\/\/www.isgurun.com\/wp-content\/uploads\/2025\/01\/cropped-Artboard-1-5.png","contentUrl":"http:\/\/www.isgurun.com\/wp-content\/uploads\/2025\/01\/cropped-Artboard-1-5.png","width":783,"height":636,"caption":"Kurulu\u015f \u0130\u015f Elbiseleri"},"image":{"@id":"http:\/\/www.isgurun.com\/#\/schema\/logo\/image\/"}}]}},"_links":{"self":[{"href":"http:\/\/www.isgurun.com\/index.php\/wp-json\/wp\/v2\/product\/16654","targetHints":{"allow":["GET"]}}],"collection":[{"href":"http:\/\/www.isgurun.com\/index.php\/wp-json\/wp\/v2\/product"}],"about":[{"href":"http:\/\/www.isgurun.com\/index.php\/wp-json\/wp\/v2\/types\/product"}],"version-history":[{"count":1,"href":"http:\/\/www.isgurun.com\/index.php\/wp-json\/wp\/v2\/product\/16654\/revisions"}],"predecessor-version":[{"id":17037,"href":"http:\/\/www.isgurun.com\/index.php\/wp-json\/wp\/v2\/product\/16654\/revisions\/17037"}],"wp:featuredmedia":[{"embeddable":true,"href":"http:\/\/www.isgurun.com\/index.php\/wp-json\/wp\/v2\/media\/15678"}],"wp:attachment":[{"href":"http:\/\/www.isgurun.com\/index.php\/wp-json\/wp\/v2\/media?parent=16654"}],"wp:term":[{"taxonomy":"product_brand","embeddable":true,"href":"http:\/\/www.isgurun.com\/index.php\/wp-json\/wp\/v2\/product_brand?post=16654"},{"taxonomy":"product_cat","embeddable":true,"href":"http:\/\/www.isgurun.com\/index.php\/wp-json\/wp\/v2\/product_cat?post=16654"},{"taxonomy":"product_tag","embeddable":true,"href":"http:\/\/www.isgurun.com\/index.php\/wp-json\/wp\/v2\/product_tag?post=16654"}],"curies":[{"name":"wp","href":"https:\/\/api.w.org\/{rel}","templated":true}]}}