{"id":16655,"date":"2023-08-28T15:49:41","date_gmt":"2023-08-28T15:49:41","guid":{"rendered":"http:\/\/www.isgurun.com\/index.php\/product\/solar-flasor-kirmizi\/"},"modified":"2025-02-04T18:33:58","modified_gmt":"2025-02-04T18:33:58","slug":"solar-flasor-kirmizi","status":"publish","type":"product","link":"http:\/\/www.isgurun.com\/index.php\/product\/solar-flasor-kirmizi\/","title":{"rendered":"Solar Fla\u015f\u00f6r &#8211; K\u0131rm\u0131z\u0131"},"content":{"rendered":"<p>Fla\u015f\u00f6rl\u00fc Uyar\u0131 Lambas\u0131 K\u0131rm\u0131z\u0131 en iyi fiyatla Mevsimceisg.com&#8217;dan sat\u0131n al\u0131n! \u015eimdi indirimli fiyatla online sipari\u015f verin, Solar k\u0131rm\u0131z\u0131 fla\u015f\u00f6r aya\u011f\u0131n\u0131za gelsin!<\/p>\n<p> Solar Fla\u015f\u00f6r &#8211; K\u0131rm\u0131z\u0131<\/p>\n<p> En : 90 mm<\/p>\n<p> Uzunluk : 235 mm<\/p>\n<p> Y\u00fckseklik : 290 mm<\/p>\n<p> A\u011f\u0131rl\u0131<\/p>\n","protected":false},"excerpt":{"rendered":"<p>Fla\u015f\u00f6rl\u00fc Uyar\u0131 Lambas\u0131 K\u0131rm\u0131z\u0131 en iyi fiyatla Mevsimceisg.com&#8217;dan sat\u0131n al\u0131n! \u015eimdi indirimli fiyatla online sipari\u015f verin, Solar k\u0131rm\u0131z\u0131 fla\u015f\u00f6r aya\u011f\u0131n\u0131za gelsin! Solar Fla\u015f\u00f6r &#8211; K\u0131rm\u0131z\u0131 En : 90 mm Uzunluk : 235 mm Y\u00fckseklik : 290 mm A\u011f\u0131rl\u0131<\/p>\n","protected":false},"featured_media":15680,"template":"","meta":[],"product_brand":[],"product_cat":[57],"product_tag":[],"class_list":{"0":"post-16655","1":"product","2":"type-product","3":"status-publish","4":"has-post-thumbnail","6":"product_cat-flasorlu-uyari-lambasi","8":"first","9":"instock","10":"shipping-taxable","11":"product-type-simple"},"yoast_head":"<!-- This site is optimized with the Yoast SEO plugin v26.0 - https:\/\/yoast.com\/wordpress\/plugins\/seo\/ -->\n<title>Solar Fla\u015f\u00f6r - K\u0131rm\u0131z\u0131 -<\/title>\n<meta name=\"robots\" content=\"index, follow, max-snippet:-1, max-image-preview:large, max-video-preview:-1\" \/>\n<link rel=\"canonical\" href=\"http:\/\/www.isgurun.com\/index.php\/product\/solar-flasor-kirmizi\/\" \/>\n<meta property=\"og:locale\" content=\"tr_TR\" \/>\n<meta property=\"og:type\" content=\"article\" \/>\n<meta property=\"og:title\" content=\"Solar Fla\u015f\u00f6r - K\u0131rm\u0131z\u0131 -\" \/>\n<meta property=\"og:description\" content=\"Fla\u015f\u00f6rl\u00fc Uyar\u0131 Lambas\u0131 K\u0131rm\u0131z\u0131 en iyi fiyatla Mevsimceisg.com&#8217;dan sat\u0131n al\u0131n! \u015eimdi indirimli fiyatla online sipari\u015f verin, Solar k\u0131rm\u0131z\u0131 fla\u015f\u00f6r aya\u011f\u0131n\u0131za gelsin! Solar Fla\u015f\u00f6r &#8211; K\u0131rm\u0131z\u0131 En : 90 mm Uzunluk : 235 mm Y\u00fckseklik : 290 mm A\u011f\u0131rl\u0131\" \/>\n<meta property=\"og:url\" content=\"http:\/\/www.isgurun.com\/index.php\/product\/solar-flasor-kirmizi\/\" \/>\n<meta property=\"article:modified_time\" content=\"2025-02-04T18:33:58+00:00\" \/>\n<meta property=\"og:image\" content=\"http:\/\/www.isgurun.com\/wp-content\/uploads\/2023\/08\/kirmizi-flasor.jpg\" \/>\n\t<meta property=\"og:image:width\" content=\"266\" \/>\n\t<meta property=\"og:image:height\" content=\"186\" \/>\n\t<meta property=\"og:image:type\" content=\"image\/jpeg\" \/>\n<meta name=\"twitter:card\" content=\"summary_large_image\" \/>\n<script type=\"application\/ld+json\" class=\"yoast-schema-graph\">{\"@context\":\"https:\/\/schema.org\",\"@graph\":[{\"@type\":\"WebPage\",\"@id\":\"http:\/\/www.isgurun.com\/index.php\/product\/solar-flasor-kirmizi\/\",\"url\":\"http:\/\/www.isgurun.com\/index.php\/product\/solar-flasor-kirmizi\/\",\"name\":\"Solar Fla\u015f\u00f6r - K\u0131rm\u0131z\u0131 -\",\"isPartOf\":{\"@id\":\"https:\/\/www.isgurun.com\/#website\"},\"primaryImageOfPage\":{\"@id\":\"http:\/\/www.isgurun.com\/index.php\/product\/solar-flasor-kirmizi\/#primaryimage\"},\"image\":{\"@id\":\"http:\/\/www.isgurun.com\/index.php\/product\/solar-flasor-kirmizi\/#primaryimage\"},\"thumbnailUrl\":\"http:\/\/www.isgurun.com\/wp-content\/uploads\/2023\/08\/kirmizi-flasor.jpg\",\"datePublished\":\"2023-08-28T15:49:41+00:00\",\"dateModified\":\"2025-02-04T18:33:58+00:00\",\"breadcrumb\":{\"@id\":\"http:\/\/www.isgurun.com\/index.php\/product\/solar-flasor-kirmizi\/#breadcrumb\"},\"inLanguage\":\"tr\",\"potentialAction\":[{\"@type\":\"ReadAction\",\"target\":[\"http:\/\/www.isgurun.com\/index.php\/product\/solar-flasor-kirmizi\/\"]}]},{\"@type\":\"ImageObject\",\"inLanguage\":\"tr\",\"@id\":\"http:\/\/www.isgurun.com\/index.php\/product\/solar-flasor-kirmizi\/#primaryimage\",\"url\":\"http:\/\/www.isgurun.com\/wp-content\/uploads\/2023\/08\/kirmizi-flasor.jpg\",\"contentUrl\":\"http:\/\/www.isgurun.com\/wp-content\/uploads\/2023\/08\/kirmizi-flasor.jpg\",\"width\":266,\"height\":186},{\"@type\":\"BreadcrumbList\",\"@id\":\"http:\/\/www.isgurun.com\/index.php\/product\/solar-flasor-kirmizi\/#breadcrumb\",\"itemListElement\":[{\"@type\":\"ListItem\",\"position\":1,\"name\":\"Anasayfa\",\"item\":\"https:\/\/www.isgurun.com\/\"},{\"@type\":\"ListItem\",\"position\":2,\"name\":\"Shop\",\"item\":\"http:\/\/www.isgurun.com\/index.php\/shop\/\"},{\"@type\":\"ListItem\",\"position\":3,\"name\":\"Solar Fla\u015f\u00f6r &#8211; K\u0131rm\u0131z\u0131\"}]},{\"@type\":\"WebSite\",\"@id\":\"https:\/\/www.isgurun.com\/#website\",\"url\":\"https:\/\/www.isgurun.com\/\",\"name\":\"https:\/\/www.isgurun.com\",\"description\":\"\",\"publisher\":{\"@id\":\"https:\/\/www.isgurun.com\/#organization\"},\"potentialAction\":[{\"@type\":\"SearchAction\",\"target\":{\"@type\":\"EntryPoint\",\"urlTemplate\":\"https:\/\/www.isgurun.com\/?s={search_term_string}\"},\"query-input\":{\"@type\":\"PropertyValueSpecification\",\"valueRequired\":true,\"valueName\":\"search_term_string\"}}],\"inLanguage\":\"tr\"},{\"@type\":\"Organization\",\"@id\":\"https:\/\/www.isgurun.com\/#organization\",\"name\":\"Kurulu\u015f \u0130\u015f Elbiseleri\",\"alternateName\":\"K\u0130E\",\"url\":\"https:\/\/www.isgurun.com\/\",\"logo\":{\"@type\":\"ImageObject\",\"inLanguage\":\"tr\",\"@id\":\"https:\/\/www.isgurun.com\/#\/schema\/logo\/image\/\",\"url\":\"http:\/\/www.isgurun.com\/wp-content\/uploads\/2025\/01\/cropped-Artboard-1-5.png\",\"contentUrl\":\"http:\/\/www.isgurun.com\/wp-content\/uploads\/2025\/01\/cropped-Artboard-1-5.png\",\"width\":783,\"height\":636,\"caption\":\"Kurulu\u015f \u0130\u015f Elbiseleri\"},\"image\":{\"@id\":\"https:\/\/www.isgurun.com\/#\/schema\/logo\/image\/\"}}]}<\/script>\n<!-- \/ Yoast SEO plugin. -->","yoast_head_json":{"title":"Solar Fla\u015f\u00f6r - K\u0131rm\u0131z\u0131 -","robots":{"index":"index","follow":"follow","max-snippet":"max-snippet:-1","max-image-preview":"max-image-preview:large","max-video-preview":"max-video-preview:-1"},"canonical":"http:\/\/www.isgurun.com\/index.php\/product\/solar-flasor-kirmizi\/","og_locale":"tr_TR","og_type":"article","og_title":"Solar Fla\u015f\u00f6r - K\u0131rm\u0131z\u0131 -","og_description":"Fla\u015f\u00f6rl\u00fc Uyar\u0131 Lambas\u0131 K\u0131rm\u0131z\u0131 en iyi fiyatla Mevsimceisg.com&#8217;dan sat\u0131n al\u0131n! \u015eimdi indirimli fiyatla online sipari\u015f verin, Solar k\u0131rm\u0131z\u0131 fla\u015f\u00f6r aya\u011f\u0131n\u0131za gelsin! Solar Fla\u015f\u00f6r &#8211; K\u0131rm\u0131z\u0131 En : 90 mm Uzunluk : 235 mm Y\u00fckseklik : 290 mm A\u011f\u0131rl\u0131","og_url":"http:\/\/www.isgurun.com\/index.php\/product\/solar-flasor-kirmizi\/","article_modified_time":"2025-02-04T18:33:58+00:00","og_image":[{"width":266,"height":186,"url":"http:\/\/www.isgurun.com\/wp-content\/uploads\/2023\/08\/kirmizi-flasor.jpg","type":"image\/jpeg"}],"twitter_card":"summary_large_image","schema":{"@context":"https:\/\/schema.org","@graph":[{"@type":"WebPage","@id":"http:\/\/www.isgurun.com\/index.php\/product\/solar-flasor-kirmizi\/","url":"http:\/\/www.isgurun.com\/index.php\/product\/solar-flasor-kirmizi\/","name":"Solar Fla\u015f\u00f6r - K\u0131rm\u0131z\u0131 -","isPartOf":{"@id":"https:\/\/www.isgurun.com\/#website"},"primaryImageOfPage":{"@id":"http:\/\/www.isgurun.com\/index.php\/product\/solar-flasor-kirmizi\/#primaryimage"},"image":{"@id":"http:\/\/www.isgurun.com\/index.php\/product\/solar-flasor-kirmizi\/#primaryimage"},"thumbnailUrl":"http:\/\/www.isgurun.com\/wp-content\/uploads\/2023\/08\/kirmizi-flasor.jpg","datePublished":"2023-08-28T15:49:41+00:00","dateModified":"2025-02-04T18:33:58+00:00","breadcrumb":{"@id":"http:\/\/www.isgurun.com\/index.php\/product\/solar-flasor-kirmizi\/#breadcrumb"},"inLanguage":"tr","potentialAction":[{"@type":"ReadAction","target":["http:\/\/www.isgurun.com\/index.php\/product\/solar-flasor-kirmizi\/"]}]},{"@type":"ImageObject","inLanguage":"tr","@id":"http:\/\/www.isgurun.com\/index.php\/product\/solar-flasor-kirmizi\/#primaryimage","url":"http:\/\/www.isgurun.com\/wp-content\/uploads\/2023\/08\/kirmizi-flasor.jpg","contentUrl":"http:\/\/www.isgurun.com\/wp-content\/uploads\/2023\/08\/kirmizi-flasor.jpg","width":266,"height":186},{"@type":"BreadcrumbList","@id":"http:\/\/www.isgurun.com\/index.php\/product\/solar-flasor-kirmizi\/#breadcrumb","itemListElement":[{"@type":"ListItem","position":1,"name":"Anasayfa","item":"https:\/\/www.isgurun.com\/"},{"@type":"ListItem","position":2,"name":"Shop","item":"http:\/\/www.isgurun.com\/index.php\/shop\/"},{"@type":"ListItem","position":3,"name":"Solar Fla\u015f\u00f6r &#8211; K\u0131rm\u0131z\u0131"}]},{"@type":"WebSite","@id":"https:\/\/www.isgurun.com\/#website","url":"https:\/\/www.isgurun.com\/","name":"https:\/\/www.isgurun.com","description":"","publisher":{"@id":"https:\/\/www.isgurun.com\/#organization"},"potentialAction":[{"@type":"SearchAction","target":{"@type":"EntryPoint","urlTemplate":"https:\/\/www.isgurun.com\/?s={search_term_string}"},"query-input":{"@type":"PropertyValueSpecification","valueRequired":true,"valueName":"search_term_string"}}],"inLanguage":"tr"},{"@type":"Organization","@id":"https:\/\/www.isgurun.com\/#organization","name":"Kurulu\u015f \u0130\u015f Elbiseleri","alternateName":"K\u0130E","url":"https:\/\/www.isgurun.com\/","logo":{"@type":"ImageObject","inLanguage":"tr","@id":"https:\/\/www.isgurun.com\/#\/schema\/logo\/image\/","url":"http:\/\/www.isgurun.com\/wp-content\/uploads\/2025\/01\/cropped-Artboard-1-5.png","contentUrl":"http:\/\/www.isgurun.com\/wp-content\/uploads\/2025\/01\/cropped-Artboard-1-5.png","width":783,"height":636,"caption":"Kurulu\u015f \u0130\u015f Elbiseleri"},"image":{"@id":"https:\/\/www.isgurun.com\/#\/schema\/logo\/image\/"}}]}},"_links":{"self":[{"href":"http:\/\/www.isgurun.com\/index.php\/wp-json\/wp\/v2\/product\/16655","targetHints":{"allow":["GET"]}}],"collection":[{"href":"http:\/\/www.isgurun.com\/index.php\/wp-json\/wp\/v2\/product"}],"about":[{"href":"http:\/\/www.isgurun.com\/index.php\/wp-json\/wp\/v2\/types\/product"}],"version-history":[{"count":1,"href":"http:\/\/www.isgurun.com\/index.php\/wp-json\/wp\/v2\/product\/16655\/revisions"}],"predecessor-version":[{"id":18714,"href":"http:\/\/www.isgurun.com\/index.php\/wp-json\/wp\/v2\/product\/16655\/revisions\/18714"}],"wp:featuredmedia":[{"embeddable":true,"href":"http:\/\/www.isgurun.com\/index.php\/wp-json\/wp\/v2\/media\/15680"}],"wp:attachment":[{"href":"http:\/\/www.isgurun.com\/index.php\/wp-json\/wp\/v2\/media?parent=16655"}],"wp:term":[{"taxonomy":"product_brand","embeddable":true,"href":"http:\/\/www.isgurun.com\/index.php\/wp-json\/wp\/v2\/product_brand?post=16655"},{"taxonomy":"product_cat","embeddable":true,"href":"http:\/\/www.isgurun.com\/index.php\/wp-json\/wp\/v2\/product_cat?post=16655"},{"taxonomy":"product_tag","embeddable":true,"href":"http:\/\/www.isgurun.com\/index.php\/wp-json\/wp\/v2\/product_tag?post=16655"}],"curies":[{"name":"wp","href":"https:\/\/api.w.org\/{rel}","templated":true}]}}