{"id":16670,"date":"2023-08-28T15:49:44","date_gmt":"2023-08-28T15:49:44","guid":{"rendered":"http:\/\/www.isgurun.com\/index.php\/product\/dur-gec-levhasi-el-tipi\/"},"modified":"2023-09-12T21:39:48","modified_gmt":"2023-09-12T21:39:48","slug":"dur-gec-levhasi-el-tipi","status":"publish","type":"product","link":"http:\/\/www.isgurun.com\/index.php\/product\/dur-gec-levhasi-el-tipi\/","title":{"rendered":"Dur &#8211; Ge\u00e7 Levhas\u0131 El Tipi"},"content":{"rendered":"<p>Dur\/Ge\u00e7 El Tipi en iyi fiyatla Mevsimceisg.com&#8217;dan sat\u0131n al\u0131n! \u015eimdi ekonomik fiyatla online sipari\u015f verin, Tabela Dur\/Ge\u00e7 El Tipi aya\u011f\u0131n\u0131za gelsin!<br \/>\n TEKN\u0130K \u00d6ZELL\u0130KLER<br \/>\n Malzeme : PP<\/p>\n<p> \u00d6l\u00e7\u00fcler : 20 cmm<\/p>\n","protected":false},"excerpt":{"rendered":"<p>Dur\/Ge\u00e7 El Tipi en iyi fiyatla Mevsimceisg.com&#8217;dan sat\u0131n al\u0131n! \u015eimdi ekonomik fiyatla online sipari\u015f verin, Tabela Dur\/Ge\u00e7 El Tipi aya\u011f\u0131n\u0131za gelsin! TEKN\u0130K \u00d6ZELL\u0130KLER Malzeme : PP \u00d6l\u00e7\u00fcler : 20 cmm<\/p>\n","protected":false},"featured_media":15710,"template":"","meta":[],"product_brand":[],"product_cat":[56,46,55],"product_tag":[],"class_list":{"0":"post-16670","1":"product","2":"type-product","3":"status-publish","4":"has-post-thumbnail","6":"product_cat-otopark-urunleri","7":"product_cat-trafik-urunleri","8":"product_cat-uyari-dikmeleri","10":"first","11":"instock","12":"shipping-taxable","13":"product-type-simple"},"yoast_head":"<!-- This site is optimized with the Yoast SEO plugin v26.0 - https:\/\/yoast.com\/wordpress\/plugins\/seo\/ -->\n<title>Dur - Ge\u00e7 Levhas\u0131 El Tipi -<\/title>\n<meta name=\"robots\" content=\"index, follow, max-snippet:-1, max-image-preview:large, max-video-preview:-1\" \/>\n<link rel=\"canonical\" href=\"http:\/\/www.isgurun.com\/index.php\/product\/dur-gec-levhasi-el-tipi\/\" \/>\n<meta property=\"og:locale\" content=\"tr_TR\" \/>\n<meta property=\"og:type\" content=\"article\" \/>\n<meta property=\"og:title\" content=\"Dur - Ge\u00e7 Levhas\u0131 El Tipi -\" \/>\n<meta property=\"og:description\" content=\"Dur\/Ge\u00e7 El Tipi en iyi fiyatla Mevsimceisg.com&#8217;dan sat\u0131n al\u0131n! \u015eimdi ekonomik fiyatla online sipari\u015f verin, Tabela Dur\/Ge\u00e7 El Tipi aya\u011f\u0131n\u0131za gelsin! TEKN\u0130K \u00d6ZELL\u0130KLER Malzeme : PP \u00d6l\u00e7\u00fcler : 20 cmm\" \/>\n<meta property=\"og:url\" content=\"http:\/\/www.isgurun.com\/index.php\/product\/dur-gec-levhasi-el-tipi\/\" \/>\n<meta property=\"article:modified_time\" content=\"2023-09-12T21:39:48+00:00\" \/>\n<meta property=\"og:image\" content=\"http:\/\/www.isgurun.com\/wp-content\/uploads\/2023\/08\/el-tipi-dur-gec-levha.jpg\" \/>\n\t<meta property=\"og:image:width\" content=\"214\" \/>\n\t<meta property=\"og:image:height\" content=\"320\" \/>\n\t<meta property=\"og:image:type\" content=\"image\/jpeg\" \/>\n<meta name=\"twitter:card\" content=\"summary_large_image\" \/>\n<script type=\"application\/ld+json\" class=\"yoast-schema-graph\">{\"@context\":\"https:\/\/schema.org\",\"@graph\":[{\"@type\":\"WebPage\",\"@id\":\"http:\/\/www.isgurun.com\/index.php\/product\/dur-gec-levhasi-el-tipi\/\",\"url\":\"http:\/\/www.isgurun.com\/index.php\/product\/dur-gec-levhasi-el-tipi\/\",\"name\":\"Dur - Ge\u00e7 Levhas\u0131 El Tipi -\",\"isPartOf\":{\"@id\":\"http:\/\/www.isgurun.com\/#website\"},\"primaryImageOfPage\":{\"@id\":\"http:\/\/www.isgurun.com\/index.php\/product\/dur-gec-levhasi-el-tipi\/#primaryimage\"},\"image\":{\"@id\":\"http:\/\/www.isgurun.com\/index.php\/product\/dur-gec-levhasi-el-tipi\/#primaryimage\"},\"thumbnailUrl\":\"http:\/\/www.isgurun.com\/wp-content\/uploads\/2023\/08\/el-tipi-dur-gec-levha.jpg\",\"datePublished\":\"2023-08-28T15:49:44+00:00\",\"dateModified\":\"2023-09-12T21:39:48+00:00\",\"breadcrumb\":{\"@id\":\"http:\/\/www.isgurun.com\/index.php\/product\/dur-gec-levhasi-el-tipi\/#breadcrumb\"},\"inLanguage\":\"tr\",\"potentialAction\":[{\"@type\":\"ReadAction\",\"target\":[\"http:\/\/www.isgurun.com\/index.php\/product\/dur-gec-levhasi-el-tipi\/\"]}]},{\"@type\":\"ImageObject\",\"inLanguage\":\"tr\",\"@id\":\"http:\/\/www.isgurun.com\/index.php\/product\/dur-gec-levhasi-el-tipi\/#primaryimage\",\"url\":\"http:\/\/www.isgurun.com\/wp-content\/uploads\/2023\/08\/el-tipi-dur-gec-levha.jpg\",\"contentUrl\":\"http:\/\/www.isgurun.com\/wp-content\/uploads\/2023\/08\/el-tipi-dur-gec-levha.jpg\",\"width\":214,\"height\":320},{\"@type\":\"BreadcrumbList\",\"@id\":\"http:\/\/www.isgurun.com\/index.php\/product\/dur-gec-levhasi-el-tipi\/#breadcrumb\",\"itemListElement\":[{\"@type\":\"ListItem\",\"position\":1,\"name\":\"Anasayfa\",\"item\":\"http:\/\/www.isgurun.com\/\"},{\"@type\":\"ListItem\",\"position\":2,\"name\":\"Shop\",\"item\":\"https:\/\/www.isgurun.com\/index.php\/shop\/\"},{\"@type\":\"ListItem\",\"position\":3,\"name\":\"Dur &#8211; Ge\u00e7 Levhas\u0131 El Tipi\"}]},{\"@type\":\"WebSite\",\"@id\":\"http:\/\/www.isgurun.com\/#website\",\"url\":\"http:\/\/www.isgurun.com\/\",\"name\":\"https:\/\/www.isgurun.com\",\"description\":\"\",\"publisher\":{\"@id\":\"http:\/\/www.isgurun.com\/#organization\"},\"potentialAction\":[{\"@type\":\"SearchAction\",\"target\":{\"@type\":\"EntryPoint\",\"urlTemplate\":\"http:\/\/www.isgurun.com\/?s={search_term_string}\"},\"query-input\":{\"@type\":\"PropertyValueSpecification\",\"valueRequired\":true,\"valueName\":\"search_term_string\"}}],\"inLanguage\":\"tr\"},{\"@type\":\"Organization\",\"@id\":\"http:\/\/www.isgurun.com\/#organization\",\"name\":\"Kurulu\u015f \u0130\u015f Elbiseleri\",\"alternateName\":\"K\u0130E\",\"url\":\"http:\/\/www.isgurun.com\/\",\"logo\":{\"@type\":\"ImageObject\",\"inLanguage\":\"tr\",\"@id\":\"http:\/\/www.isgurun.com\/#\/schema\/logo\/image\/\",\"url\":\"http:\/\/www.isgurun.com\/wp-content\/uploads\/2025\/01\/cropped-Artboard-1-5.png\",\"contentUrl\":\"http:\/\/www.isgurun.com\/wp-content\/uploads\/2025\/01\/cropped-Artboard-1-5.png\",\"width\":783,\"height\":636,\"caption\":\"Kurulu\u015f \u0130\u015f Elbiseleri\"},\"image\":{\"@id\":\"http:\/\/www.isgurun.com\/#\/schema\/logo\/image\/\"}}]}<\/script>\n<!-- \/ Yoast SEO plugin. -->","yoast_head_json":{"title":"Dur - Ge\u00e7 Levhas\u0131 El Tipi -","robots":{"index":"index","follow":"follow","max-snippet":"max-snippet:-1","max-image-preview":"max-image-preview:large","max-video-preview":"max-video-preview:-1"},"canonical":"http:\/\/www.isgurun.com\/index.php\/product\/dur-gec-levhasi-el-tipi\/","og_locale":"tr_TR","og_type":"article","og_title":"Dur - Ge\u00e7 Levhas\u0131 El Tipi -","og_description":"Dur\/Ge\u00e7 El Tipi en iyi fiyatla Mevsimceisg.com&#8217;dan sat\u0131n al\u0131n! \u015eimdi ekonomik fiyatla online sipari\u015f verin, Tabela Dur\/Ge\u00e7 El Tipi aya\u011f\u0131n\u0131za gelsin! TEKN\u0130K \u00d6ZELL\u0130KLER Malzeme : PP \u00d6l\u00e7\u00fcler : 20 cmm","og_url":"http:\/\/www.isgurun.com\/index.php\/product\/dur-gec-levhasi-el-tipi\/","article_modified_time":"2023-09-12T21:39:48+00:00","og_image":[{"width":214,"height":320,"url":"http:\/\/www.isgurun.com\/wp-content\/uploads\/2023\/08\/el-tipi-dur-gec-levha.jpg","type":"image\/jpeg"}],"twitter_card":"summary_large_image","schema":{"@context":"https:\/\/schema.org","@graph":[{"@type":"WebPage","@id":"http:\/\/www.isgurun.com\/index.php\/product\/dur-gec-levhasi-el-tipi\/","url":"http:\/\/www.isgurun.com\/index.php\/product\/dur-gec-levhasi-el-tipi\/","name":"Dur - Ge\u00e7 Levhas\u0131 El Tipi -","isPartOf":{"@id":"http:\/\/www.isgurun.com\/#website"},"primaryImageOfPage":{"@id":"http:\/\/www.isgurun.com\/index.php\/product\/dur-gec-levhasi-el-tipi\/#primaryimage"},"image":{"@id":"http:\/\/www.isgurun.com\/index.php\/product\/dur-gec-levhasi-el-tipi\/#primaryimage"},"thumbnailUrl":"http:\/\/www.isgurun.com\/wp-content\/uploads\/2023\/08\/el-tipi-dur-gec-levha.jpg","datePublished":"2023-08-28T15:49:44+00:00","dateModified":"2023-09-12T21:39:48+00:00","breadcrumb":{"@id":"http:\/\/www.isgurun.com\/index.php\/product\/dur-gec-levhasi-el-tipi\/#breadcrumb"},"inLanguage":"tr","potentialAction":[{"@type":"ReadAction","target":["http:\/\/www.isgurun.com\/index.php\/product\/dur-gec-levhasi-el-tipi\/"]}]},{"@type":"ImageObject","inLanguage":"tr","@id":"http:\/\/www.isgurun.com\/index.php\/product\/dur-gec-levhasi-el-tipi\/#primaryimage","url":"http:\/\/www.isgurun.com\/wp-content\/uploads\/2023\/08\/el-tipi-dur-gec-levha.jpg","contentUrl":"http:\/\/www.isgurun.com\/wp-content\/uploads\/2023\/08\/el-tipi-dur-gec-levha.jpg","width":214,"height":320},{"@type":"BreadcrumbList","@id":"http:\/\/www.isgurun.com\/index.php\/product\/dur-gec-levhasi-el-tipi\/#breadcrumb","itemListElement":[{"@type":"ListItem","position":1,"name":"Anasayfa","item":"http:\/\/www.isgurun.com\/"},{"@type":"ListItem","position":2,"name":"Shop","item":"https:\/\/www.isgurun.com\/index.php\/shop\/"},{"@type":"ListItem","position":3,"name":"Dur &#8211; Ge\u00e7 Levhas\u0131 El Tipi"}]},{"@type":"WebSite","@id":"http:\/\/www.isgurun.com\/#website","url":"http:\/\/www.isgurun.com\/","name":"https:\/\/www.isgurun.com","description":"","publisher":{"@id":"http:\/\/www.isgurun.com\/#organization"},"potentialAction":[{"@type":"SearchAction","target":{"@type":"EntryPoint","urlTemplate":"http:\/\/www.isgurun.com\/?s={search_term_string}"},"query-input":{"@type":"PropertyValueSpecification","valueRequired":true,"valueName":"search_term_string"}}],"inLanguage":"tr"},{"@type":"Organization","@id":"http:\/\/www.isgurun.com\/#organization","name":"Kurulu\u015f \u0130\u015f Elbiseleri","alternateName":"K\u0130E","url":"http:\/\/www.isgurun.com\/","logo":{"@type":"ImageObject","inLanguage":"tr","@id":"http:\/\/www.isgurun.com\/#\/schema\/logo\/image\/","url":"http:\/\/www.isgurun.com\/wp-content\/uploads\/2025\/01\/cropped-Artboard-1-5.png","contentUrl":"http:\/\/www.isgurun.com\/wp-content\/uploads\/2025\/01\/cropped-Artboard-1-5.png","width":783,"height":636,"caption":"Kurulu\u015f \u0130\u015f Elbiseleri"},"image":{"@id":"http:\/\/www.isgurun.com\/#\/schema\/logo\/image\/"}}]}},"_links":{"self":[{"href":"http:\/\/www.isgurun.com\/index.php\/wp-json\/wp\/v2\/product\/16670","targetHints":{"allow":["GET"]}}],"collection":[{"href":"http:\/\/www.isgurun.com\/index.php\/wp-json\/wp\/v2\/product"}],"about":[{"href":"http:\/\/www.isgurun.com\/index.php\/wp-json\/wp\/v2\/types\/product"}],"version-history":[{"count":1,"href":"http:\/\/www.isgurun.com\/index.php\/wp-json\/wp\/v2\/product\/16670\/revisions"}],"predecessor-version":[{"id":17021,"href":"http:\/\/www.isgurun.com\/index.php\/wp-json\/wp\/v2\/product\/16670\/revisions\/17021"}],"wp:featuredmedia":[{"embeddable":true,"href":"http:\/\/www.isgurun.com\/index.php\/wp-json\/wp\/v2\/media\/15710"}],"wp:attachment":[{"href":"http:\/\/www.isgurun.com\/index.php\/wp-json\/wp\/v2\/media?parent=16670"}],"wp:term":[{"taxonomy":"product_brand","embeddable":true,"href":"http:\/\/www.isgurun.com\/index.php\/wp-json\/wp\/v2\/product_brand?post=16670"},{"taxonomy":"product_cat","embeddable":true,"href":"http:\/\/www.isgurun.com\/index.php\/wp-json\/wp\/v2\/product_cat?post=16670"},{"taxonomy":"product_tag","embeddable":true,"href":"http:\/\/www.isgurun.com\/index.php\/wp-json\/wp\/v2\/product_tag?post=16670"}],"curies":[{"name":"wp","href":"https:\/\/api.w.org\/{rel}","templated":true}]}}