{"id":16685,"date":"2023-08-28T15:49:49","date_gmt":"2023-08-28T15:49:49","guid":{"rendered":"http:\/\/www.isgurun.com\/index.php\/product\/ledli-ileri-ve-saga-mecburi-yon-solar-levha-60x60-cm\/"},"modified":"2023-09-12T21:36:04","modified_gmt":"2023-09-12T21:36:04","slug":"ledli-ileri-ve-saga-mecburi-yon-solar-levha-60x60-cm","status":"publish","type":"product","link":"http:\/\/www.isgurun.com\/index.php\/product\/ledli-ileri-ve-saga-mecburi-yon-solar-levha-60x60-cm\/","title":{"rendered":"Ledli \u0130leri ve Sa\u011fa Mecburi Y\u00f6n Solar Levha 60&#215;60 Cm"},"content":{"rendered":"<p>Solar G\u00fcne\u015f Enerjili Ledli Trafik Levhalar\u0131 \u00dcr\u00fcnleri En ekonomik Fiyatla Mevsimceisg.com da &#8211; Solar Ledli \u0130leri ve Sa\u011fa Mecburi Y\u00f6n &#8230; Solar Ledli Yol Bakim Levhasi (60X60Cm)<\/p>\n<p> TEKN\u0130K \u00d6ZELL\u0130KLER<br \/>\n Malzeme :1 mm Statik Toz Boyal\u0131 Sa\u00e7 Kasa<\/p>\n<p> \u00d6l\u00e7\u00fcle<\/p>\n","protected":false},"excerpt":{"rendered":"<p>Solar G\u00fcne\u015f Enerjili Ledli Trafik Levhalar\u0131 \u00dcr\u00fcnleri En ekonomik Fiyatla Mevsimceisg.com da &#8211; Solar Ledli \u0130leri ve Sa\u011fa Mecburi Y\u00f6n &#8230; Solar Ledli Yol Bakim Levhasi (60X60Cm) TEKN\u0130K \u00d6ZELL\u0130KLER Malzeme :1 mm Statik Toz Boyal\u0131 Sa\u00e7 Kasa \u00d6l\u00e7\u00fcle<\/p>\n","protected":false},"featured_media":15739,"template":"","meta":[],"product_brand":[],"product_cat":[57,47,53,46,49],"product_tag":[],"class_list":{"0":"post-16685","1":"product","2":"type-product","3":"status-publish","4":"has-post-thumbnail","6":"product_cat-flasorlu-uyari-lambasi","7":"product_cat-ikaz-levhalari","8":"product_cat-santiye-onu-tabelalari","9":"product_cat-trafik-urunleri","10":"product_cat-uyari-ve-ikaz-levhalari","12":"first","13":"instock","14":"shipping-taxable","15":"product-type-simple"},"yoast_head":"<!-- This site is optimized with the Yoast SEO plugin v26.0 - https:\/\/yoast.com\/wordpress\/plugins\/seo\/ -->\n<title>Ledli \u0130leri ve Sa\u011fa Mecburi Y\u00f6n Solar Levha 60x60 Cm -<\/title>\n<meta name=\"robots\" content=\"index, follow, max-snippet:-1, max-image-preview:large, max-video-preview:-1\" \/>\n<link rel=\"canonical\" href=\"http:\/\/www.isgurun.com\/index.php\/product\/ledli-ileri-ve-saga-mecburi-yon-solar-levha-60x60-cm\/\" \/>\n<meta property=\"og:locale\" content=\"tr_TR\" \/>\n<meta property=\"og:type\" content=\"article\" \/>\n<meta property=\"og:title\" content=\"Ledli \u0130leri ve Sa\u011fa Mecburi Y\u00f6n Solar Levha 60x60 Cm -\" \/>\n<meta property=\"og:description\" content=\"Solar G\u00fcne\u015f Enerjili Ledli Trafik Levhalar\u0131 \u00dcr\u00fcnleri En ekonomik Fiyatla Mevsimceisg.com da &#8211; Solar Ledli \u0130leri ve Sa\u011fa Mecburi Y\u00f6n &#8230; Solar Ledli Yol Bakim Levhasi (60X60Cm) TEKN\u0130K \u00d6ZELL\u0130KLER Malzeme :1 mm Statik Toz Boyal\u0131 Sa\u00e7 Kasa \u00d6l\u00e7\u00fcle\" \/>\n<meta property=\"og:url\" content=\"http:\/\/www.isgurun.com\/index.php\/product\/ledli-ileri-ve-saga-mecburi-yon-solar-levha-60x60-cm\/\" \/>\n<meta property=\"article:modified_time\" content=\"2023-09-12T21:36:04+00:00\" \/>\n<meta property=\"og:image\" content=\"http:\/\/www.isgurun.com\/wp-content\/uploads\/2023\/08\/ileri-saga-solarli-levha.jpg\" \/>\n\t<meta property=\"og:image:width\" content=\"190\" \/>\n\t<meta property=\"og:image:height\" content=\"320\" \/>\n\t<meta property=\"og:image:type\" content=\"image\/jpeg\" \/>\n<meta name=\"twitter:card\" content=\"summary_large_image\" \/>\n<script type=\"application\/ld+json\" class=\"yoast-schema-graph\">{\"@context\":\"https:\/\/schema.org\",\"@graph\":[{\"@type\":\"WebPage\",\"@id\":\"http:\/\/www.isgurun.com\/index.php\/product\/ledli-ileri-ve-saga-mecburi-yon-solar-levha-60x60-cm\/\",\"url\":\"http:\/\/www.isgurun.com\/index.php\/product\/ledli-ileri-ve-saga-mecburi-yon-solar-levha-60x60-cm\/\",\"name\":\"Ledli \u0130leri ve Sa\u011fa Mecburi Y\u00f6n Solar Levha 60x60 Cm -\",\"isPartOf\":{\"@id\":\"https:\/\/www.isgurun.com\/#website\"},\"primaryImageOfPage\":{\"@id\":\"http:\/\/www.isgurun.com\/index.php\/product\/ledli-ileri-ve-saga-mecburi-yon-solar-levha-60x60-cm\/#primaryimage\"},\"image\":{\"@id\":\"http:\/\/www.isgurun.com\/index.php\/product\/ledli-ileri-ve-saga-mecburi-yon-solar-levha-60x60-cm\/#primaryimage\"},\"thumbnailUrl\":\"http:\/\/www.isgurun.com\/wp-content\/uploads\/2023\/08\/ileri-saga-solarli-levha.jpg\",\"datePublished\":\"2023-08-28T15:49:49+00:00\",\"dateModified\":\"2023-09-12T21:36:04+00:00\",\"breadcrumb\":{\"@id\":\"http:\/\/www.isgurun.com\/index.php\/product\/ledli-ileri-ve-saga-mecburi-yon-solar-levha-60x60-cm\/#breadcrumb\"},\"inLanguage\":\"tr\",\"potentialAction\":[{\"@type\":\"ReadAction\",\"target\":[\"http:\/\/www.isgurun.com\/index.php\/product\/ledli-ileri-ve-saga-mecburi-yon-solar-levha-60x60-cm\/\"]}]},{\"@type\":\"ImageObject\",\"inLanguage\":\"tr\",\"@id\":\"http:\/\/www.isgurun.com\/index.php\/product\/ledli-ileri-ve-saga-mecburi-yon-solar-levha-60x60-cm\/#primaryimage\",\"url\":\"http:\/\/www.isgurun.com\/wp-content\/uploads\/2023\/08\/ileri-saga-solarli-levha.jpg\",\"contentUrl\":\"http:\/\/www.isgurun.com\/wp-content\/uploads\/2023\/08\/ileri-saga-solarli-levha.jpg\",\"width\":190,\"height\":320},{\"@type\":\"BreadcrumbList\",\"@id\":\"http:\/\/www.isgurun.com\/index.php\/product\/ledli-ileri-ve-saga-mecburi-yon-solar-levha-60x60-cm\/#breadcrumb\",\"itemListElement\":[{\"@type\":\"ListItem\",\"position\":1,\"name\":\"Anasayfa\",\"item\":\"https:\/\/www.isgurun.com\/\"},{\"@type\":\"ListItem\",\"position\":2,\"name\":\"Shop\",\"item\":\"http:\/\/www.isgurun.com\/index.php\/shop\/\"},{\"@type\":\"ListItem\",\"position\":3,\"name\":\"Ledli \u0130leri ve Sa\u011fa Mecburi Y\u00f6n Solar Levha 60&#215;60 Cm\"}]},{\"@type\":\"WebSite\",\"@id\":\"https:\/\/www.isgurun.com\/#website\",\"url\":\"https:\/\/www.isgurun.com\/\",\"name\":\"https:\/\/www.isgurun.com\",\"description\":\"\",\"publisher\":{\"@id\":\"https:\/\/www.isgurun.com\/#organization\"},\"potentialAction\":[{\"@type\":\"SearchAction\",\"target\":{\"@type\":\"EntryPoint\",\"urlTemplate\":\"https:\/\/www.isgurun.com\/?s={search_term_string}\"},\"query-input\":{\"@type\":\"PropertyValueSpecification\",\"valueRequired\":true,\"valueName\":\"search_term_string\"}}],\"inLanguage\":\"tr\"},{\"@type\":\"Organization\",\"@id\":\"https:\/\/www.isgurun.com\/#organization\",\"name\":\"Kurulu\u015f \u0130\u015f Elbiseleri\",\"alternateName\":\"K\u0130E\",\"url\":\"https:\/\/www.isgurun.com\/\",\"logo\":{\"@type\":\"ImageObject\",\"inLanguage\":\"tr\",\"@id\":\"https:\/\/www.isgurun.com\/#\/schema\/logo\/image\/\",\"url\":\"http:\/\/www.isgurun.com\/wp-content\/uploads\/2025\/01\/cropped-Artboard-1-5.png\",\"contentUrl\":\"http:\/\/www.isgurun.com\/wp-content\/uploads\/2025\/01\/cropped-Artboard-1-5.png\",\"width\":783,\"height\":636,\"caption\":\"Kurulu\u015f \u0130\u015f Elbiseleri\"},\"image\":{\"@id\":\"https:\/\/www.isgurun.com\/#\/schema\/logo\/image\/\"}}]}<\/script>\n<!-- \/ Yoast SEO plugin. -->","yoast_head_json":{"title":"Ledli \u0130leri ve Sa\u011fa Mecburi Y\u00f6n Solar Levha 60x60 Cm -","robots":{"index":"index","follow":"follow","max-snippet":"max-snippet:-1","max-image-preview":"max-image-preview:large","max-video-preview":"max-video-preview:-1"},"canonical":"http:\/\/www.isgurun.com\/index.php\/product\/ledli-ileri-ve-saga-mecburi-yon-solar-levha-60x60-cm\/","og_locale":"tr_TR","og_type":"article","og_title":"Ledli \u0130leri ve Sa\u011fa Mecburi Y\u00f6n Solar Levha 60x60 Cm -","og_description":"Solar G\u00fcne\u015f Enerjili Ledli Trafik Levhalar\u0131 \u00dcr\u00fcnleri En ekonomik Fiyatla Mevsimceisg.com da &#8211; Solar Ledli \u0130leri ve Sa\u011fa Mecburi Y\u00f6n &#8230; Solar Ledli Yol Bakim Levhasi (60X60Cm) TEKN\u0130K \u00d6ZELL\u0130KLER Malzeme :1 mm Statik Toz Boyal\u0131 Sa\u00e7 Kasa \u00d6l\u00e7\u00fcle","og_url":"http:\/\/www.isgurun.com\/index.php\/product\/ledli-ileri-ve-saga-mecburi-yon-solar-levha-60x60-cm\/","article_modified_time":"2023-09-12T21:36:04+00:00","og_image":[{"width":190,"height":320,"url":"http:\/\/www.isgurun.com\/wp-content\/uploads\/2023\/08\/ileri-saga-solarli-levha.jpg","type":"image\/jpeg"}],"twitter_card":"summary_large_image","schema":{"@context":"https:\/\/schema.org","@graph":[{"@type":"WebPage","@id":"http:\/\/www.isgurun.com\/index.php\/product\/ledli-ileri-ve-saga-mecburi-yon-solar-levha-60x60-cm\/","url":"http:\/\/www.isgurun.com\/index.php\/product\/ledli-ileri-ve-saga-mecburi-yon-solar-levha-60x60-cm\/","name":"Ledli \u0130leri ve Sa\u011fa Mecburi Y\u00f6n Solar Levha 60x60 Cm -","isPartOf":{"@id":"https:\/\/www.isgurun.com\/#website"},"primaryImageOfPage":{"@id":"http:\/\/www.isgurun.com\/index.php\/product\/ledli-ileri-ve-saga-mecburi-yon-solar-levha-60x60-cm\/#primaryimage"},"image":{"@id":"http:\/\/www.isgurun.com\/index.php\/product\/ledli-ileri-ve-saga-mecburi-yon-solar-levha-60x60-cm\/#primaryimage"},"thumbnailUrl":"http:\/\/www.isgurun.com\/wp-content\/uploads\/2023\/08\/ileri-saga-solarli-levha.jpg","datePublished":"2023-08-28T15:49:49+00:00","dateModified":"2023-09-12T21:36:04+00:00","breadcrumb":{"@id":"http:\/\/www.isgurun.com\/index.php\/product\/ledli-ileri-ve-saga-mecburi-yon-solar-levha-60x60-cm\/#breadcrumb"},"inLanguage":"tr","potentialAction":[{"@type":"ReadAction","target":["http:\/\/www.isgurun.com\/index.php\/product\/ledli-ileri-ve-saga-mecburi-yon-solar-levha-60x60-cm\/"]}]},{"@type":"ImageObject","inLanguage":"tr","@id":"http:\/\/www.isgurun.com\/index.php\/product\/ledli-ileri-ve-saga-mecburi-yon-solar-levha-60x60-cm\/#primaryimage","url":"http:\/\/www.isgurun.com\/wp-content\/uploads\/2023\/08\/ileri-saga-solarli-levha.jpg","contentUrl":"http:\/\/www.isgurun.com\/wp-content\/uploads\/2023\/08\/ileri-saga-solarli-levha.jpg","width":190,"height":320},{"@type":"BreadcrumbList","@id":"http:\/\/www.isgurun.com\/index.php\/product\/ledli-ileri-ve-saga-mecburi-yon-solar-levha-60x60-cm\/#breadcrumb","itemListElement":[{"@type":"ListItem","position":1,"name":"Anasayfa","item":"https:\/\/www.isgurun.com\/"},{"@type":"ListItem","position":2,"name":"Shop","item":"http:\/\/www.isgurun.com\/index.php\/shop\/"},{"@type":"ListItem","position":3,"name":"Ledli \u0130leri ve Sa\u011fa Mecburi Y\u00f6n Solar Levha 60&#215;60 Cm"}]},{"@type":"WebSite","@id":"https:\/\/www.isgurun.com\/#website","url":"https:\/\/www.isgurun.com\/","name":"https:\/\/www.isgurun.com","description":"","publisher":{"@id":"https:\/\/www.isgurun.com\/#organization"},"potentialAction":[{"@type":"SearchAction","target":{"@type":"EntryPoint","urlTemplate":"https:\/\/www.isgurun.com\/?s={search_term_string}"},"query-input":{"@type":"PropertyValueSpecification","valueRequired":true,"valueName":"search_term_string"}}],"inLanguage":"tr"},{"@type":"Organization","@id":"https:\/\/www.isgurun.com\/#organization","name":"Kurulu\u015f \u0130\u015f Elbiseleri","alternateName":"K\u0130E","url":"https:\/\/www.isgurun.com\/","logo":{"@type":"ImageObject","inLanguage":"tr","@id":"https:\/\/www.isgurun.com\/#\/schema\/logo\/image\/","url":"http:\/\/www.isgurun.com\/wp-content\/uploads\/2025\/01\/cropped-Artboard-1-5.png","contentUrl":"http:\/\/www.isgurun.com\/wp-content\/uploads\/2025\/01\/cropped-Artboard-1-5.png","width":783,"height":636,"caption":"Kurulu\u015f \u0130\u015f Elbiseleri"},"image":{"@id":"https:\/\/www.isgurun.com\/#\/schema\/logo\/image\/"}}]}},"_links":{"self":[{"href":"http:\/\/www.isgurun.com\/index.php\/wp-json\/wp\/v2\/product\/16685","targetHints":{"allow":["GET"]}}],"collection":[{"href":"http:\/\/www.isgurun.com\/index.php\/wp-json\/wp\/v2\/product"}],"about":[{"href":"http:\/\/www.isgurun.com\/index.php\/wp-json\/wp\/v2\/types\/product"}],"version-history":[{"count":1,"href":"http:\/\/www.isgurun.com\/index.php\/wp-json\/wp\/v2\/product\/16685\/revisions"}],"predecessor-version":[{"id":17002,"href":"http:\/\/www.isgurun.com\/index.php\/wp-json\/wp\/v2\/product\/16685\/revisions\/17002"}],"wp:featuredmedia":[{"embeddable":true,"href":"http:\/\/www.isgurun.com\/index.php\/wp-json\/wp\/v2\/media\/15739"}],"wp:attachment":[{"href":"http:\/\/www.isgurun.com\/index.php\/wp-json\/wp\/v2\/media?parent=16685"}],"wp:term":[{"taxonomy":"product_brand","embeddable":true,"href":"http:\/\/www.isgurun.com\/index.php\/wp-json\/wp\/v2\/product_brand?post=16685"},{"taxonomy":"product_cat","embeddable":true,"href":"http:\/\/www.isgurun.com\/index.php\/wp-json\/wp\/v2\/product_cat?post=16685"},{"taxonomy":"product_tag","embeddable":true,"href":"http:\/\/www.isgurun.com\/index.php\/wp-json\/wp\/v2\/product_tag?post=16685"}],"curies":[{"name":"wp","href":"https:\/\/api.w.org\/{rel}","templated":true}]}}