{"id":16712,"date":"2023-08-28T15:49:58","date_gmt":"2023-08-28T15:49:58","guid":{"rendered":"http:\/\/www.isgurun.com\/index.php\/product\/solar-hiz-limiti-70-km-tabelasi-100x100-cm\/"},"modified":"2023-09-12T21:35:11","modified_gmt":"2023-09-12T21:35:11","slug":"solar-hiz-limiti-70-km-tabelasi-100x100-cm","status":"publish","type":"product","link":"http:\/\/www.isgurun.com\/index.php\/product\/solar-hiz-limiti-70-km-tabelasi-100x100-cm\/","title":{"rendered":"Solar H\u0131z Limiti 70 km Tabelas\u0131 100X100 Cm"},"content":{"rendered":"<p>Sola Tehlikeli Viraj Solar Tabela 100&#215;100 Cm en iyi fiyatla Mevsimceisg.com&#8217;dan sat\u0131n al\u0131n! \u015eimdi indirimli fiyatla online sipari\u015f verin, Sola Tehlikeli Viraj Solar Tabela 60&#215;60 Cm aya\u011f\u0131n\u0131za gelsin!<\/p>\n<p> TEKN\u0130K \u00d6ZELL\u0130KLER<br \/>\n Malzeme :1,2 mm Statik Toz Boya<\/p>\n","protected":false},"excerpt":{"rendered":"<p>Sola Tehlikeli Viraj Solar Tabela 100&#215;100 Cm en iyi fiyatla Mevsimceisg.com&#8217;dan sat\u0131n al\u0131n! \u015eimdi indirimli fiyatla online sipari\u015f verin, Sola Tehlikeli Viraj Solar Tabela 60&#215;60 Cm aya\u011f\u0131n\u0131za gelsin! TEKN\u0130K \u00d6ZELL\u0130KLER Malzeme :1,2 mm Statik Toz Boya<\/p>\n","protected":false},"featured_media":15793,"template":"","meta":[],"product_brand":[],"product_cat":[57,48,46,49],"product_tag":[],"class_list":{"0":"post-16712","1":"product","2":"type-product","3":"status-publish","4":"has-post-thumbnail","6":"product_cat-flasorlu-uyari-lambasi","7":"product_cat-trafik-levhalari","8":"product_cat-trafik-urunleri","9":"product_cat-uyari-ve-ikaz-levhalari","11":"first","12":"instock","13":"shipping-taxable","14":"product-type-simple"},"yoast_head":"<!-- This site is optimized with the Yoast SEO plugin v26.0 - https:\/\/yoast.com\/wordpress\/plugins\/seo\/ -->\n<title>Solar H\u0131z Limiti 70 km Tabelas\u0131 100X100 Cm -<\/title>\n<meta name=\"robots\" content=\"index, follow, max-snippet:-1, max-image-preview:large, max-video-preview:-1\" \/>\n<link rel=\"canonical\" href=\"http:\/\/www.isgurun.com\/index.php\/product\/solar-hiz-limiti-70-km-tabelasi-100x100-cm\/\" \/>\n<meta property=\"og:locale\" content=\"tr_TR\" \/>\n<meta property=\"og:type\" content=\"article\" \/>\n<meta property=\"og:title\" content=\"Solar H\u0131z Limiti 70 km Tabelas\u0131 100X100 Cm -\" \/>\n<meta property=\"og:description\" content=\"Sola Tehlikeli Viraj Solar Tabela 100&#215;100 Cm en iyi fiyatla Mevsimceisg.com&#8217;dan sat\u0131n al\u0131n! \u015eimdi indirimli fiyatla online sipari\u015f verin, Sola Tehlikeli Viraj Solar Tabela 60&#215;60 Cm aya\u011f\u0131n\u0131za gelsin! TEKN\u0130K \u00d6ZELL\u0130KLER Malzeme :1,2 mm Statik Toz Boya\" \/>\n<meta property=\"og:url\" content=\"http:\/\/www.isgurun.com\/index.php\/product\/solar-hiz-limiti-70-km-tabelasi-100x100-cm\/\" \/>\n<meta property=\"article:modified_time\" content=\"2023-09-12T21:35:11+00:00\" \/>\n<meta property=\"og:image\" content=\"http:\/\/www.isgurun.com\/wp-content\/uploads\/2023\/08\/70km-hiz-limiti.jpg\" \/>\n\t<meta property=\"og:image:width\" content=\"551\" \/>\n\t<meta property=\"og:image:height\" content=\"561\" \/>\n\t<meta property=\"og:image:type\" content=\"image\/jpeg\" \/>\n<meta name=\"twitter:card\" content=\"summary_large_image\" \/>\n<script type=\"application\/ld+json\" class=\"yoast-schema-graph\">{\"@context\":\"https:\/\/schema.org\",\"@graph\":[{\"@type\":\"WebPage\",\"@id\":\"http:\/\/www.isgurun.com\/index.php\/product\/solar-hiz-limiti-70-km-tabelasi-100x100-cm\/\",\"url\":\"http:\/\/www.isgurun.com\/index.php\/product\/solar-hiz-limiti-70-km-tabelasi-100x100-cm\/\",\"name\":\"Solar H\u0131z Limiti 70 km Tabelas\u0131 100X100 Cm -\",\"isPartOf\":{\"@id\":\"https:\/\/www.isgurun.com\/#website\"},\"primaryImageOfPage\":{\"@id\":\"http:\/\/www.isgurun.com\/index.php\/product\/solar-hiz-limiti-70-km-tabelasi-100x100-cm\/#primaryimage\"},\"image\":{\"@id\":\"http:\/\/www.isgurun.com\/index.php\/product\/solar-hiz-limiti-70-km-tabelasi-100x100-cm\/#primaryimage\"},\"thumbnailUrl\":\"http:\/\/www.isgurun.com\/wp-content\/uploads\/2023\/08\/70km-hiz-limiti.jpg\",\"datePublished\":\"2023-08-28T15:49:58+00:00\",\"dateModified\":\"2023-09-12T21:35:11+00:00\",\"breadcrumb\":{\"@id\":\"http:\/\/www.isgurun.com\/index.php\/product\/solar-hiz-limiti-70-km-tabelasi-100x100-cm\/#breadcrumb\"},\"inLanguage\":\"tr\",\"potentialAction\":[{\"@type\":\"ReadAction\",\"target\":[\"http:\/\/www.isgurun.com\/index.php\/product\/solar-hiz-limiti-70-km-tabelasi-100x100-cm\/\"]}]},{\"@type\":\"ImageObject\",\"inLanguage\":\"tr\",\"@id\":\"http:\/\/www.isgurun.com\/index.php\/product\/solar-hiz-limiti-70-km-tabelasi-100x100-cm\/#primaryimage\",\"url\":\"http:\/\/www.isgurun.com\/wp-content\/uploads\/2023\/08\/70km-hiz-limiti.jpg\",\"contentUrl\":\"http:\/\/www.isgurun.com\/wp-content\/uploads\/2023\/08\/70km-hiz-limiti.jpg\",\"width\":551,\"height\":561},{\"@type\":\"BreadcrumbList\",\"@id\":\"http:\/\/www.isgurun.com\/index.php\/product\/solar-hiz-limiti-70-km-tabelasi-100x100-cm\/#breadcrumb\",\"itemListElement\":[{\"@type\":\"ListItem\",\"position\":1,\"name\":\"Anasayfa\",\"item\":\"https:\/\/www.isgurun.com\/\"},{\"@type\":\"ListItem\",\"position\":2,\"name\":\"Shop\",\"item\":\"http:\/\/www.isgurun.com\/index.php\/shop\/\"},{\"@type\":\"ListItem\",\"position\":3,\"name\":\"Solar H\u0131z Limiti 70 km Tabelas\u0131 100X100 Cm\"}]},{\"@type\":\"WebSite\",\"@id\":\"https:\/\/www.isgurun.com\/#website\",\"url\":\"https:\/\/www.isgurun.com\/\",\"name\":\"https:\/\/www.isgurun.com\",\"description\":\"\",\"publisher\":{\"@id\":\"https:\/\/www.isgurun.com\/#organization\"},\"potentialAction\":[{\"@type\":\"SearchAction\",\"target\":{\"@type\":\"EntryPoint\",\"urlTemplate\":\"https:\/\/www.isgurun.com\/?s={search_term_string}\"},\"query-input\":{\"@type\":\"PropertyValueSpecification\",\"valueRequired\":true,\"valueName\":\"search_term_string\"}}],\"inLanguage\":\"tr\"},{\"@type\":\"Organization\",\"@id\":\"https:\/\/www.isgurun.com\/#organization\",\"name\":\"Kurulu\u015f \u0130\u015f Elbiseleri\",\"alternateName\":\"K\u0130E\",\"url\":\"https:\/\/www.isgurun.com\/\",\"logo\":{\"@type\":\"ImageObject\",\"inLanguage\":\"tr\",\"@id\":\"https:\/\/www.isgurun.com\/#\/schema\/logo\/image\/\",\"url\":\"http:\/\/www.isgurun.com\/wp-content\/uploads\/2025\/01\/cropped-Artboard-1-5.png\",\"contentUrl\":\"http:\/\/www.isgurun.com\/wp-content\/uploads\/2025\/01\/cropped-Artboard-1-5.png\",\"width\":783,\"height\":636,\"caption\":\"Kurulu\u015f \u0130\u015f Elbiseleri\"},\"image\":{\"@id\":\"https:\/\/www.isgurun.com\/#\/schema\/logo\/image\/\"}}]}<\/script>\n<!-- \/ Yoast SEO plugin. -->","yoast_head_json":{"title":"Solar H\u0131z Limiti 70 km Tabelas\u0131 100X100 Cm -","robots":{"index":"index","follow":"follow","max-snippet":"max-snippet:-1","max-image-preview":"max-image-preview:large","max-video-preview":"max-video-preview:-1"},"canonical":"http:\/\/www.isgurun.com\/index.php\/product\/solar-hiz-limiti-70-km-tabelasi-100x100-cm\/","og_locale":"tr_TR","og_type":"article","og_title":"Solar H\u0131z Limiti 70 km Tabelas\u0131 100X100 Cm -","og_description":"Sola Tehlikeli Viraj Solar Tabela 100&#215;100 Cm en iyi fiyatla Mevsimceisg.com&#8217;dan sat\u0131n al\u0131n! \u015eimdi indirimli fiyatla online sipari\u015f verin, Sola Tehlikeli Viraj Solar Tabela 60&#215;60 Cm aya\u011f\u0131n\u0131za gelsin! TEKN\u0130K \u00d6ZELL\u0130KLER Malzeme :1,2 mm Statik Toz Boya","og_url":"http:\/\/www.isgurun.com\/index.php\/product\/solar-hiz-limiti-70-km-tabelasi-100x100-cm\/","article_modified_time":"2023-09-12T21:35:11+00:00","og_image":[{"width":551,"height":561,"url":"http:\/\/www.isgurun.com\/wp-content\/uploads\/2023\/08\/70km-hiz-limiti.jpg","type":"image\/jpeg"}],"twitter_card":"summary_large_image","schema":{"@context":"https:\/\/schema.org","@graph":[{"@type":"WebPage","@id":"http:\/\/www.isgurun.com\/index.php\/product\/solar-hiz-limiti-70-km-tabelasi-100x100-cm\/","url":"http:\/\/www.isgurun.com\/index.php\/product\/solar-hiz-limiti-70-km-tabelasi-100x100-cm\/","name":"Solar H\u0131z Limiti 70 km Tabelas\u0131 100X100 Cm -","isPartOf":{"@id":"https:\/\/www.isgurun.com\/#website"},"primaryImageOfPage":{"@id":"http:\/\/www.isgurun.com\/index.php\/product\/solar-hiz-limiti-70-km-tabelasi-100x100-cm\/#primaryimage"},"image":{"@id":"http:\/\/www.isgurun.com\/index.php\/product\/solar-hiz-limiti-70-km-tabelasi-100x100-cm\/#primaryimage"},"thumbnailUrl":"http:\/\/www.isgurun.com\/wp-content\/uploads\/2023\/08\/70km-hiz-limiti.jpg","datePublished":"2023-08-28T15:49:58+00:00","dateModified":"2023-09-12T21:35:11+00:00","breadcrumb":{"@id":"http:\/\/www.isgurun.com\/index.php\/product\/solar-hiz-limiti-70-km-tabelasi-100x100-cm\/#breadcrumb"},"inLanguage":"tr","potentialAction":[{"@type":"ReadAction","target":["http:\/\/www.isgurun.com\/index.php\/product\/solar-hiz-limiti-70-km-tabelasi-100x100-cm\/"]}]},{"@type":"ImageObject","inLanguage":"tr","@id":"http:\/\/www.isgurun.com\/index.php\/product\/solar-hiz-limiti-70-km-tabelasi-100x100-cm\/#primaryimage","url":"http:\/\/www.isgurun.com\/wp-content\/uploads\/2023\/08\/70km-hiz-limiti.jpg","contentUrl":"http:\/\/www.isgurun.com\/wp-content\/uploads\/2023\/08\/70km-hiz-limiti.jpg","width":551,"height":561},{"@type":"BreadcrumbList","@id":"http:\/\/www.isgurun.com\/index.php\/product\/solar-hiz-limiti-70-km-tabelasi-100x100-cm\/#breadcrumb","itemListElement":[{"@type":"ListItem","position":1,"name":"Anasayfa","item":"https:\/\/www.isgurun.com\/"},{"@type":"ListItem","position":2,"name":"Shop","item":"http:\/\/www.isgurun.com\/index.php\/shop\/"},{"@type":"ListItem","position":3,"name":"Solar H\u0131z Limiti 70 km Tabelas\u0131 100X100 Cm"}]},{"@type":"WebSite","@id":"https:\/\/www.isgurun.com\/#website","url":"https:\/\/www.isgurun.com\/","name":"https:\/\/www.isgurun.com","description":"","publisher":{"@id":"https:\/\/www.isgurun.com\/#organization"},"potentialAction":[{"@type":"SearchAction","target":{"@type":"EntryPoint","urlTemplate":"https:\/\/www.isgurun.com\/?s={search_term_string}"},"query-input":{"@type":"PropertyValueSpecification","valueRequired":true,"valueName":"search_term_string"}}],"inLanguage":"tr"},{"@type":"Organization","@id":"https:\/\/www.isgurun.com\/#organization","name":"Kurulu\u015f \u0130\u015f Elbiseleri","alternateName":"K\u0130E","url":"https:\/\/www.isgurun.com\/","logo":{"@type":"ImageObject","inLanguage":"tr","@id":"https:\/\/www.isgurun.com\/#\/schema\/logo\/image\/","url":"http:\/\/www.isgurun.com\/wp-content\/uploads\/2025\/01\/cropped-Artboard-1-5.png","contentUrl":"http:\/\/www.isgurun.com\/wp-content\/uploads\/2025\/01\/cropped-Artboard-1-5.png","width":783,"height":636,"caption":"Kurulu\u015f \u0130\u015f Elbiseleri"},"image":{"@id":"https:\/\/www.isgurun.com\/#\/schema\/logo\/image\/"}}]}},"_links":{"self":[{"href":"http:\/\/www.isgurun.com\/index.php\/wp-json\/wp\/v2\/product\/16712","targetHints":{"allow":["GET"]}}],"collection":[{"href":"http:\/\/www.isgurun.com\/index.php\/wp-json\/wp\/v2\/product"}],"about":[{"href":"http:\/\/www.isgurun.com\/index.php\/wp-json\/wp\/v2\/types\/product"}],"version-history":[{"count":1,"href":"http:\/\/www.isgurun.com\/index.php\/wp-json\/wp\/v2\/product\/16712\/revisions"}],"predecessor-version":[{"id":16979,"href":"http:\/\/www.isgurun.com\/index.php\/wp-json\/wp\/v2\/product\/16712\/revisions\/16979"}],"wp:featuredmedia":[{"embeddable":true,"href":"http:\/\/www.isgurun.com\/index.php\/wp-json\/wp\/v2\/media\/15793"}],"wp:attachment":[{"href":"http:\/\/www.isgurun.com\/index.php\/wp-json\/wp\/v2\/media?parent=16712"}],"wp:term":[{"taxonomy":"product_brand","embeddable":true,"href":"http:\/\/www.isgurun.com\/index.php\/wp-json\/wp\/v2\/product_brand?post=16712"},{"taxonomy":"product_cat","embeddable":true,"href":"http:\/\/www.isgurun.com\/index.php\/wp-json\/wp\/v2\/product_cat?post=16712"},{"taxonomy":"product_tag","embeddable":true,"href":"http:\/\/www.isgurun.com\/index.php\/wp-json\/wp\/v2\/product_tag?post=16712"}],"curies":[{"name":"wp","href":"https:\/\/api.w.org\/{rel}","templated":true}]}}