{"id":16758,"date":"2023-08-28T15:50:12","date_gmt":"2023-08-28T15:50:12","guid":{"rendered":"http:\/\/www.isgurun.com\/index.php\/product\/yuksek-etkili-kasis-kapagi\/"},"modified":"2023-09-12T21:30:45","modified_gmt":"2023-09-12T21:30:45","slug":"yuksek-etkili-kasis-kapagi","status":"publish","type":"product","link":"http:\/\/www.isgurun.com\/index.php\/product\/yuksek-etkili-kasis-kapagi\/","title":{"rendered":"Y\u00fcksek Etkili Kasis Kapa\u011f\u0131"},"content":{"rendered":"<p>Y\u00fcksek Etkili H\u0131z S\u0131n\u0131rlay\u0131c\u0131 Kasis Kapa\u011f\u0131 Siyah en iyi fiyatla Mevsimceisg.com&#8217;dan sat\u0131n al\u0131n! \u015eimdi indirimli fiyatla sipari\u015f verin, Y\u00fcksek Etkili Kasis Kapa\u011f\u0131 aya\u011f\u0131n\u0131za gelsin!<\/p>\n","protected":false},"excerpt":{"rendered":"<p>Y\u00fcksek Etkili H\u0131z S\u0131n\u0131rlay\u0131c\u0131 Kasis Kapa\u011f\u0131 Siyah en iyi fiyatla Mevsimceisg.com&#8217;dan sat\u0131n al\u0131n! \u015eimdi indirimli fiyatla sipari\u015f verin, Y\u00fcksek Etkili Kasis Kapa\u011f\u0131 aya\u011f\u0131n\u0131za gelsin!<\/p>\n","protected":false},"featured_media":15881,"template":"","meta":[],"product_brand":[],"product_cat":[56,46,55],"product_tag":[],"class_list":{"0":"post-16758","1":"product","2":"type-product","3":"status-publish","4":"has-post-thumbnail","6":"product_cat-otopark-urunleri","7":"product_cat-trafik-urunleri","8":"product_cat-uyari-dikmeleri","10":"first","11":"instock","12":"shipping-taxable","13":"product-type-simple"},"yoast_head":"<!-- This site is optimized with the Yoast SEO plugin v26.0 - https:\/\/yoast.com\/wordpress\/plugins\/seo\/ -->\n<title>Y\u00fcksek Etkili Kasis Kapa\u011f\u0131 -<\/title>\n<meta name=\"robots\" content=\"index, follow, max-snippet:-1, max-image-preview:large, max-video-preview:-1\" \/>\n<link rel=\"canonical\" href=\"http:\/\/www.isgurun.com\/index.php\/product\/yuksek-etkili-kasis-kapagi\/\" \/>\n<meta property=\"og:locale\" content=\"tr_TR\" \/>\n<meta property=\"og:type\" content=\"article\" \/>\n<meta property=\"og:title\" content=\"Y\u00fcksek Etkili Kasis Kapa\u011f\u0131 -\" \/>\n<meta property=\"og:description\" content=\"Y\u00fcksek Etkili H\u0131z S\u0131n\u0131rlay\u0131c\u0131 Kasis Kapa\u011f\u0131 Siyah en iyi fiyatla Mevsimceisg.com&#8217;dan sat\u0131n al\u0131n! \u015eimdi indirimli fiyatla sipari\u015f verin, Y\u00fcksek Etkili Kasis Kapa\u011f\u0131 aya\u011f\u0131n\u0131za gelsin!\" \/>\n<meta property=\"og:url\" content=\"http:\/\/www.isgurun.com\/index.php\/product\/yuksek-etkili-kasis-kapagi\/\" \/>\n<meta property=\"article:modified_time\" content=\"2023-09-12T21:30:45+00:00\" \/>\n<meta property=\"og:image\" content=\"http:\/\/www.isgurun.com\/wp-content\/uploads\/2023\/08\/yuksek-etkili-kasis-kapagi.jpg\" \/>\n\t<meta property=\"og:image:width\" content=\"567\" \/>\n\t<meta property=\"og:image:height\" content=\"718\" \/>\n\t<meta property=\"og:image:type\" content=\"image\/jpeg\" \/>\n<meta name=\"twitter:card\" content=\"summary_large_image\" \/>\n<script type=\"application\/ld+json\" class=\"yoast-schema-graph\">{\"@context\":\"https:\/\/schema.org\",\"@graph\":[{\"@type\":\"WebPage\",\"@id\":\"http:\/\/www.isgurun.com\/index.php\/product\/yuksek-etkili-kasis-kapagi\/\",\"url\":\"http:\/\/www.isgurun.com\/index.php\/product\/yuksek-etkili-kasis-kapagi\/\",\"name\":\"Y\u00fcksek Etkili Kasis Kapa\u011f\u0131 -\",\"isPartOf\":{\"@id\":\"https:\/\/www.isgurun.com\/#website\"},\"primaryImageOfPage\":{\"@id\":\"http:\/\/www.isgurun.com\/index.php\/product\/yuksek-etkili-kasis-kapagi\/#primaryimage\"},\"image\":{\"@id\":\"http:\/\/www.isgurun.com\/index.php\/product\/yuksek-etkili-kasis-kapagi\/#primaryimage\"},\"thumbnailUrl\":\"http:\/\/www.isgurun.com\/wp-content\/uploads\/2023\/08\/yuksek-etkili-kasis-kapagi.jpg\",\"datePublished\":\"2023-08-28T15:50:12+00:00\",\"dateModified\":\"2023-09-12T21:30:45+00:00\",\"breadcrumb\":{\"@id\":\"http:\/\/www.isgurun.com\/index.php\/product\/yuksek-etkili-kasis-kapagi\/#breadcrumb\"},\"inLanguage\":\"tr\",\"potentialAction\":[{\"@type\":\"ReadAction\",\"target\":[\"http:\/\/www.isgurun.com\/index.php\/product\/yuksek-etkili-kasis-kapagi\/\"]}]},{\"@type\":\"ImageObject\",\"inLanguage\":\"tr\",\"@id\":\"http:\/\/www.isgurun.com\/index.php\/product\/yuksek-etkili-kasis-kapagi\/#primaryimage\",\"url\":\"http:\/\/www.isgurun.com\/wp-content\/uploads\/2023\/08\/yuksek-etkili-kasis-kapagi.jpg\",\"contentUrl\":\"http:\/\/www.isgurun.com\/wp-content\/uploads\/2023\/08\/yuksek-etkili-kasis-kapagi.jpg\",\"width\":567,\"height\":718},{\"@type\":\"BreadcrumbList\",\"@id\":\"http:\/\/www.isgurun.com\/index.php\/product\/yuksek-etkili-kasis-kapagi\/#breadcrumb\",\"itemListElement\":[{\"@type\":\"ListItem\",\"position\":1,\"name\":\"Anasayfa\",\"item\":\"https:\/\/www.isgurun.com\/\"},{\"@type\":\"ListItem\",\"position\":2,\"name\":\"Shop\",\"item\":\"http:\/\/www.isgurun.com\/index.php\/shop\/\"},{\"@type\":\"ListItem\",\"position\":3,\"name\":\"Y\u00fcksek Etkili Kasis Kapa\u011f\u0131\"}]},{\"@type\":\"WebSite\",\"@id\":\"https:\/\/www.isgurun.com\/#website\",\"url\":\"https:\/\/www.isgurun.com\/\",\"name\":\"https:\/\/www.isgurun.com\",\"description\":\"\",\"publisher\":{\"@id\":\"https:\/\/www.isgurun.com\/#organization\"},\"potentialAction\":[{\"@type\":\"SearchAction\",\"target\":{\"@type\":\"EntryPoint\",\"urlTemplate\":\"https:\/\/www.isgurun.com\/?s={search_term_string}\"},\"query-input\":{\"@type\":\"PropertyValueSpecification\",\"valueRequired\":true,\"valueName\":\"search_term_string\"}}],\"inLanguage\":\"tr\"},{\"@type\":\"Organization\",\"@id\":\"https:\/\/www.isgurun.com\/#organization\",\"name\":\"Kurulu\u015f \u0130\u015f Elbiseleri\",\"alternateName\":\"K\u0130E\",\"url\":\"https:\/\/www.isgurun.com\/\",\"logo\":{\"@type\":\"ImageObject\",\"inLanguage\":\"tr\",\"@id\":\"https:\/\/www.isgurun.com\/#\/schema\/logo\/image\/\",\"url\":\"http:\/\/www.isgurun.com\/wp-content\/uploads\/2025\/01\/cropped-Artboard-1-5.png\",\"contentUrl\":\"http:\/\/www.isgurun.com\/wp-content\/uploads\/2025\/01\/cropped-Artboard-1-5.png\",\"width\":783,\"height\":636,\"caption\":\"Kurulu\u015f \u0130\u015f Elbiseleri\"},\"image\":{\"@id\":\"https:\/\/www.isgurun.com\/#\/schema\/logo\/image\/\"}}]}<\/script>\n<!-- \/ Yoast SEO plugin. -->","yoast_head_json":{"title":"Y\u00fcksek Etkili Kasis Kapa\u011f\u0131 -","robots":{"index":"index","follow":"follow","max-snippet":"max-snippet:-1","max-image-preview":"max-image-preview:large","max-video-preview":"max-video-preview:-1"},"canonical":"http:\/\/www.isgurun.com\/index.php\/product\/yuksek-etkili-kasis-kapagi\/","og_locale":"tr_TR","og_type":"article","og_title":"Y\u00fcksek Etkili Kasis Kapa\u011f\u0131 -","og_description":"Y\u00fcksek Etkili H\u0131z S\u0131n\u0131rlay\u0131c\u0131 Kasis Kapa\u011f\u0131 Siyah en iyi fiyatla Mevsimceisg.com&#8217;dan sat\u0131n al\u0131n! \u015eimdi indirimli fiyatla sipari\u015f verin, Y\u00fcksek Etkili Kasis Kapa\u011f\u0131 aya\u011f\u0131n\u0131za gelsin!","og_url":"http:\/\/www.isgurun.com\/index.php\/product\/yuksek-etkili-kasis-kapagi\/","article_modified_time":"2023-09-12T21:30:45+00:00","og_image":[{"width":567,"height":718,"url":"http:\/\/www.isgurun.com\/wp-content\/uploads\/2023\/08\/yuksek-etkili-kasis-kapagi.jpg","type":"image\/jpeg"}],"twitter_card":"summary_large_image","schema":{"@context":"https:\/\/schema.org","@graph":[{"@type":"WebPage","@id":"http:\/\/www.isgurun.com\/index.php\/product\/yuksek-etkili-kasis-kapagi\/","url":"http:\/\/www.isgurun.com\/index.php\/product\/yuksek-etkili-kasis-kapagi\/","name":"Y\u00fcksek Etkili Kasis Kapa\u011f\u0131 -","isPartOf":{"@id":"https:\/\/www.isgurun.com\/#website"},"primaryImageOfPage":{"@id":"http:\/\/www.isgurun.com\/index.php\/product\/yuksek-etkili-kasis-kapagi\/#primaryimage"},"image":{"@id":"http:\/\/www.isgurun.com\/index.php\/product\/yuksek-etkili-kasis-kapagi\/#primaryimage"},"thumbnailUrl":"http:\/\/www.isgurun.com\/wp-content\/uploads\/2023\/08\/yuksek-etkili-kasis-kapagi.jpg","datePublished":"2023-08-28T15:50:12+00:00","dateModified":"2023-09-12T21:30:45+00:00","breadcrumb":{"@id":"http:\/\/www.isgurun.com\/index.php\/product\/yuksek-etkili-kasis-kapagi\/#breadcrumb"},"inLanguage":"tr","potentialAction":[{"@type":"ReadAction","target":["http:\/\/www.isgurun.com\/index.php\/product\/yuksek-etkili-kasis-kapagi\/"]}]},{"@type":"ImageObject","inLanguage":"tr","@id":"http:\/\/www.isgurun.com\/index.php\/product\/yuksek-etkili-kasis-kapagi\/#primaryimage","url":"http:\/\/www.isgurun.com\/wp-content\/uploads\/2023\/08\/yuksek-etkili-kasis-kapagi.jpg","contentUrl":"http:\/\/www.isgurun.com\/wp-content\/uploads\/2023\/08\/yuksek-etkili-kasis-kapagi.jpg","width":567,"height":718},{"@type":"BreadcrumbList","@id":"http:\/\/www.isgurun.com\/index.php\/product\/yuksek-etkili-kasis-kapagi\/#breadcrumb","itemListElement":[{"@type":"ListItem","position":1,"name":"Anasayfa","item":"https:\/\/www.isgurun.com\/"},{"@type":"ListItem","position":2,"name":"Shop","item":"http:\/\/www.isgurun.com\/index.php\/shop\/"},{"@type":"ListItem","position":3,"name":"Y\u00fcksek Etkili Kasis Kapa\u011f\u0131"}]},{"@type":"WebSite","@id":"https:\/\/www.isgurun.com\/#website","url":"https:\/\/www.isgurun.com\/","name":"https:\/\/www.isgurun.com","description":"","publisher":{"@id":"https:\/\/www.isgurun.com\/#organization"},"potentialAction":[{"@type":"SearchAction","target":{"@type":"EntryPoint","urlTemplate":"https:\/\/www.isgurun.com\/?s={search_term_string}"},"query-input":{"@type":"PropertyValueSpecification","valueRequired":true,"valueName":"search_term_string"}}],"inLanguage":"tr"},{"@type":"Organization","@id":"https:\/\/www.isgurun.com\/#organization","name":"Kurulu\u015f \u0130\u015f Elbiseleri","alternateName":"K\u0130E","url":"https:\/\/www.isgurun.com\/","logo":{"@type":"ImageObject","inLanguage":"tr","@id":"https:\/\/www.isgurun.com\/#\/schema\/logo\/image\/","url":"http:\/\/www.isgurun.com\/wp-content\/uploads\/2025\/01\/cropped-Artboard-1-5.png","contentUrl":"http:\/\/www.isgurun.com\/wp-content\/uploads\/2025\/01\/cropped-Artboard-1-5.png","width":783,"height":636,"caption":"Kurulu\u015f \u0130\u015f Elbiseleri"},"image":{"@id":"https:\/\/www.isgurun.com\/#\/schema\/logo\/image\/"}}]}},"_links":{"self":[{"href":"http:\/\/www.isgurun.com\/index.php\/wp-json\/wp\/v2\/product\/16758","targetHints":{"allow":["GET"]}}],"collection":[{"href":"http:\/\/www.isgurun.com\/index.php\/wp-json\/wp\/v2\/product"}],"about":[{"href":"http:\/\/www.isgurun.com\/index.php\/wp-json\/wp\/v2\/types\/product"}],"version-history":[{"count":1,"href":"http:\/\/www.isgurun.com\/index.php\/wp-json\/wp\/v2\/product\/16758\/revisions"}],"predecessor-version":[{"id":16935,"href":"http:\/\/www.isgurun.com\/index.php\/wp-json\/wp\/v2\/product\/16758\/revisions\/16935"}],"wp:featuredmedia":[{"embeddable":true,"href":"http:\/\/www.isgurun.com\/index.php\/wp-json\/wp\/v2\/media\/15881"}],"wp:attachment":[{"href":"http:\/\/www.isgurun.com\/index.php\/wp-json\/wp\/v2\/media?parent=16758"}],"wp:term":[{"taxonomy":"product_brand","embeddable":true,"href":"http:\/\/www.isgurun.com\/index.php\/wp-json\/wp\/v2\/product_brand?post=16758"},{"taxonomy":"product_cat","embeddable":true,"href":"http:\/\/www.isgurun.com\/index.php\/wp-json\/wp\/v2\/product_cat?post=16758"},{"taxonomy":"product_tag","embeddable":true,"href":"http:\/\/www.isgurun.com\/index.php\/wp-json\/wp\/v2\/product_tag?post=16758"}],"curies":[{"name":"wp","href":"https:\/\/api.w.org\/{rel}","templated":true}]}}