{"id":16764,"date":"2023-08-28T15:50:15","date_gmt":"2023-08-28T15:50:15","guid":{"rendered":"http:\/\/www.isgurun.com\/index.php\/product\/kapan-kasis-asfalt-ustu\/"},"modified":"2023-09-12T21:29:05","modified_gmt":"2023-09-12T21:29:05","slug":"kapan-kasis-asfalt-ustu","status":"publish","type":"product","link":"http:\/\/www.isgurun.com\/index.php\/product\/kapan-kasis-asfalt-ustu\/","title":{"rendered":"Kapan Kasis (Asfalt \u00dcst\u00fc)"},"content":{"rendered":"<p>Kapan Kasis Asfalt \u00dcst\u00fc en iyi fiyatla isguvenligimalzeme.com&#8217;dan sat\u0131n al\u0131n! \u015eimdi indirimli fiyatla online sipari\u015f verin, kapan kasis aya\u011f\u0131n\u0131za gelsin!<\/p>\n<p> Kullan\u0131m Alanlar\u0131<\/p>\n<p> \u015eehir i\u00e7i yollarda, otopark, site, al\u0131\u015f veri\u015f merkezleri ve benzeri yerlerde<\/p>\n","protected":false},"excerpt":{"rendered":"<p>Kapan Kasis Asfalt \u00dcst\u00fc en iyi fiyatla isguvenligimalzeme.com&#8217;dan sat\u0131n al\u0131n! \u015eimdi indirimli fiyatla online sipari\u015f verin, kapan kasis aya\u011f\u0131n\u0131za gelsin! Kullan\u0131m Alanlar\u0131 \u015eehir i\u00e7i yollarda, otopark, site, al\u0131\u015f veri\u015f merkezleri ve benzeri yerlerde<\/p>\n","protected":false},"featured_media":15893,"template":"","meta":[],"product_brand":[],"product_cat":[56,46,55],"product_tag":[],"class_list":{"0":"post-16764","1":"product","2":"type-product","3":"status-publish","4":"has-post-thumbnail","6":"product_cat-otopark-urunleri","7":"product_cat-trafik-urunleri","8":"product_cat-uyari-dikmeleri","10":"first","11":"instock","12":"shipping-taxable","13":"product-type-simple"},"yoast_head":"<!-- This site is optimized with the Yoast SEO plugin v26.0 - https:\/\/yoast.com\/wordpress\/plugins\/seo\/ -->\n<title>Kapan Kasis (Asfalt \u00dcst\u00fc) -<\/title>\n<meta name=\"robots\" content=\"index, follow, max-snippet:-1, max-image-preview:large, max-video-preview:-1\" \/>\n<link rel=\"canonical\" href=\"http:\/\/www.isgurun.com\/index.php\/product\/kapan-kasis-asfalt-ustu\/\" \/>\n<meta property=\"og:locale\" content=\"tr_TR\" \/>\n<meta property=\"og:type\" content=\"article\" \/>\n<meta property=\"og:title\" content=\"Kapan Kasis (Asfalt \u00dcst\u00fc) -\" \/>\n<meta property=\"og:description\" content=\"Kapan Kasis Asfalt \u00dcst\u00fc en iyi fiyatla isguvenligimalzeme.com&#8217;dan sat\u0131n al\u0131n! \u015eimdi indirimli fiyatla online sipari\u015f verin, kapan kasis aya\u011f\u0131n\u0131za gelsin! Kullan\u0131m Alanlar\u0131 \u015eehir i\u00e7i yollarda, otopark, site, al\u0131\u015f veri\u015f merkezleri ve benzeri yerlerde\" \/>\n<meta property=\"og:url\" content=\"http:\/\/www.isgurun.com\/index.php\/product\/kapan-kasis-asfalt-ustu\/\" \/>\n<meta property=\"article:modified_time\" content=\"2023-09-12T21:29:05+00:00\" \/>\n<meta property=\"og:image\" content=\"http:\/\/www.isgurun.com\/wp-content\/uploads\/2023\/08\/kapan-kasis.jpg\" \/>\n\t<meta property=\"og:image:width\" content=\"567\" \/>\n\t<meta property=\"og:image:height\" content=\"418\" \/>\n\t<meta property=\"og:image:type\" content=\"image\/jpeg\" \/>\n<meta name=\"twitter:card\" content=\"summary_large_image\" \/>\n<script type=\"application\/ld+json\" class=\"yoast-schema-graph\">{\"@context\":\"https:\/\/schema.org\",\"@graph\":[{\"@type\":\"WebPage\",\"@id\":\"http:\/\/www.isgurun.com\/index.php\/product\/kapan-kasis-asfalt-ustu\/\",\"url\":\"http:\/\/www.isgurun.com\/index.php\/product\/kapan-kasis-asfalt-ustu\/\",\"name\":\"Kapan Kasis (Asfalt \u00dcst\u00fc) -\",\"isPartOf\":{\"@id\":\"http:\/\/www.isgurun.com\/#website\"},\"primaryImageOfPage\":{\"@id\":\"http:\/\/www.isgurun.com\/index.php\/product\/kapan-kasis-asfalt-ustu\/#primaryimage\"},\"image\":{\"@id\":\"http:\/\/www.isgurun.com\/index.php\/product\/kapan-kasis-asfalt-ustu\/#primaryimage\"},\"thumbnailUrl\":\"http:\/\/www.isgurun.com\/wp-content\/uploads\/2023\/08\/kapan-kasis.jpg\",\"datePublished\":\"2023-08-28T15:50:15+00:00\",\"dateModified\":\"2023-09-12T21:29:05+00:00\",\"breadcrumb\":{\"@id\":\"http:\/\/www.isgurun.com\/index.php\/product\/kapan-kasis-asfalt-ustu\/#breadcrumb\"},\"inLanguage\":\"tr\",\"potentialAction\":[{\"@type\":\"ReadAction\",\"target\":[\"http:\/\/www.isgurun.com\/index.php\/product\/kapan-kasis-asfalt-ustu\/\"]}]},{\"@type\":\"ImageObject\",\"inLanguage\":\"tr\",\"@id\":\"http:\/\/www.isgurun.com\/index.php\/product\/kapan-kasis-asfalt-ustu\/#primaryimage\",\"url\":\"http:\/\/www.isgurun.com\/wp-content\/uploads\/2023\/08\/kapan-kasis.jpg\",\"contentUrl\":\"http:\/\/www.isgurun.com\/wp-content\/uploads\/2023\/08\/kapan-kasis.jpg\",\"width\":567,\"height\":418},{\"@type\":\"BreadcrumbList\",\"@id\":\"http:\/\/www.isgurun.com\/index.php\/product\/kapan-kasis-asfalt-ustu\/#breadcrumb\",\"itemListElement\":[{\"@type\":\"ListItem\",\"position\":1,\"name\":\"Anasayfa\",\"item\":\"http:\/\/www.isgurun.com\/\"},{\"@type\":\"ListItem\",\"position\":2,\"name\":\"Shop\",\"item\":\"https:\/\/www.isgurun.com\/index.php\/shop\/\"},{\"@type\":\"ListItem\",\"position\":3,\"name\":\"Kapan Kasis (Asfalt \u00dcst\u00fc)\"}]},{\"@type\":\"WebSite\",\"@id\":\"http:\/\/www.isgurun.com\/#website\",\"url\":\"http:\/\/www.isgurun.com\/\",\"name\":\"https:\/\/www.isgurun.com\",\"description\":\"\",\"publisher\":{\"@id\":\"http:\/\/www.isgurun.com\/#organization\"},\"potentialAction\":[{\"@type\":\"SearchAction\",\"target\":{\"@type\":\"EntryPoint\",\"urlTemplate\":\"http:\/\/www.isgurun.com\/?s={search_term_string}\"},\"query-input\":{\"@type\":\"PropertyValueSpecification\",\"valueRequired\":true,\"valueName\":\"search_term_string\"}}],\"inLanguage\":\"tr\"},{\"@type\":\"Organization\",\"@id\":\"http:\/\/www.isgurun.com\/#organization\",\"name\":\"Kurulu\u015f \u0130\u015f Elbiseleri\",\"alternateName\":\"K\u0130E\",\"url\":\"http:\/\/www.isgurun.com\/\",\"logo\":{\"@type\":\"ImageObject\",\"inLanguage\":\"tr\",\"@id\":\"http:\/\/www.isgurun.com\/#\/schema\/logo\/image\/\",\"url\":\"http:\/\/www.isgurun.com\/wp-content\/uploads\/2025\/01\/cropped-Artboard-1-5.png\",\"contentUrl\":\"http:\/\/www.isgurun.com\/wp-content\/uploads\/2025\/01\/cropped-Artboard-1-5.png\",\"width\":783,\"height\":636,\"caption\":\"Kurulu\u015f \u0130\u015f Elbiseleri\"},\"image\":{\"@id\":\"http:\/\/www.isgurun.com\/#\/schema\/logo\/image\/\"}}]}<\/script>\n<!-- \/ Yoast SEO plugin. -->","yoast_head_json":{"title":"Kapan Kasis (Asfalt \u00dcst\u00fc) -","robots":{"index":"index","follow":"follow","max-snippet":"max-snippet:-1","max-image-preview":"max-image-preview:large","max-video-preview":"max-video-preview:-1"},"canonical":"http:\/\/www.isgurun.com\/index.php\/product\/kapan-kasis-asfalt-ustu\/","og_locale":"tr_TR","og_type":"article","og_title":"Kapan Kasis (Asfalt \u00dcst\u00fc) -","og_description":"Kapan Kasis Asfalt \u00dcst\u00fc en iyi fiyatla isguvenligimalzeme.com&#8217;dan sat\u0131n al\u0131n! \u015eimdi indirimli fiyatla online sipari\u015f verin, kapan kasis aya\u011f\u0131n\u0131za gelsin! Kullan\u0131m Alanlar\u0131 \u015eehir i\u00e7i yollarda, otopark, site, al\u0131\u015f veri\u015f merkezleri ve benzeri yerlerde","og_url":"http:\/\/www.isgurun.com\/index.php\/product\/kapan-kasis-asfalt-ustu\/","article_modified_time":"2023-09-12T21:29:05+00:00","og_image":[{"width":567,"height":418,"url":"http:\/\/www.isgurun.com\/wp-content\/uploads\/2023\/08\/kapan-kasis.jpg","type":"image\/jpeg"}],"twitter_card":"summary_large_image","schema":{"@context":"https:\/\/schema.org","@graph":[{"@type":"WebPage","@id":"http:\/\/www.isgurun.com\/index.php\/product\/kapan-kasis-asfalt-ustu\/","url":"http:\/\/www.isgurun.com\/index.php\/product\/kapan-kasis-asfalt-ustu\/","name":"Kapan Kasis (Asfalt \u00dcst\u00fc) -","isPartOf":{"@id":"http:\/\/www.isgurun.com\/#website"},"primaryImageOfPage":{"@id":"http:\/\/www.isgurun.com\/index.php\/product\/kapan-kasis-asfalt-ustu\/#primaryimage"},"image":{"@id":"http:\/\/www.isgurun.com\/index.php\/product\/kapan-kasis-asfalt-ustu\/#primaryimage"},"thumbnailUrl":"http:\/\/www.isgurun.com\/wp-content\/uploads\/2023\/08\/kapan-kasis.jpg","datePublished":"2023-08-28T15:50:15+00:00","dateModified":"2023-09-12T21:29:05+00:00","breadcrumb":{"@id":"http:\/\/www.isgurun.com\/index.php\/product\/kapan-kasis-asfalt-ustu\/#breadcrumb"},"inLanguage":"tr","potentialAction":[{"@type":"ReadAction","target":["http:\/\/www.isgurun.com\/index.php\/product\/kapan-kasis-asfalt-ustu\/"]}]},{"@type":"ImageObject","inLanguage":"tr","@id":"http:\/\/www.isgurun.com\/index.php\/product\/kapan-kasis-asfalt-ustu\/#primaryimage","url":"http:\/\/www.isgurun.com\/wp-content\/uploads\/2023\/08\/kapan-kasis.jpg","contentUrl":"http:\/\/www.isgurun.com\/wp-content\/uploads\/2023\/08\/kapan-kasis.jpg","width":567,"height":418},{"@type":"BreadcrumbList","@id":"http:\/\/www.isgurun.com\/index.php\/product\/kapan-kasis-asfalt-ustu\/#breadcrumb","itemListElement":[{"@type":"ListItem","position":1,"name":"Anasayfa","item":"http:\/\/www.isgurun.com\/"},{"@type":"ListItem","position":2,"name":"Shop","item":"https:\/\/www.isgurun.com\/index.php\/shop\/"},{"@type":"ListItem","position":3,"name":"Kapan Kasis (Asfalt \u00dcst\u00fc)"}]},{"@type":"WebSite","@id":"http:\/\/www.isgurun.com\/#website","url":"http:\/\/www.isgurun.com\/","name":"https:\/\/www.isgurun.com","description":"","publisher":{"@id":"http:\/\/www.isgurun.com\/#organization"},"potentialAction":[{"@type":"SearchAction","target":{"@type":"EntryPoint","urlTemplate":"http:\/\/www.isgurun.com\/?s={search_term_string}"},"query-input":{"@type":"PropertyValueSpecification","valueRequired":true,"valueName":"search_term_string"}}],"inLanguage":"tr"},{"@type":"Organization","@id":"http:\/\/www.isgurun.com\/#organization","name":"Kurulu\u015f \u0130\u015f Elbiseleri","alternateName":"K\u0130E","url":"http:\/\/www.isgurun.com\/","logo":{"@type":"ImageObject","inLanguage":"tr","@id":"http:\/\/www.isgurun.com\/#\/schema\/logo\/image\/","url":"http:\/\/www.isgurun.com\/wp-content\/uploads\/2025\/01\/cropped-Artboard-1-5.png","contentUrl":"http:\/\/www.isgurun.com\/wp-content\/uploads\/2025\/01\/cropped-Artboard-1-5.png","width":783,"height":636,"caption":"Kurulu\u015f \u0130\u015f Elbiseleri"},"image":{"@id":"http:\/\/www.isgurun.com\/#\/schema\/logo\/image\/"}}]}},"_links":{"self":[{"href":"http:\/\/www.isgurun.com\/index.php\/wp-json\/wp\/v2\/product\/16764","targetHints":{"allow":["GET"]}}],"collection":[{"href":"http:\/\/www.isgurun.com\/index.php\/wp-json\/wp\/v2\/product"}],"about":[{"href":"http:\/\/www.isgurun.com\/index.php\/wp-json\/wp\/v2\/types\/product"}],"version-history":[{"count":1,"href":"http:\/\/www.isgurun.com\/index.php\/wp-json\/wp\/v2\/product\/16764\/revisions"}],"predecessor-version":[{"id":16927,"href":"http:\/\/www.isgurun.com\/index.php\/wp-json\/wp\/v2\/product\/16764\/revisions\/16927"}],"wp:featuredmedia":[{"embeddable":true,"href":"http:\/\/www.isgurun.com\/index.php\/wp-json\/wp\/v2\/media\/15893"}],"wp:attachment":[{"href":"http:\/\/www.isgurun.com\/index.php\/wp-json\/wp\/v2\/media?parent=16764"}],"wp:term":[{"taxonomy":"product_brand","embeddable":true,"href":"http:\/\/www.isgurun.com\/index.php\/wp-json\/wp\/v2\/product_brand?post=16764"},{"taxonomy":"product_cat","embeddable":true,"href":"http:\/\/www.isgurun.com\/index.php\/wp-json\/wp\/v2\/product_cat?post=16764"},{"taxonomy":"product_tag","embeddable":true,"href":"http:\/\/www.isgurun.com\/index.php\/wp-json\/wp\/v2\/product_tag?post=16764"}],"curies":[{"name":"wp","href":"https:\/\/api.w.org\/{rel}","templated":true}]}}