{"id":16772,"date":"2023-08-28T15:50:17","date_gmt":"2023-08-28T15:50:17","guid":{"rendered":"http:\/\/www.isgurun.com\/index.php\/product\/serit-krom-bariyer\/"},"modified":"2023-09-12T21:27:50","modified_gmt":"2023-09-12T21:27:50","slug":"serit-krom-bariyer","status":"publish","type":"product","link":"http:\/\/www.isgurun.com\/index.php\/product\/serit-krom-bariyer\/","title":{"rendered":"\u015eerit Krom Bariyer"},"content":{"rendered":"<p>\u015eerit Krom Bariyer en iyi fiyatla Mevsimceisg.com&#8217;dan sat\u0131n al\u0131n! \u015eimdi indirimli fiyatla online sipari\u015f verin, \u015eerit Krom Bariyer aya\u011f\u0131n\u0131za gelsin!<\/p>\n","protected":false},"excerpt":{"rendered":"<p>\u015eerit Krom Bariyer en iyi fiyatla Mevsimceisg.com&#8217;dan sat\u0131n al\u0131n! \u015eimdi indirimli fiyatla online sipari\u015f verin, \u015eerit Krom Bariyer aya\u011f\u0131n\u0131za gelsin!<\/p>\n","protected":false},"featured_media":15909,"template":"","meta":[],"product_brand":[],"product_cat":[56,48,46,55],"product_tag":[],"class_list":{"0":"post-16772","1":"product","2":"type-product","3":"status-publish","4":"has-post-thumbnail","6":"product_cat-otopark-urunleri","7":"product_cat-trafik-levhalari","8":"product_cat-trafik-urunleri","9":"product_cat-uyari-dikmeleri","11":"first","12":"instock","13":"shipping-taxable","14":"product-type-simple"},"yoast_head":"<!-- This site is optimized with the Yoast SEO plugin v26.0 - https:\/\/yoast.com\/wordpress\/plugins\/seo\/ -->\n<title>\u015eerit Krom Bariyer -<\/title>\n<meta name=\"robots\" content=\"index, follow, max-snippet:-1, max-image-preview:large, max-video-preview:-1\" \/>\n<link rel=\"canonical\" href=\"http:\/\/www.isgurun.com\/index.php\/product\/serit-krom-bariyer\/\" \/>\n<meta property=\"og:locale\" content=\"tr_TR\" \/>\n<meta property=\"og:type\" content=\"article\" \/>\n<meta property=\"og:title\" content=\"\u015eerit Krom Bariyer -\" \/>\n<meta property=\"og:description\" content=\"\u015eerit Krom Bariyer en iyi fiyatla Mevsimceisg.com&#8217;dan sat\u0131n al\u0131n! \u015eimdi indirimli fiyatla online sipari\u015f verin, \u015eerit Krom Bariyer aya\u011f\u0131n\u0131za gelsin!\" \/>\n<meta property=\"og:url\" content=\"http:\/\/www.isgurun.com\/index.php\/product\/serit-krom-bariyer\/\" \/>\n<meta property=\"article:modified_time\" content=\"2023-09-12T21:27:50+00:00\" \/>\n<meta property=\"og:image\" content=\"http:\/\/www.isgurun.com\/wp-content\/uploads\/2023\/08\/serit_krom-bariyer.jpg\" \/>\n\t<meta property=\"og:image:width\" content=\"567\" \/>\n\t<meta property=\"og:image:height\" content=\"567\" \/>\n\t<meta property=\"og:image:type\" content=\"image\/jpeg\" \/>\n<meta name=\"twitter:card\" content=\"summary_large_image\" \/>\n<script type=\"application\/ld+json\" class=\"yoast-schema-graph\">{\"@context\":\"https:\/\/schema.org\",\"@graph\":[{\"@type\":\"WebPage\",\"@id\":\"http:\/\/www.isgurun.com\/index.php\/product\/serit-krom-bariyer\/\",\"url\":\"http:\/\/www.isgurun.com\/index.php\/product\/serit-krom-bariyer\/\",\"name\":\"\u015eerit Krom Bariyer -\",\"isPartOf\":{\"@id\":\"http:\/\/www.isgurun.com\/#website\"},\"primaryImageOfPage\":{\"@id\":\"http:\/\/www.isgurun.com\/index.php\/product\/serit-krom-bariyer\/#primaryimage\"},\"image\":{\"@id\":\"http:\/\/www.isgurun.com\/index.php\/product\/serit-krom-bariyer\/#primaryimage\"},\"thumbnailUrl\":\"http:\/\/www.isgurun.com\/wp-content\/uploads\/2023\/08\/serit_krom-bariyer.jpg\",\"datePublished\":\"2023-08-28T15:50:17+00:00\",\"dateModified\":\"2023-09-12T21:27:50+00:00\",\"breadcrumb\":{\"@id\":\"http:\/\/www.isgurun.com\/index.php\/product\/serit-krom-bariyer\/#breadcrumb\"},\"inLanguage\":\"tr\",\"potentialAction\":[{\"@type\":\"ReadAction\",\"target\":[\"http:\/\/www.isgurun.com\/index.php\/product\/serit-krom-bariyer\/\"]}]},{\"@type\":\"ImageObject\",\"inLanguage\":\"tr\",\"@id\":\"http:\/\/www.isgurun.com\/index.php\/product\/serit-krom-bariyer\/#primaryimage\",\"url\":\"http:\/\/www.isgurun.com\/wp-content\/uploads\/2023\/08\/serit_krom-bariyer.jpg\",\"contentUrl\":\"http:\/\/www.isgurun.com\/wp-content\/uploads\/2023\/08\/serit_krom-bariyer.jpg\",\"width\":567,\"height\":567},{\"@type\":\"BreadcrumbList\",\"@id\":\"http:\/\/www.isgurun.com\/index.php\/product\/serit-krom-bariyer\/#breadcrumb\",\"itemListElement\":[{\"@type\":\"ListItem\",\"position\":1,\"name\":\"Anasayfa\",\"item\":\"http:\/\/www.isgurun.com\/\"},{\"@type\":\"ListItem\",\"position\":2,\"name\":\"Shop\",\"item\":\"https:\/\/www.isgurun.com\/index.php\/shop\/\"},{\"@type\":\"ListItem\",\"position\":3,\"name\":\"\u015eerit Krom Bariyer\"}]},{\"@type\":\"WebSite\",\"@id\":\"http:\/\/www.isgurun.com\/#website\",\"url\":\"http:\/\/www.isgurun.com\/\",\"name\":\"https:\/\/www.isgurun.com\",\"description\":\"\",\"publisher\":{\"@id\":\"http:\/\/www.isgurun.com\/#organization\"},\"potentialAction\":[{\"@type\":\"SearchAction\",\"target\":{\"@type\":\"EntryPoint\",\"urlTemplate\":\"http:\/\/www.isgurun.com\/?s={search_term_string}\"},\"query-input\":{\"@type\":\"PropertyValueSpecification\",\"valueRequired\":true,\"valueName\":\"search_term_string\"}}],\"inLanguage\":\"tr\"},{\"@type\":\"Organization\",\"@id\":\"http:\/\/www.isgurun.com\/#organization\",\"name\":\"Kurulu\u015f \u0130\u015f Elbiseleri\",\"alternateName\":\"K\u0130E\",\"url\":\"http:\/\/www.isgurun.com\/\",\"logo\":{\"@type\":\"ImageObject\",\"inLanguage\":\"tr\",\"@id\":\"http:\/\/www.isgurun.com\/#\/schema\/logo\/image\/\",\"url\":\"http:\/\/www.isgurun.com\/wp-content\/uploads\/2025\/01\/cropped-Artboard-1-5.png\",\"contentUrl\":\"http:\/\/www.isgurun.com\/wp-content\/uploads\/2025\/01\/cropped-Artboard-1-5.png\",\"width\":783,\"height\":636,\"caption\":\"Kurulu\u015f \u0130\u015f Elbiseleri\"},\"image\":{\"@id\":\"http:\/\/www.isgurun.com\/#\/schema\/logo\/image\/\"}}]}<\/script>\n<!-- \/ Yoast SEO plugin. -->","yoast_head_json":{"title":"\u015eerit Krom Bariyer -","robots":{"index":"index","follow":"follow","max-snippet":"max-snippet:-1","max-image-preview":"max-image-preview:large","max-video-preview":"max-video-preview:-1"},"canonical":"http:\/\/www.isgurun.com\/index.php\/product\/serit-krom-bariyer\/","og_locale":"tr_TR","og_type":"article","og_title":"\u015eerit Krom Bariyer -","og_description":"\u015eerit Krom Bariyer en iyi fiyatla Mevsimceisg.com&#8217;dan sat\u0131n al\u0131n! \u015eimdi indirimli fiyatla online sipari\u015f verin, \u015eerit Krom Bariyer aya\u011f\u0131n\u0131za gelsin!","og_url":"http:\/\/www.isgurun.com\/index.php\/product\/serit-krom-bariyer\/","article_modified_time":"2023-09-12T21:27:50+00:00","og_image":[{"width":567,"height":567,"url":"http:\/\/www.isgurun.com\/wp-content\/uploads\/2023\/08\/serit_krom-bariyer.jpg","type":"image\/jpeg"}],"twitter_card":"summary_large_image","schema":{"@context":"https:\/\/schema.org","@graph":[{"@type":"WebPage","@id":"http:\/\/www.isgurun.com\/index.php\/product\/serit-krom-bariyer\/","url":"http:\/\/www.isgurun.com\/index.php\/product\/serit-krom-bariyer\/","name":"\u015eerit Krom Bariyer -","isPartOf":{"@id":"http:\/\/www.isgurun.com\/#website"},"primaryImageOfPage":{"@id":"http:\/\/www.isgurun.com\/index.php\/product\/serit-krom-bariyer\/#primaryimage"},"image":{"@id":"http:\/\/www.isgurun.com\/index.php\/product\/serit-krom-bariyer\/#primaryimage"},"thumbnailUrl":"http:\/\/www.isgurun.com\/wp-content\/uploads\/2023\/08\/serit_krom-bariyer.jpg","datePublished":"2023-08-28T15:50:17+00:00","dateModified":"2023-09-12T21:27:50+00:00","breadcrumb":{"@id":"http:\/\/www.isgurun.com\/index.php\/product\/serit-krom-bariyer\/#breadcrumb"},"inLanguage":"tr","potentialAction":[{"@type":"ReadAction","target":["http:\/\/www.isgurun.com\/index.php\/product\/serit-krom-bariyer\/"]}]},{"@type":"ImageObject","inLanguage":"tr","@id":"http:\/\/www.isgurun.com\/index.php\/product\/serit-krom-bariyer\/#primaryimage","url":"http:\/\/www.isgurun.com\/wp-content\/uploads\/2023\/08\/serit_krom-bariyer.jpg","contentUrl":"http:\/\/www.isgurun.com\/wp-content\/uploads\/2023\/08\/serit_krom-bariyer.jpg","width":567,"height":567},{"@type":"BreadcrumbList","@id":"http:\/\/www.isgurun.com\/index.php\/product\/serit-krom-bariyer\/#breadcrumb","itemListElement":[{"@type":"ListItem","position":1,"name":"Anasayfa","item":"http:\/\/www.isgurun.com\/"},{"@type":"ListItem","position":2,"name":"Shop","item":"https:\/\/www.isgurun.com\/index.php\/shop\/"},{"@type":"ListItem","position":3,"name":"\u015eerit Krom Bariyer"}]},{"@type":"WebSite","@id":"http:\/\/www.isgurun.com\/#website","url":"http:\/\/www.isgurun.com\/","name":"https:\/\/www.isgurun.com","description":"","publisher":{"@id":"http:\/\/www.isgurun.com\/#organization"},"potentialAction":[{"@type":"SearchAction","target":{"@type":"EntryPoint","urlTemplate":"http:\/\/www.isgurun.com\/?s={search_term_string}"},"query-input":{"@type":"PropertyValueSpecification","valueRequired":true,"valueName":"search_term_string"}}],"inLanguage":"tr"},{"@type":"Organization","@id":"http:\/\/www.isgurun.com\/#organization","name":"Kurulu\u015f \u0130\u015f Elbiseleri","alternateName":"K\u0130E","url":"http:\/\/www.isgurun.com\/","logo":{"@type":"ImageObject","inLanguage":"tr","@id":"http:\/\/www.isgurun.com\/#\/schema\/logo\/image\/","url":"http:\/\/www.isgurun.com\/wp-content\/uploads\/2025\/01\/cropped-Artboard-1-5.png","contentUrl":"http:\/\/www.isgurun.com\/wp-content\/uploads\/2025\/01\/cropped-Artboard-1-5.png","width":783,"height":636,"caption":"Kurulu\u015f \u0130\u015f Elbiseleri"},"image":{"@id":"http:\/\/www.isgurun.com\/#\/schema\/logo\/image\/"}}]}},"_links":{"self":[{"href":"http:\/\/www.isgurun.com\/index.php\/wp-json\/wp\/v2\/product\/16772","targetHints":{"allow":["GET"]}}],"collection":[{"href":"http:\/\/www.isgurun.com\/index.php\/wp-json\/wp\/v2\/product"}],"about":[{"href":"http:\/\/www.isgurun.com\/index.php\/wp-json\/wp\/v2\/types\/product"}],"version-history":[{"count":1,"href":"http:\/\/www.isgurun.com\/index.php\/wp-json\/wp\/v2\/product\/16772\/revisions"}],"predecessor-version":[{"id":16918,"href":"http:\/\/www.isgurun.com\/index.php\/wp-json\/wp\/v2\/product\/16772\/revisions\/16918"}],"wp:featuredmedia":[{"embeddable":true,"href":"http:\/\/www.isgurun.com\/index.php\/wp-json\/wp\/v2\/media\/15909"}],"wp:attachment":[{"href":"http:\/\/www.isgurun.com\/index.php\/wp-json\/wp\/v2\/media?parent=16772"}],"wp:term":[{"taxonomy":"product_brand","embeddable":true,"href":"http:\/\/www.isgurun.com\/index.php\/wp-json\/wp\/v2\/product_brand?post=16772"},{"taxonomy":"product_cat","embeddable":true,"href":"http:\/\/www.isgurun.com\/index.php\/wp-json\/wp\/v2\/product_cat?post=16772"},{"taxonomy":"product_tag","embeddable":true,"href":"http:\/\/www.isgurun.com\/index.php\/wp-json\/wp\/v2\/product_tag?post=16772"}],"curies":[{"name":"wp","href":"https:\/\/api.w.org\/{rel}","templated":true}]}}