{"id":16777,"date":"2023-08-28T15:50:18","date_gmt":"2023-08-28T15:50:18","guid":{"rendered":"http:\/\/www.isgurun.com\/index.php\/product\/75-cm-pvc-koni-2-2-kg\/"},"modified":"2023-09-12T21:26:37","modified_gmt":"2023-09-12T21:26:37","slug":"75-cm-pvc-koni-2-2-kg","status":"publish","type":"product","link":"http:\/\/www.isgurun.com\/index.php\/product\/75-cm-pvc-koni-2-2-kg\/","title":{"rendered":"75 CM PVC KON\u0130 2.2 KG"},"content":{"rendered":"<p>Trafik Konisi 700 Mm en iyi fiyatla sat\u0131n al\u0131n! \u015eimdi ekonomik fiyatla online sipari\u015f verin, Trafik Konisi 520 Mm aya\u011f\u0131n\u0131za gelsin!<\/p>\n<p> 700 mm K\u0131r\u0131lmaz Trafik Konisi (\u00c7ift Reftlektifli) <\/p>\n<p> Yol, kald\u0131r\u0131m, park alanlar\u0131 d\u00fczenlemelerinde, ara\u00e7 giri\u015flerinin<\/p>\n","protected":false},"excerpt":{"rendered":"<p>Trafik Konisi 700 Mm en iyi fiyatla sat\u0131n al\u0131n! \u015eimdi ekonomik fiyatla online sipari\u015f verin, Trafik Konisi 520 Mm aya\u011f\u0131n\u0131za gelsin! 700 mm K\u0131r\u0131lmaz Trafik Konisi (\u00c7ift Reftlektifli) Yol, kald\u0131r\u0131m, park alanlar\u0131 d\u00fczenlemelerinde, ara\u00e7 giri\u015flerinin<\/p>\n","protected":false},"featured_media":15919,"template":"","meta":[],"product_brand":[],"product_cat":[58,46],"product_tag":[],"class_list":{"0":"post-16777","1":"product","2":"type-product","3":"status-publish","4":"has-post-thumbnail","6":"product_cat-trafik-konileri","7":"product_cat-trafik-urunleri","9":"first","10":"instock","11":"shipping-taxable","12":"product-type-simple"},"yoast_head":"<!-- This site is optimized with the Yoast SEO plugin v26.0 - https:\/\/yoast.com\/wordpress\/plugins\/seo\/ -->\n<title>75 CM PVC KON\u0130 2.2 KG -<\/title>\n<meta name=\"robots\" content=\"index, follow, max-snippet:-1, max-image-preview:large, max-video-preview:-1\" \/>\n<link rel=\"canonical\" href=\"http:\/\/www.isgurun.com\/index.php\/product\/75-cm-pvc-koni-2-2-kg\/\" \/>\n<meta property=\"og:locale\" content=\"tr_TR\" \/>\n<meta property=\"og:type\" content=\"article\" \/>\n<meta property=\"og:title\" content=\"75 CM PVC KON\u0130 2.2 KG -\" \/>\n<meta property=\"og:description\" content=\"Trafik Konisi 700 Mm en iyi fiyatla sat\u0131n al\u0131n! \u015eimdi ekonomik fiyatla online sipari\u015f verin, Trafik Konisi 520 Mm aya\u011f\u0131n\u0131za gelsin! 700 mm K\u0131r\u0131lmaz Trafik Konisi (\u00c7ift Reftlektifli) Yol, kald\u0131r\u0131m, park alanlar\u0131 d\u00fczenlemelerinde, ara\u00e7 giri\u015flerinin\" \/>\n<meta property=\"og:url\" content=\"http:\/\/www.isgurun.com\/index.php\/product\/75-cm-pvc-koni-2-2-kg\/\" \/>\n<meta property=\"article:modified_time\" content=\"2023-09-12T21:26:37+00:00\" \/>\n<meta property=\"og:image\" content=\"http:\/\/www.isgurun.com\/wp-content\/uploads\/2023\/08\/cift-reflektif-koni.jpg\" \/>\n\t<meta property=\"og:image:width\" content=\"567\" \/>\n\t<meta property=\"og:image:height\" content=\"520\" \/>\n\t<meta property=\"og:image:type\" content=\"image\/jpeg\" \/>\n<meta name=\"twitter:card\" content=\"summary_large_image\" \/>\n<script type=\"application\/ld+json\" class=\"yoast-schema-graph\">{\"@context\":\"https:\/\/schema.org\",\"@graph\":[{\"@type\":\"WebPage\",\"@id\":\"http:\/\/www.isgurun.com\/index.php\/product\/75-cm-pvc-koni-2-2-kg\/\",\"url\":\"http:\/\/www.isgurun.com\/index.php\/product\/75-cm-pvc-koni-2-2-kg\/\",\"name\":\"75 CM PVC KON\u0130 2.2 KG -\",\"isPartOf\":{\"@id\":\"https:\/\/www.isgurun.com\/#website\"},\"primaryImageOfPage\":{\"@id\":\"http:\/\/www.isgurun.com\/index.php\/product\/75-cm-pvc-koni-2-2-kg\/#primaryimage\"},\"image\":{\"@id\":\"http:\/\/www.isgurun.com\/index.php\/product\/75-cm-pvc-koni-2-2-kg\/#primaryimage\"},\"thumbnailUrl\":\"http:\/\/www.isgurun.com\/wp-content\/uploads\/2023\/08\/cift-reflektif-koni.jpg\",\"datePublished\":\"2023-08-28T15:50:18+00:00\",\"dateModified\":\"2023-09-12T21:26:37+00:00\",\"breadcrumb\":{\"@id\":\"http:\/\/www.isgurun.com\/index.php\/product\/75-cm-pvc-koni-2-2-kg\/#breadcrumb\"},\"inLanguage\":\"tr\",\"potentialAction\":[{\"@type\":\"ReadAction\",\"target\":[\"http:\/\/www.isgurun.com\/index.php\/product\/75-cm-pvc-koni-2-2-kg\/\"]}]},{\"@type\":\"ImageObject\",\"inLanguage\":\"tr\",\"@id\":\"http:\/\/www.isgurun.com\/index.php\/product\/75-cm-pvc-koni-2-2-kg\/#primaryimage\",\"url\":\"http:\/\/www.isgurun.com\/wp-content\/uploads\/2023\/08\/cift-reflektif-koni.jpg\",\"contentUrl\":\"http:\/\/www.isgurun.com\/wp-content\/uploads\/2023\/08\/cift-reflektif-koni.jpg\",\"width\":567,\"height\":520},{\"@type\":\"BreadcrumbList\",\"@id\":\"http:\/\/www.isgurun.com\/index.php\/product\/75-cm-pvc-koni-2-2-kg\/#breadcrumb\",\"itemListElement\":[{\"@type\":\"ListItem\",\"position\":1,\"name\":\"Anasayfa\",\"item\":\"https:\/\/www.isgurun.com\/\"},{\"@type\":\"ListItem\",\"position\":2,\"name\":\"Shop\",\"item\":\"http:\/\/www.isgurun.com\/index.php\/shop\/\"},{\"@type\":\"ListItem\",\"position\":3,\"name\":\"75 CM PVC KON\u0130 2.2 KG\"}]},{\"@type\":\"WebSite\",\"@id\":\"https:\/\/www.isgurun.com\/#website\",\"url\":\"https:\/\/www.isgurun.com\/\",\"name\":\"https:\/\/www.isgurun.com\",\"description\":\"\",\"publisher\":{\"@id\":\"https:\/\/www.isgurun.com\/#organization\"},\"potentialAction\":[{\"@type\":\"SearchAction\",\"target\":{\"@type\":\"EntryPoint\",\"urlTemplate\":\"https:\/\/www.isgurun.com\/?s={search_term_string}\"},\"query-input\":{\"@type\":\"PropertyValueSpecification\",\"valueRequired\":true,\"valueName\":\"search_term_string\"}}],\"inLanguage\":\"tr\"},{\"@type\":\"Organization\",\"@id\":\"https:\/\/www.isgurun.com\/#organization\",\"name\":\"Kurulu\u015f \u0130\u015f Elbiseleri\",\"alternateName\":\"K\u0130E\",\"url\":\"https:\/\/www.isgurun.com\/\",\"logo\":{\"@type\":\"ImageObject\",\"inLanguage\":\"tr\",\"@id\":\"https:\/\/www.isgurun.com\/#\/schema\/logo\/image\/\",\"url\":\"http:\/\/www.isgurun.com\/wp-content\/uploads\/2025\/01\/cropped-Artboard-1-5.png\",\"contentUrl\":\"http:\/\/www.isgurun.com\/wp-content\/uploads\/2025\/01\/cropped-Artboard-1-5.png\",\"width\":783,\"height\":636,\"caption\":\"Kurulu\u015f \u0130\u015f Elbiseleri\"},\"image\":{\"@id\":\"https:\/\/www.isgurun.com\/#\/schema\/logo\/image\/\"}}]}<\/script>\n<!-- \/ Yoast SEO plugin. -->","yoast_head_json":{"title":"75 CM PVC KON\u0130 2.2 KG -","robots":{"index":"index","follow":"follow","max-snippet":"max-snippet:-1","max-image-preview":"max-image-preview:large","max-video-preview":"max-video-preview:-1"},"canonical":"http:\/\/www.isgurun.com\/index.php\/product\/75-cm-pvc-koni-2-2-kg\/","og_locale":"tr_TR","og_type":"article","og_title":"75 CM PVC KON\u0130 2.2 KG -","og_description":"Trafik Konisi 700 Mm en iyi fiyatla sat\u0131n al\u0131n! \u015eimdi ekonomik fiyatla online sipari\u015f verin, Trafik Konisi 520 Mm aya\u011f\u0131n\u0131za gelsin! 700 mm K\u0131r\u0131lmaz Trafik Konisi (\u00c7ift Reftlektifli) Yol, kald\u0131r\u0131m, park alanlar\u0131 d\u00fczenlemelerinde, ara\u00e7 giri\u015flerinin","og_url":"http:\/\/www.isgurun.com\/index.php\/product\/75-cm-pvc-koni-2-2-kg\/","article_modified_time":"2023-09-12T21:26:37+00:00","og_image":[{"width":567,"height":520,"url":"http:\/\/www.isgurun.com\/wp-content\/uploads\/2023\/08\/cift-reflektif-koni.jpg","type":"image\/jpeg"}],"twitter_card":"summary_large_image","schema":{"@context":"https:\/\/schema.org","@graph":[{"@type":"WebPage","@id":"http:\/\/www.isgurun.com\/index.php\/product\/75-cm-pvc-koni-2-2-kg\/","url":"http:\/\/www.isgurun.com\/index.php\/product\/75-cm-pvc-koni-2-2-kg\/","name":"75 CM PVC KON\u0130 2.2 KG -","isPartOf":{"@id":"https:\/\/www.isgurun.com\/#website"},"primaryImageOfPage":{"@id":"http:\/\/www.isgurun.com\/index.php\/product\/75-cm-pvc-koni-2-2-kg\/#primaryimage"},"image":{"@id":"http:\/\/www.isgurun.com\/index.php\/product\/75-cm-pvc-koni-2-2-kg\/#primaryimage"},"thumbnailUrl":"http:\/\/www.isgurun.com\/wp-content\/uploads\/2023\/08\/cift-reflektif-koni.jpg","datePublished":"2023-08-28T15:50:18+00:00","dateModified":"2023-09-12T21:26:37+00:00","breadcrumb":{"@id":"http:\/\/www.isgurun.com\/index.php\/product\/75-cm-pvc-koni-2-2-kg\/#breadcrumb"},"inLanguage":"tr","potentialAction":[{"@type":"ReadAction","target":["http:\/\/www.isgurun.com\/index.php\/product\/75-cm-pvc-koni-2-2-kg\/"]}]},{"@type":"ImageObject","inLanguage":"tr","@id":"http:\/\/www.isgurun.com\/index.php\/product\/75-cm-pvc-koni-2-2-kg\/#primaryimage","url":"http:\/\/www.isgurun.com\/wp-content\/uploads\/2023\/08\/cift-reflektif-koni.jpg","contentUrl":"http:\/\/www.isgurun.com\/wp-content\/uploads\/2023\/08\/cift-reflektif-koni.jpg","width":567,"height":520},{"@type":"BreadcrumbList","@id":"http:\/\/www.isgurun.com\/index.php\/product\/75-cm-pvc-koni-2-2-kg\/#breadcrumb","itemListElement":[{"@type":"ListItem","position":1,"name":"Anasayfa","item":"https:\/\/www.isgurun.com\/"},{"@type":"ListItem","position":2,"name":"Shop","item":"http:\/\/www.isgurun.com\/index.php\/shop\/"},{"@type":"ListItem","position":3,"name":"75 CM PVC KON\u0130 2.2 KG"}]},{"@type":"WebSite","@id":"https:\/\/www.isgurun.com\/#website","url":"https:\/\/www.isgurun.com\/","name":"https:\/\/www.isgurun.com","description":"","publisher":{"@id":"https:\/\/www.isgurun.com\/#organization"},"potentialAction":[{"@type":"SearchAction","target":{"@type":"EntryPoint","urlTemplate":"https:\/\/www.isgurun.com\/?s={search_term_string}"},"query-input":{"@type":"PropertyValueSpecification","valueRequired":true,"valueName":"search_term_string"}}],"inLanguage":"tr"},{"@type":"Organization","@id":"https:\/\/www.isgurun.com\/#organization","name":"Kurulu\u015f \u0130\u015f Elbiseleri","alternateName":"K\u0130E","url":"https:\/\/www.isgurun.com\/","logo":{"@type":"ImageObject","inLanguage":"tr","@id":"https:\/\/www.isgurun.com\/#\/schema\/logo\/image\/","url":"http:\/\/www.isgurun.com\/wp-content\/uploads\/2025\/01\/cropped-Artboard-1-5.png","contentUrl":"http:\/\/www.isgurun.com\/wp-content\/uploads\/2025\/01\/cropped-Artboard-1-5.png","width":783,"height":636,"caption":"Kurulu\u015f \u0130\u015f Elbiseleri"},"image":{"@id":"https:\/\/www.isgurun.com\/#\/schema\/logo\/image\/"}}]}},"_links":{"self":[{"href":"http:\/\/www.isgurun.com\/index.php\/wp-json\/wp\/v2\/product\/16777","targetHints":{"allow":["GET"]}}],"collection":[{"href":"http:\/\/www.isgurun.com\/index.php\/wp-json\/wp\/v2\/product"}],"about":[{"href":"http:\/\/www.isgurun.com\/index.php\/wp-json\/wp\/v2\/types\/product"}],"version-history":[{"count":1,"href":"http:\/\/www.isgurun.com\/index.php\/wp-json\/wp\/v2\/product\/16777\/revisions"}],"predecessor-version":[{"id":16916,"href":"http:\/\/www.isgurun.com\/index.php\/wp-json\/wp\/v2\/product\/16777\/revisions\/16916"}],"wp:featuredmedia":[{"embeddable":true,"href":"http:\/\/www.isgurun.com\/index.php\/wp-json\/wp\/v2\/media\/15919"}],"wp:attachment":[{"href":"http:\/\/www.isgurun.com\/index.php\/wp-json\/wp\/v2\/media?parent=16777"}],"wp:term":[{"taxonomy":"product_brand","embeddable":true,"href":"http:\/\/www.isgurun.com\/index.php\/wp-json\/wp\/v2\/product_brand?post=16777"},{"taxonomy":"product_cat","embeddable":true,"href":"http:\/\/www.isgurun.com\/index.php\/wp-json\/wp\/v2\/product_cat?post=16777"},{"taxonomy":"product_tag","embeddable":true,"href":"http:\/\/www.isgurun.com\/index.php\/wp-json\/wp\/v2\/product_tag?post=16777"}],"curies":[{"name":"wp","href":"https:\/\/api.w.org\/{rel}","templated":true}]}}