{"id":16796,"date":"2023-08-28T15:55:36","date_gmt":"2023-08-28T15:55:36","guid":{"rendered":"http:\/\/www.isgurun.com\/index.php\/product\/antistatik-alev-almaz-is-elbiseleri-ceket-ve-pantolon-takim-tulum\/"},"modified":"2023-09-12T21:23:07","modified_gmt":"2023-09-12T21:23:07","slug":"antistatik-alev-almaz-is-elbiseleri-ceket-ve-pantolon-takim-tulum","status":"publish","type":"product","link":"http:\/\/www.isgurun.com\/index.php\/product\/antistatik-alev-almaz-is-elbiseleri-ceket-ve-pantolon-takim-tulum\/","title":{"rendered":"Antistatik Alev Almaz \u0130\u015f Elbiseleri (Ceket ve Pantolon Tak\u0131m \/ Tulum)"},"content":{"rendered":"<p>Alev almaz tulum modelleri en uygun fiyatlarla Mevsimceisg.com&#8217;da. standartlara uygun olarak \u00fcretilen alev almaz i\u015f elbiseleri ekipmanlar\u0131 online sat\u0131n al\u0131n!<\/p>\n","protected":false},"excerpt":{"rendered":"<p>Alev almaz tulum modelleri en uygun fiyatlarla Mevsimceisg.com&#8217;da. standartlara uygun olarak \u00fcretilen alev almaz i\u015f elbiseleri ekipmanlar\u0131 online sat\u0131n al\u0131n!<\/p>\n","protected":false},"featured_media":15954,"template":"","meta":[],"product_brand":[],"product_cat":[72],"product_tag":[],"class_list":{"0":"post-16796","1":"product","2":"type-product","3":"status-publish","4":"has-post-thumbnail","6":"product_cat-itfaiyeci-urunleri","8":"first","9":"instock","10":"shipping-taxable","11":"product-type-simple"},"yoast_head":"<!-- This site is optimized with the Yoast SEO plugin v26.0 - https:\/\/yoast.com\/wordpress\/plugins\/seo\/ -->\n<title>Antistatik Alev Almaz \u0130\u015f Elbiseleri (Ceket ve Pantolon Tak\u0131m \/ Tulum) -<\/title>\n<meta name=\"robots\" content=\"index, follow, max-snippet:-1, max-image-preview:large, max-video-preview:-1\" \/>\n<link rel=\"canonical\" href=\"http:\/\/www.isgurun.com\/index.php\/product\/antistatik-alev-almaz-is-elbiseleri-ceket-ve-pantolon-takim-tulum\/\" \/>\n<meta property=\"og:locale\" content=\"tr_TR\" \/>\n<meta property=\"og:type\" content=\"article\" \/>\n<meta property=\"og:title\" content=\"Antistatik Alev Almaz \u0130\u015f Elbiseleri (Ceket ve Pantolon Tak\u0131m \/ Tulum) -\" \/>\n<meta property=\"og:description\" content=\"Alev almaz tulum modelleri en uygun fiyatlarla Mevsimceisg.com&#8217;da. standartlara uygun olarak \u00fcretilen alev almaz i\u015f elbiseleri ekipmanlar\u0131 online sat\u0131n al\u0131n!\" \/>\n<meta property=\"og:url\" content=\"http:\/\/www.isgurun.com\/index.php\/product\/antistatik-alev-almaz-is-elbiseleri-ceket-ve-pantolon-takim-tulum\/\" \/>\n<meta property=\"article:modified_time\" content=\"2023-09-12T21:23:07+00:00\" \/>\n<meta property=\"og:image\" content=\"http:\/\/www.isgurun.com\/wp-content\/uploads\/2023\/08\/antistarik-alev-almaz-tulum.jpg\" \/>\n\t<meta property=\"og:image:width\" content=\"923\" \/>\n\t<meta property=\"og:image:height\" content=\"646\" \/>\n\t<meta property=\"og:image:type\" content=\"image\/jpeg\" \/>\n<meta name=\"twitter:card\" content=\"summary_large_image\" \/>\n<script type=\"application\/ld+json\" class=\"yoast-schema-graph\">{\"@context\":\"https:\/\/schema.org\",\"@graph\":[{\"@type\":\"WebPage\",\"@id\":\"http:\/\/www.isgurun.com\/index.php\/product\/antistatik-alev-almaz-is-elbiseleri-ceket-ve-pantolon-takim-tulum\/\",\"url\":\"http:\/\/www.isgurun.com\/index.php\/product\/antistatik-alev-almaz-is-elbiseleri-ceket-ve-pantolon-takim-tulum\/\",\"name\":\"Antistatik Alev Almaz \u0130\u015f Elbiseleri (Ceket ve Pantolon Tak\u0131m \/ Tulum) -\",\"isPartOf\":{\"@id\":\"https:\/\/www.isgurun.com\/#website\"},\"primaryImageOfPage\":{\"@id\":\"http:\/\/www.isgurun.com\/index.php\/product\/antistatik-alev-almaz-is-elbiseleri-ceket-ve-pantolon-takim-tulum\/#primaryimage\"},\"image\":{\"@id\":\"http:\/\/www.isgurun.com\/index.php\/product\/antistatik-alev-almaz-is-elbiseleri-ceket-ve-pantolon-takim-tulum\/#primaryimage\"},\"thumbnailUrl\":\"http:\/\/www.isgurun.com\/wp-content\/uploads\/2023\/08\/antistarik-alev-almaz-tulum.jpg\",\"datePublished\":\"2023-08-28T15:55:36+00:00\",\"dateModified\":\"2023-09-12T21:23:07+00:00\",\"breadcrumb\":{\"@id\":\"http:\/\/www.isgurun.com\/index.php\/product\/antistatik-alev-almaz-is-elbiseleri-ceket-ve-pantolon-takim-tulum\/#breadcrumb\"},\"inLanguage\":\"tr\",\"potentialAction\":[{\"@type\":\"ReadAction\",\"target\":[\"http:\/\/www.isgurun.com\/index.php\/product\/antistatik-alev-almaz-is-elbiseleri-ceket-ve-pantolon-takim-tulum\/\"]}]},{\"@type\":\"ImageObject\",\"inLanguage\":\"tr\",\"@id\":\"http:\/\/www.isgurun.com\/index.php\/product\/antistatik-alev-almaz-is-elbiseleri-ceket-ve-pantolon-takim-tulum\/#primaryimage\",\"url\":\"http:\/\/www.isgurun.com\/wp-content\/uploads\/2023\/08\/antistarik-alev-almaz-tulum.jpg\",\"contentUrl\":\"http:\/\/www.isgurun.com\/wp-content\/uploads\/2023\/08\/antistarik-alev-almaz-tulum.jpg\",\"width\":923,\"height\":646},{\"@type\":\"BreadcrumbList\",\"@id\":\"http:\/\/www.isgurun.com\/index.php\/product\/antistatik-alev-almaz-is-elbiseleri-ceket-ve-pantolon-takim-tulum\/#breadcrumb\",\"itemListElement\":[{\"@type\":\"ListItem\",\"position\":1,\"name\":\"Anasayfa\",\"item\":\"https:\/\/www.isgurun.com\/\"},{\"@type\":\"ListItem\",\"position\":2,\"name\":\"Shop\",\"item\":\"http:\/\/www.isgurun.com\/index.php\/shop\/\"},{\"@type\":\"ListItem\",\"position\":3,\"name\":\"Antistatik Alev Almaz \u0130\u015f Elbiseleri (Ceket ve Pantolon Tak\u0131m \/ Tulum)\"}]},{\"@type\":\"WebSite\",\"@id\":\"https:\/\/www.isgurun.com\/#website\",\"url\":\"https:\/\/www.isgurun.com\/\",\"name\":\"https:\/\/www.isgurun.com\",\"description\":\"\",\"publisher\":{\"@id\":\"https:\/\/www.isgurun.com\/#organization\"},\"potentialAction\":[{\"@type\":\"SearchAction\",\"target\":{\"@type\":\"EntryPoint\",\"urlTemplate\":\"https:\/\/www.isgurun.com\/?s={search_term_string}\"},\"query-input\":{\"@type\":\"PropertyValueSpecification\",\"valueRequired\":true,\"valueName\":\"search_term_string\"}}],\"inLanguage\":\"tr\"},{\"@type\":\"Organization\",\"@id\":\"https:\/\/www.isgurun.com\/#organization\",\"name\":\"Kurulu\u015f \u0130\u015f Elbiseleri\",\"alternateName\":\"K\u0130E\",\"url\":\"https:\/\/www.isgurun.com\/\",\"logo\":{\"@type\":\"ImageObject\",\"inLanguage\":\"tr\",\"@id\":\"https:\/\/www.isgurun.com\/#\/schema\/logo\/image\/\",\"url\":\"http:\/\/www.isgurun.com\/wp-content\/uploads\/2025\/01\/cropped-Artboard-1-5.png\",\"contentUrl\":\"http:\/\/www.isgurun.com\/wp-content\/uploads\/2025\/01\/cropped-Artboard-1-5.png\",\"width\":783,\"height\":636,\"caption\":\"Kurulu\u015f \u0130\u015f Elbiseleri\"},\"image\":{\"@id\":\"https:\/\/www.isgurun.com\/#\/schema\/logo\/image\/\"}}]}<\/script>\n<!-- \/ Yoast SEO plugin. -->","yoast_head_json":{"title":"Antistatik Alev Almaz \u0130\u015f Elbiseleri (Ceket ve Pantolon Tak\u0131m \/ Tulum) -","robots":{"index":"index","follow":"follow","max-snippet":"max-snippet:-1","max-image-preview":"max-image-preview:large","max-video-preview":"max-video-preview:-1"},"canonical":"http:\/\/www.isgurun.com\/index.php\/product\/antistatik-alev-almaz-is-elbiseleri-ceket-ve-pantolon-takim-tulum\/","og_locale":"tr_TR","og_type":"article","og_title":"Antistatik Alev Almaz \u0130\u015f Elbiseleri (Ceket ve Pantolon Tak\u0131m \/ Tulum) -","og_description":"Alev almaz tulum modelleri en uygun fiyatlarla Mevsimceisg.com&#8217;da. standartlara uygun olarak \u00fcretilen alev almaz i\u015f elbiseleri ekipmanlar\u0131 online sat\u0131n al\u0131n!","og_url":"http:\/\/www.isgurun.com\/index.php\/product\/antistatik-alev-almaz-is-elbiseleri-ceket-ve-pantolon-takim-tulum\/","article_modified_time":"2023-09-12T21:23:07+00:00","og_image":[{"width":923,"height":646,"url":"http:\/\/www.isgurun.com\/wp-content\/uploads\/2023\/08\/antistarik-alev-almaz-tulum.jpg","type":"image\/jpeg"}],"twitter_card":"summary_large_image","schema":{"@context":"https:\/\/schema.org","@graph":[{"@type":"WebPage","@id":"http:\/\/www.isgurun.com\/index.php\/product\/antistatik-alev-almaz-is-elbiseleri-ceket-ve-pantolon-takim-tulum\/","url":"http:\/\/www.isgurun.com\/index.php\/product\/antistatik-alev-almaz-is-elbiseleri-ceket-ve-pantolon-takim-tulum\/","name":"Antistatik Alev Almaz \u0130\u015f Elbiseleri (Ceket ve Pantolon Tak\u0131m \/ Tulum) -","isPartOf":{"@id":"https:\/\/www.isgurun.com\/#website"},"primaryImageOfPage":{"@id":"http:\/\/www.isgurun.com\/index.php\/product\/antistatik-alev-almaz-is-elbiseleri-ceket-ve-pantolon-takim-tulum\/#primaryimage"},"image":{"@id":"http:\/\/www.isgurun.com\/index.php\/product\/antistatik-alev-almaz-is-elbiseleri-ceket-ve-pantolon-takim-tulum\/#primaryimage"},"thumbnailUrl":"http:\/\/www.isgurun.com\/wp-content\/uploads\/2023\/08\/antistarik-alev-almaz-tulum.jpg","datePublished":"2023-08-28T15:55:36+00:00","dateModified":"2023-09-12T21:23:07+00:00","breadcrumb":{"@id":"http:\/\/www.isgurun.com\/index.php\/product\/antistatik-alev-almaz-is-elbiseleri-ceket-ve-pantolon-takim-tulum\/#breadcrumb"},"inLanguage":"tr","potentialAction":[{"@type":"ReadAction","target":["http:\/\/www.isgurun.com\/index.php\/product\/antistatik-alev-almaz-is-elbiseleri-ceket-ve-pantolon-takim-tulum\/"]}]},{"@type":"ImageObject","inLanguage":"tr","@id":"http:\/\/www.isgurun.com\/index.php\/product\/antistatik-alev-almaz-is-elbiseleri-ceket-ve-pantolon-takim-tulum\/#primaryimage","url":"http:\/\/www.isgurun.com\/wp-content\/uploads\/2023\/08\/antistarik-alev-almaz-tulum.jpg","contentUrl":"http:\/\/www.isgurun.com\/wp-content\/uploads\/2023\/08\/antistarik-alev-almaz-tulum.jpg","width":923,"height":646},{"@type":"BreadcrumbList","@id":"http:\/\/www.isgurun.com\/index.php\/product\/antistatik-alev-almaz-is-elbiseleri-ceket-ve-pantolon-takim-tulum\/#breadcrumb","itemListElement":[{"@type":"ListItem","position":1,"name":"Anasayfa","item":"https:\/\/www.isgurun.com\/"},{"@type":"ListItem","position":2,"name":"Shop","item":"http:\/\/www.isgurun.com\/index.php\/shop\/"},{"@type":"ListItem","position":3,"name":"Antistatik Alev Almaz \u0130\u015f Elbiseleri (Ceket ve Pantolon Tak\u0131m \/ Tulum)"}]},{"@type":"WebSite","@id":"https:\/\/www.isgurun.com\/#website","url":"https:\/\/www.isgurun.com\/","name":"https:\/\/www.isgurun.com","description":"","publisher":{"@id":"https:\/\/www.isgurun.com\/#organization"},"potentialAction":[{"@type":"SearchAction","target":{"@type":"EntryPoint","urlTemplate":"https:\/\/www.isgurun.com\/?s={search_term_string}"},"query-input":{"@type":"PropertyValueSpecification","valueRequired":true,"valueName":"search_term_string"}}],"inLanguage":"tr"},{"@type":"Organization","@id":"https:\/\/www.isgurun.com\/#organization","name":"Kurulu\u015f \u0130\u015f Elbiseleri","alternateName":"K\u0130E","url":"https:\/\/www.isgurun.com\/","logo":{"@type":"ImageObject","inLanguage":"tr","@id":"https:\/\/www.isgurun.com\/#\/schema\/logo\/image\/","url":"http:\/\/www.isgurun.com\/wp-content\/uploads\/2025\/01\/cropped-Artboard-1-5.png","contentUrl":"http:\/\/www.isgurun.com\/wp-content\/uploads\/2025\/01\/cropped-Artboard-1-5.png","width":783,"height":636,"caption":"Kurulu\u015f \u0130\u015f Elbiseleri"},"image":{"@id":"https:\/\/www.isgurun.com\/#\/schema\/logo\/image\/"}}]}},"_links":{"self":[{"href":"http:\/\/www.isgurun.com\/index.php\/wp-json\/wp\/v2\/product\/16796","targetHints":{"allow":["GET"]}}],"collection":[{"href":"http:\/\/www.isgurun.com\/index.php\/wp-json\/wp\/v2\/product"}],"about":[{"href":"http:\/\/www.isgurun.com\/index.php\/wp-json\/wp\/v2\/types\/product"}],"version-history":[{"count":1,"href":"http:\/\/www.isgurun.com\/index.php\/wp-json\/wp\/v2\/product\/16796\/revisions"}],"predecessor-version":[{"id":16898,"href":"http:\/\/www.isgurun.com\/index.php\/wp-json\/wp\/v2\/product\/16796\/revisions\/16898"}],"wp:featuredmedia":[{"embeddable":true,"href":"http:\/\/www.isgurun.com\/index.php\/wp-json\/wp\/v2\/media\/15954"}],"wp:attachment":[{"href":"http:\/\/www.isgurun.com\/index.php\/wp-json\/wp\/v2\/media?parent=16796"}],"wp:term":[{"taxonomy":"product_brand","embeddable":true,"href":"http:\/\/www.isgurun.com\/index.php\/wp-json\/wp\/v2\/product_brand?post=16796"},{"taxonomy":"product_cat","embeddable":true,"href":"http:\/\/www.isgurun.com\/index.php\/wp-json\/wp\/v2\/product_cat?post=16796"},{"taxonomy":"product_tag","embeddable":true,"href":"http:\/\/www.isgurun.com\/index.php\/wp-json\/wp\/v2\/product_tag?post=16796"}],"curies":[{"name":"wp","href":"https:\/\/api.w.org\/{rel}","templated":true}]}}