{"id":16806,"date":"2023-08-28T15:55:39","date_gmt":"2023-08-28T15:55:39","guid":{"rendered":"http:\/\/www.isgurun.com\/index.php\/product\/itfaiyeci-eldiveni-2\/"},"modified":"2023-09-12T21:22:08","modified_gmt":"2023-09-12T21:22:08","slug":"itfaiyeci-eldiveni-2","status":"publish","type":"product","link":"http:\/\/www.isgurun.com\/index.php\/product\/itfaiyeci-eldiveni-2\/","title":{"rendered":"\u0130tfaiyeci Eldiveni 2"},"content":{"rendered":"<p>\u0130tfaiyeci Eldiveni uygun fiyat ve indirim f\u0131rsatlar\u0131yla Mevsimceisg.comda. T\u0131kla, en ucuz \u0130tfaiyeci Eldiveni aya\u011f\u0131na gelsin<\/p>\n<p> Fiyat teklifi i\u00e7in bize mail ya da telefon yoluyla ula\u015fabilirsiniz.<\/p>\n<p> \u00d6zellikleri<\/p>\n<p> \u0130tfaiyeci eldiveni \u0131s\u0131ya ve suya daya<\/p>\n","protected":false},"excerpt":{"rendered":"<p>\u0130tfaiyeci Eldiveni uygun fiyat ve indirim f\u0131rsatlar\u0131yla Mevsimceisg.comda. T\u0131kla, en ucuz \u0130tfaiyeci Eldiveni aya\u011f\u0131na gelsin Fiyat teklifi i\u00e7in bize mail ya da telefon yoluyla ula\u015fabilirsiniz. \u00d6zellikleri \u0130tfaiyeci eldiveni \u0131s\u0131ya ve suya daya<\/p>\n","protected":false},"featured_media":15974,"template":"","meta":[],"product_brand":[],"product_cat":[72],"product_tag":[],"class_list":{"0":"post-16806","1":"product","2":"type-product","3":"status-publish","4":"has-post-thumbnail","6":"product_cat-itfaiyeci-urunleri","8":"first","9":"instock","10":"shipping-taxable","11":"product-type-simple"},"yoast_head":"<!-- This site is optimized with the Yoast SEO plugin v26.0 - https:\/\/yoast.com\/wordpress\/plugins\/seo\/ -->\n<title>\u0130tfaiyeci Eldiveni 2 -<\/title>\n<meta name=\"robots\" content=\"index, follow, max-snippet:-1, max-image-preview:large, max-video-preview:-1\" \/>\n<link rel=\"canonical\" href=\"http:\/\/www.isgurun.com\/index.php\/product\/itfaiyeci-eldiveni-2\/\" \/>\n<meta property=\"og:locale\" content=\"tr_TR\" \/>\n<meta property=\"og:type\" content=\"article\" \/>\n<meta property=\"og:title\" content=\"\u0130tfaiyeci Eldiveni 2 -\" \/>\n<meta property=\"og:description\" content=\"\u0130tfaiyeci Eldiveni uygun fiyat ve indirim f\u0131rsatlar\u0131yla Mevsimceisg.comda. T\u0131kla, en ucuz \u0130tfaiyeci Eldiveni aya\u011f\u0131na gelsin Fiyat teklifi i\u00e7in bize mail ya da telefon yoluyla ula\u015fabilirsiniz. \u00d6zellikleri \u0130tfaiyeci eldiveni \u0131s\u0131ya ve suya daya\" \/>\n<meta property=\"og:url\" content=\"http:\/\/www.isgurun.com\/index.php\/product\/itfaiyeci-eldiveni-2\/\" \/>\n<meta property=\"article:modified_time\" content=\"2023-09-12T21:22:08+00:00\" \/>\n<meta property=\"og:image\" content=\"http:\/\/www.isgurun.com\/wp-content\/uploads\/2023\/08\/itfaiyeci-eldiveni-deri.jpg\" \/>\n\t<meta property=\"og:image:width\" content=\"321\" \/>\n\t<meta property=\"og:image:height\" content=\"225\" \/>\n\t<meta property=\"og:image:type\" content=\"image\/jpeg\" \/>\n<meta name=\"twitter:card\" content=\"summary_large_image\" \/>\n<script type=\"application\/ld+json\" class=\"yoast-schema-graph\">{\"@context\":\"https:\/\/schema.org\",\"@graph\":[{\"@type\":\"WebPage\",\"@id\":\"http:\/\/www.isgurun.com\/index.php\/product\/itfaiyeci-eldiveni-2\/\",\"url\":\"http:\/\/www.isgurun.com\/index.php\/product\/itfaiyeci-eldiveni-2\/\",\"name\":\"\u0130tfaiyeci Eldiveni 2 -\",\"isPartOf\":{\"@id\":\"https:\/\/www.isgurun.com\/#website\"},\"primaryImageOfPage\":{\"@id\":\"http:\/\/www.isgurun.com\/index.php\/product\/itfaiyeci-eldiveni-2\/#primaryimage\"},\"image\":{\"@id\":\"http:\/\/www.isgurun.com\/index.php\/product\/itfaiyeci-eldiveni-2\/#primaryimage\"},\"thumbnailUrl\":\"http:\/\/www.isgurun.com\/wp-content\/uploads\/2023\/08\/itfaiyeci-eldiveni-deri.jpg\",\"datePublished\":\"2023-08-28T15:55:39+00:00\",\"dateModified\":\"2023-09-12T21:22:08+00:00\",\"breadcrumb\":{\"@id\":\"http:\/\/www.isgurun.com\/index.php\/product\/itfaiyeci-eldiveni-2\/#breadcrumb\"},\"inLanguage\":\"tr\",\"potentialAction\":[{\"@type\":\"ReadAction\",\"target\":[\"http:\/\/www.isgurun.com\/index.php\/product\/itfaiyeci-eldiveni-2\/\"]}]},{\"@type\":\"ImageObject\",\"inLanguage\":\"tr\",\"@id\":\"http:\/\/www.isgurun.com\/index.php\/product\/itfaiyeci-eldiveni-2\/#primaryimage\",\"url\":\"http:\/\/www.isgurun.com\/wp-content\/uploads\/2023\/08\/itfaiyeci-eldiveni-deri.jpg\",\"contentUrl\":\"http:\/\/www.isgurun.com\/wp-content\/uploads\/2023\/08\/itfaiyeci-eldiveni-deri.jpg\",\"width\":321,\"height\":225},{\"@type\":\"BreadcrumbList\",\"@id\":\"http:\/\/www.isgurun.com\/index.php\/product\/itfaiyeci-eldiveni-2\/#breadcrumb\",\"itemListElement\":[{\"@type\":\"ListItem\",\"position\":1,\"name\":\"Anasayfa\",\"item\":\"https:\/\/www.isgurun.com\/\"},{\"@type\":\"ListItem\",\"position\":2,\"name\":\"Shop\",\"item\":\"http:\/\/www.isgurun.com\/index.php\/shop\/\"},{\"@type\":\"ListItem\",\"position\":3,\"name\":\"\u0130tfaiyeci Eldiveni 2\"}]},{\"@type\":\"WebSite\",\"@id\":\"https:\/\/www.isgurun.com\/#website\",\"url\":\"https:\/\/www.isgurun.com\/\",\"name\":\"https:\/\/www.isgurun.com\",\"description\":\"\",\"publisher\":{\"@id\":\"https:\/\/www.isgurun.com\/#organization\"},\"potentialAction\":[{\"@type\":\"SearchAction\",\"target\":{\"@type\":\"EntryPoint\",\"urlTemplate\":\"https:\/\/www.isgurun.com\/?s={search_term_string}\"},\"query-input\":{\"@type\":\"PropertyValueSpecification\",\"valueRequired\":true,\"valueName\":\"search_term_string\"}}],\"inLanguage\":\"tr\"},{\"@type\":\"Organization\",\"@id\":\"https:\/\/www.isgurun.com\/#organization\",\"name\":\"Kurulu\u015f \u0130\u015f Elbiseleri\",\"alternateName\":\"K\u0130E\",\"url\":\"https:\/\/www.isgurun.com\/\",\"logo\":{\"@type\":\"ImageObject\",\"inLanguage\":\"tr\",\"@id\":\"https:\/\/www.isgurun.com\/#\/schema\/logo\/image\/\",\"url\":\"http:\/\/www.isgurun.com\/wp-content\/uploads\/2025\/01\/cropped-Artboard-1-5.png\",\"contentUrl\":\"http:\/\/www.isgurun.com\/wp-content\/uploads\/2025\/01\/cropped-Artboard-1-5.png\",\"width\":783,\"height\":636,\"caption\":\"Kurulu\u015f \u0130\u015f Elbiseleri\"},\"image\":{\"@id\":\"https:\/\/www.isgurun.com\/#\/schema\/logo\/image\/\"}}]}<\/script>\n<!-- \/ Yoast SEO plugin. -->","yoast_head_json":{"title":"\u0130tfaiyeci Eldiveni 2 -","robots":{"index":"index","follow":"follow","max-snippet":"max-snippet:-1","max-image-preview":"max-image-preview:large","max-video-preview":"max-video-preview:-1"},"canonical":"http:\/\/www.isgurun.com\/index.php\/product\/itfaiyeci-eldiveni-2\/","og_locale":"tr_TR","og_type":"article","og_title":"\u0130tfaiyeci Eldiveni 2 -","og_description":"\u0130tfaiyeci Eldiveni uygun fiyat ve indirim f\u0131rsatlar\u0131yla Mevsimceisg.comda. T\u0131kla, en ucuz \u0130tfaiyeci Eldiveni aya\u011f\u0131na gelsin Fiyat teklifi i\u00e7in bize mail ya da telefon yoluyla ula\u015fabilirsiniz. \u00d6zellikleri \u0130tfaiyeci eldiveni \u0131s\u0131ya ve suya daya","og_url":"http:\/\/www.isgurun.com\/index.php\/product\/itfaiyeci-eldiveni-2\/","article_modified_time":"2023-09-12T21:22:08+00:00","og_image":[{"width":321,"height":225,"url":"http:\/\/www.isgurun.com\/wp-content\/uploads\/2023\/08\/itfaiyeci-eldiveni-deri.jpg","type":"image\/jpeg"}],"twitter_card":"summary_large_image","schema":{"@context":"https:\/\/schema.org","@graph":[{"@type":"WebPage","@id":"http:\/\/www.isgurun.com\/index.php\/product\/itfaiyeci-eldiveni-2\/","url":"http:\/\/www.isgurun.com\/index.php\/product\/itfaiyeci-eldiveni-2\/","name":"\u0130tfaiyeci Eldiveni 2 -","isPartOf":{"@id":"https:\/\/www.isgurun.com\/#website"},"primaryImageOfPage":{"@id":"http:\/\/www.isgurun.com\/index.php\/product\/itfaiyeci-eldiveni-2\/#primaryimage"},"image":{"@id":"http:\/\/www.isgurun.com\/index.php\/product\/itfaiyeci-eldiveni-2\/#primaryimage"},"thumbnailUrl":"http:\/\/www.isgurun.com\/wp-content\/uploads\/2023\/08\/itfaiyeci-eldiveni-deri.jpg","datePublished":"2023-08-28T15:55:39+00:00","dateModified":"2023-09-12T21:22:08+00:00","breadcrumb":{"@id":"http:\/\/www.isgurun.com\/index.php\/product\/itfaiyeci-eldiveni-2\/#breadcrumb"},"inLanguage":"tr","potentialAction":[{"@type":"ReadAction","target":["http:\/\/www.isgurun.com\/index.php\/product\/itfaiyeci-eldiveni-2\/"]}]},{"@type":"ImageObject","inLanguage":"tr","@id":"http:\/\/www.isgurun.com\/index.php\/product\/itfaiyeci-eldiveni-2\/#primaryimage","url":"http:\/\/www.isgurun.com\/wp-content\/uploads\/2023\/08\/itfaiyeci-eldiveni-deri.jpg","contentUrl":"http:\/\/www.isgurun.com\/wp-content\/uploads\/2023\/08\/itfaiyeci-eldiveni-deri.jpg","width":321,"height":225},{"@type":"BreadcrumbList","@id":"http:\/\/www.isgurun.com\/index.php\/product\/itfaiyeci-eldiveni-2\/#breadcrumb","itemListElement":[{"@type":"ListItem","position":1,"name":"Anasayfa","item":"https:\/\/www.isgurun.com\/"},{"@type":"ListItem","position":2,"name":"Shop","item":"http:\/\/www.isgurun.com\/index.php\/shop\/"},{"@type":"ListItem","position":3,"name":"\u0130tfaiyeci Eldiveni 2"}]},{"@type":"WebSite","@id":"https:\/\/www.isgurun.com\/#website","url":"https:\/\/www.isgurun.com\/","name":"https:\/\/www.isgurun.com","description":"","publisher":{"@id":"https:\/\/www.isgurun.com\/#organization"},"potentialAction":[{"@type":"SearchAction","target":{"@type":"EntryPoint","urlTemplate":"https:\/\/www.isgurun.com\/?s={search_term_string}"},"query-input":{"@type":"PropertyValueSpecification","valueRequired":true,"valueName":"search_term_string"}}],"inLanguage":"tr"},{"@type":"Organization","@id":"https:\/\/www.isgurun.com\/#organization","name":"Kurulu\u015f \u0130\u015f Elbiseleri","alternateName":"K\u0130E","url":"https:\/\/www.isgurun.com\/","logo":{"@type":"ImageObject","inLanguage":"tr","@id":"https:\/\/www.isgurun.com\/#\/schema\/logo\/image\/","url":"http:\/\/www.isgurun.com\/wp-content\/uploads\/2025\/01\/cropped-Artboard-1-5.png","contentUrl":"http:\/\/www.isgurun.com\/wp-content\/uploads\/2025\/01\/cropped-Artboard-1-5.png","width":783,"height":636,"caption":"Kurulu\u015f \u0130\u015f Elbiseleri"},"image":{"@id":"https:\/\/www.isgurun.com\/#\/schema\/logo\/image\/"}}]}},"_links":{"self":[{"href":"http:\/\/www.isgurun.com\/index.php\/wp-json\/wp\/v2\/product\/16806","targetHints":{"allow":["GET"]}}],"collection":[{"href":"http:\/\/www.isgurun.com\/index.php\/wp-json\/wp\/v2\/product"}],"about":[{"href":"http:\/\/www.isgurun.com\/index.php\/wp-json\/wp\/v2\/types\/product"}],"version-history":[{"count":1,"href":"http:\/\/www.isgurun.com\/index.php\/wp-json\/wp\/v2\/product\/16806\/revisions"}],"predecessor-version":[{"id":16888,"href":"http:\/\/www.isgurun.com\/index.php\/wp-json\/wp\/v2\/product\/16806\/revisions\/16888"}],"wp:featuredmedia":[{"embeddable":true,"href":"http:\/\/www.isgurun.com\/index.php\/wp-json\/wp\/v2\/media\/15974"}],"wp:attachment":[{"href":"http:\/\/www.isgurun.com\/index.php\/wp-json\/wp\/v2\/media?parent=16806"}],"wp:term":[{"taxonomy":"product_brand","embeddable":true,"href":"http:\/\/www.isgurun.com\/index.php\/wp-json\/wp\/v2\/product_brand?post=16806"},{"taxonomy":"product_cat","embeddable":true,"href":"http:\/\/www.isgurun.com\/index.php\/wp-json\/wp\/v2\/product_cat?post=16806"},{"taxonomy":"product_tag","embeddable":true,"href":"http:\/\/www.isgurun.com\/index.php\/wp-json\/wp\/v2\/product_tag?post=16806"}],"curies":[{"name":"wp","href":"https:\/\/api.w.org\/{rel}","templated":true}]}}