{"id":16814,"date":"2023-08-28T15:55:41","date_gmt":"2023-08-28T15:55:41","guid":{"rendered":"http:\/\/www.isgurun.com\/index.php\/product\/carbonvision-9307-koruyucu-gozluk\/"},"modified":"2023-09-12T21:16:38","modified_gmt":"2023-09-12T21:16:38","slug":"carbonvision-9307-koruyucu-gozluk","status":"publish","type":"product","link":"http:\/\/www.isgurun.com\/index.php\/product\/carbonvision-9307-koruyucu-gozluk\/","title":{"rendered":"Carbonvision 9307 Koruyucu G\u00f6zl\u00fck"},"content":{"rendered":"<p>Koruyucu G\u00f6zl\u00fck fiyatlar\u0131, koruyucu g\u00f6zl\u00fck modelleri ve koruyucu g\u00f6zl\u00fck \u00e7e\u015fitleri uygun fiyatlarla burada. T\u0131kla, en ucuz koruyucu g\u00f6zl\u00fck se\u00e7enekleri aya\u011f\u0131na gelsin&#8230;<\/p>\n","protected":false},"excerpt":{"rendered":"<p>Koruyucu G\u00f6zl\u00fck fiyatlar\u0131, koruyucu g\u00f6zl\u00fck modelleri ve koruyucu g\u00f6zl\u00fck \u00e7e\u015fitleri uygun fiyatlarla burada. T\u0131kla, en ucuz koruyucu g\u00f6zl\u00fck se\u00e7enekleri aya\u011f\u0131na gelsin&#8230;<\/p>\n","protected":false},"featured_media":15990,"template":"","meta":[],"product_brand":[],"product_cat":[61,59],"product_tag":[],"class_list":{"0":"post-16814","1":"product","2":"type-product","3":"status-publish","4":"has-post-thumbnail","6":"product_cat-goz-koruyucular","7":"product_cat-kisisel-koruyucu-malzemeler","9":"first","10":"instock","11":"shipping-taxable","12":"product-type-simple"},"yoast_head":"<!-- This site is optimized with the Yoast SEO plugin v26.0 - https:\/\/yoast.com\/wordpress\/plugins\/seo\/ -->\n<title>Carbonvision 9307 Koruyucu G\u00f6zl\u00fck -<\/title>\n<meta name=\"robots\" content=\"index, follow, max-snippet:-1, max-image-preview:large, max-video-preview:-1\" \/>\n<link rel=\"canonical\" href=\"http:\/\/www.isgurun.com\/index.php\/product\/carbonvision-9307-koruyucu-gozluk\/\" \/>\n<meta property=\"og:locale\" content=\"tr_TR\" \/>\n<meta property=\"og:type\" content=\"article\" \/>\n<meta property=\"og:title\" content=\"Carbonvision 9307 Koruyucu G\u00f6zl\u00fck -\" \/>\n<meta property=\"og:description\" content=\"Koruyucu G\u00f6zl\u00fck fiyatlar\u0131, koruyucu g\u00f6zl\u00fck modelleri ve koruyucu g\u00f6zl\u00fck \u00e7e\u015fitleri uygun fiyatlarla burada. T\u0131kla, en ucuz koruyucu g\u00f6zl\u00fck se\u00e7enekleri aya\u011f\u0131na gelsin&#8230;\" \/>\n<meta property=\"og:url\" content=\"http:\/\/www.isgurun.com\/index.php\/product\/carbonvision-9307-koruyucu-gozluk\/\" \/>\n<meta property=\"article:modified_time\" content=\"2023-09-12T21:16:38+00:00\" \/>\n<meta property=\"og:image\" content=\"http:\/\/www.isgurun.com\/wp-content\/uploads\/2023\/08\/carbonvision-9307-gozluk.jpg\" \/>\n\t<meta property=\"og:image:width\" content=\"1772\" \/>\n\t<meta property=\"og:image:height\" content=\"1181\" \/>\n\t<meta property=\"og:image:type\" content=\"image\/jpeg\" \/>\n<meta name=\"twitter:card\" content=\"summary_large_image\" \/>\n<script type=\"application\/ld+json\" class=\"yoast-schema-graph\">{\"@context\":\"https:\/\/schema.org\",\"@graph\":[{\"@type\":\"WebPage\",\"@id\":\"http:\/\/www.isgurun.com\/index.php\/product\/carbonvision-9307-koruyucu-gozluk\/\",\"url\":\"http:\/\/www.isgurun.com\/index.php\/product\/carbonvision-9307-koruyucu-gozluk\/\",\"name\":\"Carbonvision 9307 Koruyucu G\u00f6zl\u00fck -\",\"isPartOf\":{\"@id\":\"https:\/\/www.isgurun.com\/#website\"},\"primaryImageOfPage\":{\"@id\":\"http:\/\/www.isgurun.com\/index.php\/product\/carbonvision-9307-koruyucu-gozluk\/#primaryimage\"},\"image\":{\"@id\":\"http:\/\/www.isgurun.com\/index.php\/product\/carbonvision-9307-koruyucu-gozluk\/#primaryimage\"},\"thumbnailUrl\":\"http:\/\/www.isgurun.com\/wp-content\/uploads\/2023\/08\/carbonvision-9307-gozluk.jpg\",\"datePublished\":\"2023-08-28T15:55:41+00:00\",\"dateModified\":\"2023-09-12T21:16:38+00:00\",\"breadcrumb\":{\"@id\":\"http:\/\/www.isgurun.com\/index.php\/product\/carbonvision-9307-koruyucu-gozluk\/#breadcrumb\"},\"inLanguage\":\"tr\",\"potentialAction\":[{\"@type\":\"ReadAction\",\"target\":[\"http:\/\/www.isgurun.com\/index.php\/product\/carbonvision-9307-koruyucu-gozluk\/\"]}]},{\"@type\":\"ImageObject\",\"inLanguage\":\"tr\",\"@id\":\"http:\/\/www.isgurun.com\/index.php\/product\/carbonvision-9307-koruyucu-gozluk\/#primaryimage\",\"url\":\"http:\/\/www.isgurun.com\/wp-content\/uploads\/2023\/08\/carbonvision-9307-gozluk.jpg\",\"contentUrl\":\"http:\/\/www.isgurun.com\/wp-content\/uploads\/2023\/08\/carbonvision-9307-gozluk.jpg\",\"width\":1772,\"height\":1181},{\"@type\":\"BreadcrumbList\",\"@id\":\"http:\/\/www.isgurun.com\/index.php\/product\/carbonvision-9307-koruyucu-gozluk\/#breadcrumb\",\"itemListElement\":[{\"@type\":\"ListItem\",\"position\":1,\"name\":\"Anasayfa\",\"item\":\"https:\/\/www.isgurun.com\/\"},{\"@type\":\"ListItem\",\"position\":2,\"name\":\"Shop\",\"item\":\"http:\/\/www.isgurun.com\/index.php\/shop\/\"},{\"@type\":\"ListItem\",\"position\":3,\"name\":\"Carbonvision 9307 Koruyucu G\u00f6zl\u00fck\"}]},{\"@type\":\"WebSite\",\"@id\":\"https:\/\/www.isgurun.com\/#website\",\"url\":\"https:\/\/www.isgurun.com\/\",\"name\":\"https:\/\/www.isgurun.com\",\"description\":\"\",\"publisher\":{\"@id\":\"https:\/\/www.isgurun.com\/#organization\"},\"potentialAction\":[{\"@type\":\"SearchAction\",\"target\":{\"@type\":\"EntryPoint\",\"urlTemplate\":\"https:\/\/www.isgurun.com\/?s={search_term_string}\"},\"query-input\":{\"@type\":\"PropertyValueSpecification\",\"valueRequired\":true,\"valueName\":\"search_term_string\"}}],\"inLanguage\":\"tr\"},{\"@type\":\"Organization\",\"@id\":\"https:\/\/www.isgurun.com\/#organization\",\"name\":\"Kurulu\u015f \u0130\u015f Elbiseleri\",\"alternateName\":\"K\u0130E\",\"url\":\"https:\/\/www.isgurun.com\/\",\"logo\":{\"@type\":\"ImageObject\",\"inLanguage\":\"tr\",\"@id\":\"https:\/\/www.isgurun.com\/#\/schema\/logo\/image\/\",\"url\":\"http:\/\/www.isgurun.com\/wp-content\/uploads\/2025\/01\/cropped-Artboard-1-5.png\",\"contentUrl\":\"http:\/\/www.isgurun.com\/wp-content\/uploads\/2025\/01\/cropped-Artboard-1-5.png\",\"width\":783,\"height\":636,\"caption\":\"Kurulu\u015f \u0130\u015f Elbiseleri\"},\"image\":{\"@id\":\"https:\/\/www.isgurun.com\/#\/schema\/logo\/image\/\"}}]}<\/script>\n<!-- \/ Yoast SEO plugin. -->","yoast_head_json":{"title":"Carbonvision 9307 Koruyucu G\u00f6zl\u00fck -","robots":{"index":"index","follow":"follow","max-snippet":"max-snippet:-1","max-image-preview":"max-image-preview:large","max-video-preview":"max-video-preview:-1"},"canonical":"http:\/\/www.isgurun.com\/index.php\/product\/carbonvision-9307-koruyucu-gozluk\/","og_locale":"tr_TR","og_type":"article","og_title":"Carbonvision 9307 Koruyucu G\u00f6zl\u00fck -","og_description":"Koruyucu G\u00f6zl\u00fck fiyatlar\u0131, koruyucu g\u00f6zl\u00fck modelleri ve koruyucu g\u00f6zl\u00fck \u00e7e\u015fitleri uygun fiyatlarla burada. T\u0131kla, en ucuz koruyucu g\u00f6zl\u00fck se\u00e7enekleri aya\u011f\u0131na gelsin&#8230;","og_url":"http:\/\/www.isgurun.com\/index.php\/product\/carbonvision-9307-koruyucu-gozluk\/","article_modified_time":"2023-09-12T21:16:38+00:00","og_image":[{"width":1772,"height":1181,"url":"http:\/\/www.isgurun.com\/wp-content\/uploads\/2023\/08\/carbonvision-9307-gozluk.jpg","type":"image\/jpeg"}],"twitter_card":"summary_large_image","schema":{"@context":"https:\/\/schema.org","@graph":[{"@type":"WebPage","@id":"http:\/\/www.isgurun.com\/index.php\/product\/carbonvision-9307-koruyucu-gozluk\/","url":"http:\/\/www.isgurun.com\/index.php\/product\/carbonvision-9307-koruyucu-gozluk\/","name":"Carbonvision 9307 Koruyucu G\u00f6zl\u00fck -","isPartOf":{"@id":"https:\/\/www.isgurun.com\/#website"},"primaryImageOfPage":{"@id":"http:\/\/www.isgurun.com\/index.php\/product\/carbonvision-9307-koruyucu-gozluk\/#primaryimage"},"image":{"@id":"http:\/\/www.isgurun.com\/index.php\/product\/carbonvision-9307-koruyucu-gozluk\/#primaryimage"},"thumbnailUrl":"http:\/\/www.isgurun.com\/wp-content\/uploads\/2023\/08\/carbonvision-9307-gozluk.jpg","datePublished":"2023-08-28T15:55:41+00:00","dateModified":"2023-09-12T21:16:38+00:00","breadcrumb":{"@id":"http:\/\/www.isgurun.com\/index.php\/product\/carbonvision-9307-koruyucu-gozluk\/#breadcrumb"},"inLanguage":"tr","potentialAction":[{"@type":"ReadAction","target":["http:\/\/www.isgurun.com\/index.php\/product\/carbonvision-9307-koruyucu-gozluk\/"]}]},{"@type":"ImageObject","inLanguage":"tr","@id":"http:\/\/www.isgurun.com\/index.php\/product\/carbonvision-9307-koruyucu-gozluk\/#primaryimage","url":"http:\/\/www.isgurun.com\/wp-content\/uploads\/2023\/08\/carbonvision-9307-gozluk.jpg","contentUrl":"http:\/\/www.isgurun.com\/wp-content\/uploads\/2023\/08\/carbonvision-9307-gozluk.jpg","width":1772,"height":1181},{"@type":"BreadcrumbList","@id":"http:\/\/www.isgurun.com\/index.php\/product\/carbonvision-9307-koruyucu-gozluk\/#breadcrumb","itemListElement":[{"@type":"ListItem","position":1,"name":"Anasayfa","item":"https:\/\/www.isgurun.com\/"},{"@type":"ListItem","position":2,"name":"Shop","item":"http:\/\/www.isgurun.com\/index.php\/shop\/"},{"@type":"ListItem","position":3,"name":"Carbonvision 9307 Koruyucu G\u00f6zl\u00fck"}]},{"@type":"WebSite","@id":"https:\/\/www.isgurun.com\/#website","url":"https:\/\/www.isgurun.com\/","name":"https:\/\/www.isgurun.com","description":"","publisher":{"@id":"https:\/\/www.isgurun.com\/#organization"},"potentialAction":[{"@type":"SearchAction","target":{"@type":"EntryPoint","urlTemplate":"https:\/\/www.isgurun.com\/?s={search_term_string}"},"query-input":{"@type":"PropertyValueSpecification","valueRequired":true,"valueName":"search_term_string"}}],"inLanguage":"tr"},{"@type":"Organization","@id":"https:\/\/www.isgurun.com\/#organization","name":"Kurulu\u015f \u0130\u015f Elbiseleri","alternateName":"K\u0130E","url":"https:\/\/www.isgurun.com\/","logo":{"@type":"ImageObject","inLanguage":"tr","@id":"https:\/\/www.isgurun.com\/#\/schema\/logo\/image\/","url":"http:\/\/www.isgurun.com\/wp-content\/uploads\/2025\/01\/cropped-Artboard-1-5.png","contentUrl":"http:\/\/www.isgurun.com\/wp-content\/uploads\/2025\/01\/cropped-Artboard-1-5.png","width":783,"height":636,"caption":"Kurulu\u015f \u0130\u015f Elbiseleri"},"image":{"@id":"https:\/\/www.isgurun.com\/#\/schema\/logo\/image\/"}}]}},"_links":{"self":[{"href":"http:\/\/www.isgurun.com\/index.php\/wp-json\/wp\/v2\/product\/16814","targetHints":{"allow":["GET"]}}],"collection":[{"href":"http:\/\/www.isgurun.com\/index.php\/wp-json\/wp\/v2\/product"}],"about":[{"href":"http:\/\/www.isgurun.com\/index.php\/wp-json\/wp\/v2\/types\/product"}],"version-history":[{"count":1,"href":"http:\/\/www.isgurun.com\/index.php\/wp-json\/wp\/v2\/product\/16814\/revisions"}],"predecessor-version":[{"id":16880,"href":"http:\/\/www.isgurun.com\/index.php\/wp-json\/wp\/v2\/product\/16814\/revisions\/16880"}],"wp:featuredmedia":[{"embeddable":true,"href":"http:\/\/www.isgurun.com\/index.php\/wp-json\/wp\/v2\/media\/15990"}],"wp:attachment":[{"href":"http:\/\/www.isgurun.com\/index.php\/wp-json\/wp\/v2\/media?parent=16814"}],"wp:term":[{"taxonomy":"product_brand","embeddable":true,"href":"http:\/\/www.isgurun.com\/index.php\/wp-json\/wp\/v2\/product_brand?post=16814"},{"taxonomy":"product_cat","embeddable":true,"href":"http:\/\/www.isgurun.com\/index.php\/wp-json\/wp\/v2\/product_cat?post=16814"},{"taxonomy":"product_tag","embeddable":true,"href":"http:\/\/www.isgurun.com\/index.php\/wp-json\/wp\/v2\/product_tag?post=16814"}],"curies":[{"name":"wp","href":"https:\/\/api.w.org\/{rel}","templated":true}]}}