{"id":16830,"date":"2023-08-28T15:55:46","date_gmt":"2023-08-28T15:55:46","guid":{"rendered":"http:\/\/www.isgurun.com\/index.php\/product\/uvex-pheos-alpine-baret\/"},"modified":"2023-09-12T21:14:13","modified_gmt":"2023-09-12T21:14:13","slug":"uvex-pheos-alpine-baret","status":"publish","type":"product","link":"http:\/\/www.isgurun.com\/index.php\/product\/uvex-pheos-alpine-baret\/","title":{"rendered":"Uvex Pheos Alpine Baret"},"content":{"rendered":"<p>Uvex modelleri ve \u00fcr\u00fcnleri, en uygun fiyatlar ile isgurun.com.com&#8217;da. En ucuz Uvex modelleri ve kampanyalar hakk\u0131nda bilgi almak i\u00e7in t\u0131klay\u0131n!<\/p>\n<p> ***Fiyat teklifi i\u00e7in bize mail ya da telefon yoluyla ula\u015fabilirsiniz.<\/p>\n<p> Uvex Pheos Alpine &#8211; y\u00fcksek yerle<\/p>\n","protected":false},"excerpt":{"rendered":"<p>Uvex modelleri ve \u00fcr\u00fcnleri, en uygun fiyatlar ile isgurun.com.com&#8217;da. En ucuz Uvex modelleri ve kampanyalar hakk\u0131nda bilgi almak i\u00e7in t\u0131klay\u0131n! ***Fiyat teklifi i\u00e7in bize mail ya da telefon yoluyla ula\u015fabilirsiniz. Uvex Pheos Alpine &#8211; y\u00fcksek yerle<\/p>\n","protected":false},"featured_media":16022,"template":"","meta":[],"product_brand":[],"product_cat":[60,59],"product_tag":[],"class_list":{"0":"post-16830","1":"product","2":"type-product","3":"status-publish","4":"has-post-thumbnail","6":"product_cat-baret-kafa-koruma","7":"product_cat-kisisel-koruyucu-malzemeler","9":"first","10":"instock","11":"shipping-taxable","12":"product-type-simple"},"yoast_head":"<!-- This site is optimized with the Yoast SEO plugin v26.0 - https:\/\/yoast.com\/wordpress\/plugins\/seo\/ -->\n<title>Uvex Pheos Alpine Baret -<\/title>\n<meta name=\"robots\" content=\"index, follow, max-snippet:-1, max-image-preview:large, max-video-preview:-1\" \/>\n<link rel=\"canonical\" href=\"http:\/\/www.isgurun.com\/index.php\/product\/uvex-pheos-alpine-baret\/\" \/>\n<meta property=\"og:locale\" content=\"tr_TR\" \/>\n<meta property=\"og:type\" content=\"article\" \/>\n<meta property=\"og:title\" content=\"Uvex Pheos Alpine Baret -\" \/>\n<meta property=\"og:description\" content=\"Uvex modelleri ve \u00fcr\u00fcnleri, en uygun fiyatlar ile isgurun.com.com&#8217;da. En ucuz Uvex modelleri ve kampanyalar hakk\u0131nda bilgi almak i\u00e7in t\u0131klay\u0131n! ***Fiyat teklifi i\u00e7in bize mail ya da telefon yoluyla ula\u015fabilirsiniz. Uvex Pheos Alpine &#8211; y\u00fcksek yerle\" \/>\n<meta property=\"og:url\" content=\"http:\/\/www.isgurun.com\/index.php\/product\/uvex-pheos-alpine-baret\/\" \/>\n<meta property=\"article:modified_time\" content=\"2023-09-12T21:14:13+00:00\" \/>\n<meta property=\"og:image\" content=\"http:\/\/www.isgurun.com\/wp-content\/uploads\/2023\/08\/pheos-alpine-baret.jpg\" \/>\n\t<meta property=\"og:image:width\" content=\"1772\" \/>\n\t<meta property=\"og:image:height\" content=\"1181\" \/>\n\t<meta property=\"og:image:type\" content=\"image\/jpeg\" \/>\n<meta name=\"twitter:card\" content=\"summary_large_image\" \/>\n<script type=\"application\/ld+json\" class=\"yoast-schema-graph\">{\"@context\":\"https:\/\/schema.org\",\"@graph\":[{\"@type\":\"WebPage\",\"@id\":\"http:\/\/www.isgurun.com\/index.php\/product\/uvex-pheos-alpine-baret\/\",\"url\":\"http:\/\/www.isgurun.com\/index.php\/product\/uvex-pheos-alpine-baret\/\",\"name\":\"Uvex Pheos Alpine Baret -\",\"isPartOf\":{\"@id\":\"http:\/\/www.isgurun.com\/#website\"},\"primaryImageOfPage\":{\"@id\":\"http:\/\/www.isgurun.com\/index.php\/product\/uvex-pheos-alpine-baret\/#primaryimage\"},\"image\":{\"@id\":\"http:\/\/www.isgurun.com\/index.php\/product\/uvex-pheos-alpine-baret\/#primaryimage\"},\"thumbnailUrl\":\"http:\/\/www.isgurun.com\/wp-content\/uploads\/2023\/08\/pheos-alpine-baret.jpg\",\"datePublished\":\"2023-08-28T15:55:46+00:00\",\"dateModified\":\"2023-09-12T21:14:13+00:00\",\"breadcrumb\":{\"@id\":\"http:\/\/www.isgurun.com\/index.php\/product\/uvex-pheos-alpine-baret\/#breadcrumb\"},\"inLanguage\":\"tr\",\"potentialAction\":[{\"@type\":\"ReadAction\",\"target\":[\"http:\/\/www.isgurun.com\/index.php\/product\/uvex-pheos-alpine-baret\/\"]}]},{\"@type\":\"ImageObject\",\"inLanguage\":\"tr\",\"@id\":\"http:\/\/www.isgurun.com\/index.php\/product\/uvex-pheos-alpine-baret\/#primaryimage\",\"url\":\"http:\/\/www.isgurun.com\/wp-content\/uploads\/2023\/08\/pheos-alpine-baret.jpg\",\"contentUrl\":\"http:\/\/www.isgurun.com\/wp-content\/uploads\/2023\/08\/pheos-alpine-baret.jpg\",\"width\":1772,\"height\":1181},{\"@type\":\"BreadcrumbList\",\"@id\":\"http:\/\/www.isgurun.com\/index.php\/product\/uvex-pheos-alpine-baret\/#breadcrumb\",\"itemListElement\":[{\"@type\":\"ListItem\",\"position\":1,\"name\":\"Anasayfa\",\"item\":\"http:\/\/www.isgurun.com\/\"},{\"@type\":\"ListItem\",\"position\":2,\"name\":\"Shop\",\"item\":\"https:\/\/www.isgurun.com\/index.php\/shop\/\"},{\"@type\":\"ListItem\",\"position\":3,\"name\":\"Uvex Pheos Alpine Baret\"}]},{\"@type\":\"WebSite\",\"@id\":\"http:\/\/www.isgurun.com\/#website\",\"url\":\"http:\/\/www.isgurun.com\/\",\"name\":\"https:\/\/www.isgurun.com\",\"description\":\"\",\"publisher\":{\"@id\":\"http:\/\/www.isgurun.com\/#organization\"},\"potentialAction\":[{\"@type\":\"SearchAction\",\"target\":{\"@type\":\"EntryPoint\",\"urlTemplate\":\"http:\/\/www.isgurun.com\/?s={search_term_string}\"},\"query-input\":{\"@type\":\"PropertyValueSpecification\",\"valueRequired\":true,\"valueName\":\"search_term_string\"}}],\"inLanguage\":\"tr\"},{\"@type\":\"Organization\",\"@id\":\"http:\/\/www.isgurun.com\/#organization\",\"name\":\"Kurulu\u015f \u0130\u015f Elbiseleri\",\"alternateName\":\"K\u0130E\",\"url\":\"http:\/\/www.isgurun.com\/\",\"logo\":{\"@type\":\"ImageObject\",\"inLanguage\":\"tr\",\"@id\":\"http:\/\/www.isgurun.com\/#\/schema\/logo\/image\/\",\"url\":\"http:\/\/www.isgurun.com\/wp-content\/uploads\/2025\/01\/cropped-Artboard-1-5.png\",\"contentUrl\":\"http:\/\/www.isgurun.com\/wp-content\/uploads\/2025\/01\/cropped-Artboard-1-5.png\",\"width\":783,\"height\":636,\"caption\":\"Kurulu\u015f \u0130\u015f Elbiseleri\"},\"image\":{\"@id\":\"http:\/\/www.isgurun.com\/#\/schema\/logo\/image\/\"}}]}<\/script>\n<!-- \/ Yoast SEO plugin. -->","yoast_head_json":{"title":"Uvex Pheos Alpine Baret -","robots":{"index":"index","follow":"follow","max-snippet":"max-snippet:-1","max-image-preview":"max-image-preview:large","max-video-preview":"max-video-preview:-1"},"canonical":"http:\/\/www.isgurun.com\/index.php\/product\/uvex-pheos-alpine-baret\/","og_locale":"tr_TR","og_type":"article","og_title":"Uvex Pheos Alpine Baret -","og_description":"Uvex modelleri ve \u00fcr\u00fcnleri, en uygun fiyatlar ile isgurun.com.com&#8217;da. En ucuz Uvex modelleri ve kampanyalar hakk\u0131nda bilgi almak i\u00e7in t\u0131klay\u0131n! ***Fiyat teklifi i\u00e7in bize mail ya da telefon yoluyla ula\u015fabilirsiniz. Uvex Pheos Alpine &#8211; y\u00fcksek yerle","og_url":"http:\/\/www.isgurun.com\/index.php\/product\/uvex-pheos-alpine-baret\/","article_modified_time":"2023-09-12T21:14:13+00:00","og_image":[{"width":1772,"height":1181,"url":"http:\/\/www.isgurun.com\/wp-content\/uploads\/2023\/08\/pheos-alpine-baret.jpg","type":"image\/jpeg"}],"twitter_card":"summary_large_image","schema":{"@context":"https:\/\/schema.org","@graph":[{"@type":"WebPage","@id":"http:\/\/www.isgurun.com\/index.php\/product\/uvex-pheos-alpine-baret\/","url":"http:\/\/www.isgurun.com\/index.php\/product\/uvex-pheos-alpine-baret\/","name":"Uvex Pheos Alpine Baret -","isPartOf":{"@id":"http:\/\/www.isgurun.com\/#website"},"primaryImageOfPage":{"@id":"http:\/\/www.isgurun.com\/index.php\/product\/uvex-pheos-alpine-baret\/#primaryimage"},"image":{"@id":"http:\/\/www.isgurun.com\/index.php\/product\/uvex-pheos-alpine-baret\/#primaryimage"},"thumbnailUrl":"http:\/\/www.isgurun.com\/wp-content\/uploads\/2023\/08\/pheos-alpine-baret.jpg","datePublished":"2023-08-28T15:55:46+00:00","dateModified":"2023-09-12T21:14:13+00:00","breadcrumb":{"@id":"http:\/\/www.isgurun.com\/index.php\/product\/uvex-pheos-alpine-baret\/#breadcrumb"},"inLanguage":"tr","potentialAction":[{"@type":"ReadAction","target":["http:\/\/www.isgurun.com\/index.php\/product\/uvex-pheos-alpine-baret\/"]}]},{"@type":"ImageObject","inLanguage":"tr","@id":"http:\/\/www.isgurun.com\/index.php\/product\/uvex-pheos-alpine-baret\/#primaryimage","url":"http:\/\/www.isgurun.com\/wp-content\/uploads\/2023\/08\/pheos-alpine-baret.jpg","contentUrl":"http:\/\/www.isgurun.com\/wp-content\/uploads\/2023\/08\/pheos-alpine-baret.jpg","width":1772,"height":1181},{"@type":"BreadcrumbList","@id":"http:\/\/www.isgurun.com\/index.php\/product\/uvex-pheos-alpine-baret\/#breadcrumb","itemListElement":[{"@type":"ListItem","position":1,"name":"Anasayfa","item":"http:\/\/www.isgurun.com\/"},{"@type":"ListItem","position":2,"name":"Shop","item":"https:\/\/www.isgurun.com\/index.php\/shop\/"},{"@type":"ListItem","position":3,"name":"Uvex Pheos Alpine Baret"}]},{"@type":"WebSite","@id":"http:\/\/www.isgurun.com\/#website","url":"http:\/\/www.isgurun.com\/","name":"https:\/\/www.isgurun.com","description":"","publisher":{"@id":"http:\/\/www.isgurun.com\/#organization"},"potentialAction":[{"@type":"SearchAction","target":{"@type":"EntryPoint","urlTemplate":"http:\/\/www.isgurun.com\/?s={search_term_string}"},"query-input":{"@type":"PropertyValueSpecification","valueRequired":true,"valueName":"search_term_string"}}],"inLanguage":"tr"},{"@type":"Organization","@id":"http:\/\/www.isgurun.com\/#organization","name":"Kurulu\u015f \u0130\u015f Elbiseleri","alternateName":"K\u0130E","url":"http:\/\/www.isgurun.com\/","logo":{"@type":"ImageObject","inLanguage":"tr","@id":"http:\/\/www.isgurun.com\/#\/schema\/logo\/image\/","url":"http:\/\/www.isgurun.com\/wp-content\/uploads\/2025\/01\/cropped-Artboard-1-5.png","contentUrl":"http:\/\/www.isgurun.com\/wp-content\/uploads\/2025\/01\/cropped-Artboard-1-5.png","width":783,"height":636,"caption":"Kurulu\u015f \u0130\u015f Elbiseleri"},"image":{"@id":"http:\/\/www.isgurun.com\/#\/schema\/logo\/image\/"}}]}},"_links":{"self":[{"href":"http:\/\/www.isgurun.com\/index.php\/wp-json\/wp\/v2\/product\/16830","targetHints":{"allow":["GET"]}}],"collection":[{"href":"http:\/\/www.isgurun.com\/index.php\/wp-json\/wp\/v2\/product"}],"about":[{"href":"http:\/\/www.isgurun.com\/index.php\/wp-json\/wp\/v2\/types\/product"}],"version-history":[{"count":1,"href":"http:\/\/www.isgurun.com\/index.php\/wp-json\/wp\/v2\/product\/16830\/revisions"}],"predecessor-version":[{"id":16861,"href":"http:\/\/www.isgurun.com\/index.php\/wp-json\/wp\/v2\/product\/16830\/revisions\/16861"}],"wp:featuredmedia":[{"embeddable":true,"href":"http:\/\/www.isgurun.com\/index.php\/wp-json\/wp\/v2\/media\/16022"}],"wp:attachment":[{"href":"http:\/\/www.isgurun.com\/index.php\/wp-json\/wp\/v2\/media?parent=16830"}],"wp:term":[{"taxonomy":"product_brand","embeddable":true,"href":"http:\/\/www.isgurun.com\/index.php\/wp-json\/wp\/v2\/product_brand?post=16830"},{"taxonomy":"product_cat","embeddable":true,"href":"http:\/\/www.isgurun.com\/index.php\/wp-json\/wp\/v2\/product_cat?post=16830"},{"taxonomy":"product_tag","embeddable":true,"href":"http:\/\/www.isgurun.com\/index.php\/wp-json\/wp\/v2\/product_tag?post=16830"}],"curies":[{"name":"wp","href":"https:\/\/api.w.org\/{rel}","templated":true}]}}