{"id":17431,"date":"2023-10-23T09:34:23","date_gmt":"2023-10-23T09:34:23","guid":{"rendered":"http:\/\/www.isgurun.com\/?post_type=product&#038;p=17431"},"modified":"2025-02-04T18:18:50","modified_gmt":"2025-02-04T18:18:50","slug":"takim-gabardin-pantolon-mont-7-7","status":"publish","type":"product","link":"http:\/\/www.isgurun.com\/index.php\/product\/takim-gabardin-pantolon-mont-7-7\/","title":{"rendered":"Tak\u0131m Gabardin Pantolon\/Mont 7\/7"},"content":{"rendered":"<p>\u00dcr\u00fcnlerimiz %100 Yerli ve Milli \u00dcretim Olup, Markal\u0131 i\u015f g\u00fcvenli\u011fi \u00fcr\u00fcnlerimizin sat\u0131\u015f\u0131 mevcuttur, Sat\u0131\u015flar\u0131m\u0131z A\u011f\u0131rl\u0131kl\u0131 olarak Toptan Olmakla Beraber \u0130\u015f g\u00fcvenli\u011fi \u00dcr\u00fcnleri, \u0130kaz Yelekleri, \u0130\u015f Botlar\u0131, \u0130\u015f \u00c7izmeleri, K\u0131\u015fl\u0131k Parka Ve Di\u011fer \u0130\u015f G\u00fcvenlki\u011fi \u00dcr\u00fcnlerimiz \u0130\u00e7in L\u00fctfen Fiyat al\u0131n\u0131z<\/p>\n","protected":false},"excerpt":{"rendered":"<p>\u00dcr\u00fcnlerimiz %100 Yerli ve Milli \u00dcretim Olup, Markal\u0131 i\u015f g\u00fcvenli\u011fi \u00fcr\u00fcnlerimizin sat\u0131\u015f\u0131 mevcuttur, Sat\u0131\u015flar\u0131m\u0131z A\u011f\u0131rl\u0131kl\u0131 olarak Toptan Olmakla Beraber \u0130\u015f g\u00fcvenli\u011fi \u00dcr\u00fcnleri, \u0130kaz Yelekleri, \u0130\u015f Botlar\u0131, \u0130\u015f \u00c7izmeleri, K\u0131\u015fl\u0131k Parka Ve Di\u011fer \u0130\u015f G\u00fcvenlki\u011fi \u00dcr\u00fcnlerimiz \u0130\u00e7in L\u00fctfen Fiyat al\u0131n\u0131z<\/p>\n","protected":false},"featured_media":17433,"template":"","meta":[],"product_brand":[],"product_cat":[98],"product_tag":[],"class_list":{"0":"post-17431","1":"product","2":"type-product","3":"status-publish","4":"has-post-thumbnail","6":"product_cat-is-takimlari","8":"first","9":"instock","10":"shipping-taxable","11":"product-type-simple"},"yoast_head":"<!-- This site is optimized with the Yoast SEO plugin v26.0 - https:\/\/yoast.com\/wordpress\/plugins\/seo\/ -->\n<title>Tak\u0131m Gabardin Pantolon\/Mont 7\/7 -<\/title>\n<meta name=\"robots\" content=\"index, follow, max-snippet:-1, max-image-preview:large, max-video-preview:-1\" \/>\n<link rel=\"canonical\" href=\"http:\/\/www.isgurun.com\/index.php\/product\/takim-gabardin-pantolon-mont-7-7\/\" \/>\n<meta property=\"og:locale\" content=\"tr_TR\" \/>\n<meta property=\"og:type\" content=\"article\" \/>\n<meta property=\"og:title\" content=\"Tak\u0131m Gabardin Pantolon\/Mont 7\/7 -\" \/>\n<meta property=\"og:description\" content=\"\u00dcr\u00fcnlerimiz %100 Yerli ve Milli \u00dcretim Olup, Markal\u0131 i\u015f g\u00fcvenli\u011fi \u00fcr\u00fcnlerimizin sat\u0131\u015f\u0131 mevcuttur, Sat\u0131\u015flar\u0131m\u0131z A\u011f\u0131rl\u0131kl\u0131 olarak Toptan Olmakla Beraber \u0130\u015f g\u00fcvenli\u011fi \u00dcr\u00fcnleri, \u0130kaz Yelekleri, \u0130\u015f Botlar\u0131, \u0130\u015f \u00c7izmeleri, K\u0131\u015fl\u0131k Parka Ve Di\u011fer \u0130\u015f G\u00fcvenlki\u011fi \u00dcr\u00fcnlerimiz \u0130\u00e7in L\u00fctfen Fiyat al\u0131n\u0131z\" \/>\n<meta property=\"og:url\" content=\"http:\/\/www.isgurun.com\/index.php\/product\/takim-gabardin-pantolon-mont-7-7\/\" \/>\n<meta property=\"article:modified_time\" content=\"2025-02-04T18:18:50+00:00\" \/>\n<meta property=\"og:image\" content=\"http:\/\/www.isgurun.com\/wp-content\/uploads\/2023\/10\/00589d_14cca375ecf44dc3989af88068f38ee4mv2.webp\" \/>\n\t<meta property=\"og:image:width\" content=\"1000\" \/>\n\t<meta property=\"og:image:height\" content=\"1024\" \/>\n\t<meta property=\"og:image:type\" content=\"image\/webp\" \/>\n<meta name=\"twitter:card\" content=\"summary_large_image\" \/>\n<script type=\"application\/ld+json\" class=\"yoast-schema-graph\">{\"@context\":\"https:\/\/schema.org\",\"@graph\":[{\"@type\":\"WebPage\",\"@id\":\"http:\/\/www.isgurun.com\/index.php\/product\/takim-gabardin-pantolon-mont-7-7\/\",\"url\":\"http:\/\/www.isgurun.com\/index.php\/product\/takim-gabardin-pantolon-mont-7-7\/\",\"name\":\"Tak\u0131m Gabardin Pantolon\/Mont 7\/7 -\",\"isPartOf\":{\"@id\":\"https:\/\/www.isgurun.com\/#website\"},\"primaryImageOfPage\":{\"@id\":\"http:\/\/www.isgurun.com\/index.php\/product\/takim-gabardin-pantolon-mont-7-7\/#primaryimage\"},\"image\":{\"@id\":\"http:\/\/www.isgurun.com\/index.php\/product\/takim-gabardin-pantolon-mont-7-7\/#primaryimage\"},\"thumbnailUrl\":\"http:\/\/www.isgurun.com\/wp-content\/uploads\/2023\/10\/00589d_14cca375ecf44dc3989af88068f38ee4mv2.webp\",\"datePublished\":\"2023-10-23T09:34:23+00:00\",\"dateModified\":\"2025-02-04T18:18:50+00:00\",\"breadcrumb\":{\"@id\":\"http:\/\/www.isgurun.com\/index.php\/product\/takim-gabardin-pantolon-mont-7-7\/#breadcrumb\"},\"inLanguage\":\"tr\",\"potentialAction\":[{\"@type\":\"ReadAction\",\"target\":[\"http:\/\/www.isgurun.com\/index.php\/product\/takim-gabardin-pantolon-mont-7-7\/\"]}]},{\"@type\":\"ImageObject\",\"inLanguage\":\"tr\",\"@id\":\"http:\/\/www.isgurun.com\/index.php\/product\/takim-gabardin-pantolon-mont-7-7\/#primaryimage\",\"url\":\"http:\/\/www.isgurun.com\/wp-content\/uploads\/2023\/10\/00589d_14cca375ecf44dc3989af88068f38ee4mv2.webp\",\"contentUrl\":\"http:\/\/www.isgurun.com\/wp-content\/uploads\/2023\/10\/00589d_14cca375ecf44dc3989af88068f38ee4mv2.webp\",\"width\":1000,\"height\":1024},{\"@type\":\"BreadcrumbList\",\"@id\":\"http:\/\/www.isgurun.com\/index.php\/product\/takim-gabardin-pantolon-mont-7-7\/#breadcrumb\",\"itemListElement\":[{\"@type\":\"ListItem\",\"position\":1,\"name\":\"Anasayfa\",\"item\":\"https:\/\/www.isgurun.com\/\"},{\"@type\":\"ListItem\",\"position\":2,\"name\":\"Shop\",\"item\":\"http:\/\/www.isgurun.com\/index.php\/shop\/\"},{\"@type\":\"ListItem\",\"position\":3,\"name\":\"Tak\u0131m Gabardin Pantolon\/Mont 7\/7\"}]},{\"@type\":\"WebSite\",\"@id\":\"https:\/\/www.isgurun.com\/#website\",\"url\":\"https:\/\/www.isgurun.com\/\",\"name\":\"https:\/\/www.isgurun.com\",\"description\":\"\",\"publisher\":{\"@id\":\"https:\/\/www.isgurun.com\/#organization\"},\"potentialAction\":[{\"@type\":\"SearchAction\",\"target\":{\"@type\":\"EntryPoint\",\"urlTemplate\":\"https:\/\/www.isgurun.com\/?s={search_term_string}\"},\"query-input\":{\"@type\":\"PropertyValueSpecification\",\"valueRequired\":true,\"valueName\":\"search_term_string\"}}],\"inLanguage\":\"tr\"},{\"@type\":\"Organization\",\"@id\":\"https:\/\/www.isgurun.com\/#organization\",\"name\":\"Kurulu\u015f \u0130\u015f Elbiseleri\",\"alternateName\":\"K\u0130E\",\"url\":\"https:\/\/www.isgurun.com\/\",\"logo\":{\"@type\":\"ImageObject\",\"inLanguage\":\"tr\",\"@id\":\"https:\/\/www.isgurun.com\/#\/schema\/logo\/image\/\",\"url\":\"http:\/\/www.isgurun.com\/wp-content\/uploads\/2025\/01\/cropped-Artboard-1-5.png\",\"contentUrl\":\"http:\/\/www.isgurun.com\/wp-content\/uploads\/2025\/01\/cropped-Artboard-1-5.png\",\"width\":783,\"height\":636,\"caption\":\"Kurulu\u015f \u0130\u015f Elbiseleri\"},\"image\":{\"@id\":\"https:\/\/www.isgurun.com\/#\/schema\/logo\/image\/\"}}]}<\/script>\n<!-- \/ Yoast SEO plugin. -->","yoast_head_json":{"title":"Tak\u0131m Gabardin Pantolon\/Mont 7\/7 -","robots":{"index":"index","follow":"follow","max-snippet":"max-snippet:-1","max-image-preview":"max-image-preview:large","max-video-preview":"max-video-preview:-1"},"canonical":"http:\/\/www.isgurun.com\/index.php\/product\/takim-gabardin-pantolon-mont-7-7\/","og_locale":"tr_TR","og_type":"article","og_title":"Tak\u0131m Gabardin Pantolon\/Mont 7\/7 -","og_description":"\u00dcr\u00fcnlerimiz %100 Yerli ve Milli \u00dcretim Olup, Markal\u0131 i\u015f g\u00fcvenli\u011fi \u00fcr\u00fcnlerimizin sat\u0131\u015f\u0131 mevcuttur, Sat\u0131\u015flar\u0131m\u0131z A\u011f\u0131rl\u0131kl\u0131 olarak Toptan Olmakla Beraber \u0130\u015f g\u00fcvenli\u011fi \u00dcr\u00fcnleri, \u0130kaz Yelekleri, \u0130\u015f Botlar\u0131, \u0130\u015f \u00c7izmeleri, K\u0131\u015fl\u0131k Parka Ve Di\u011fer \u0130\u015f G\u00fcvenlki\u011fi \u00dcr\u00fcnlerimiz \u0130\u00e7in L\u00fctfen Fiyat al\u0131n\u0131z","og_url":"http:\/\/www.isgurun.com\/index.php\/product\/takim-gabardin-pantolon-mont-7-7\/","article_modified_time":"2025-02-04T18:18:50+00:00","og_image":[{"width":1000,"height":1024,"url":"http:\/\/www.isgurun.com\/wp-content\/uploads\/2023\/10\/00589d_14cca375ecf44dc3989af88068f38ee4mv2.webp","type":"image\/webp"}],"twitter_card":"summary_large_image","schema":{"@context":"https:\/\/schema.org","@graph":[{"@type":"WebPage","@id":"http:\/\/www.isgurun.com\/index.php\/product\/takim-gabardin-pantolon-mont-7-7\/","url":"http:\/\/www.isgurun.com\/index.php\/product\/takim-gabardin-pantolon-mont-7-7\/","name":"Tak\u0131m Gabardin Pantolon\/Mont 7\/7 -","isPartOf":{"@id":"https:\/\/www.isgurun.com\/#website"},"primaryImageOfPage":{"@id":"http:\/\/www.isgurun.com\/index.php\/product\/takim-gabardin-pantolon-mont-7-7\/#primaryimage"},"image":{"@id":"http:\/\/www.isgurun.com\/index.php\/product\/takim-gabardin-pantolon-mont-7-7\/#primaryimage"},"thumbnailUrl":"http:\/\/www.isgurun.com\/wp-content\/uploads\/2023\/10\/00589d_14cca375ecf44dc3989af88068f38ee4mv2.webp","datePublished":"2023-10-23T09:34:23+00:00","dateModified":"2025-02-04T18:18:50+00:00","breadcrumb":{"@id":"http:\/\/www.isgurun.com\/index.php\/product\/takim-gabardin-pantolon-mont-7-7\/#breadcrumb"},"inLanguage":"tr","potentialAction":[{"@type":"ReadAction","target":["http:\/\/www.isgurun.com\/index.php\/product\/takim-gabardin-pantolon-mont-7-7\/"]}]},{"@type":"ImageObject","inLanguage":"tr","@id":"http:\/\/www.isgurun.com\/index.php\/product\/takim-gabardin-pantolon-mont-7-7\/#primaryimage","url":"http:\/\/www.isgurun.com\/wp-content\/uploads\/2023\/10\/00589d_14cca375ecf44dc3989af88068f38ee4mv2.webp","contentUrl":"http:\/\/www.isgurun.com\/wp-content\/uploads\/2023\/10\/00589d_14cca375ecf44dc3989af88068f38ee4mv2.webp","width":1000,"height":1024},{"@type":"BreadcrumbList","@id":"http:\/\/www.isgurun.com\/index.php\/product\/takim-gabardin-pantolon-mont-7-7\/#breadcrumb","itemListElement":[{"@type":"ListItem","position":1,"name":"Anasayfa","item":"https:\/\/www.isgurun.com\/"},{"@type":"ListItem","position":2,"name":"Shop","item":"http:\/\/www.isgurun.com\/index.php\/shop\/"},{"@type":"ListItem","position":3,"name":"Tak\u0131m Gabardin Pantolon\/Mont 7\/7"}]},{"@type":"WebSite","@id":"https:\/\/www.isgurun.com\/#website","url":"https:\/\/www.isgurun.com\/","name":"https:\/\/www.isgurun.com","description":"","publisher":{"@id":"https:\/\/www.isgurun.com\/#organization"},"potentialAction":[{"@type":"SearchAction","target":{"@type":"EntryPoint","urlTemplate":"https:\/\/www.isgurun.com\/?s={search_term_string}"},"query-input":{"@type":"PropertyValueSpecification","valueRequired":true,"valueName":"search_term_string"}}],"inLanguage":"tr"},{"@type":"Organization","@id":"https:\/\/www.isgurun.com\/#organization","name":"Kurulu\u015f \u0130\u015f Elbiseleri","alternateName":"K\u0130E","url":"https:\/\/www.isgurun.com\/","logo":{"@type":"ImageObject","inLanguage":"tr","@id":"https:\/\/www.isgurun.com\/#\/schema\/logo\/image\/","url":"http:\/\/www.isgurun.com\/wp-content\/uploads\/2025\/01\/cropped-Artboard-1-5.png","contentUrl":"http:\/\/www.isgurun.com\/wp-content\/uploads\/2025\/01\/cropped-Artboard-1-5.png","width":783,"height":636,"caption":"Kurulu\u015f \u0130\u015f Elbiseleri"},"image":{"@id":"https:\/\/www.isgurun.com\/#\/schema\/logo\/image\/"}}]}},"_links":{"self":[{"href":"http:\/\/www.isgurun.com\/index.php\/wp-json\/wp\/v2\/product\/17431","targetHints":{"allow":["GET"]}}],"collection":[{"href":"http:\/\/www.isgurun.com\/index.php\/wp-json\/wp\/v2\/product"}],"about":[{"href":"http:\/\/www.isgurun.com\/index.php\/wp-json\/wp\/v2\/types\/product"}],"version-history":[{"count":1,"href":"http:\/\/www.isgurun.com\/index.php\/wp-json\/wp\/v2\/product\/17431\/revisions"}],"predecessor-version":[{"id":17434,"href":"http:\/\/www.isgurun.com\/index.php\/wp-json\/wp\/v2\/product\/17431\/revisions\/17434"}],"wp:featuredmedia":[{"embeddable":true,"href":"http:\/\/www.isgurun.com\/index.php\/wp-json\/wp\/v2\/media\/17433"}],"wp:attachment":[{"href":"http:\/\/www.isgurun.com\/index.php\/wp-json\/wp\/v2\/media?parent=17431"}],"wp:term":[{"taxonomy":"product_brand","embeddable":true,"href":"http:\/\/www.isgurun.com\/index.php\/wp-json\/wp\/v2\/product_brand?post=17431"},{"taxonomy":"product_cat","embeddable":true,"href":"http:\/\/www.isgurun.com\/index.php\/wp-json\/wp\/v2\/product_cat?post=17431"},{"taxonomy":"product_tag","embeddable":true,"href":"http:\/\/www.isgurun.com\/index.php\/wp-json\/wp\/v2\/product_tag?post=17431"}],"curies":[{"name":"wp","href":"https:\/\/api.w.org\/{rel}","templated":true}]}}