{"id":17435,"date":"2023-10-23T09:35:12","date_gmt":"2023-10-23T09:35:12","guid":{"rendered":"http:\/\/www.isgurun.com\/?post_type=product&#038;p=17435"},"modified":"2025-02-04T18:15:56","modified_gmt":"2025-02-04T18:15:56","slug":"myform-olimpia-reflektorlu-takim","status":"publish","type":"product","link":"http:\/\/www.isgurun.com\/index.php\/product\/myform-olimpia-reflektorlu-takim\/","title":{"rendered":"Myform Olimpia Reflektorlu Takim"},"content":{"rendered":"<p><strong>Myform Olimpia Reflektorlu Takim<\/strong><\/p>\n<p>&nbsp;<\/p>\n<p>Farkl\u0131 renk se\u00e7enekleri ile kullan\u0131c\u0131s\u0131na e\u015fsiz kullan\u0131m sunar.<\/p>\n<p>Fonksiyonel ve konforlu yap\u0131s\u0131yla bir\u00e7ok i\u015f sekt\u00f6r\u00fc i\u00e7in ideal \u00fcniforma se\u00e7ene\u011fi olu\u015fturmaktad\u0131r. Geni\u015f- g\u00fcvenli cep yap\u0131s\u0131,<\/p>\n<p>C\u0131rt bantl\u0131 bel dizayn\u0131,<\/p>\n<p>Reflektif bantlar\u0131,<\/p>\n<p>Ergonomik dizayn\u0131 ile hareket kabiliyetinizi art\u0131r\u0131r.<\/p>\n<p>Bu tak\u0131mlar sizlere t\u00fcm hava ko\u015fullar\u0131nda pratik kullan\u0131m ve \u00f6zg\u00fcn bir g\u00f6r\u00fcn\u00fcm sa\u011flamak i\u00e7in dizayn edilmi\u015ftir.<\/p>\n<p>Fonksiyonel, konforlu ve ergonomik yap\u0131s\u0131yla rahat \u00e7al\u0131\u015fman\u0131z\u0131 sa\u011flar.<\/p>\n<p>Geni\u015f g\u00fcvenli cep yap\u0131s\u0131<\/p>\n<p>Elastik bel yap\u0131s\u0131,<\/p>\n<p>Reflektif bantlar\u0131 ve kontrast renk se\u00e7enekleriyle maksimum performans sa\u011flar.<\/p>\n<p>&nbsp;<\/p>\n<p><strong>\u00dcr\u00fcn \u00d6zellikleri<\/strong><\/p>\n<ul>\n<li>Kol cebi<\/li>\n<li>Kargo Cebi<\/li>\n<li>Reflektif \u015ferit<\/li>\n<li>Kumpas cebi<\/li>\n<li>Elastik bel yap\u0131s\u0131<\/li>\n<li>C\u0131rtl\u0131 ayarlanabilir man\u015fetler<\/li>\n<li>G\u00f6\u011f\u00fcs cepleri<\/li>\n<li>\u00c7oklu G\u00f6\u011f\u00fcs Cebi<\/li>\n<li>Yan cepler<\/li>\n<li>Reflektif biye<\/li>\n<\/ul>\n","protected":false},"excerpt":{"rendered":"<p>Myform Olimpia Reflektorlu Takim &nbsp; Farkl\u0131 renk se\u00e7enekleri ile kullan\u0131c\u0131s\u0131na e\u015fsiz kullan\u0131m sunar. Fonksiyonel ve konforlu yap\u0131s\u0131yla bir\u00e7ok i\u015f sekt\u00f6r\u00fc i\u00e7in ideal \u00fcniforma se\u00e7ene\u011fi olu\u015fturmaktad\u0131r. Geni\u015f- g\u00fcvenli cep yap\u0131s\u0131, C\u0131rt bantl\u0131 bel dizayn\u0131, Reflektif bantlar\u0131, Ergonomik dizayn\u0131 ile hareket kabiliyetinizi art\u0131r\u0131r. Bu tak\u0131mlar sizlere t\u00fcm hava ko\u015fullar\u0131nda pratik kullan\u0131m ve \u00f6zg\u00fcn bir g\u00f6r\u00fcn\u00fcm sa\u011flamak i\u00e7in [&hellip;]<\/p>\n","protected":false},"featured_media":17437,"template":"","meta":[],"product_brand":[],"product_cat":[98],"product_tag":[],"class_list":{"0":"post-17435","1":"product","2":"type-product","3":"status-publish","4":"has-post-thumbnail","6":"product_cat-is-takimlari","8":"first","9":"instock","10":"shipping-taxable","11":"product-type-simple"},"yoast_head":"<!-- This site is optimized with the Yoast SEO plugin v26.0 - https:\/\/yoast.com\/wordpress\/plugins\/seo\/ -->\n<title>Myform Olimpia Reflektorlu Takim -<\/title>\n<meta name=\"robots\" content=\"index, follow, max-snippet:-1, max-image-preview:large, max-video-preview:-1\" \/>\n<link rel=\"canonical\" href=\"http:\/\/www.isgurun.com\/index.php\/product\/myform-olimpia-reflektorlu-takim\/\" \/>\n<meta property=\"og:locale\" content=\"tr_TR\" \/>\n<meta property=\"og:type\" content=\"article\" \/>\n<meta property=\"og:title\" content=\"Myform Olimpia Reflektorlu Takim -\" \/>\n<meta property=\"og:description\" content=\"Myform Olimpia Reflektorlu Takim &nbsp; Farkl\u0131 renk se\u00e7enekleri ile kullan\u0131c\u0131s\u0131na e\u015fsiz kullan\u0131m sunar. Fonksiyonel ve konforlu yap\u0131s\u0131yla bir\u00e7ok i\u015f sekt\u00f6r\u00fc i\u00e7in ideal \u00fcniforma se\u00e7ene\u011fi olu\u015fturmaktad\u0131r. Geni\u015f- g\u00fcvenli cep yap\u0131s\u0131, C\u0131rt bantl\u0131 bel dizayn\u0131, Reflektif bantlar\u0131, Ergonomik dizayn\u0131 ile hareket kabiliyetinizi art\u0131r\u0131r. Bu tak\u0131mlar sizlere t\u00fcm hava ko\u015fullar\u0131nda pratik kullan\u0131m ve \u00f6zg\u00fcn bir g\u00f6r\u00fcn\u00fcm sa\u011flamak i\u00e7in [&hellip;]\" \/>\n<meta property=\"og:url\" content=\"http:\/\/www.isgurun.com\/index.php\/product\/myform-olimpia-reflektorlu-takim\/\" \/>\n<meta property=\"article:modified_time\" content=\"2025-02-04T18:15:56+00:00\" \/>\n<meta property=\"og:image\" content=\"http:\/\/www.isgurun.com\/wp-content\/uploads\/2023\/10\/00589d_99cb5ee39c784a5e93157ffa9bb9d1a7mv2.webp\" \/>\n\t<meta property=\"og:image:width\" content=\"315\" \/>\n\t<meta property=\"og:image:height\" content=\"420\" \/>\n\t<meta property=\"og:image:type\" content=\"image\/webp\" \/>\n<meta name=\"twitter:card\" content=\"summary_large_image\" \/>\n<meta name=\"twitter:label1\" content=\"Tahmini okuma s\u00fcresi\" \/>\n\t<meta name=\"twitter:data1\" content=\"1 dakika\" \/>\n<script type=\"application\/ld+json\" class=\"yoast-schema-graph\">{\"@context\":\"https:\/\/schema.org\",\"@graph\":[{\"@type\":\"WebPage\",\"@id\":\"http:\/\/www.isgurun.com\/index.php\/product\/myform-olimpia-reflektorlu-takim\/\",\"url\":\"http:\/\/www.isgurun.com\/index.php\/product\/myform-olimpia-reflektorlu-takim\/\",\"name\":\"Myform Olimpia Reflektorlu Takim -\",\"isPartOf\":{\"@id\":\"https:\/\/www.isgurun.com\/#website\"},\"primaryImageOfPage\":{\"@id\":\"http:\/\/www.isgurun.com\/index.php\/product\/myform-olimpia-reflektorlu-takim\/#primaryimage\"},\"image\":{\"@id\":\"http:\/\/www.isgurun.com\/index.php\/product\/myform-olimpia-reflektorlu-takim\/#primaryimage\"},\"thumbnailUrl\":\"http:\/\/www.isgurun.com\/wp-content\/uploads\/2023\/10\/00589d_99cb5ee39c784a5e93157ffa9bb9d1a7mv2.webp\",\"datePublished\":\"2023-10-23T09:35:12+00:00\",\"dateModified\":\"2025-02-04T18:15:56+00:00\",\"breadcrumb\":{\"@id\":\"http:\/\/www.isgurun.com\/index.php\/product\/myform-olimpia-reflektorlu-takim\/#breadcrumb\"},\"inLanguage\":\"tr\",\"potentialAction\":[{\"@type\":\"ReadAction\",\"target\":[\"http:\/\/www.isgurun.com\/index.php\/product\/myform-olimpia-reflektorlu-takim\/\"]}]},{\"@type\":\"ImageObject\",\"inLanguage\":\"tr\",\"@id\":\"http:\/\/www.isgurun.com\/index.php\/product\/myform-olimpia-reflektorlu-takim\/#primaryimage\",\"url\":\"http:\/\/www.isgurun.com\/wp-content\/uploads\/2023\/10\/00589d_99cb5ee39c784a5e93157ffa9bb9d1a7mv2.webp\",\"contentUrl\":\"http:\/\/www.isgurun.com\/wp-content\/uploads\/2023\/10\/00589d_99cb5ee39c784a5e93157ffa9bb9d1a7mv2.webp\",\"width\":315,\"height\":420},{\"@type\":\"BreadcrumbList\",\"@id\":\"http:\/\/www.isgurun.com\/index.php\/product\/myform-olimpia-reflektorlu-takim\/#breadcrumb\",\"itemListElement\":[{\"@type\":\"ListItem\",\"position\":1,\"name\":\"Anasayfa\",\"item\":\"https:\/\/www.isgurun.com\/\"},{\"@type\":\"ListItem\",\"position\":2,\"name\":\"Shop\",\"item\":\"http:\/\/www.isgurun.com\/index.php\/shop\/\"},{\"@type\":\"ListItem\",\"position\":3,\"name\":\"Myform Olimpia Reflektorlu Takim\"}]},{\"@type\":\"WebSite\",\"@id\":\"https:\/\/www.isgurun.com\/#website\",\"url\":\"https:\/\/www.isgurun.com\/\",\"name\":\"https:\/\/www.isgurun.com\",\"description\":\"\",\"publisher\":{\"@id\":\"https:\/\/www.isgurun.com\/#organization\"},\"potentialAction\":[{\"@type\":\"SearchAction\",\"target\":{\"@type\":\"EntryPoint\",\"urlTemplate\":\"https:\/\/www.isgurun.com\/?s={search_term_string}\"},\"query-input\":{\"@type\":\"PropertyValueSpecification\",\"valueRequired\":true,\"valueName\":\"search_term_string\"}}],\"inLanguage\":\"tr\"},{\"@type\":\"Organization\",\"@id\":\"https:\/\/www.isgurun.com\/#organization\",\"name\":\"Kurulu\u015f \u0130\u015f Elbiseleri\",\"alternateName\":\"K\u0130E\",\"url\":\"https:\/\/www.isgurun.com\/\",\"logo\":{\"@type\":\"ImageObject\",\"inLanguage\":\"tr\",\"@id\":\"https:\/\/www.isgurun.com\/#\/schema\/logo\/image\/\",\"url\":\"http:\/\/www.isgurun.com\/wp-content\/uploads\/2025\/01\/cropped-Artboard-1-5.png\",\"contentUrl\":\"http:\/\/www.isgurun.com\/wp-content\/uploads\/2025\/01\/cropped-Artboard-1-5.png\",\"width\":783,\"height\":636,\"caption\":\"Kurulu\u015f \u0130\u015f Elbiseleri\"},\"image\":{\"@id\":\"https:\/\/www.isgurun.com\/#\/schema\/logo\/image\/\"}}]}<\/script>\n<!-- \/ Yoast SEO plugin. -->","yoast_head_json":{"title":"Myform Olimpia Reflektorlu Takim -","robots":{"index":"index","follow":"follow","max-snippet":"max-snippet:-1","max-image-preview":"max-image-preview:large","max-video-preview":"max-video-preview:-1"},"canonical":"http:\/\/www.isgurun.com\/index.php\/product\/myform-olimpia-reflektorlu-takim\/","og_locale":"tr_TR","og_type":"article","og_title":"Myform Olimpia Reflektorlu Takim -","og_description":"Myform Olimpia Reflektorlu Takim &nbsp; Farkl\u0131 renk se\u00e7enekleri ile kullan\u0131c\u0131s\u0131na e\u015fsiz kullan\u0131m sunar. Fonksiyonel ve konforlu yap\u0131s\u0131yla bir\u00e7ok i\u015f sekt\u00f6r\u00fc i\u00e7in ideal \u00fcniforma se\u00e7ene\u011fi olu\u015fturmaktad\u0131r. Geni\u015f- g\u00fcvenli cep yap\u0131s\u0131, C\u0131rt bantl\u0131 bel dizayn\u0131, Reflektif bantlar\u0131, Ergonomik dizayn\u0131 ile hareket kabiliyetinizi art\u0131r\u0131r. Bu tak\u0131mlar sizlere t\u00fcm hava ko\u015fullar\u0131nda pratik kullan\u0131m ve \u00f6zg\u00fcn bir g\u00f6r\u00fcn\u00fcm sa\u011flamak i\u00e7in [&hellip;]","og_url":"http:\/\/www.isgurun.com\/index.php\/product\/myform-olimpia-reflektorlu-takim\/","article_modified_time":"2025-02-04T18:15:56+00:00","og_image":[{"width":315,"height":420,"url":"http:\/\/www.isgurun.com\/wp-content\/uploads\/2023\/10\/00589d_99cb5ee39c784a5e93157ffa9bb9d1a7mv2.webp","type":"image\/webp"}],"twitter_card":"summary_large_image","twitter_misc":{"Tahmini okuma s\u00fcresi":"1 dakika"},"schema":{"@context":"https:\/\/schema.org","@graph":[{"@type":"WebPage","@id":"http:\/\/www.isgurun.com\/index.php\/product\/myform-olimpia-reflektorlu-takim\/","url":"http:\/\/www.isgurun.com\/index.php\/product\/myform-olimpia-reflektorlu-takim\/","name":"Myform Olimpia Reflektorlu Takim -","isPartOf":{"@id":"https:\/\/www.isgurun.com\/#website"},"primaryImageOfPage":{"@id":"http:\/\/www.isgurun.com\/index.php\/product\/myform-olimpia-reflektorlu-takim\/#primaryimage"},"image":{"@id":"http:\/\/www.isgurun.com\/index.php\/product\/myform-olimpia-reflektorlu-takim\/#primaryimage"},"thumbnailUrl":"http:\/\/www.isgurun.com\/wp-content\/uploads\/2023\/10\/00589d_99cb5ee39c784a5e93157ffa9bb9d1a7mv2.webp","datePublished":"2023-10-23T09:35:12+00:00","dateModified":"2025-02-04T18:15:56+00:00","breadcrumb":{"@id":"http:\/\/www.isgurun.com\/index.php\/product\/myform-olimpia-reflektorlu-takim\/#breadcrumb"},"inLanguage":"tr","potentialAction":[{"@type":"ReadAction","target":["http:\/\/www.isgurun.com\/index.php\/product\/myform-olimpia-reflektorlu-takim\/"]}]},{"@type":"ImageObject","inLanguage":"tr","@id":"http:\/\/www.isgurun.com\/index.php\/product\/myform-olimpia-reflektorlu-takim\/#primaryimage","url":"http:\/\/www.isgurun.com\/wp-content\/uploads\/2023\/10\/00589d_99cb5ee39c784a5e93157ffa9bb9d1a7mv2.webp","contentUrl":"http:\/\/www.isgurun.com\/wp-content\/uploads\/2023\/10\/00589d_99cb5ee39c784a5e93157ffa9bb9d1a7mv2.webp","width":315,"height":420},{"@type":"BreadcrumbList","@id":"http:\/\/www.isgurun.com\/index.php\/product\/myform-olimpia-reflektorlu-takim\/#breadcrumb","itemListElement":[{"@type":"ListItem","position":1,"name":"Anasayfa","item":"https:\/\/www.isgurun.com\/"},{"@type":"ListItem","position":2,"name":"Shop","item":"http:\/\/www.isgurun.com\/index.php\/shop\/"},{"@type":"ListItem","position":3,"name":"Myform Olimpia Reflektorlu Takim"}]},{"@type":"WebSite","@id":"https:\/\/www.isgurun.com\/#website","url":"https:\/\/www.isgurun.com\/","name":"https:\/\/www.isgurun.com","description":"","publisher":{"@id":"https:\/\/www.isgurun.com\/#organization"},"potentialAction":[{"@type":"SearchAction","target":{"@type":"EntryPoint","urlTemplate":"https:\/\/www.isgurun.com\/?s={search_term_string}"},"query-input":{"@type":"PropertyValueSpecification","valueRequired":true,"valueName":"search_term_string"}}],"inLanguage":"tr"},{"@type":"Organization","@id":"https:\/\/www.isgurun.com\/#organization","name":"Kurulu\u015f \u0130\u015f Elbiseleri","alternateName":"K\u0130E","url":"https:\/\/www.isgurun.com\/","logo":{"@type":"ImageObject","inLanguage":"tr","@id":"https:\/\/www.isgurun.com\/#\/schema\/logo\/image\/","url":"http:\/\/www.isgurun.com\/wp-content\/uploads\/2025\/01\/cropped-Artboard-1-5.png","contentUrl":"http:\/\/www.isgurun.com\/wp-content\/uploads\/2025\/01\/cropped-Artboard-1-5.png","width":783,"height":636,"caption":"Kurulu\u015f \u0130\u015f Elbiseleri"},"image":{"@id":"https:\/\/www.isgurun.com\/#\/schema\/logo\/image\/"}}]}},"_links":{"self":[{"href":"http:\/\/www.isgurun.com\/index.php\/wp-json\/wp\/v2\/product\/17435","targetHints":{"allow":["GET"]}}],"collection":[{"href":"http:\/\/www.isgurun.com\/index.php\/wp-json\/wp\/v2\/product"}],"about":[{"href":"http:\/\/www.isgurun.com\/index.php\/wp-json\/wp\/v2\/types\/product"}],"version-history":[{"count":1,"href":"http:\/\/www.isgurun.com\/index.php\/wp-json\/wp\/v2\/product\/17435\/revisions"}],"predecessor-version":[{"id":17438,"href":"http:\/\/www.isgurun.com\/index.php\/wp-json\/wp\/v2\/product\/17435\/revisions\/17438"}],"wp:featuredmedia":[{"embeddable":true,"href":"http:\/\/www.isgurun.com\/index.php\/wp-json\/wp\/v2\/media\/17437"}],"wp:attachment":[{"href":"http:\/\/www.isgurun.com\/index.php\/wp-json\/wp\/v2\/media?parent=17435"}],"wp:term":[{"taxonomy":"product_brand","embeddable":true,"href":"http:\/\/www.isgurun.com\/index.php\/wp-json\/wp\/v2\/product_brand?post=17435"},{"taxonomy":"product_cat","embeddable":true,"href":"http:\/\/www.isgurun.com\/index.php\/wp-json\/wp\/v2\/product_cat?post=17435"},{"taxonomy":"product_tag","embeddable":true,"href":"http:\/\/www.isgurun.com\/index.php\/wp-json\/wp\/v2\/product_tag?post=17435"}],"curies":[{"name":"wp","href":"https:\/\/api.w.org\/{rel}","templated":true}]}}