{"id":17447,"date":"2023-10-23T09:39:47","date_gmt":"2023-10-23T09:39:47","guid":{"rendered":"http:\/\/www.isgurun.com\/?post_type=product&#038;p=17447"},"modified":"2025-02-04T18:17:57","modified_gmt":"2025-02-04T18:17:57","slug":"iki-iplik-polo-yaka-sweetshirt","status":"publish","type":"product","link":"http:\/\/www.isgurun.com\/index.php\/product\/iki-iplik-polo-yaka-sweetshirt\/","title":{"rendered":"\u0130ki \u0130plik Polo Yaka Sweetshirt"},"content":{"rendered":"<p>Uzun kollu sweet<\/p>\n<p>&nbsp;<\/p>\n<p>1. kalitedir.<\/p>\n<p>&nbsp;<\/p>\n<p>2 iplik kuma\u015ft\u0131r.<\/p>\n<p>&nbsp;<\/p>\n<p>polo yaka &#8211;\u00a0polo yakad\u0131r.<\/p>\n<p>&nbsp;<\/p>\n<p>\u00d6n veya arkaya logo bask\u0131s\u0131 yap\u0131labilir.<\/p>\n<p>&nbsp;<\/p>\n<p>Bedenler mevcuttur.<\/p>\n<p>&nbsp;<\/p>\n<p>Renkler mevcuttur. Di\u011fer renkler i\u00e7in l\u00fctfen bizimle ileti\u015fime ge\u00e7iniz.<\/p>\n<p>&nbsp;<\/p>\n<p>\u00c7ok al az \u00f6de vard\u0131r.<\/p>\n<p>&nbsp;<\/p>\n<p>Toptan al\u0131mlarda \u00f6zel fiyat uygulanmaktad\u0131r.<\/p>\n<p>&nbsp;<\/p>\n<p>\u00f6zel fiyat i\u00e7in veya toplu al\u0131m ve model se\u00e7enekleri i\u00e7in bizimle irtibata ge\u00e7iniz.<\/p>\n","protected":false},"excerpt":{"rendered":"<p>Uzun kollu sweet &nbsp; 1. kalitedir. &nbsp; 2 iplik kuma\u015ft\u0131r. &nbsp; polo yaka &#8211;\u00a0polo yakad\u0131r. &nbsp; \u00d6n veya arkaya logo bask\u0131s\u0131 yap\u0131labilir. &nbsp; Bedenler mevcuttur. &nbsp; Renkler mevcuttur. Di\u011fer renkler i\u00e7in l\u00fctfen bizimle ileti\u015fime ge\u00e7iniz. &nbsp; \u00c7ok al az \u00f6de vard\u0131r. &nbsp; Toptan al\u0131mlarda \u00f6zel fiyat uygulanmaktad\u0131r. &nbsp; \u00f6zel fiyat i\u00e7in veya toplu al\u0131m ve [&hellip;]<\/p>\n","protected":false},"featured_media":17449,"template":"","meta":[],"product_brand":[],"product_cat":[95],"product_tag":[],"class_list":{"0":"post-17447","1":"product","2":"type-product","3":"status-publish","4":"has-post-thumbnail","6":"product_cat-sweatshirt-2","8":"first","9":"instock","10":"shipping-taxable","11":"product-type-simple"},"yoast_head":"<!-- This site is optimized with the Yoast SEO plugin v26.0 - https:\/\/yoast.com\/wordpress\/plugins\/seo\/ -->\n<title>\u0130ki \u0130plik Polo Yaka Sweetshirt -<\/title>\n<meta name=\"robots\" content=\"index, follow, max-snippet:-1, max-image-preview:large, max-video-preview:-1\" \/>\n<link rel=\"canonical\" href=\"http:\/\/www.isgurun.com\/index.php\/product\/iki-iplik-polo-yaka-sweetshirt\/\" \/>\n<meta property=\"og:locale\" content=\"tr_TR\" \/>\n<meta property=\"og:type\" content=\"article\" \/>\n<meta property=\"og:title\" content=\"\u0130ki \u0130plik Polo Yaka Sweetshirt -\" \/>\n<meta property=\"og:description\" content=\"Uzun kollu sweet &nbsp; 1. kalitedir. &nbsp; 2 iplik kuma\u015ft\u0131r. &nbsp; polo yaka &#8211;\u00a0polo yakad\u0131r. &nbsp; \u00d6n veya arkaya logo bask\u0131s\u0131 yap\u0131labilir. &nbsp; Bedenler mevcuttur. &nbsp; Renkler mevcuttur. Di\u011fer renkler i\u00e7in l\u00fctfen bizimle ileti\u015fime ge\u00e7iniz. &nbsp; \u00c7ok al az \u00f6de vard\u0131r. &nbsp; Toptan al\u0131mlarda \u00f6zel fiyat uygulanmaktad\u0131r. &nbsp; \u00f6zel fiyat i\u00e7in veya toplu al\u0131m ve [&hellip;]\" \/>\n<meta property=\"og:url\" content=\"http:\/\/www.isgurun.com\/index.php\/product\/iki-iplik-polo-yaka-sweetshirt\/\" \/>\n<meta property=\"article:modified_time\" content=\"2025-02-04T18:17:57+00:00\" \/>\n<meta property=\"og:image\" content=\"http:\/\/www.isgurun.com\/wp-content\/uploads\/2023\/10\/00589d_d8336cab82f94dd1bc31d205215dd1efmv2.webp\" \/>\n\t<meta property=\"og:image:width\" content=\"420\" \/>\n\t<meta property=\"og:image:height\" content=\"420\" \/>\n\t<meta property=\"og:image:type\" content=\"image\/webp\" \/>\n<meta name=\"twitter:card\" content=\"summary_large_image\" \/>\n<script type=\"application\/ld+json\" class=\"yoast-schema-graph\">{\"@context\":\"https:\/\/schema.org\",\"@graph\":[{\"@type\":\"WebPage\",\"@id\":\"http:\/\/www.isgurun.com\/index.php\/product\/iki-iplik-polo-yaka-sweetshirt\/\",\"url\":\"http:\/\/www.isgurun.com\/index.php\/product\/iki-iplik-polo-yaka-sweetshirt\/\",\"name\":\"\u0130ki \u0130plik Polo Yaka Sweetshirt -\",\"isPartOf\":{\"@id\":\"https:\/\/www.isgurun.com\/#website\"},\"primaryImageOfPage\":{\"@id\":\"http:\/\/www.isgurun.com\/index.php\/product\/iki-iplik-polo-yaka-sweetshirt\/#primaryimage\"},\"image\":{\"@id\":\"http:\/\/www.isgurun.com\/index.php\/product\/iki-iplik-polo-yaka-sweetshirt\/#primaryimage\"},\"thumbnailUrl\":\"http:\/\/www.isgurun.com\/wp-content\/uploads\/2023\/10\/00589d_d8336cab82f94dd1bc31d205215dd1efmv2.webp\",\"datePublished\":\"2023-10-23T09:39:47+00:00\",\"dateModified\":\"2025-02-04T18:17:57+00:00\",\"breadcrumb\":{\"@id\":\"http:\/\/www.isgurun.com\/index.php\/product\/iki-iplik-polo-yaka-sweetshirt\/#breadcrumb\"},\"inLanguage\":\"tr\",\"potentialAction\":[{\"@type\":\"ReadAction\",\"target\":[\"http:\/\/www.isgurun.com\/index.php\/product\/iki-iplik-polo-yaka-sweetshirt\/\"]}]},{\"@type\":\"ImageObject\",\"inLanguage\":\"tr\",\"@id\":\"http:\/\/www.isgurun.com\/index.php\/product\/iki-iplik-polo-yaka-sweetshirt\/#primaryimage\",\"url\":\"http:\/\/www.isgurun.com\/wp-content\/uploads\/2023\/10\/00589d_d8336cab82f94dd1bc31d205215dd1efmv2.webp\",\"contentUrl\":\"http:\/\/www.isgurun.com\/wp-content\/uploads\/2023\/10\/00589d_d8336cab82f94dd1bc31d205215dd1efmv2.webp\",\"width\":420,\"height\":420},{\"@type\":\"BreadcrumbList\",\"@id\":\"http:\/\/www.isgurun.com\/index.php\/product\/iki-iplik-polo-yaka-sweetshirt\/#breadcrumb\",\"itemListElement\":[{\"@type\":\"ListItem\",\"position\":1,\"name\":\"Anasayfa\",\"item\":\"https:\/\/www.isgurun.com\/\"},{\"@type\":\"ListItem\",\"position\":2,\"name\":\"Shop\",\"item\":\"http:\/\/www.isgurun.com\/index.php\/shop\/\"},{\"@type\":\"ListItem\",\"position\":3,\"name\":\"\u0130ki \u0130plik Polo Yaka Sweetshirt\"}]},{\"@type\":\"WebSite\",\"@id\":\"https:\/\/www.isgurun.com\/#website\",\"url\":\"https:\/\/www.isgurun.com\/\",\"name\":\"https:\/\/www.isgurun.com\",\"description\":\"\",\"publisher\":{\"@id\":\"https:\/\/www.isgurun.com\/#organization\"},\"potentialAction\":[{\"@type\":\"SearchAction\",\"target\":{\"@type\":\"EntryPoint\",\"urlTemplate\":\"https:\/\/www.isgurun.com\/?s={search_term_string}\"},\"query-input\":{\"@type\":\"PropertyValueSpecification\",\"valueRequired\":true,\"valueName\":\"search_term_string\"}}],\"inLanguage\":\"tr\"},{\"@type\":\"Organization\",\"@id\":\"https:\/\/www.isgurun.com\/#organization\",\"name\":\"Kurulu\u015f \u0130\u015f Elbiseleri\",\"alternateName\":\"K\u0130E\",\"url\":\"https:\/\/www.isgurun.com\/\",\"logo\":{\"@type\":\"ImageObject\",\"inLanguage\":\"tr\",\"@id\":\"https:\/\/www.isgurun.com\/#\/schema\/logo\/image\/\",\"url\":\"http:\/\/www.isgurun.com\/wp-content\/uploads\/2025\/01\/cropped-Artboard-1-5.png\",\"contentUrl\":\"http:\/\/www.isgurun.com\/wp-content\/uploads\/2025\/01\/cropped-Artboard-1-5.png\",\"width\":783,\"height\":636,\"caption\":\"Kurulu\u015f \u0130\u015f Elbiseleri\"},\"image\":{\"@id\":\"https:\/\/www.isgurun.com\/#\/schema\/logo\/image\/\"}}]}<\/script>\n<!-- \/ Yoast SEO plugin. -->","yoast_head_json":{"title":"\u0130ki \u0130plik Polo Yaka Sweetshirt -","robots":{"index":"index","follow":"follow","max-snippet":"max-snippet:-1","max-image-preview":"max-image-preview:large","max-video-preview":"max-video-preview:-1"},"canonical":"http:\/\/www.isgurun.com\/index.php\/product\/iki-iplik-polo-yaka-sweetshirt\/","og_locale":"tr_TR","og_type":"article","og_title":"\u0130ki \u0130plik Polo Yaka Sweetshirt -","og_description":"Uzun kollu sweet &nbsp; 1. kalitedir. &nbsp; 2 iplik kuma\u015ft\u0131r. &nbsp; polo yaka &#8211;\u00a0polo yakad\u0131r. &nbsp; \u00d6n veya arkaya logo bask\u0131s\u0131 yap\u0131labilir. &nbsp; Bedenler mevcuttur. &nbsp; Renkler mevcuttur. Di\u011fer renkler i\u00e7in l\u00fctfen bizimle ileti\u015fime ge\u00e7iniz. &nbsp; \u00c7ok al az \u00f6de vard\u0131r. &nbsp; Toptan al\u0131mlarda \u00f6zel fiyat uygulanmaktad\u0131r. &nbsp; \u00f6zel fiyat i\u00e7in veya toplu al\u0131m ve [&hellip;]","og_url":"http:\/\/www.isgurun.com\/index.php\/product\/iki-iplik-polo-yaka-sweetshirt\/","article_modified_time":"2025-02-04T18:17:57+00:00","og_image":[{"width":420,"height":420,"url":"http:\/\/www.isgurun.com\/wp-content\/uploads\/2023\/10\/00589d_d8336cab82f94dd1bc31d205215dd1efmv2.webp","type":"image\/webp"}],"twitter_card":"summary_large_image","schema":{"@context":"https:\/\/schema.org","@graph":[{"@type":"WebPage","@id":"http:\/\/www.isgurun.com\/index.php\/product\/iki-iplik-polo-yaka-sweetshirt\/","url":"http:\/\/www.isgurun.com\/index.php\/product\/iki-iplik-polo-yaka-sweetshirt\/","name":"\u0130ki \u0130plik Polo Yaka Sweetshirt -","isPartOf":{"@id":"https:\/\/www.isgurun.com\/#website"},"primaryImageOfPage":{"@id":"http:\/\/www.isgurun.com\/index.php\/product\/iki-iplik-polo-yaka-sweetshirt\/#primaryimage"},"image":{"@id":"http:\/\/www.isgurun.com\/index.php\/product\/iki-iplik-polo-yaka-sweetshirt\/#primaryimage"},"thumbnailUrl":"http:\/\/www.isgurun.com\/wp-content\/uploads\/2023\/10\/00589d_d8336cab82f94dd1bc31d205215dd1efmv2.webp","datePublished":"2023-10-23T09:39:47+00:00","dateModified":"2025-02-04T18:17:57+00:00","breadcrumb":{"@id":"http:\/\/www.isgurun.com\/index.php\/product\/iki-iplik-polo-yaka-sweetshirt\/#breadcrumb"},"inLanguage":"tr","potentialAction":[{"@type":"ReadAction","target":["http:\/\/www.isgurun.com\/index.php\/product\/iki-iplik-polo-yaka-sweetshirt\/"]}]},{"@type":"ImageObject","inLanguage":"tr","@id":"http:\/\/www.isgurun.com\/index.php\/product\/iki-iplik-polo-yaka-sweetshirt\/#primaryimage","url":"http:\/\/www.isgurun.com\/wp-content\/uploads\/2023\/10\/00589d_d8336cab82f94dd1bc31d205215dd1efmv2.webp","contentUrl":"http:\/\/www.isgurun.com\/wp-content\/uploads\/2023\/10\/00589d_d8336cab82f94dd1bc31d205215dd1efmv2.webp","width":420,"height":420},{"@type":"BreadcrumbList","@id":"http:\/\/www.isgurun.com\/index.php\/product\/iki-iplik-polo-yaka-sweetshirt\/#breadcrumb","itemListElement":[{"@type":"ListItem","position":1,"name":"Anasayfa","item":"https:\/\/www.isgurun.com\/"},{"@type":"ListItem","position":2,"name":"Shop","item":"http:\/\/www.isgurun.com\/index.php\/shop\/"},{"@type":"ListItem","position":3,"name":"\u0130ki \u0130plik Polo Yaka Sweetshirt"}]},{"@type":"WebSite","@id":"https:\/\/www.isgurun.com\/#website","url":"https:\/\/www.isgurun.com\/","name":"https:\/\/www.isgurun.com","description":"","publisher":{"@id":"https:\/\/www.isgurun.com\/#organization"},"potentialAction":[{"@type":"SearchAction","target":{"@type":"EntryPoint","urlTemplate":"https:\/\/www.isgurun.com\/?s={search_term_string}"},"query-input":{"@type":"PropertyValueSpecification","valueRequired":true,"valueName":"search_term_string"}}],"inLanguage":"tr"},{"@type":"Organization","@id":"https:\/\/www.isgurun.com\/#organization","name":"Kurulu\u015f \u0130\u015f Elbiseleri","alternateName":"K\u0130E","url":"https:\/\/www.isgurun.com\/","logo":{"@type":"ImageObject","inLanguage":"tr","@id":"https:\/\/www.isgurun.com\/#\/schema\/logo\/image\/","url":"http:\/\/www.isgurun.com\/wp-content\/uploads\/2025\/01\/cropped-Artboard-1-5.png","contentUrl":"http:\/\/www.isgurun.com\/wp-content\/uploads\/2025\/01\/cropped-Artboard-1-5.png","width":783,"height":636,"caption":"Kurulu\u015f \u0130\u015f Elbiseleri"},"image":{"@id":"https:\/\/www.isgurun.com\/#\/schema\/logo\/image\/"}}]}},"_links":{"self":[{"href":"http:\/\/www.isgurun.com\/index.php\/wp-json\/wp\/v2\/product\/17447","targetHints":{"allow":["GET"]}}],"collection":[{"href":"http:\/\/www.isgurun.com\/index.php\/wp-json\/wp\/v2\/product"}],"about":[{"href":"http:\/\/www.isgurun.com\/index.php\/wp-json\/wp\/v2\/types\/product"}],"version-history":[{"count":1,"href":"http:\/\/www.isgurun.com\/index.php\/wp-json\/wp\/v2\/product\/17447\/revisions"}],"predecessor-version":[{"id":17450,"href":"http:\/\/www.isgurun.com\/index.php\/wp-json\/wp\/v2\/product\/17447\/revisions\/17450"}],"wp:featuredmedia":[{"embeddable":true,"href":"http:\/\/www.isgurun.com\/index.php\/wp-json\/wp\/v2\/media\/17449"}],"wp:attachment":[{"href":"http:\/\/www.isgurun.com\/index.php\/wp-json\/wp\/v2\/media?parent=17447"}],"wp:term":[{"taxonomy":"product_brand","embeddable":true,"href":"http:\/\/www.isgurun.com\/index.php\/wp-json\/wp\/v2\/product_brand?post=17447"},{"taxonomy":"product_cat","embeddable":true,"href":"http:\/\/www.isgurun.com\/index.php\/wp-json\/wp\/v2\/product_cat?post=17447"},{"taxonomy":"product_tag","embeddable":true,"href":"http:\/\/www.isgurun.com\/index.php\/wp-json\/wp\/v2\/product_tag?post=17447"}],"curies":[{"name":"wp","href":"https:\/\/api.w.org\/{rel}","templated":true}]}}