{"id":17484,"date":"2023-10-23T09:52:24","date_gmt":"2023-10-23T09:52:24","guid":{"rendered":"http:\/\/www.isgurun.com\/?post_type=product&#038;p=17484"},"modified":"2025-02-04T18:09:56","modified_gmt":"2025-02-04T18:09:56","slug":"takim-gabardin-kaynak-pantolon-ceket","status":"publish","type":"product","link":"http:\/\/www.isgurun.com\/index.php\/product\/takim-gabardin-kaynak-pantolon-ceket\/","title":{"rendered":"Tak\u0131m Gabardin Kaynak Pantolon\/Ceket"},"content":{"rendered":"<p>\u00dcr\u00fcnlerimiz %100 Yerli ve Milli \u00dcretim Olup, Markal\u0131 i\u015f g\u00fcvenli\u011fi \u00fcr\u00fcnlerimizin sat\u0131\u015f\u0131 mevcuttur, Sat\u0131\u015flar\u0131m\u0131z A\u011f\u0131rl\u0131kl\u0131 olarak Toptan Olmakla Beraber \u0130\u015f g\u00fcvenli\u011fi \u00dcr\u00fcnleri, \u0130kaz Yelekleri, \u0130\u015f Botlar\u0131, \u0130\u015f \u00c7izmeleri, K\u0131\u015fl\u0131k Parka Ve Di\u011fer \u0130\u015f G\u00fcvenlki\u011fi \u00dcr\u00fcnlerimiz \u0130\u00e7in L\u00fctfen Fiyat al\u0131n\u0131z<\/p>\n","protected":false},"excerpt":{"rendered":"<p>\u00dcr\u00fcnlerimiz %100 Yerli ve Milli \u00dcretim Olup, Markal\u0131 i\u015f g\u00fcvenli\u011fi \u00fcr\u00fcnlerimizin sat\u0131\u015f\u0131 mevcuttur, Sat\u0131\u015flar\u0131m\u0131z A\u011f\u0131rl\u0131kl\u0131 olarak Toptan Olmakla Beraber \u0130\u015f g\u00fcvenli\u011fi \u00dcr\u00fcnleri, \u0130kaz Yelekleri, \u0130\u015f Botlar\u0131, \u0130\u015f \u00c7izmeleri, K\u0131\u015fl\u0131k Parka Ve Di\u011fer \u0130\u015f G\u00fcvenlki\u011fi \u00dcr\u00fcnlerimiz \u0130\u00e7in L\u00fctfen Fiyat al\u0131n\u0131z<\/p>\n","protected":false},"featured_media":17486,"template":"","meta":[],"product_brand":[],"product_cat":[98],"product_tag":[],"class_list":{"0":"post-17484","1":"product","2":"type-product","3":"status-publish","4":"has-post-thumbnail","6":"product_cat-is-takimlari","8":"first","9":"instock","10":"shipping-taxable","11":"product-type-simple"},"yoast_head":"<!-- This site is optimized with the Yoast SEO plugin v26.0 - https:\/\/yoast.com\/wordpress\/plugins\/seo\/ -->\n<title>Tak\u0131m Gabardin Kaynak Pantolon\/Ceket -<\/title>\n<meta name=\"robots\" content=\"index, follow, max-snippet:-1, max-image-preview:large, max-video-preview:-1\" \/>\n<link rel=\"canonical\" href=\"http:\/\/www.isgurun.com\/index.php\/product\/takim-gabardin-kaynak-pantolon-ceket\/\" \/>\n<meta property=\"og:locale\" content=\"tr_TR\" \/>\n<meta property=\"og:type\" content=\"article\" \/>\n<meta property=\"og:title\" content=\"Tak\u0131m Gabardin Kaynak Pantolon\/Ceket -\" \/>\n<meta property=\"og:description\" content=\"\u00dcr\u00fcnlerimiz %100 Yerli ve Milli \u00dcretim Olup, Markal\u0131 i\u015f g\u00fcvenli\u011fi \u00fcr\u00fcnlerimizin sat\u0131\u015f\u0131 mevcuttur, Sat\u0131\u015flar\u0131m\u0131z A\u011f\u0131rl\u0131kl\u0131 olarak Toptan Olmakla Beraber \u0130\u015f g\u00fcvenli\u011fi \u00dcr\u00fcnleri, \u0130kaz Yelekleri, \u0130\u015f Botlar\u0131, \u0130\u015f \u00c7izmeleri, K\u0131\u015fl\u0131k Parka Ve Di\u011fer \u0130\u015f G\u00fcvenlki\u011fi \u00dcr\u00fcnlerimiz \u0130\u00e7in L\u00fctfen Fiyat al\u0131n\u0131z\" \/>\n<meta property=\"og:url\" content=\"http:\/\/www.isgurun.com\/index.php\/product\/takim-gabardin-kaynak-pantolon-ceket\/\" \/>\n<meta property=\"article:modified_time\" content=\"2025-02-04T18:09:56+00:00\" \/>\n<meta property=\"og:image\" content=\"http:\/\/www.isgurun.com\/wp-content\/uploads\/2023\/10\/00589d_86c9dae65c104af88bb1e77b29cbc153mv2.webp\" \/>\n\t<meta property=\"og:image:width\" content=\"315\" \/>\n\t<meta property=\"og:image:height\" content=\"420\" \/>\n\t<meta property=\"og:image:type\" content=\"image\/webp\" \/>\n<meta name=\"twitter:card\" content=\"summary_large_image\" \/>\n<script type=\"application\/ld+json\" class=\"yoast-schema-graph\">{\"@context\":\"https:\/\/schema.org\",\"@graph\":[{\"@type\":\"WebPage\",\"@id\":\"http:\/\/www.isgurun.com\/index.php\/product\/takim-gabardin-kaynak-pantolon-ceket\/\",\"url\":\"http:\/\/www.isgurun.com\/index.php\/product\/takim-gabardin-kaynak-pantolon-ceket\/\",\"name\":\"Tak\u0131m Gabardin Kaynak Pantolon\/Ceket -\",\"isPartOf\":{\"@id\":\"http:\/\/www.isgurun.com\/#website\"},\"primaryImageOfPage\":{\"@id\":\"http:\/\/www.isgurun.com\/index.php\/product\/takim-gabardin-kaynak-pantolon-ceket\/#primaryimage\"},\"image\":{\"@id\":\"http:\/\/www.isgurun.com\/index.php\/product\/takim-gabardin-kaynak-pantolon-ceket\/#primaryimage\"},\"thumbnailUrl\":\"http:\/\/www.isgurun.com\/wp-content\/uploads\/2023\/10\/00589d_86c9dae65c104af88bb1e77b29cbc153mv2.webp\",\"datePublished\":\"2023-10-23T09:52:24+00:00\",\"dateModified\":\"2025-02-04T18:09:56+00:00\",\"breadcrumb\":{\"@id\":\"http:\/\/www.isgurun.com\/index.php\/product\/takim-gabardin-kaynak-pantolon-ceket\/#breadcrumb\"},\"inLanguage\":\"tr\",\"potentialAction\":[{\"@type\":\"ReadAction\",\"target\":[\"http:\/\/www.isgurun.com\/index.php\/product\/takim-gabardin-kaynak-pantolon-ceket\/\"]}]},{\"@type\":\"ImageObject\",\"inLanguage\":\"tr\",\"@id\":\"http:\/\/www.isgurun.com\/index.php\/product\/takim-gabardin-kaynak-pantolon-ceket\/#primaryimage\",\"url\":\"http:\/\/www.isgurun.com\/wp-content\/uploads\/2023\/10\/00589d_86c9dae65c104af88bb1e77b29cbc153mv2.webp\",\"contentUrl\":\"http:\/\/www.isgurun.com\/wp-content\/uploads\/2023\/10\/00589d_86c9dae65c104af88bb1e77b29cbc153mv2.webp\",\"width\":315,\"height\":420},{\"@type\":\"BreadcrumbList\",\"@id\":\"http:\/\/www.isgurun.com\/index.php\/product\/takim-gabardin-kaynak-pantolon-ceket\/#breadcrumb\",\"itemListElement\":[{\"@type\":\"ListItem\",\"position\":1,\"name\":\"Anasayfa\",\"item\":\"http:\/\/www.isgurun.com\/\"},{\"@type\":\"ListItem\",\"position\":2,\"name\":\"Shop\",\"item\":\"https:\/\/www.isgurun.com\/index.php\/shop\/\"},{\"@type\":\"ListItem\",\"position\":3,\"name\":\"Tak\u0131m Gabardin Kaynak Pantolon\/Ceket\"}]},{\"@type\":\"WebSite\",\"@id\":\"http:\/\/www.isgurun.com\/#website\",\"url\":\"http:\/\/www.isgurun.com\/\",\"name\":\"https:\/\/www.isgurun.com\",\"description\":\"\",\"publisher\":{\"@id\":\"http:\/\/www.isgurun.com\/#organization\"},\"potentialAction\":[{\"@type\":\"SearchAction\",\"target\":{\"@type\":\"EntryPoint\",\"urlTemplate\":\"http:\/\/www.isgurun.com\/?s={search_term_string}\"},\"query-input\":{\"@type\":\"PropertyValueSpecification\",\"valueRequired\":true,\"valueName\":\"search_term_string\"}}],\"inLanguage\":\"tr\"},{\"@type\":\"Organization\",\"@id\":\"http:\/\/www.isgurun.com\/#organization\",\"name\":\"Kurulu\u015f \u0130\u015f Elbiseleri\",\"alternateName\":\"K\u0130E\",\"url\":\"http:\/\/www.isgurun.com\/\",\"logo\":{\"@type\":\"ImageObject\",\"inLanguage\":\"tr\",\"@id\":\"http:\/\/www.isgurun.com\/#\/schema\/logo\/image\/\",\"url\":\"http:\/\/www.isgurun.com\/wp-content\/uploads\/2025\/01\/cropped-Artboard-1-5.png\",\"contentUrl\":\"http:\/\/www.isgurun.com\/wp-content\/uploads\/2025\/01\/cropped-Artboard-1-5.png\",\"width\":783,\"height\":636,\"caption\":\"Kurulu\u015f \u0130\u015f Elbiseleri\"},\"image\":{\"@id\":\"http:\/\/www.isgurun.com\/#\/schema\/logo\/image\/\"}}]}<\/script>\n<!-- \/ Yoast SEO plugin. -->","yoast_head_json":{"title":"Tak\u0131m Gabardin Kaynak Pantolon\/Ceket -","robots":{"index":"index","follow":"follow","max-snippet":"max-snippet:-1","max-image-preview":"max-image-preview:large","max-video-preview":"max-video-preview:-1"},"canonical":"http:\/\/www.isgurun.com\/index.php\/product\/takim-gabardin-kaynak-pantolon-ceket\/","og_locale":"tr_TR","og_type":"article","og_title":"Tak\u0131m Gabardin Kaynak Pantolon\/Ceket -","og_description":"\u00dcr\u00fcnlerimiz %100 Yerli ve Milli \u00dcretim Olup, Markal\u0131 i\u015f g\u00fcvenli\u011fi \u00fcr\u00fcnlerimizin sat\u0131\u015f\u0131 mevcuttur, Sat\u0131\u015flar\u0131m\u0131z A\u011f\u0131rl\u0131kl\u0131 olarak Toptan Olmakla Beraber \u0130\u015f g\u00fcvenli\u011fi \u00dcr\u00fcnleri, \u0130kaz Yelekleri, \u0130\u015f Botlar\u0131, \u0130\u015f \u00c7izmeleri, K\u0131\u015fl\u0131k Parka Ve Di\u011fer \u0130\u015f G\u00fcvenlki\u011fi \u00dcr\u00fcnlerimiz \u0130\u00e7in L\u00fctfen Fiyat al\u0131n\u0131z","og_url":"http:\/\/www.isgurun.com\/index.php\/product\/takim-gabardin-kaynak-pantolon-ceket\/","article_modified_time":"2025-02-04T18:09:56+00:00","og_image":[{"width":315,"height":420,"url":"http:\/\/www.isgurun.com\/wp-content\/uploads\/2023\/10\/00589d_86c9dae65c104af88bb1e77b29cbc153mv2.webp","type":"image\/webp"}],"twitter_card":"summary_large_image","schema":{"@context":"https:\/\/schema.org","@graph":[{"@type":"WebPage","@id":"http:\/\/www.isgurun.com\/index.php\/product\/takim-gabardin-kaynak-pantolon-ceket\/","url":"http:\/\/www.isgurun.com\/index.php\/product\/takim-gabardin-kaynak-pantolon-ceket\/","name":"Tak\u0131m Gabardin Kaynak Pantolon\/Ceket -","isPartOf":{"@id":"http:\/\/www.isgurun.com\/#website"},"primaryImageOfPage":{"@id":"http:\/\/www.isgurun.com\/index.php\/product\/takim-gabardin-kaynak-pantolon-ceket\/#primaryimage"},"image":{"@id":"http:\/\/www.isgurun.com\/index.php\/product\/takim-gabardin-kaynak-pantolon-ceket\/#primaryimage"},"thumbnailUrl":"http:\/\/www.isgurun.com\/wp-content\/uploads\/2023\/10\/00589d_86c9dae65c104af88bb1e77b29cbc153mv2.webp","datePublished":"2023-10-23T09:52:24+00:00","dateModified":"2025-02-04T18:09:56+00:00","breadcrumb":{"@id":"http:\/\/www.isgurun.com\/index.php\/product\/takim-gabardin-kaynak-pantolon-ceket\/#breadcrumb"},"inLanguage":"tr","potentialAction":[{"@type":"ReadAction","target":["http:\/\/www.isgurun.com\/index.php\/product\/takim-gabardin-kaynak-pantolon-ceket\/"]}]},{"@type":"ImageObject","inLanguage":"tr","@id":"http:\/\/www.isgurun.com\/index.php\/product\/takim-gabardin-kaynak-pantolon-ceket\/#primaryimage","url":"http:\/\/www.isgurun.com\/wp-content\/uploads\/2023\/10\/00589d_86c9dae65c104af88bb1e77b29cbc153mv2.webp","contentUrl":"http:\/\/www.isgurun.com\/wp-content\/uploads\/2023\/10\/00589d_86c9dae65c104af88bb1e77b29cbc153mv2.webp","width":315,"height":420},{"@type":"BreadcrumbList","@id":"http:\/\/www.isgurun.com\/index.php\/product\/takim-gabardin-kaynak-pantolon-ceket\/#breadcrumb","itemListElement":[{"@type":"ListItem","position":1,"name":"Anasayfa","item":"http:\/\/www.isgurun.com\/"},{"@type":"ListItem","position":2,"name":"Shop","item":"https:\/\/www.isgurun.com\/index.php\/shop\/"},{"@type":"ListItem","position":3,"name":"Tak\u0131m Gabardin Kaynak Pantolon\/Ceket"}]},{"@type":"WebSite","@id":"http:\/\/www.isgurun.com\/#website","url":"http:\/\/www.isgurun.com\/","name":"https:\/\/www.isgurun.com","description":"","publisher":{"@id":"http:\/\/www.isgurun.com\/#organization"},"potentialAction":[{"@type":"SearchAction","target":{"@type":"EntryPoint","urlTemplate":"http:\/\/www.isgurun.com\/?s={search_term_string}"},"query-input":{"@type":"PropertyValueSpecification","valueRequired":true,"valueName":"search_term_string"}}],"inLanguage":"tr"},{"@type":"Organization","@id":"http:\/\/www.isgurun.com\/#organization","name":"Kurulu\u015f \u0130\u015f Elbiseleri","alternateName":"K\u0130E","url":"http:\/\/www.isgurun.com\/","logo":{"@type":"ImageObject","inLanguage":"tr","@id":"http:\/\/www.isgurun.com\/#\/schema\/logo\/image\/","url":"http:\/\/www.isgurun.com\/wp-content\/uploads\/2025\/01\/cropped-Artboard-1-5.png","contentUrl":"http:\/\/www.isgurun.com\/wp-content\/uploads\/2025\/01\/cropped-Artboard-1-5.png","width":783,"height":636,"caption":"Kurulu\u015f \u0130\u015f Elbiseleri"},"image":{"@id":"http:\/\/www.isgurun.com\/#\/schema\/logo\/image\/"}}]}},"_links":{"self":[{"href":"http:\/\/www.isgurun.com\/index.php\/wp-json\/wp\/v2\/product\/17484","targetHints":{"allow":["GET"]}}],"collection":[{"href":"http:\/\/www.isgurun.com\/index.php\/wp-json\/wp\/v2\/product"}],"about":[{"href":"http:\/\/www.isgurun.com\/index.php\/wp-json\/wp\/v2\/types\/product"}],"version-history":[{"count":1,"href":"http:\/\/www.isgurun.com\/index.php\/wp-json\/wp\/v2\/product\/17484\/revisions"}],"predecessor-version":[{"id":17487,"href":"http:\/\/www.isgurun.com\/index.php\/wp-json\/wp\/v2\/product\/17484\/revisions\/17487"}],"wp:featuredmedia":[{"embeddable":true,"href":"http:\/\/www.isgurun.com\/index.php\/wp-json\/wp\/v2\/media\/17486"}],"wp:attachment":[{"href":"http:\/\/www.isgurun.com\/index.php\/wp-json\/wp\/v2\/media?parent=17484"}],"wp:term":[{"taxonomy":"product_brand","embeddable":true,"href":"http:\/\/www.isgurun.com\/index.php\/wp-json\/wp\/v2\/product_brand?post=17484"},{"taxonomy":"product_cat","embeddable":true,"href":"http:\/\/www.isgurun.com\/index.php\/wp-json\/wp\/v2\/product_cat?post=17484"},{"taxonomy":"product_tag","embeddable":true,"href":"http:\/\/www.isgurun.com\/index.php\/wp-json\/wp\/v2\/product_tag?post=17484"}],"curies":[{"name":"wp","href":"https:\/\/api.w.org\/{rel}","templated":true}]}}