{"id":17520,"date":"2023-10-23T10:02:13","date_gmt":"2023-10-23T10:02:13","guid":{"rendered":"http:\/\/www.isgurun.com\/?post_type=product&#038;p=17520"},"modified":"2023-10-24T13:15:19","modified_gmt":"2023-10-24T13:15:19","slug":"is-eldiveni-lightstar","status":"publish","type":"product","link":"http:\/\/www.isgurun.com\/index.php\/product\/is-eldiveni-lightstar\/","title":{"rendered":"\u0130s Eldiveni Lightstar"},"content":{"rendered":"<p><strong>L\u0130GHTSTAR \u0130\u015f Eldiveni YAPISI<\/strong><\/p>\n<ul>\n<li>Koruyucu eldivenler Do\u011fal ve Sentetik Kau\u00e7uk Lateksi ile kaplanm\u0131\u015f (\u00f6rt\u00fclm\u00fc\u015f)lard\u0131r. Bu \u00fcr\u00fcnler bir miktar s\u0131cakl\u0131\u011fa kar\u015f\u0131, y\u0131rt\u0131lmaya, a\u015f\u0131nmaya ve bir madde ile delinmeye kar\u015f\u0131 diren\u00e7lidirler. Eldivenin i\u00e7 astar\u0131 %100 interlock pamuk kuma\u015f\u0131ndand\u0131r. Ayr\u0131ca bilekli\u011fi de pamuktur.<\/li>\n<\/ul>\n<p>&nbsp;<\/p>\n<p><strong>L\u0130GHTSTAR \u0130\u015f Eldiveni KULLANIM ALANLARI<\/strong><\/p>\n<ul>\n<li>Ellerin korunmas\u0131 i\u00e7in eldivenin belli bir alan\u0131 do\u011fal kau\u00e7uk lateksi ile kaplanm\u0131\u015ft\u0131r. Kullan\u0131m yarar\u0131 sa\u011flamak i\u00e7in \u00fczerinde (kaplanm\u0131\u015f alan) de\u011fi\u015fiklik yap\u0131lmamal\u0131d\u0131r. Eldiveni uygun kullan\u0131m sahas\u0131nda, kullanmamaktan dolay\u0131 sorumluluk \u00fcreticide de\u011fil kullan\u0131c\u0131dad\u0131r.<\/li>\n<\/ul>\n<p>&nbsp;<\/p>\n<p><strong>L\u0130GHTSTAR \u0130\u015f Eldiveni, GENEL B\u0130LG\u0130LER<\/strong><\/p>\n<ul>\n<li>Eldiven yap\u0131m\u0131 ve kullan\u0131m kalitesi ISO 9001:2000 sertifikas\u0131na uygundur. Yap\u0131m a\u015famas\u0131nda kullan\u0131lan herhangi malzeme ve prosesten kullan\u0131c\u0131ya zarar gelmez. Eldiven yap\u0131m\u0131nda kullan\u0131lan baz\u0131 malzemeler hassas cildi olanlarda alerjiye sebep olabilir.<\/li>\n<\/ul>\n<p>&nbsp;<\/p>\n<p><strong>L\u0130GHTSTAR \u0130\u015f Eldiveni PERFORMANS<\/strong><\/p>\n<ul>\n<li>Eldivenlere uygulanan CE ve ba\u011flam\u0131nda standart ko\u015fullar ve d\u00fczey alt\u0131nda, koruyucunun mekanik riskler kar\u015f\u0131s\u0131ndaki dayan\u0131m\u0131 a\u015fa\u011f\u0131da g\u00f6sterilmi\u015ftir.<\/li>\n<\/ul>\n","protected":false},"excerpt":{"rendered":"<p>L\u0130GHTSTAR \u0130\u015f Eldiveni YAPISI Koruyucu eldivenler Do\u011fal ve Sentetik Kau\u00e7uk Lateksi ile kaplanm\u0131\u015f (\u00f6rt\u00fclm\u00fc\u015f)lard\u0131r. Bu \u00fcr\u00fcnler bir miktar s\u0131cakl\u0131\u011fa kar\u015f\u0131, y\u0131rt\u0131lmaya, a\u015f\u0131nmaya ve bir madde ile delinmeye kar\u015f\u0131 diren\u00e7lidirler. Eldivenin i\u00e7 astar\u0131 %100 interlock pamuk kuma\u015f\u0131ndand\u0131r. Ayr\u0131ca bilekli\u011fi de pamuktur. &nbsp; L\u0130GHTSTAR \u0130\u015f Eldiveni KULLANIM ALANLARI Ellerin korunmas\u0131 i\u00e7in eldivenin belli bir alan\u0131 do\u011fal kau\u00e7uk [&hellip;]<\/p>\n","protected":false},"featured_media":17522,"template":"","meta":[],"product_brand":[],"product_cat":[77,59],"product_tag":[],"class_list":{"0":"post-17520","1":"product","2":"type-product","3":"status-publish","4":"has-post-thumbnail","6":"product_cat-eldivenler","7":"product_cat-kisisel-koruyucu-malzemeler","9":"first","10":"instock","11":"shipping-taxable","12":"product-type-simple"},"yoast_head":"<!-- This site is optimized with the Yoast SEO plugin v26.0 - https:\/\/yoast.com\/wordpress\/plugins\/seo\/ -->\n<title>\u0130s Eldiveni Lightstar -<\/title>\n<meta name=\"robots\" content=\"index, follow, max-snippet:-1, max-image-preview:large, max-video-preview:-1\" \/>\n<link rel=\"canonical\" href=\"http:\/\/www.isgurun.com\/index.php\/product\/is-eldiveni-lightstar\/\" \/>\n<meta property=\"og:locale\" content=\"tr_TR\" \/>\n<meta property=\"og:type\" content=\"article\" \/>\n<meta property=\"og:title\" content=\"\u0130s Eldiveni Lightstar -\" \/>\n<meta property=\"og:description\" content=\"L\u0130GHTSTAR \u0130\u015f Eldiveni YAPISI Koruyucu eldivenler Do\u011fal ve Sentetik Kau\u00e7uk Lateksi ile kaplanm\u0131\u015f (\u00f6rt\u00fclm\u00fc\u015f)lard\u0131r. Bu \u00fcr\u00fcnler bir miktar s\u0131cakl\u0131\u011fa kar\u015f\u0131, y\u0131rt\u0131lmaya, a\u015f\u0131nmaya ve bir madde ile delinmeye kar\u015f\u0131 diren\u00e7lidirler. Eldivenin i\u00e7 astar\u0131 %100 interlock pamuk kuma\u015f\u0131ndand\u0131r. Ayr\u0131ca bilekli\u011fi de pamuktur. &nbsp; L\u0130GHTSTAR \u0130\u015f Eldiveni KULLANIM ALANLARI Ellerin korunmas\u0131 i\u00e7in eldivenin belli bir alan\u0131 do\u011fal kau\u00e7uk [&hellip;]\" \/>\n<meta property=\"og:url\" content=\"http:\/\/www.isgurun.com\/index.php\/product\/is-eldiveni-lightstar\/\" \/>\n<meta property=\"article:modified_time\" content=\"2023-10-24T13:15:19+00:00\" \/>\n<meta property=\"og:image\" content=\"http:\/\/www.isgurun.com\/wp-content\/uploads\/2023\/10\/00589d_60f0192b0ca04586965ca5b904b55614mv2.webp\" \/>\n\t<meta property=\"og:image:width\" content=\"315\" \/>\n\t<meta property=\"og:image:height\" content=\"420\" \/>\n\t<meta property=\"og:image:type\" content=\"image\/webp\" \/>\n<meta name=\"twitter:card\" content=\"summary_large_image\" \/>\n<meta name=\"twitter:label1\" content=\"Tahmini okuma s\u00fcresi\" \/>\n\t<meta name=\"twitter:data1\" content=\"1 dakika\" \/>\n<script type=\"application\/ld+json\" class=\"yoast-schema-graph\">{\"@context\":\"https:\/\/schema.org\",\"@graph\":[{\"@type\":\"WebPage\",\"@id\":\"http:\/\/www.isgurun.com\/index.php\/product\/is-eldiveni-lightstar\/\",\"url\":\"http:\/\/www.isgurun.com\/index.php\/product\/is-eldiveni-lightstar\/\",\"name\":\"\u0130s Eldiveni Lightstar -\",\"isPartOf\":{\"@id\":\"https:\/\/www.isgurun.com\/#website\"},\"primaryImageOfPage\":{\"@id\":\"http:\/\/www.isgurun.com\/index.php\/product\/is-eldiveni-lightstar\/#primaryimage\"},\"image\":{\"@id\":\"http:\/\/www.isgurun.com\/index.php\/product\/is-eldiveni-lightstar\/#primaryimage\"},\"thumbnailUrl\":\"http:\/\/www.isgurun.com\/wp-content\/uploads\/2023\/10\/00589d_60f0192b0ca04586965ca5b904b55614mv2.webp\",\"datePublished\":\"2023-10-23T10:02:13+00:00\",\"dateModified\":\"2023-10-24T13:15:19+00:00\",\"breadcrumb\":{\"@id\":\"http:\/\/www.isgurun.com\/index.php\/product\/is-eldiveni-lightstar\/#breadcrumb\"},\"inLanguage\":\"tr\",\"potentialAction\":[{\"@type\":\"ReadAction\",\"target\":[\"http:\/\/www.isgurun.com\/index.php\/product\/is-eldiveni-lightstar\/\"]}]},{\"@type\":\"ImageObject\",\"inLanguage\":\"tr\",\"@id\":\"http:\/\/www.isgurun.com\/index.php\/product\/is-eldiveni-lightstar\/#primaryimage\",\"url\":\"http:\/\/www.isgurun.com\/wp-content\/uploads\/2023\/10\/00589d_60f0192b0ca04586965ca5b904b55614mv2.webp\",\"contentUrl\":\"http:\/\/www.isgurun.com\/wp-content\/uploads\/2023\/10\/00589d_60f0192b0ca04586965ca5b904b55614mv2.webp\",\"width\":315,\"height\":420},{\"@type\":\"BreadcrumbList\",\"@id\":\"http:\/\/www.isgurun.com\/index.php\/product\/is-eldiveni-lightstar\/#breadcrumb\",\"itemListElement\":[{\"@type\":\"ListItem\",\"position\":1,\"name\":\"Anasayfa\",\"item\":\"https:\/\/www.isgurun.com\/\"},{\"@type\":\"ListItem\",\"position\":2,\"name\":\"Shop\",\"item\":\"http:\/\/www.isgurun.com\/index.php\/shop\/\"},{\"@type\":\"ListItem\",\"position\":3,\"name\":\"\u0130s Eldiveni Lightstar\"}]},{\"@type\":\"WebSite\",\"@id\":\"https:\/\/www.isgurun.com\/#website\",\"url\":\"https:\/\/www.isgurun.com\/\",\"name\":\"https:\/\/www.isgurun.com\",\"description\":\"\",\"publisher\":{\"@id\":\"https:\/\/www.isgurun.com\/#organization\"},\"potentialAction\":[{\"@type\":\"SearchAction\",\"target\":{\"@type\":\"EntryPoint\",\"urlTemplate\":\"https:\/\/www.isgurun.com\/?s={search_term_string}\"},\"query-input\":{\"@type\":\"PropertyValueSpecification\",\"valueRequired\":true,\"valueName\":\"search_term_string\"}}],\"inLanguage\":\"tr\"},{\"@type\":\"Organization\",\"@id\":\"https:\/\/www.isgurun.com\/#organization\",\"name\":\"Kurulu\u015f \u0130\u015f Elbiseleri\",\"alternateName\":\"K\u0130E\",\"url\":\"https:\/\/www.isgurun.com\/\",\"logo\":{\"@type\":\"ImageObject\",\"inLanguage\":\"tr\",\"@id\":\"https:\/\/www.isgurun.com\/#\/schema\/logo\/image\/\",\"url\":\"http:\/\/www.isgurun.com\/wp-content\/uploads\/2025\/01\/cropped-Artboard-1-5.png\",\"contentUrl\":\"http:\/\/www.isgurun.com\/wp-content\/uploads\/2025\/01\/cropped-Artboard-1-5.png\",\"width\":783,\"height\":636,\"caption\":\"Kurulu\u015f \u0130\u015f Elbiseleri\"},\"image\":{\"@id\":\"https:\/\/www.isgurun.com\/#\/schema\/logo\/image\/\"}}]}<\/script>\n<!-- \/ Yoast SEO plugin. -->","yoast_head_json":{"title":"\u0130s Eldiveni Lightstar -","robots":{"index":"index","follow":"follow","max-snippet":"max-snippet:-1","max-image-preview":"max-image-preview:large","max-video-preview":"max-video-preview:-1"},"canonical":"http:\/\/www.isgurun.com\/index.php\/product\/is-eldiveni-lightstar\/","og_locale":"tr_TR","og_type":"article","og_title":"\u0130s Eldiveni Lightstar -","og_description":"L\u0130GHTSTAR \u0130\u015f Eldiveni YAPISI Koruyucu eldivenler Do\u011fal ve Sentetik Kau\u00e7uk Lateksi ile kaplanm\u0131\u015f (\u00f6rt\u00fclm\u00fc\u015f)lard\u0131r. Bu \u00fcr\u00fcnler bir miktar s\u0131cakl\u0131\u011fa kar\u015f\u0131, y\u0131rt\u0131lmaya, a\u015f\u0131nmaya ve bir madde ile delinmeye kar\u015f\u0131 diren\u00e7lidirler. Eldivenin i\u00e7 astar\u0131 %100 interlock pamuk kuma\u015f\u0131ndand\u0131r. Ayr\u0131ca bilekli\u011fi de pamuktur. &nbsp; L\u0130GHTSTAR \u0130\u015f Eldiveni KULLANIM ALANLARI Ellerin korunmas\u0131 i\u00e7in eldivenin belli bir alan\u0131 do\u011fal kau\u00e7uk [&hellip;]","og_url":"http:\/\/www.isgurun.com\/index.php\/product\/is-eldiveni-lightstar\/","article_modified_time":"2023-10-24T13:15:19+00:00","og_image":[{"width":315,"height":420,"url":"http:\/\/www.isgurun.com\/wp-content\/uploads\/2023\/10\/00589d_60f0192b0ca04586965ca5b904b55614mv2.webp","type":"image\/webp"}],"twitter_card":"summary_large_image","twitter_misc":{"Tahmini okuma s\u00fcresi":"1 dakika"},"schema":{"@context":"https:\/\/schema.org","@graph":[{"@type":"WebPage","@id":"http:\/\/www.isgurun.com\/index.php\/product\/is-eldiveni-lightstar\/","url":"http:\/\/www.isgurun.com\/index.php\/product\/is-eldiveni-lightstar\/","name":"\u0130s Eldiveni Lightstar -","isPartOf":{"@id":"https:\/\/www.isgurun.com\/#website"},"primaryImageOfPage":{"@id":"http:\/\/www.isgurun.com\/index.php\/product\/is-eldiveni-lightstar\/#primaryimage"},"image":{"@id":"http:\/\/www.isgurun.com\/index.php\/product\/is-eldiveni-lightstar\/#primaryimage"},"thumbnailUrl":"http:\/\/www.isgurun.com\/wp-content\/uploads\/2023\/10\/00589d_60f0192b0ca04586965ca5b904b55614mv2.webp","datePublished":"2023-10-23T10:02:13+00:00","dateModified":"2023-10-24T13:15:19+00:00","breadcrumb":{"@id":"http:\/\/www.isgurun.com\/index.php\/product\/is-eldiveni-lightstar\/#breadcrumb"},"inLanguage":"tr","potentialAction":[{"@type":"ReadAction","target":["http:\/\/www.isgurun.com\/index.php\/product\/is-eldiveni-lightstar\/"]}]},{"@type":"ImageObject","inLanguage":"tr","@id":"http:\/\/www.isgurun.com\/index.php\/product\/is-eldiveni-lightstar\/#primaryimage","url":"http:\/\/www.isgurun.com\/wp-content\/uploads\/2023\/10\/00589d_60f0192b0ca04586965ca5b904b55614mv2.webp","contentUrl":"http:\/\/www.isgurun.com\/wp-content\/uploads\/2023\/10\/00589d_60f0192b0ca04586965ca5b904b55614mv2.webp","width":315,"height":420},{"@type":"BreadcrumbList","@id":"http:\/\/www.isgurun.com\/index.php\/product\/is-eldiveni-lightstar\/#breadcrumb","itemListElement":[{"@type":"ListItem","position":1,"name":"Anasayfa","item":"https:\/\/www.isgurun.com\/"},{"@type":"ListItem","position":2,"name":"Shop","item":"http:\/\/www.isgurun.com\/index.php\/shop\/"},{"@type":"ListItem","position":3,"name":"\u0130s Eldiveni Lightstar"}]},{"@type":"WebSite","@id":"https:\/\/www.isgurun.com\/#website","url":"https:\/\/www.isgurun.com\/","name":"https:\/\/www.isgurun.com","description":"","publisher":{"@id":"https:\/\/www.isgurun.com\/#organization"},"potentialAction":[{"@type":"SearchAction","target":{"@type":"EntryPoint","urlTemplate":"https:\/\/www.isgurun.com\/?s={search_term_string}"},"query-input":{"@type":"PropertyValueSpecification","valueRequired":true,"valueName":"search_term_string"}}],"inLanguage":"tr"},{"@type":"Organization","@id":"https:\/\/www.isgurun.com\/#organization","name":"Kurulu\u015f \u0130\u015f Elbiseleri","alternateName":"K\u0130E","url":"https:\/\/www.isgurun.com\/","logo":{"@type":"ImageObject","inLanguage":"tr","@id":"https:\/\/www.isgurun.com\/#\/schema\/logo\/image\/","url":"http:\/\/www.isgurun.com\/wp-content\/uploads\/2025\/01\/cropped-Artboard-1-5.png","contentUrl":"http:\/\/www.isgurun.com\/wp-content\/uploads\/2025\/01\/cropped-Artboard-1-5.png","width":783,"height":636,"caption":"Kurulu\u015f \u0130\u015f Elbiseleri"},"image":{"@id":"https:\/\/www.isgurun.com\/#\/schema\/logo\/image\/"}}]}},"_links":{"self":[{"href":"http:\/\/www.isgurun.com\/index.php\/wp-json\/wp\/v2\/product\/17520","targetHints":{"allow":["GET"]}}],"collection":[{"href":"http:\/\/www.isgurun.com\/index.php\/wp-json\/wp\/v2\/product"}],"about":[{"href":"http:\/\/www.isgurun.com\/index.php\/wp-json\/wp\/v2\/types\/product"}],"version-history":[{"count":1,"href":"http:\/\/www.isgurun.com\/index.php\/wp-json\/wp\/v2\/product\/17520\/revisions"}],"predecessor-version":[{"id":17523,"href":"http:\/\/www.isgurun.com\/index.php\/wp-json\/wp\/v2\/product\/17520\/revisions\/17523"}],"wp:featuredmedia":[{"embeddable":true,"href":"http:\/\/www.isgurun.com\/index.php\/wp-json\/wp\/v2\/media\/17522"}],"wp:attachment":[{"href":"http:\/\/www.isgurun.com\/index.php\/wp-json\/wp\/v2\/media?parent=17520"}],"wp:term":[{"taxonomy":"product_brand","embeddable":true,"href":"http:\/\/www.isgurun.com\/index.php\/wp-json\/wp\/v2\/product_brand?post=17520"},{"taxonomy":"product_cat","embeddable":true,"href":"http:\/\/www.isgurun.com\/index.php\/wp-json\/wp\/v2\/product_cat?post=17520"},{"taxonomy":"product_tag","embeddable":true,"href":"http:\/\/www.isgurun.com\/index.php\/wp-json\/wp\/v2\/product_tag?post=17520"}],"curies":[{"name":"wp","href":"https:\/\/api.w.org\/{rel}","templated":true}]}}