{"id":17524,"date":"2023-10-23T10:03:03","date_gmt":"2023-10-23T10:03:03","guid":{"rendered":"http:\/\/www.isgurun.com\/?post_type=product&#038;p=17524"},"modified":"2023-10-24T13:15:08","modified_gmt":"2023-10-24T13:15:08","slug":"is-eldiveni-3-parmak-kurban-eldiveni","status":"publish","type":"product","link":"http:\/\/www.isgurun.com\/index.php\/product\/is-eldiveni-3-parmak-kurban-eldiveni\/","title":{"rendered":"\u0130\u015f Eldiveni 3 Parmak (Kurban Eldiveni)"},"content":{"rendered":"<p>3 Parmak \u00c7elik \u00d6rg\u00fc Eldiven Small\u00a0<strong>3 Parmak \u00c7elik \u00d6rg\u00fc Eldiven<\/strong><\/p>\n<ul>\n<li>KASAP VE HIZAR KES\u0130M ELD\u0130VEN\u0130<\/li>\n<li><strong>KURBAN KES\u0130M ELD\u0130VEN\u0130<\/strong><\/li>\n<li>KUMA\u015e KES\u0130M ELD\u0130VEN\u0130<\/li>\n<li>\u00dcr\u00fcnlerimiz % 100 Paslanmaz \u00c7elikten \u0130mal Edilmi\u015ftir<\/li>\n<li>Kalite olarak Amerikan \u00c7eli\u011fi Kullan\u0131lmaktad\u0131r.<\/li>\n<li>Kesimhanelerde, Cutter Sistemlerde, Kasaplarda Kullan\u0131l\u0131r.<\/li>\n<li>El Hareketlerini K\u0131s\u0131tlamaz<\/li>\n<li>Eli Tam Olarak Kavrar<\/li>\n<li>Dikkatsizlikten Do\u011fan Yaralanmalara Son Verir<\/li>\n<li>Ters Y\u00fcz Ederek Solaklar da Kullanabilir<\/li>\n<li>Avrupa Standartlar\u0131 Dahilinde \u0130\u015f\u00e7i G\u00fcvenli\u011fi<\/li>\n<\/ul>\n","protected":false},"excerpt":{"rendered":"<p>3 Parmak \u00c7elik \u00d6rg\u00fc Eldiven Small\u00a03 Parmak \u00c7elik \u00d6rg\u00fc Eldiven KASAP VE HIZAR KES\u0130M ELD\u0130VEN\u0130 KURBAN KES\u0130M ELD\u0130VEN\u0130 KUMA\u015e KES\u0130M ELD\u0130VEN\u0130 \u00dcr\u00fcnlerimiz % 100 Paslanmaz \u00c7elikten \u0130mal Edilmi\u015ftir Kalite olarak Amerikan \u00c7eli\u011fi Kullan\u0131lmaktad\u0131r. Kesimhanelerde, Cutter Sistemlerde, Kasaplarda Kullan\u0131l\u0131r. El Hareketlerini K\u0131s\u0131tlamaz Eli Tam Olarak Kavrar Dikkatsizlikten Do\u011fan Yaralanmalara Son Verir Ters Y\u00fcz Ederek Solaklar da [&hellip;]<\/p>\n","protected":false},"featured_media":17526,"template":"","meta":[],"product_brand":[],"product_cat":[77,59],"product_tag":[],"class_list":{"0":"post-17524","1":"product","2":"type-product","3":"status-publish","4":"has-post-thumbnail","6":"product_cat-eldivenler","7":"product_cat-kisisel-koruyucu-malzemeler","9":"first","10":"instock","11":"shipping-taxable","12":"product-type-simple"},"yoast_head":"<!-- This site is optimized with the Yoast SEO plugin v26.0 - https:\/\/yoast.com\/wordpress\/plugins\/seo\/ -->\n<title>\u0130\u015f Eldiveni 3 Parmak (Kurban Eldiveni) -<\/title>\n<meta name=\"robots\" content=\"index, follow, max-snippet:-1, max-image-preview:large, max-video-preview:-1\" \/>\n<link rel=\"canonical\" href=\"http:\/\/www.isgurun.com\/index.php\/product\/is-eldiveni-3-parmak-kurban-eldiveni\/\" \/>\n<meta property=\"og:locale\" content=\"tr_TR\" \/>\n<meta property=\"og:type\" content=\"article\" \/>\n<meta property=\"og:title\" content=\"\u0130\u015f Eldiveni 3 Parmak (Kurban Eldiveni) -\" \/>\n<meta property=\"og:description\" content=\"3 Parmak \u00c7elik \u00d6rg\u00fc Eldiven Small\u00a03 Parmak \u00c7elik \u00d6rg\u00fc Eldiven KASAP VE HIZAR KES\u0130M ELD\u0130VEN\u0130 KURBAN KES\u0130M ELD\u0130VEN\u0130 KUMA\u015e KES\u0130M ELD\u0130VEN\u0130 \u00dcr\u00fcnlerimiz % 100 Paslanmaz \u00c7elikten \u0130mal Edilmi\u015ftir Kalite olarak Amerikan \u00c7eli\u011fi Kullan\u0131lmaktad\u0131r. Kesimhanelerde, Cutter Sistemlerde, Kasaplarda Kullan\u0131l\u0131r. El Hareketlerini K\u0131s\u0131tlamaz Eli Tam Olarak Kavrar Dikkatsizlikten Do\u011fan Yaralanmalara Son Verir Ters Y\u00fcz Ederek Solaklar da [&hellip;]\" \/>\n<meta property=\"og:url\" content=\"http:\/\/www.isgurun.com\/index.php\/product\/is-eldiveni-3-parmak-kurban-eldiveni\/\" \/>\n<meta property=\"article:modified_time\" content=\"2023-10-24T13:15:08+00:00\" \/>\n<meta property=\"og:image\" content=\"http:\/\/www.isgurun.com\/wp-content\/uploads\/2023\/10\/00589d_93e65f97347c424fb223280364cddb6fmv2.webp\" \/>\n\t<meta property=\"og:image:width\" content=\"315\" \/>\n\t<meta property=\"og:image:height\" content=\"420\" \/>\n\t<meta property=\"og:image:type\" content=\"image\/webp\" \/>\n<meta name=\"twitter:card\" content=\"summary_large_image\" \/>\n<script type=\"application\/ld+json\" class=\"yoast-schema-graph\">{\"@context\":\"https:\/\/schema.org\",\"@graph\":[{\"@type\":\"WebPage\",\"@id\":\"http:\/\/www.isgurun.com\/index.php\/product\/is-eldiveni-3-parmak-kurban-eldiveni\/\",\"url\":\"http:\/\/www.isgurun.com\/index.php\/product\/is-eldiveni-3-parmak-kurban-eldiveni\/\",\"name\":\"\u0130\u015f Eldiveni 3 Parmak (Kurban Eldiveni) -\",\"isPartOf\":{\"@id\":\"https:\/\/www.isgurun.com\/#website\"},\"primaryImageOfPage\":{\"@id\":\"http:\/\/www.isgurun.com\/index.php\/product\/is-eldiveni-3-parmak-kurban-eldiveni\/#primaryimage\"},\"image\":{\"@id\":\"http:\/\/www.isgurun.com\/index.php\/product\/is-eldiveni-3-parmak-kurban-eldiveni\/#primaryimage\"},\"thumbnailUrl\":\"http:\/\/www.isgurun.com\/wp-content\/uploads\/2023\/10\/00589d_93e65f97347c424fb223280364cddb6fmv2.webp\",\"datePublished\":\"2023-10-23T10:03:03+00:00\",\"dateModified\":\"2023-10-24T13:15:08+00:00\",\"breadcrumb\":{\"@id\":\"http:\/\/www.isgurun.com\/index.php\/product\/is-eldiveni-3-parmak-kurban-eldiveni\/#breadcrumb\"},\"inLanguage\":\"tr\",\"potentialAction\":[{\"@type\":\"ReadAction\",\"target\":[\"http:\/\/www.isgurun.com\/index.php\/product\/is-eldiveni-3-parmak-kurban-eldiveni\/\"]}]},{\"@type\":\"ImageObject\",\"inLanguage\":\"tr\",\"@id\":\"http:\/\/www.isgurun.com\/index.php\/product\/is-eldiveni-3-parmak-kurban-eldiveni\/#primaryimage\",\"url\":\"http:\/\/www.isgurun.com\/wp-content\/uploads\/2023\/10\/00589d_93e65f97347c424fb223280364cddb6fmv2.webp\",\"contentUrl\":\"http:\/\/www.isgurun.com\/wp-content\/uploads\/2023\/10\/00589d_93e65f97347c424fb223280364cddb6fmv2.webp\",\"width\":315,\"height\":420},{\"@type\":\"BreadcrumbList\",\"@id\":\"http:\/\/www.isgurun.com\/index.php\/product\/is-eldiveni-3-parmak-kurban-eldiveni\/#breadcrumb\",\"itemListElement\":[{\"@type\":\"ListItem\",\"position\":1,\"name\":\"Anasayfa\",\"item\":\"https:\/\/www.isgurun.com\/\"},{\"@type\":\"ListItem\",\"position\":2,\"name\":\"Shop\",\"item\":\"http:\/\/www.isgurun.com\/index.php\/shop\/\"},{\"@type\":\"ListItem\",\"position\":3,\"name\":\"\u0130\u015f Eldiveni 3 Parmak (Kurban Eldiveni)\"}]},{\"@type\":\"WebSite\",\"@id\":\"https:\/\/www.isgurun.com\/#website\",\"url\":\"https:\/\/www.isgurun.com\/\",\"name\":\"https:\/\/www.isgurun.com\",\"description\":\"\",\"publisher\":{\"@id\":\"https:\/\/www.isgurun.com\/#organization\"},\"potentialAction\":[{\"@type\":\"SearchAction\",\"target\":{\"@type\":\"EntryPoint\",\"urlTemplate\":\"https:\/\/www.isgurun.com\/?s={search_term_string}\"},\"query-input\":{\"@type\":\"PropertyValueSpecification\",\"valueRequired\":true,\"valueName\":\"search_term_string\"}}],\"inLanguage\":\"tr\"},{\"@type\":\"Organization\",\"@id\":\"https:\/\/www.isgurun.com\/#organization\",\"name\":\"Kurulu\u015f \u0130\u015f Elbiseleri\",\"alternateName\":\"K\u0130E\",\"url\":\"https:\/\/www.isgurun.com\/\",\"logo\":{\"@type\":\"ImageObject\",\"inLanguage\":\"tr\",\"@id\":\"https:\/\/www.isgurun.com\/#\/schema\/logo\/image\/\",\"url\":\"http:\/\/www.isgurun.com\/wp-content\/uploads\/2025\/01\/cropped-Artboard-1-5.png\",\"contentUrl\":\"http:\/\/www.isgurun.com\/wp-content\/uploads\/2025\/01\/cropped-Artboard-1-5.png\",\"width\":783,\"height\":636,\"caption\":\"Kurulu\u015f \u0130\u015f Elbiseleri\"},\"image\":{\"@id\":\"https:\/\/www.isgurun.com\/#\/schema\/logo\/image\/\"}}]}<\/script>\n<!-- \/ Yoast SEO plugin. -->","yoast_head_json":{"title":"\u0130\u015f Eldiveni 3 Parmak (Kurban Eldiveni) -","robots":{"index":"index","follow":"follow","max-snippet":"max-snippet:-1","max-image-preview":"max-image-preview:large","max-video-preview":"max-video-preview:-1"},"canonical":"http:\/\/www.isgurun.com\/index.php\/product\/is-eldiveni-3-parmak-kurban-eldiveni\/","og_locale":"tr_TR","og_type":"article","og_title":"\u0130\u015f Eldiveni 3 Parmak (Kurban Eldiveni) -","og_description":"3 Parmak \u00c7elik \u00d6rg\u00fc Eldiven Small\u00a03 Parmak \u00c7elik \u00d6rg\u00fc Eldiven KASAP VE HIZAR KES\u0130M ELD\u0130VEN\u0130 KURBAN KES\u0130M ELD\u0130VEN\u0130 KUMA\u015e KES\u0130M ELD\u0130VEN\u0130 \u00dcr\u00fcnlerimiz % 100 Paslanmaz \u00c7elikten \u0130mal Edilmi\u015ftir Kalite olarak Amerikan \u00c7eli\u011fi Kullan\u0131lmaktad\u0131r. Kesimhanelerde, Cutter Sistemlerde, Kasaplarda Kullan\u0131l\u0131r. El Hareketlerini K\u0131s\u0131tlamaz Eli Tam Olarak Kavrar Dikkatsizlikten Do\u011fan Yaralanmalara Son Verir Ters Y\u00fcz Ederek Solaklar da [&hellip;]","og_url":"http:\/\/www.isgurun.com\/index.php\/product\/is-eldiveni-3-parmak-kurban-eldiveni\/","article_modified_time":"2023-10-24T13:15:08+00:00","og_image":[{"width":315,"height":420,"url":"http:\/\/www.isgurun.com\/wp-content\/uploads\/2023\/10\/00589d_93e65f97347c424fb223280364cddb6fmv2.webp","type":"image\/webp"}],"twitter_card":"summary_large_image","schema":{"@context":"https:\/\/schema.org","@graph":[{"@type":"WebPage","@id":"http:\/\/www.isgurun.com\/index.php\/product\/is-eldiveni-3-parmak-kurban-eldiveni\/","url":"http:\/\/www.isgurun.com\/index.php\/product\/is-eldiveni-3-parmak-kurban-eldiveni\/","name":"\u0130\u015f Eldiveni 3 Parmak (Kurban Eldiveni) -","isPartOf":{"@id":"https:\/\/www.isgurun.com\/#website"},"primaryImageOfPage":{"@id":"http:\/\/www.isgurun.com\/index.php\/product\/is-eldiveni-3-parmak-kurban-eldiveni\/#primaryimage"},"image":{"@id":"http:\/\/www.isgurun.com\/index.php\/product\/is-eldiveni-3-parmak-kurban-eldiveni\/#primaryimage"},"thumbnailUrl":"http:\/\/www.isgurun.com\/wp-content\/uploads\/2023\/10\/00589d_93e65f97347c424fb223280364cddb6fmv2.webp","datePublished":"2023-10-23T10:03:03+00:00","dateModified":"2023-10-24T13:15:08+00:00","breadcrumb":{"@id":"http:\/\/www.isgurun.com\/index.php\/product\/is-eldiveni-3-parmak-kurban-eldiveni\/#breadcrumb"},"inLanguage":"tr","potentialAction":[{"@type":"ReadAction","target":["http:\/\/www.isgurun.com\/index.php\/product\/is-eldiveni-3-parmak-kurban-eldiveni\/"]}]},{"@type":"ImageObject","inLanguage":"tr","@id":"http:\/\/www.isgurun.com\/index.php\/product\/is-eldiveni-3-parmak-kurban-eldiveni\/#primaryimage","url":"http:\/\/www.isgurun.com\/wp-content\/uploads\/2023\/10\/00589d_93e65f97347c424fb223280364cddb6fmv2.webp","contentUrl":"http:\/\/www.isgurun.com\/wp-content\/uploads\/2023\/10\/00589d_93e65f97347c424fb223280364cddb6fmv2.webp","width":315,"height":420},{"@type":"BreadcrumbList","@id":"http:\/\/www.isgurun.com\/index.php\/product\/is-eldiveni-3-parmak-kurban-eldiveni\/#breadcrumb","itemListElement":[{"@type":"ListItem","position":1,"name":"Anasayfa","item":"https:\/\/www.isgurun.com\/"},{"@type":"ListItem","position":2,"name":"Shop","item":"http:\/\/www.isgurun.com\/index.php\/shop\/"},{"@type":"ListItem","position":3,"name":"\u0130\u015f Eldiveni 3 Parmak (Kurban Eldiveni)"}]},{"@type":"WebSite","@id":"https:\/\/www.isgurun.com\/#website","url":"https:\/\/www.isgurun.com\/","name":"https:\/\/www.isgurun.com","description":"","publisher":{"@id":"https:\/\/www.isgurun.com\/#organization"},"potentialAction":[{"@type":"SearchAction","target":{"@type":"EntryPoint","urlTemplate":"https:\/\/www.isgurun.com\/?s={search_term_string}"},"query-input":{"@type":"PropertyValueSpecification","valueRequired":true,"valueName":"search_term_string"}}],"inLanguage":"tr"},{"@type":"Organization","@id":"https:\/\/www.isgurun.com\/#organization","name":"Kurulu\u015f \u0130\u015f Elbiseleri","alternateName":"K\u0130E","url":"https:\/\/www.isgurun.com\/","logo":{"@type":"ImageObject","inLanguage":"tr","@id":"https:\/\/www.isgurun.com\/#\/schema\/logo\/image\/","url":"http:\/\/www.isgurun.com\/wp-content\/uploads\/2025\/01\/cropped-Artboard-1-5.png","contentUrl":"http:\/\/www.isgurun.com\/wp-content\/uploads\/2025\/01\/cropped-Artboard-1-5.png","width":783,"height":636,"caption":"Kurulu\u015f \u0130\u015f Elbiseleri"},"image":{"@id":"https:\/\/www.isgurun.com\/#\/schema\/logo\/image\/"}}]}},"_links":{"self":[{"href":"http:\/\/www.isgurun.com\/index.php\/wp-json\/wp\/v2\/product\/17524","targetHints":{"allow":["GET"]}}],"collection":[{"href":"http:\/\/www.isgurun.com\/index.php\/wp-json\/wp\/v2\/product"}],"about":[{"href":"http:\/\/www.isgurun.com\/index.php\/wp-json\/wp\/v2\/types\/product"}],"version-history":[{"count":1,"href":"http:\/\/www.isgurun.com\/index.php\/wp-json\/wp\/v2\/product\/17524\/revisions"}],"predecessor-version":[{"id":17527,"href":"http:\/\/www.isgurun.com\/index.php\/wp-json\/wp\/v2\/product\/17524\/revisions\/17527"}],"wp:featuredmedia":[{"embeddable":true,"href":"http:\/\/www.isgurun.com\/index.php\/wp-json\/wp\/v2\/media\/17526"}],"wp:attachment":[{"href":"http:\/\/www.isgurun.com\/index.php\/wp-json\/wp\/v2\/media?parent=17524"}],"wp:term":[{"taxonomy":"product_brand","embeddable":true,"href":"http:\/\/www.isgurun.com\/index.php\/wp-json\/wp\/v2\/product_brand?post=17524"},{"taxonomy":"product_cat","embeddable":true,"href":"http:\/\/www.isgurun.com\/index.php\/wp-json\/wp\/v2\/product_cat?post=17524"},{"taxonomy":"product_tag","embeddable":true,"href":"http:\/\/www.isgurun.com\/index.php\/wp-json\/wp\/v2\/product_tag?post=17524"}],"curies":[{"name":"wp","href":"https:\/\/api.w.org\/{rel}","templated":true}]}}