{"id":18782,"date":"2025-04-28T14:09:53","date_gmt":"2025-04-28T14:09:53","guid":{"rendered":"https:\/\/www.isgurun.com\/index.php\/product\/mekap-havai-rmk-10-s1-celik-burunlu-is-ayakkabisi\/"},"modified":"2025-04-28T14:09:53","modified_gmt":"2025-04-28T14:09:53","slug":"mekap-havai-rmk-10-s1-celik-burunlu-is-ayakkabisi","status":"publish","type":"product","link":"http:\/\/www.isgurun.com\/index.php\/product\/mekap-havai-rmk-10-s1-celik-burunlu-is-ayakkabisi\/","title":{"rendered":"Mekap Havai RMK-10 S1 \u00c7elik Burunlu \u0130\u015f Ayakkab\u0131s\u0131"},"content":{"rendered":"<p>Mekap RMK-10 S1 \u0130\u015f Ayakkab\u0131s\u0131 ***<br \/>\n\u00a0 \u00a0\u00a0 \u00a0\u00a0 \u00a0\u00a0 \u00a0\u00a0\u00a0<br \/>\n\u00a0 \u00a0<br \/>\n\u00a0 \u00a0<br \/>\n\u00a0 \u00a0<br \/>\n\u00a0 \u00a0<br \/>\n\u00a0 \u00a0<br \/>\n\u00a0<br \/>\nModel<br \/>\n: Hawai<br \/>\nTaban<br \/>\n: Rover Taban<br \/>\nISO<br \/>\n: EN ISO 20345:2012<br \/>\n\u00dcr\u00fcn Kodu<br \/>\n: RMK-10 Blue Suede<br \/>\nKoruma<br \/>\n: S1\/S1P<br \/>\nKal\u0131p<br \/>\n: ROVER<br \/>\nSaya<br \/>\n: S\u00fcet Deri<br \/>\nAstar<br \/>\n: 3D Hava Ge\u00e7irgen File<br \/>\n\u0130\u00e7 Taban<br \/>\n: Soft-Walk<br \/>\nTaban<br \/>\n: PU\/PU \u00c7ift Densite SRC<br \/>\nBurun Koruma<br \/>\n: \u00c7elik Burun<br \/>\nAra Taban<br \/>\n: Multi Protection Kewlar Taban<br \/>\nNumara<br \/>\n: 36-47<br \/>\n\u00a0<br \/>\n\u00a0<br \/>\n\u00a0<br \/>\nKoruma Elemanlar\u0131<br \/>\nBu standart 1100 N kuvvet uygulanmas\u0131 sonucunda dayan\u0131kl\u0131l\u0131k, tabanda %100 koruma, y\u00fcksek hareket kabiliyeti ve esneklik sa\u011flar. Metal dedekt\u00f6r\u00fc taraf\u0131ndan tesbit edilememe, elektrik yal\u0131tkanl\u0131\u011f\u0131n\u0131n yan\u0131 s\u0131ra s\u0131cak ve so\u011fu\u011fa kar\u015f\u0131 m\u00fckemmel yal\u0131t\u0131m sa\u011flamaktad\u0131r.<br \/>\nStandart taraf\u0131ndan talep edilen 200 Joule darbeye dayanma ve aya\u011f\u0131 koruma yetene\u011fine sahiptir.<br \/>\n\u00a0<br \/>\nKullan\u0131m Alanlar\u0131<br \/>\n\u0130n\u015faat &#8211; Otomotiv &#8211; Ah\u015fap &#8211; Lojistik &#8211; M\u00fchendislik &#8211; G\u0131da ve Tar\u0131m<\/p>\n","protected":false},"excerpt":{"rendered":"<p>Mekap RMK-10 S1 \u0130\u015f Ayakkab\u0131s\u0131 *** \u00a0 \u00a0\u00a0 \u00a0\u00a0 \u00a0\u00a0 \u00a0\u00a0\u00a0 \u00a0 \u00a0 \u00a0 \u00a0 \u00a0 \u00a0 \u00a0 \u00a0 \u00a0 \u00a0 \u00a0 Model : Hawai Taban : Rover Taban ISO : EN ISO 20345:2012 \u00dcr\u00fcn Kodu : RMK-10 Blue Suede Koruma : S1\/S1P Kal\u0131p : ROVER Saya : S\u00fcet Deri Astar : 3D Hava Ge\u00e7irgen [&hellip;]<\/p>\n","protected":false},"featured_media":18779,"template":"","meta":[],"product_brand":[],"product_cat":[50],"product_tag":[],"class_list":{"0":"post-18782","1":"product","2":"type-product","3":"status-publish","4":"has-post-thumbnail","6":"product_cat-is-ayakkabilari","8":"first","9":"instock","10":"shipping-taxable","11":"product-type-external"},"yoast_head":"<!-- This site is optimized with the Yoast SEO plugin v26.0 - https:\/\/yoast.com\/wordpress\/plugins\/seo\/ -->\n<title>Mekap Havai RMK-10 S1 \u00c7elik Burunlu \u0130\u015f Ayakkab\u0131s\u0131 -<\/title>\n<meta name=\"robots\" content=\"index, follow, max-snippet:-1, max-image-preview:large, max-video-preview:-1\" \/>\n<link rel=\"canonical\" href=\"https:\/\/www.isgurun.com\/index.php\/product\/mekap-havai-rmk-10-s1-celik-burunlu-is-ayakkabisi\/\" \/>\n<meta property=\"og:locale\" content=\"tr_TR\" \/>\n<meta property=\"og:type\" content=\"article\" \/>\n<meta property=\"og:title\" content=\"Mekap Havai RMK-10 S1 \u00c7elik Burunlu \u0130\u015f Ayakkab\u0131s\u0131 -\" \/>\n<meta property=\"og:description\" content=\"Mekap RMK-10 S1 \u0130\u015f Ayakkab\u0131s\u0131 *** \u00a0 \u00a0\u00a0 \u00a0\u00a0 \u00a0\u00a0 \u00a0\u00a0\u00a0 \u00a0 \u00a0 \u00a0 \u00a0 \u00a0 \u00a0 \u00a0 \u00a0 \u00a0 \u00a0 \u00a0 Model : Hawai Taban : Rover Taban ISO : EN ISO 20345:2012 \u00dcr\u00fcn Kodu : RMK-10 Blue Suede Koruma : S1\/S1P Kal\u0131p : ROVER Saya : S\u00fcet Deri Astar : 3D Hava Ge\u00e7irgen [&hellip;]\" \/>\n<meta property=\"og:url\" content=\"https:\/\/www.isgurun.com\/index.php\/product\/mekap-havai-rmk-10-s1-celik-burunlu-is-ayakkabisi\/\" \/>\n<meta property=\"og:image\" content=\"https:\/\/www.isgurun.com\/wp-content\/uploads\/2025\/04\/mekap-havai-rmk-10-s1-celik-burunlu-is-ayakkabisi.jpg\" \/>\n\t<meta property=\"og:image:width\" content=\"1041\" \/>\n\t<meta property=\"og:image:height\" content=\"831\" \/>\n\t<meta property=\"og:image:type\" content=\"image\/jpeg\" \/>\n<meta name=\"twitter:card\" content=\"summary_large_image\" \/>\n<meta name=\"twitter:label1\" content=\"Tahmini okuma s\u00fcresi\" \/>\n\t<meta name=\"twitter:data1\" content=\"1 dakika\" \/>\n<script type=\"application\/ld+json\" class=\"yoast-schema-graph\">{\"@context\":\"https:\/\/schema.org\",\"@graph\":[{\"@type\":\"WebPage\",\"@id\":\"https:\/\/www.isgurun.com\/index.php\/product\/mekap-havai-rmk-10-s1-celik-burunlu-is-ayakkabisi\/\",\"url\":\"https:\/\/www.isgurun.com\/index.php\/product\/mekap-havai-rmk-10-s1-celik-burunlu-is-ayakkabisi\/\",\"name\":\"Mekap Havai RMK-10 S1 \u00c7elik Burunlu \u0130\u015f Ayakkab\u0131s\u0131 -\",\"isPartOf\":{\"@id\":\"http:\/\/www.isgurun.com\/#website\"},\"primaryImageOfPage\":{\"@id\":\"https:\/\/www.isgurun.com\/index.php\/product\/mekap-havai-rmk-10-s1-celik-burunlu-is-ayakkabisi\/#primaryimage\"},\"image\":{\"@id\":\"https:\/\/www.isgurun.com\/index.php\/product\/mekap-havai-rmk-10-s1-celik-burunlu-is-ayakkabisi\/#primaryimage\"},\"thumbnailUrl\":\"http:\/\/www.isgurun.com\/wp-content\/uploads\/2025\/04\/mekap-havai-rmk-10-s1-celik-burunlu-is-ayakkabisi.jpg\",\"datePublished\":\"2025-04-28T14:09:53+00:00\",\"breadcrumb\":{\"@id\":\"https:\/\/www.isgurun.com\/index.php\/product\/mekap-havai-rmk-10-s1-celik-burunlu-is-ayakkabisi\/#breadcrumb\"},\"inLanguage\":\"tr\",\"potentialAction\":[{\"@type\":\"ReadAction\",\"target\":[\"https:\/\/www.isgurun.com\/index.php\/product\/mekap-havai-rmk-10-s1-celik-burunlu-is-ayakkabisi\/\"]}]},{\"@type\":\"ImageObject\",\"inLanguage\":\"tr\",\"@id\":\"https:\/\/www.isgurun.com\/index.php\/product\/mekap-havai-rmk-10-s1-celik-burunlu-is-ayakkabisi\/#primaryimage\",\"url\":\"http:\/\/www.isgurun.com\/wp-content\/uploads\/2025\/04\/mekap-havai-rmk-10-s1-celik-burunlu-is-ayakkabisi.jpg\",\"contentUrl\":\"http:\/\/www.isgurun.com\/wp-content\/uploads\/2025\/04\/mekap-havai-rmk-10-s1-celik-burunlu-is-ayakkabisi.jpg\",\"width\":1041,\"height\":831,\"caption\":\"Mekap Havai RMK-10 S1 \u00c7elik Burunlu \u0130\u015f Ayakkab\u0131s\u0131\"},{\"@type\":\"BreadcrumbList\",\"@id\":\"https:\/\/www.isgurun.com\/index.php\/product\/mekap-havai-rmk-10-s1-celik-burunlu-is-ayakkabisi\/#breadcrumb\",\"itemListElement\":[{\"@type\":\"ListItem\",\"position\":1,\"name\":\"Anasayfa\",\"item\":\"http:\/\/www.isgurun.com\/\"},{\"@type\":\"ListItem\",\"position\":2,\"name\":\"Shop\",\"item\":\"https:\/\/www.isgurun.com\/index.php\/shop\/\"},{\"@type\":\"ListItem\",\"position\":3,\"name\":\"Mekap Havai RMK-10 S1 \u00c7elik Burunlu \u0130\u015f Ayakkab\u0131s\u0131\"}]},{\"@type\":\"WebSite\",\"@id\":\"http:\/\/www.isgurun.com\/#website\",\"url\":\"http:\/\/www.isgurun.com\/\",\"name\":\"https:\/\/www.isgurun.com\",\"description\":\"\",\"publisher\":{\"@id\":\"http:\/\/www.isgurun.com\/#organization\"},\"potentialAction\":[{\"@type\":\"SearchAction\",\"target\":{\"@type\":\"EntryPoint\",\"urlTemplate\":\"http:\/\/www.isgurun.com\/?s={search_term_string}\"},\"query-input\":{\"@type\":\"PropertyValueSpecification\",\"valueRequired\":true,\"valueName\":\"search_term_string\"}}],\"inLanguage\":\"tr\"},{\"@type\":\"Organization\",\"@id\":\"http:\/\/www.isgurun.com\/#organization\",\"name\":\"Kurulu\u015f \u0130\u015f Elbiseleri\",\"alternateName\":\"K\u0130E\",\"url\":\"http:\/\/www.isgurun.com\/\",\"logo\":{\"@type\":\"ImageObject\",\"inLanguage\":\"tr\",\"@id\":\"http:\/\/www.isgurun.com\/#\/schema\/logo\/image\/\",\"url\":\"http:\/\/www.isgurun.com\/wp-content\/uploads\/2025\/01\/cropped-Artboard-1-5.png\",\"contentUrl\":\"http:\/\/www.isgurun.com\/wp-content\/uploads\/2025\/01\/cropped-Artboard-1-5.png\",\"width\":783,\"height\":636,\"caption\":\"Kurulu\u015f \u0130\u015f Elbiseleri\"},\"image\":{\"@id\":\"http:\/\/www.isgurun.com\/#\/schema\/logo\/image\/\"}}]}<\/script>\n<!-- \/ Yoast SEO plugin. -->","yoast_head_json":{"title":"Mekap Havai RMK-10 S1 \u00c7elik Burunlu \u0130\u015f Ayakkab\u0131s\u0131 -","robots":{"index":"index","follow":"follow","max-snippet":"max-snippet:-1","max-image-preview":"max-image-preview:large","max-video-preview":"max-video-preview:-1"},"canonical":"https:\/\/www.isgurun.com\/index.php\/product\/mekap-havai-rmk-10-s1-celik-burunlu-is-ayakkabisi\/","og_locale":"tr_TR","og_type":"article","og_title":"Mekap Havai RMK-10 S1 \u00c7elik Burunlu \u0130\u015f Ayakkab\u0131s\u0131 -","og_description":"Mekap RMK-10 S1 \u0130\u015f Ayakkab\u0131s\u0131 *** \u00a0 \u00a0\u00a0 \u00a0\u00a0 \u00a0\u00a0 \u00a0\u00a0\u00a0 \u00a0 \u00a0 \u00a0 \u00a0 \u00a0 \u00a0 \u00a0 \u00a0 \u00a0 \u00a0 \u00a0 Model : Hawai Taban : Rover Taban ISO : EN ISO 20345:2012 \u00dcr\u00fcn Kodu : RMK-10 Blue Suede Koruma : S1\/S1P Kal\u0131p : ROVER Saya : S\u00fcet Deri Astar : 3D Hava Ge\u00e7irgen [&hellip;]","og_url":"https:\/\/www.isgurun.com\/index.php\/product\/mekap-havai-rmk-10-s1-celik-burunlu-is-ayakkabisi\/","og_image":[{"width":1041,"height":831,"url":"https:\/\/www.isgurun.com\/wp-content\/uploads\/2025\/04\/mekap-havai-rmk-10-s1-celik-burunlu-is-ayakkabisi.jpg","type":"image\/jpeg"}],"twitter_card":"summary_large_image","twitter_misc":{"Tahmini okuma s\u00fcresi":"1 dakika"},"schema":{"@context":"https:\/\/schema.org","@graph":[{"@type":"WebPage","@id":"https:\/\/www.isgurun.com\/index.php\/product\/mekap-havai-rmk-10-s1-celik-burunlu-is-ayakkabisi\/","url":"https:\/\/www.isgurun.com\/index.php\/product\/mekap-havai-rmk-10-s1-celik-burunlu-is-ayakkabisi\/","name":"Mekap Havai RMK-10 S1 \u00c7elik Burunlu \u0130\u015f Ayakkab\u0131s\u0131 -","isPartOf":{"@id":"http:\/\/www.isgurun.com\/#website"},"primaryImageOfPage":{"@id":"https:\/\/www.isgurun.com\/index.php\/product\/mekap-havai-rmk-10-s1-celik-burunlu-is-ayakkabisi\/#primaryimage"},"image":{"@id":"https:\/\/www.isgurun.com\/index.php\/product\/mekap-havai-rmk-10-s1-celik-burunlu-is-ayakkabisi\/#primaryimage"},"thumbnailUrl":"http:\/\/www.isgurun.com\/wp-content\/uploads\/2025\/04\/mekap-havai-rmk-10-s1-celik-burunlu-is-ayakkabisi.jpg","datePublished":"2025-04-28T14:09:53+00:00","breadcrumb":{"@id":"https:\/\/www.isgurun.com\/index.php\/product\/mekap-havai-rmk-10-s1-celik-burunlu-is-ayakkabisi\/#breadcrumb"},"inLanguage":"tr","potentialAction":[{"@type":"ReadAction","target":["https:\/\/www.isgurun.com\/index.php\/product\/mekap-havai-rmk-10-s1-celik-burunlu-is-ayakkabisi\/"]}]},{"@type":"ImageObject","inLanguage":"tr","@id":"https:\/\/www.isgurun.com\/index.php\/product\/mekap-havai-rmk-10-s1-celik-burunlu-is-ayakkabisi\/#primaryimage","url":"http:\/\/www.isgurun.com\/wp-content\/uploads\/2025\/04\/mekap-havai-rmk-10-s1-celik-burunlu-is-ayakkabisi.jpg","contentUrl":"http:\/\/www.isgurun.com\/wp-content\/uploads\/2025\/04\/mekap-havai-rmk-10-s1-celik-burunlu-is-ayakkabisi.jpg","width":1041,"height":831,"caption":"Mekap Havai RMK-10 S1 \u00c7elik Burunlu \u0130\u015f Ayakkab\u0131s\u0131"},{"@type":"BreadcrumbList","@id":"https:\/\/www.isgurun.com\/index.php\/product\/mekap-havai-rmk-10-s1-celik-burunlu-is-ayakkabisi\/#breadcrumb","itemListElement":[{"@type":"ListItem","position":1,"name":"Anasayfa","item":"http:\/\/www.isgurun.com\/"},{"@type":"ListItem","position":2,"name":"Shop","item":"https:\/\/www.isgurun.com\/index.php\/shop\/"},{"@type":"ListItem","position":3,"name":"Mekap Havai RMK-10 S1 \u00c7elik Burunlu \u0130\u015f Ayakkab\u0131s\u0131"}]},{"@type":"WebSite","@id":"http:\/\/www.isgurun.com\/#website","url":"http:\/\/www.isgurun.com\/","name":"https:\/\/www.isgurun.com","description":"","publisher":{"@id":"http:\/\/www.isgurun.com\/#organization"},"potentialAction":[{"@type":"SearchAction","target":{"@type":"EntryPoint","urlTemplate":"http:\/\/www.isgurun.com\/?s={search_term_string}"},"query-input":{"@type":"PropertyValueSpecification","valueRequired":true,"valueName":"search_term_string"}}],"inLanguage":"tr"},{"@type":"Organization","@id":"http:\/\/www.isgurun.com\/#organization","name":"Kurulu\u015f \u0130\u015f Elbiseleri","alternateName":"K\u0130E","url":"http:\/\/www.isgurun.com\/","logo":{"@type":"ImageObject","inLanguage":"tr","@id":"http:\/\/www.isgurun.com\/#\/schema\/logo\/image\/","url":"http:\/\/www.isgurun.com\/wp-content\/uploads\/2025\/01\/cropped-Artboard-1-5.png","contentUrl":"http:\/\/www.isgurun.com\/wp-content\/uploads\/2025\/01\/cropped-Artboard-1-5.png","width":783,"height":636,"caption":"Kurulu\u015f \u0130\u015f Elbiseleri"},"image":{"@id":"http:\/\/www.isgurun.com\/#\/schema\/logo\/image\/"}}]}},"_links":{"self":[{"href":"http:\/\/www.isgurun.com\/index.php\/wp-json\/wp\/v2\/product\/18782","targetHints":{"allow":["GET"]}}],"collection":[{"href":"http:\/\/www.isgurun.com\/index.php\/wp-json\/wp\/v2\/product"}],"about":[{"href":"http:\/\/www.isgurun.com\/index.php\/wp-json\/wp\/v2\/types\/product"}],"version-history":[{"count":0,"href":"http:\/\/www.isgurun.com\/index.php\/wp-json\/wp\/v2\/product\/18782\/revisions"}],"wp:featuredmedia":[{"embeddable":true,"href":"http:\/\/www.isgurun.com\/index.php\/wp-json\/wp\/v2\/media\/18779"}],"wp:attachment":[{"href":"http:\/\/www.isgurun.com\/index.php\/wp-json\/wp\/v2\/media?parent=18782"}],"wp:term":[{"taxonomy":"product_brand","embeddable":true,"href":"http:\/\/www.isgurun.com\/index.php\/wp-json\/wp\/v2\/product_brand?post=18782"},{"taxonomy":"product_cat","embeddable":true,"href":"http:\/\/www.isgurun.com\/index.php\/wp-json\/wp\/v2\/product_cat?post=18782"},{"taxonomy":"product_tag","embeddable":true,"href":"http:\/\/www.isgurun.com\/index.php\/wp-json\/wp\/v2\/product_tag?post=18782"}],"curies":[{"name":"wp","href":"https:\/\/api.w.org\/{rel}","templated":true}]}}